{"id":37976,"date":"2023-02-17T08:40:29","date_gmt":"2023-02-17T08:40:29","guid":{"rendered":"https:\/\/m5j0n6nk9p.onrocket.site\/?page_id=37976"},"modified":"2023-02-27T08:53:19","modified_gmt":"2023-02-27T08:53:19","slug":"filtracao","status":"publish","type":"page","link":"https:\/\/klinger.pt\/es\/produtos\/outros-equipamentos-tecnicos\/filtracao\/","title":{"rendered":"FILTRA\u00c7\u00c3O"},"content":{"rendered":"\n<div class=\"wp-block-columns is-layout-flex wp-container-core-columns-is-layout-9d6595d7 wp-block-columns-is-layout-flex\">\n<div class=\"wp-block-column is-layout-flow wp-block-column-is-layout-flow\" style=\"flex-basis:400px\"><div class=\"wp-block-image\">\n<figure class=\"aligncenter size-full is-resized\"><img decoding=\"async\" src=\"https:\/\/klinger.pt\/wp-content\/uploads\/2022\/09\/Filtro-Duplo-2.png\" alt=\"FILTRA\u00c7\u00c3O\" class=\"wp-image-27900\" width=\"178\" height=\"197\" srcset=\"https:\/\/klinger.pt\/wp-content\/uploads\/2022\/09\/Filtro-Duplo-2.png 788w, https:\/\/klinger.pt\/wp-content\/uploads\/2022\/09\/Filtro-Duplo-2-270x300.png 270w, https:\/\/klinger.pt\/wp-content\/uploads\/2022\/09\/Filtro-Duplo-2-768x854.png 768w\" sizes=\"(max-width: 178px) 100vw, 178px\" \/><\/figure>\n<\/div>\n\n<div class=\"wp-block-image\">\n<figure class=\"aligncenter size-full is-resized\"><img fetchpriority=\"high\" decoding=\"async\" src=\"https:\/\/klinger.pt\/wp-content\/uploads\/2022\/09\/quadro-1-4.png\" alt=\"filtra\u00e7\u00e3o\" class=\"wp-image-29674\" width=\"307\" height=\"249\" srcset=\"https:\/\/klinger.pt\/wp-content\/uploads\/2022\/09\/quadro-1-4.png 1000w, https:\/\/klinger.pt\/wp-content\/uploads\/2022\/09\/quadro-1-4-300x244.png 300w, https:\/\/klinger.pt\/wp-content\/uploads\/2022\/09\/quadro-1-4-768x624.png 768w\" sizes=\"(max-width: 307px) 100vw, 307px\" \/><\/figure>\n<\/div><\/div>\n\n\n\n<div class=\"wp-block-column is-layout-flow wp-block-column-is-layout-flow\" style=\"flex-basis:700px\">\n<h1 class=\"wp-block-heading\">FILTRA\u00c7\u00c3O<\/h1>\n\n\n\n<p>Concebemos equipamento para a filtra\u00e7\u00e3o de part\u00edculas s\u00f3lidas em fluidos em processos industriais, para a ind\u00fastria petroqu\u00edmica, energia renov\u00e1vel, qu\u00edmica, gera\u00e7\u00e3o de vapor, alimentos e farmac\u00eautico. Desenhos padr\u00e3o ou adaptados ao cliente requisitos.<\/p>\n\n\n\n<p><\/p>\n<\/div>\n<\/div>\n","protected":false},"excerpt":{"rendered":"<p>FILTRA\u00c7\u00c3O Concebemos equipamento para a filtra\u00e7\u00e3o de part\u00edculas s\u00f3lidas em fluidos em processos industriais, para a ind\u00fastria petroqu\u00edmica, energia renov\u00e1vel, qu\u00edmica, gera\u00e7\u00e3o de vapor, alimentos e farmac\u00eautico. Desenhos padr\u00e3o ou adaptados ao cliente requisitos.<\/p>\n","protected":false},"author":4,"featured_media":0,"parent":28635,"menu_order":0,"comment_status":"closed","ping_status":"closed","template":"page-templates\/servicios.php","meta":{"_eb_attr":"","footnotes":""},"class_list":["post-37976","page","type-page","status-publish","hentry"],"aioseo_notices":[],"_links":{"self":[{"href":"https:\/\/klinger.pt\/es\/wp-json\/wp\/v2\/pages\/37976","targetHints":{"allow":["GET"]}}],"collection":[{"href":"https:\/\/klinger.pt\/es\/wp-json\/wp\/v2\/pages"}],"about":[{"href":"https:\/\/klinger.pt\/es\/wp-json\/wp\/v2\/types\/page"}],"author":[{"embeddable":true,"href":"https:\/\/klinger.pt\/es\/wp-json\/wp\/v2\/users\/4"}],"replies":[{"embeddable":true,"href":"https:\/\/klinger.pt\/es\/wp-json\/wp\/v2\/comments?post=37976"}],"version-history":[{"count":2,"href":"https:\/\/klinger.pt\/es\/wp-json\/wp\/v2\/pages\/37976\/revisions"}],"predecessor-version":[{"id":38246,"href":"https:\/\/klinger.pt\/es\/wp-json\/wp\/v2\/pages\/37976\/revisions\/38246"}],"up":[{"embeddable":true,"href":"https:\/\/klinger.pt\/es\/wp-json\/wp\/v2\/pages\/28635"}],"wp:attachment":[{"href":"https:\/\/klinger.pt\/es\/wp-json\/wp\/v2\/media?parent=37976"}],"curies":[{"name":"wp","href":"https:\/\/api.w.org\/{rel}","templated":true}]}}