{"id":37805,"date":"2023-02-15T14:08:23","date_gmt":"2023-02-15T14:08:23","guid":{"rendered":"https:\/\/m5j0n6nk9p.onrocket.site\/?page_id=37805"},"modified":"2023-02-27T09:37:04","modified_gmt":"2023-02-27T09:37:04","slug":"juntas-para-picagem","status":"publish","type":"page","link":"https:\/\/klinger.pt\/es\/produtos\/outros-equipamentos-tecnicos\/acessorios-para-tubagem\/juntas-para-picagem\/","title":{"rendered":"JUNTAS PARA PICAGEM"},"content":{"rendered":"\n<h1 class=\"wp-block-heading\" style=\"font-size:30px\">JUNTAS PARA PICAGEM<\/h1>\n\n\n\n<p>A gama de Juntas para Picagem da KLINGER fornece solu\u00e7\u00f5es eficientes e seguras tanto para condutas de ferro d\u00factil como de PVC.<\/p>\n\n\n\n<div style=\"height:25px\" aria-hidden=\"true\" class=\"wp-block-spacer\"><\/div>\n\n\n\n<div class=\"wp-block-group\"><div class=\"wp-block-group__inner-container is-layout-constrained wp-block-group-is-layout-constrained\">\n<div class=\"wp-block-columns is-layout-flex wp-container-core-columns-is-layout-9d6595d7 wp-block-columns-is-layout-flex\">\n<div class=\"wp-block-column is-layout-flow wp-block-column-is-layout-flow\" style=\"flex-basis:300px\">\n<figure class=\"wp-block-image size-full\"><img fetchpriority=\"high\" decoding=\"async\" width=\"709\" height=\"567\" src=\"https:\/\/klinger.pt\/wp-content\/uploads\/2023\/02\/190-DI-Saddles-for-PVC-Pipe-png.webp\" alt=\"JUNTAS PARA PICAGEM\" class=\"wp-image-37806\" srcset=\"https:\/\/klinger.pt\/wp-content\/uploads\/2023\/02\/190-DI-Saddles-for-PVC-Pipe-png.webp 709w, https:\/\/klinger.pt\/wp-content\/uploads\/2023\/02\/190-DI-Saddles-for-PVC-Pipe-png-300x240.webp 300w\" sizes=\"(max-width: 709px) 100vw, 709px\" \/><\/figure>\n<\/div>\n\n\n\n<div class=\"wp-block-column is-layout-flow wp-block-column-is-layout-flow\" style=\"flex-basis:700px\">\n<h2 class=\"wp-block-heading\" style=\"font-size:30px\">SELA DE FERRO D\u00daCTIL PARA TUBO DE PVC<\/h2>\n\n\n\n<p>Selas de Ferro D\u00factil para tubos de PVC &amp; Ferro D\u00factil s\u00e3o selas dedicadas espec\u00edficas para tubos de PVC ou de Ferro D\u00factil.<\/p>\n\n\n\n<h3 class=\"wp-block-heading\">Vantagens do design<\/h3>\n\n\n\n<p>A cabe\u00e7a da sela inclui um selo de borracha moldada que se estende por baixo e por cima at\u00e9 \u00e0 sa\u00edda da sela. Isto assegura uma veda\u00e7\u00e3o eficaz e que a veda\u00e7\u00e3o de borracha n\u00e3o cai durante o transporte, resultando na sua coloca\u00e7\u00e3o errada. O corpo da sela \u00e9 furado e batido para receber os fechos de aperto, eliminando a necessidade de porcas e arruelas soltas. Estas selas n\u00e3o podem ser utilizadas em outros materiais de tubos.<\/p>\n\n\n\n<h3 class=\"wp-block-heading\">F\u00e1cil instala\u00e7\u00e3o<\/h3>\n\n\n\n<p>A instala\u00e7\u00e3o de uma sela de Ferro D\u00factil sobre tubo de PVC ou Ferro D\u00factil \u00e9 extremamente simples, necessitando apenas de uma chave de aperto para apertar os parafusos de a\u00e7o galvanizado ou a\u00e7o inoxid\u00e1vel.<\/p>\n\n\n\n<h3 class=\"wp-block-heading\">Tamanho da tubagem e tamanho da sa\u00edda<\/h3>\n\n\n\n<p>Est\u00e1 dispon\u00edvel uma gama dedicada para tubos de DN50mm a DN300mm com tomadas roscadas de 1\/2&#8243; a 2&#8243; BSP f\u00eamea. Buchas redutoras est\u00e3o dispon\u00edveis para diferentes di\u00e2metros de sa\u00edda.<\/p>\n<\/div>\n<\/div>\n<\/div><\/div>\n\n\n\n<div style=\"height:50px\" aria-hidden=\"true\" class=\"wp-block-spacer\"><\/div>\n\n\n\n<div class=\"wp-block-group\"><div class=\"wp-block-group__inner-container is-layout-constrained wp-block-group-is-layout-constrained\">\n<div class=\"wp-block-columns is-layout-flex wp-container-core-columns-is-layout-9d6595d7 wp-block-columns-is-layout-flex\">\n<div class=\"wp-block-column is-layout-flow wp-block-column-is-layout-flow\" style=\"flex-basis:300px\">\n<figure class=\"wp-block-image size-large\"><img decoding=\"async\" width=\"1024\" height=\"920\" src=\"https:\/\/klinger.pt\/wp-content\/uploads\/2023\/02\/191-Buffalo-Saddles-png-1024x920.webp\" alt=\"JUNTAS PARA PICAGEM\" class=\"wp-image-37808\" srcset=\"https:\/\/klinger.pt\/wp-content\/uploads\/2023\/02\/191-Buffalo-Saddles-png-1024x920.webp 1024w, https:\/\/klinger.pt\/wp-content\/uploads\/2023\/02\/191-Buffalo-Saddles-png-300x270.webp 300w, https:\/\/klinger.pt\/wp-content\/uploads\/2023\/02\/191-Buffalo-Saddles-png-768x690.webp 768w, https:\/\/klinger.pt\/wp-content\/uploads\/2023\/02\/191-Buffalo-Saddles-png-1536x1380.webp 1536w, https:\/\/klinger.pt\/wp-content\/uploads\/2023\/02\/191-Buffalo-Saddles-png-1400x1258.webp 1400w, https:\/\/klinger.pt\/wp-content\/uploads\/2023\/02\/191-Buffalo-Saddles-png.webp 1679w\" sizes=\"(max-width: 1024px) 100vw, 1024px\" \/><\/figure>\n<\/div>\n\n\n\n<div class=\"wp-block-column is-layout-flow wp-block-column-is-layout-flow\" style=\"flex-basis:700px\">\n<h2 class=\"wp-block-heading\" style=\"font-size:30px\">SELA DE B\u00daFALO EM FLEXIBILIDADE<\/h2>\n\n\n\n<p>As selas Buffalo s\u00e3o concebidas para oferecer ao instalador uma sela universal que ir\u00e1 acomodar quase todos os di\u00e2metros de tubos r\u00edgidos de um \u00fanico furo nominal.<\/p>\n\n\n\n<h3 class=\"wp-block-heading\">Permite ajustamento<\/h3>\n\n\n\n<p>A sela Buffalo utiliza uma cinta de a\u00e7o inoxid\u00e1vel que \u00e9 apertada atrav\u00e9s de fechos em cada lado da cabe\u00e7a da sela. O comprimento do fixador permite a montagem da correia em torno de tubos de di\u00e2metro at\u00e9 20mm de varia\u00e7\u00e3o. As cabe\u00e7as de sela de cinta simples e de cinta dupla est\u00e3o dispon\u00edveis com sa\u00eddas parafusadas BSP de DN20 &#8211; DN100mm ou sa\u00eddas flangeadas de DN50 &#8211; DN100mm.<\/p>\n\n\n\n<p>Em conjunto com o nosso kit de Perfura\u00e7\u00e3o Sob Press\u00e3o, as Selas de B\u00fafalo e as Easi Tees permitem solu\u00e7\u00f5es Tap In r\u00e1pidas, econ\u00f3micas e de confian\u00e7a.<\/p>\n\n\n\n<h3 class=\"wp-block-heading\">A gama<\/h3>\n\n\n\n<p>Para tubos de DN50mm &#8211; DN600mm com sa\u00eddas de deriva\u00e7\u00e3o de DN20mm &#8211; DN100mm.<\/p>\n<\/div>\n<\/div>\n<\/div><\/div>\n\n\n\n<div style=\"height:50px\" aria-hidden=\"true\" class=\"wp-block-spacer\"><\/div>\n\n\n\n<div class=\"wp-block-group\"><div class=\"wp-block-group__inner-container is-layout-constrained wp-block-group-is-layout-constrained\">\n<div class=\"wp-block-columns is-layout-flex wp-container-core-columns-is-layout-9d6595d7 wp-block-columns-is-layout-flex\">\n<div class=\"wp-block-column is-layout-flow wp-block-column-is-layout-flow\" style=\"flex-basis:300px\">\n<figure class=\"wp-block-image size-large\"><img decoding=\"async\" width=\"1024\" height=\"875\" src=\"https:\/\/klinger.pt\/wp-content\/uploads\/2023\/02\/193-Under-Pressure-Drill-png-1024x875.webp\" alt=\"JUNTAS PARA PICAGEM\" class=\"wp-image-37810\" srcset=\"https:\/\/klinger.pt\/wp-content\/uploads\/2023\/02\/193-Under-Pressure-Drill-png-1024x875.webp 1024w, https:\/\/klinger.pt\/wp-content\/uploads\/2023\/02\/193-Under-Pressure-Drill-png-300x256.webp 300w, https:\/\/klinger.pt\/wp-content\/uploads\/2023\/02\/193-Under-Pressure-Drill-png-768x656.webp 768w, https:\/\/klinger.pt\/wp-content\/uploads\/2023\/02\/193-Under-Pressure-Drill-png-1536x1312.webp 1536w, https:\/\/klinger.pt\/wp-content\/uploads\/2023\/02\/193-Under-Pressure-Drill-png-1400x1196.webp 1400w, https:\/\/klinger.pt\/wp-content\/uploads\/2023\/02\/193-Under-Pressure-Drill-png.webp 1920w\" sizes=\"(max-width: 1024px) 100vw, 1024px\" \/><\/figure>\n<\/div>\n\n\n\n<div class=\"wp-block-column is-layout-flow wp-block-column-is-layout-flow\" style=\"flex-basis:700px\">\n<h2 class=\"wp-block-heading\" style=\"font-size:30px\">FERRAMENTAS DE PERFURA\u00c7\u00c3O DE PRECIS\u00c3O SOB PRESS\u00c3O<\/h2>\n\n\n\n<p>A perfura\u00e7\u00e3o sob press\u00e3o \u00e9 o processo preciso de fazer um furo num sistema de tubos fluidos sem derramar o seu conte\u00fado ou interromper o fluxo.<\/p>\n\n\n\n<h3 class=\"wp-block-heading\">Aplica\u00e7\u00e3o<\/h3>\n\n\n\n<p>Concebemos e fabricamos selas e t\u00eas de rosca que podem ser feitos \u00e0 medida das suas necessidades individuais, instalamo-los e fazemos a rosca numa conduta operacional ao vivo com um kit de Perfura\u00e7\u00e3o sob Press\u00e3o (UPD). Se os clientes n\u00e3o quiserem comprar uma UPD, temos a facilidade de Tap In para os nossos clientes utilizando o nosso equipamento interno.<\/p>\n\n\n\n<h3 class=\"wp-block-heading\">Solu\u00e7\u00e3o completa<\/h3>\n\n\n\n<p>Os kits de perfuradora sob press\u00e3o s\u00e3o vendidos em caixas de a\u00e7o robustas, prontas a usar.<\/p>\n\n\n\n<h3 class=\"wp-block-heading\">A gama<\/h3>\n\n\n\n<p>Os Kits de Perfura\u00e7\u00e3o sob Press\u00e3o est\u00e3o dispon\u00edveis com cabe\u00e7as de corte de DN15 &#8211; 150mm.<\/p>\n<\/div>\n<\/div>\n<\/div><\/div>\n\n\n\n<div class=\"wp-block-group\"><div class=\"wp-block-group__inner-container is-layout-constrained wp-block-group-is-layout-constrained\">\n<div class=\"wp-block-columns is-layout-flex wp-container-core-columns-is-layout-9d6595d7 wp-block-columns-is-layout-flex\">\n<div class=\"wp-block-column is-layout-flow wp-block-column-is-layout-flow\" style=\"flex-basis:300px\">\n<figure class=\"wp-block-image size-large\"><img loading=\"lazy\" decoding=\"async\" width=\"1006\" height=\"1024\" src=\"https:\/\/klinger.pt\/wp-content\/uploads\/2023\/02\/194-Ultra-SaddleV1-png-1006x1024.webp\" alt=\"JUNTAS PARA PICAGEM\" class=\"wp-image-37812\" srcset=\"https:\/\/klinger.pt\/wp-content\/uploads\/2023\/02\/194-Ultra-SaddleV1-png-1006x1024.webp 1006w, https:\/\/klinger.pt\/wp-content\/uploads\/2023\/02\/194-Ultra-SaddleV1-png-295x300.webp 295w, https:\/\/klinger.pt\/wp-content\/uploads\/2023\/02\/194-Ultra-SaddleV1-png-768x782.webp 768w, https:\/\/klinger.pt\/wp-content\/uploads\/2023\/02\/194-Ultra-SaddleV1-png-1509x1536.webp 1509w, https:\/\/klinger.pt\/wp-content\/uploads\/2023\/02\/194-Ultra-SaddleV1-png-1400x1425.webp 1400w, https:\/\/klinger.pt\/wp-content\/uploads\/2023\/02\/194-Ultra-SaddleV1-png.webp 1886w\" sizes=\"(max-width: 1006px) 100vw, 1006px\" \/><\/figure>\n<\/div>\n\n\n\n<div class=\"wp-block-column is-layout-flow wp-block-column-is-layout-flow\" style=\"flex-basis:700px\">\n<h2 class=\"wp-block-heading\" style=\"font-size:30px\">A\u00c7O INOX DE C\u00cdRCULO COMPLETO ULTRA-SELA E TEES<\/h2>\n\n\n\n<p>Ultra Saddles e Tees est\u00e3o dispon\u00edveis em v\u00e1rios comprimentos de bra\u00e7adeira (at\u00e9 600mm de largura) e s\u00e3o adequados para praticamente qualquer material de canaliza\u00e7\u00e3o.<\/p>\n\n\n\n<h3 class=\"wp-block-heading\">Torneira Permanente em Liga\u00e7\u00e3o<\/h3>\n\n\n\n<p>Fornecido completo com armadura de a\u00e7o inoxid\u00e1vel vulcanizada na veda\u00e7\u00e3o de borracha no momento da moldagem, oferecendo uma torneira permanente em solu\u00e7\u00e3o. Dispon\u00edvel para tubos de tamanho DN40 &#8211; 600mm. Tamanhos de sa\u00edda DN15 &#8211; 50mm.<\/p>\n<\/div>\n<\/div>\n<\/div><\/div>\n\n\n\n<div class=\"wp-block-group\"><div class=\"wp-block-group__inner-container is-layout-constrained wp-block-group-is-layout-constrained\">\n<div class=\"wp-block-columns is-layout-flex wp-container-core-columns-is-layout-9d6595d7 wp-block-columns-is-layout-flex\">\n<div class=\"wp-block-column is-layout-flow wp-block-column-is-layout-flow\" style=\"flex-basis:300px\">\n<figure class=\"wp-block-image size-large is-resized\"><img loading=\"lazy\" decoding=\"async\" src=\"https:\/\/klinger.pt\/wp-content\/uploads\/2023\/02\/Ultra-service-png-828x1024.webp\" alt=\"JUNTAS PARA PICAGEM\" class=\"wp-image-37814\" width=\"241\" height=\"298\" srcset=\"https:\/\/klinger.pt\/wp-content\/uploads\/2023\/02\/Ultra-service-png-828x1024.webp 828w, https:\/\/klinger.pt\/wp-content\/uploads\/2023\/02\/Ultra-service-png-243x300.webp 243w, https:\/\/klinger.pt\/wp-content\/uploads\/2023\/02\/Ultra-service-png-768x950.webp 768w, https:\/\/klinger.pt\/wp-content\/uploads\/2023\/02\/Ultra-service-png-1242x1536.webp 1242w, https:\/\/klinger.pt\/wp-content\/uploads\/2023\/02\/Ultra-service-png-1400x1732.webp 1400w, https:\/\/klinger.pt\/wp-content\/uploads\/2023\/02\/Ultra-service-png.webp 1552w\" sizes=\"(max-width: 241px) 100vw, 241px\" \/><\/figure>\n<\/div>\n\n\n\n<div class=\"wp-block-column is-layout-flow wp-block-column-is-layout-flow\" style=\"flex-basis:700px\">\n<h2 class=\"wp-block-heading\" style=\"font-size:30px\">SELAS DE A\u00c7O INOXID\u00c1VEL COM BORRACHA ULTRA-SERVI\u00c7O<\/h2>\n\n\n\n<p>A Sela Ultra Service foi concebida utilizando uma veda\u00e7\u00e3o de borracha autoenergizada contida, oferecendo uma solu\u00e7\u00e3o de torneira permanente.<\/p>\n\n\n\n<p><strong>Para uma sela de servi\u00e7o permanente e simples em solu\u00e7\u00e3o para quase todos os materiais de tubos.<\/strong><\/p>\n\n\n\n<p>Isto permite que o produto possa acomodar press\u00f5es de trabalho de tubagem mais elevadas do que as convencionais bra\u00e7adeiras de selim de a\u00e7o inoxid\u00e1vel que utilizam um tapete em forma de grelha comprimido na circunfer\u00eancia externa da tubagem.<\/p>\n\n\n\n<h3 class=\"wp-block-heading\">Aplica\u00e7\u00e3o<\/h3>\n\n\n\n<p>A gama Ultra Service Saddle \u00e9 uma gama abrangente de produtos de torneiras de tubos de a\u00e7o inoxid\u00e1vel. Podem ser utilizados para fornecer um ponto de entrada de DN15mm a DN50mm.<\/p>\n\n\n\n<h3 class=\"wp-block-heading\">A gama<\/h3>\n\n\n\n<p>Est\u00e1 dispon\u00edvel uma gama abrangente para tubos de DN40mm a DN350mm com tamanhos de sa\u00edda de ramifica\u00e7\u00e3o de DN15mm a DN50mm. A ramifica\u00e7\u00e3o n\u00e3o pode exceder mais de metade do di\u00e2metro do tubo roscado. Este produto n\u00e3o pode ser utilizado para a uni\u00e3o de tubos.<\/p>\n<\/div>\n<\/div>\n<\/div><\/div>\n","protected":false},"excerpt":{"rendered":"<p>JUNTAS PARA PICAGEM A gama de Juntas para Picagem da KLINGER fornece solu\u00e7\u00f5es eficientes e seguras tanto para condutas de ferro d\u00factil como de PVC. SELA DE FERRO D\u00daCTIL PARA TUBO DE PVC Selas de Ferro D\u00factil para tubos de PVC &amp; Ferro D\u00factil s\u00e3o selas dedicadas espec\u00edficas para tubos de PVC ou de Ferro [&hellip;]<\/p>\n","protected":false},"author":4,"featured_media":0,"parent":37728,"menu_order":0,"comment_status":"closed","ping_status":"closed","template":"page-templates\/servicios.php","meta":{"_eb_attr":"","footnotes":""},"class_list":["post-37805","page","type-page","status-publish","hentry"],"aioseo_notices":[],"_links":{"self":[{"href":"https:\/\/klinger.pt\/es\/wp-json\/wp\/v2\/pages\/37805","targetHints":{"allow":["GET"]}}],"collection":[{"href":"https:\/\/klinger.pt\/es\/wp-json\/wp\/v2\/pages"}],"about":[{"href":"https:\/\/klinger.pt\/es\/wp-json\/wp\/v2\/types\/page"}],"author":[{"embeddable":true,"href":"https:\/\/klinger.pt\/es\/wp-json\/wp\/v2\/users\/4"}],"replies":[{"embeddable":true,"href":"https:\/\/klinger.pt\/es\/wp-json\/wp\/v2\/comments?post=37805"}],"version-history":[{"count":8,"href":"https:\/\/klinger.pt\/es\/wp-json\/wp\/v2\/pages\/37805\/revisions"}],"predecessor-version":[{"id":38300,"href":"https:\/\/klinger.pt\/es\/wp-json\/wp\/v2\/pages\/37805\/revisions\/38300"}],"up":[{"embeddable":true,"href":"https:\/\/klinger.pt\/es\/wp-json\/wp\/v2\/pages\/37728"}],"wp:attachment":[{"href":"https:\/\/klinger.pt\/es\/wp-json\/wp\/v2\/media?parent=37805"}],"curies":[{"name":"wp","href":"https:\/\/api.w.org\/{rel}","templated":true}]}}