{"id":37793,"date":"2023-02-15T13:58:31","date_gmt":"2023-02-15T13:58:31","guid":{"rendered":"https:\/\/m5j0n6nk9p.onrocket.site\/?page_id=37793"},"modified":"2023-02-27T09:01:57","modified_gmt":"2023-02-27T09:01:57","slug":"acessorios","status":"publish","type":"page","link":"https:\/\/klinger.pt\/es\/produtos\/outros-equipamentos-tecnicos\/acessorios-para-tubagem\/acessorios\/","title":{"rendered":"GAMA DE ACESS\u00d3RIOS PARA TUBAGEM"},"content":{"rendered":"\n<h1 class=\"wp-block-heading\" style=\"font-size:30px\">NOSSA GAMA DE ACESS\u00d3RIOS PARA TUBAGEM<\/h1>\n\n\n\n<p>Os acess\u00f3rios para tubos s\u00e3o utilizados em sistemas de tubos para ligar sec\u00e7\u00f5es rectas de tubos, adaptam-se a diferentes tamanhos ou formas, e para outros fins, tais como regula\u00e7\u00e3o do fluxo de fluidos.<\/p>\n\n\n\n<div style=\"height:25px\" aria-hidden=\"true\" class=\"wp-block-spacer\"><\/div>\n\n\n\n<div class=\"wp-block-group\"><div class=\"wp-block-group__inner-container is-layout-constrained wp-block-group-is-layout-constrained\">\n<div class=\"wp-block-columns is-layout-flex wp-container-core-columns-is-layout-9d6595d7 wp-block-columns-is-layout-flex\">\n<div class=\"wp-block-column is-layout-flow wp-block-column-is-layout-flow\" style=\"flex-basis:300px\">\n<figure class=\"wp-block-image size-full\"><img fetchpriority=\"high\" decoding=\"async\" width=\"270\" height=\"270\" src=\"https:\/\/klinger.pt\/wp-content\/uploads\/2023\/02\/Acessorios-geral-mini.webp\" alt=\"ACESS\u00d3RIOS\" class=\"wp-image-37743\" srcset=\"https:\/\/klinger.pt\/wp-content\/uploads\/2023\/02\/Acessorios-geral-mini.webp 270w, https:\/\/klinger.pt\/wp-content\/uploads\/2023\/02\/Acessorios-geral-mini-150x150.webp 150w\" sizes=\"(max-width: 270px) 100vw, 270px\" \/><\/figure>\n<\/div>\n\n\n\n<div class=\"wp-block-column is-layout-flow wp-block-column-is-layout-flow\" style=\"flex-basis:700px\">\n<h2 class=\"wp-block-heading\" style=\"font-size:30px\">ACESS\u00d3RIOS<\/h2>\n\n\n\n<p>Temos uma vasta gama de acess\u00f3rios e outros equipamentos para tubos. Filtros, displays, acess\u00f3rios e parafusos em qualquer tipo de material.<\/p>\n<\/div>\n<\/div>\n<\/div><\/div>\n\n\n\n<div style=\"height:25px\" aria-hidden=\"true\" class=\"wp-block-spacer\"><\/div>\n\n\n\n<div class=\"wp-block-group\"><div class=\"wp-block-group__inner-container is-layout-constrained wp-block-group-is-layout-constrained\">\n<div class=\"wp-block-columns is-layout-flex wp-container-core-columns-is-layout-9d6595d7 wp-block-columns-is-layout-flex\">\n<div class=\"wp-block-column is-layout-flow wp-block-column-is-layout-flow\" style=\"flex-basis:300px\">\n<figure class=\"wp-block-image size-full\"><img decoding=\"async\" width=\"256\" height=\"162\" src=\"https:\/\/klinger.pt\/wp-content\/uploads\/2023\/02\/183-Enerseal-Boltless-Fittings-png.webp\" alt=\"\" class=\"wp-image-37795\"\/><\/figure>\n<\/div>\n\n\n\n<div class=\"wp-block-column is-layout-flow wp-block-column-is-layout-flow\" style=\"flex-basis:700px\">\n<h2 class=\"wp-block-heading\" style=\"font-size:30px\">ACESS\u00d3RIOS SEM PARAFUSOS PROTEGIDOS CONTRA A CORROS\u00c3O<\/h2>\n\n\n\n<p>Os acess\u00f3rios sem parafusos energ\u00e9ticos s\u00e3o o m\u00e9todo mais econ\u00f3mico de introduzir acess\u00f3rios numa conduta de PVC de grande di\u00e2metro.<\/p>\n\n\n\n<h3 class=\"wp-block-heading\">Aplica\u00e7\u00e3o<\/h3>\n\n\n\n<p>Conex\u00f5es sem parafusos de grande di\u00e2metro para tubos de PVC de 315 &#8211; 800mm. A nossa gama abrangente de acess\u00f3rios EnerSeal fabricados inclui, mas n\u00e3o est\u00e1 limitada ao seguinte:<\/p>\n\n\n\n<ul class=\"wp-block-list\">\n<li>Dobras<\/li>\n\n\n\n<li>Equipal Tees, Scour Tees, Hydrant Tees<\/li>\n\n\n\n<li>Tubos de Puddle Socketed Puddle Pipes<\/li>\n\n\n\n<li>Pe\u00e7as em Y<\/li>\n\n\n\n<li>Cruzes<\/li>\n\n\n\n<li>Adaptadores de flange<\/li>\n\n\n\n<li>Tamp\u00f5es de fim de teste de press\u00e3o<\/li>\n\n\n\n<li>Conectores de repara\u00e7\u00e3o rectos<\/li>\n<\/ul>\n\n\n\n<p>Fornecemos soldadura em tomadas EnerSeal, completas com o selo de borracha F576, a clientes e fabricantes de acess\u00f3rios. Permitindo aos clientes fabricar os seus pr\u00f3prios encaixes EnerSeal Socketed.<\/p>\n\n\n\n<h3 class=\"wp-block-heading\">Vantagens<\/h3>\n\n\n\n<ul class=\"wp-block-list\">\n<li>Instala\u00e7\u00e3o r\u00e1pida, simples e rent\u00e1vel<\/li>\n\n\n\n<li>N\u00e3o \u00e9 necess\u00e1rio aparafusar no local<\/li>\n\n\n\n<li>Acess\u00f3rios de ferro fundido d\u00factil mais leves do que os de ferro fundido<\/li>\n\n\n\n<li>Pre\u00e7o econ\u00f3mico, menos dispendioso do que os acess\u00f3rios fundidos<\/li>\n\n\n\n<li>Fabricado localmente, prazos de entrega curtos<\/li>\n\n\n\n<li>Robusto<\/li>\n\n\n\n<li>V\u00e1rios revestimentos dispon\u00edveis<\/li>\n\n\n\n<li>Qualquer encaixe padr\u00e3o ou especial pode ser fabricado<\/li>\n<\/ul>\n\n\n\n<h3 class=\"wp-block-heading\">Revestimentos especiais<\/h3>\n\n\n\n<p>Est\u00e3o dispon\u00edveis revestimentos de protec\u00e7\u00e3o anticorrosiva de Fusion Bonded Epoxy (FBE), Two Pack Wet Spray Epoxy e Hot Dipped Galvanizing.<\/p>\n\n\n\n<h3 class=\"wp-block-heading\">A gama<\/h3>\n\n\n\n<p>315 \/ 355 \/ 400 \/ 450 \/ 500 \/ 630 \/ 710 &amp; 800mm Tubo de PVC com di\u00e2metro externo at\u00e9 25 Bar de press\u00e3o de trabalho.<\/p>\n<\/div>\n<\/div>\n<\/div><\/div>\n\n\n\n<div style=\"height:50px\" aria-hidden=\"true\" class=\"wp-block-spacer\"><\/div>\n\n\n\n<div class=\"wp-block-group\"><div class=\"wp-block-group__inner-container is-layout-constrained wp-block-group-is-layout-constrained\">\n<div class=\"wp-block-columns is-layout-flex wp-container-core-columns-is-layout-9d6595d7 wp-block-columns-is-layout-flex\">\n<div class=\"wp-block-column is-layout-flow wp-block-column-is-layout-flow\" style=\"flex-basis:300px\">\n<figure class=\"wp-block-image size-full\"><img decoding=\"async\" width=\"632\" height=\"605\" src=\"https:\/\/klinger.pt\/wp-content\/uploads\/2023\/02\/184-Fabricated-Fittings-2-png.webp\" alt=\"\" class=\"wp-image-37797\" srcset=\"https:\/\/klinger.pt\/wp-content\/uploads\/2023\/02\/184-Fabricated-Fittings-2-png.webp 632w, https:\/\/klinger.pt\/wp-content\/uploads\/2023\/02\/184-Fabricated-Fittings-2-png-300x287.webp 300w\" sizes=\"(max-width: 632px) 100vw, 632px\" \/><\/figure>\n\n\n\n<figure class=\"wp-block-image size-full\"><img loading=\"lazy\" decoding=\"async\" width=\"1019\" height=\"488\" src=\"https:\/\/klinger.pt\/wp-content\/uploads\/2023\/02\/184-Fittings-traditional-socketed.webp\" alt=\"\" class=\"wp-image-37799\" srcset=\"https:\/\/klinger.pt\/wp-content\/uploads\/2023\/02\/184-Fittings-traditional-socketed.webp 1019w, https:\/\/klinger.pt\/wp-content\/uploads\/2023\/02\/184-Fittings-traditional-socketed-300x144.webp 300w, https:\/\/klinger.pt\/wp-content\/uploads\/2023\/02\/184-Fittings-traditional-socketed-768x368.webp 768w\" sizes=\"(max-width: 1019px) 100vw, 1019px\" \/><\/figure>\n<\/div>\n\n\n\n<div class=\"wp-block-column is-layout-flow wp-block-column-is-layout-flow\" style=\"flex-basis:700px\">\n<h2 class=\"wp-block-heading\" style=\"font-size:30px\">ACESS\u00d3RIOS TRADICIONAIS OU TOMADAS FABRICADAS<\/h2>\n\n\n\n<p>A KLINGER oferece acess\u00f3rios especializados de fabrico de tubos e componentes met\u00e1licos, para sistemas de tubagem simples ou complexos para transportar ou processar l\u00edquidos, gases e s\u00f3lidos em seguran\u00e7a.<\/p>\n\n\n\n<h3 class=\"wp-block-heading\">Aplica\u00e7\u00e3o<\/h3>\n\n\n\n<p>Acess\u00f3rios como T\u00eas, Curvas, Redutores, Puddle Pipes, etc., s\u00e3o fabricados por encomenda. Podem ser especificados revestimentos de protec\u00e7\u00e3o anticorrosiva, tais como Carboline ou Sigmaguard.<\/p>\n\n\n\n<h3 class=\"wp-block-heading\">Liga\u00e7\u00f5es com tomadas<\/h3>\n\n\n\n<p>Um encaixe socketed \u00e9 um encaixe de a\u00e7o fabricado com uma extremidade socketed que consiste num \u00abmeio acoplamento\u00bb auto-contido que \u00e9 adequado para praticamente todos os materiais r\u00edgidos de tubos. Materiais de tubos de extremidade lisa, tais como PVC, PRFV e Ferro D\u00factil, podem ser inseridos directamente no encaixe socketed. Eliminando assim a necessidade de uni\u00f5es de degraus especiais e fornecendo acess\u00f3rios especiais adequados para todos os materiais de tubos r\u00edgidos.<\/p>\n\n\n\n<h3 class=\"wp-block-heading\">A gama<\/h3>\n\n\n\n<p>DN40 \u2013 1200mm.<\/p>\n<\/div>\n<\/div>\n<\/div><\/div>\n\n\n\n<div style=\"height:50px\" aria-hidden=\"true\" class=\"wp-block-spacer\"><\/div>\n\n\n\n<div class=\"wp-block-group\"><div class=\"wp-block-group__inner-container is-layout-constrained wp-block-group-is-layout-constrained\">\n<div class=\"wp-block-columns is-layout-flex wp-container-core-columns-is-layout-9d6595d7 wp-block-columns-is-layout-flex\">\n<div class=\"wp-block-column is-layout-flow wp-block-column-is-layout-flow\" style=\"flex-basis:300px\">\n<figure class=\"wp-block-image size-large\"><img loading=\"lazy\" decoding=\"async\" width=\"1024\" height=\"855\" src=\"https:\/\/klinger.pt\/wp-content\/uploads\/2023\/02\/185-PolyGrip-Fittings-png-1024x855.webp\" alt=\"\" class=\"wp-image-37801\" srcset=\"https:\/\/klinger.pt\/wp-content\/uploads\/2023\/02\/185-PolyGrip-Fittings-png-1024x855.webp 1024w, https:\/\/klinger.pt\/wp-content\/uploads\/2023\/02\/185-PolyGrip-Fittings-png-300x251.webp 300w, https:\/\/klinger.pt\/wp-content\/uploads\/2023\/02\/185-PolyGrip-Fittings-png-768x642.webp 768w, https:\/\/klinger.pt\/wp-content\/uploads\/2023\/02\/185-PolyGrip-Fittings-png-1536x1283.webp 1536w, https:\/\/klinger.pt\/wp-content\/uploads\/2023\/02\/185-PolyGrip-Fittings-png-1400x1170.webp 1400w, https:\/\/klinger.pt\/wp-content\/uploads\/2023\/02\/185-PolyGrip-Fittings-png.webp 1920w\" sizes=\"(max-width: 1024px) 100vw, 1024px\" \/><\/figure>\n<\/div>\n\n\n\n<div class=\"wp-block-column is-layout-flow wp-block-column-is-layout-flow\" style=\"flex-basis:700px\">\n<h2 class=\"wp-block-heading\" style=\"font-size:30px\">ACESS\u00d3RIOS DE POLYGRIP EM TECIDO<\/h2>\n\n\n\n<p>Os Acess\u00f3rios PolyGrip Fabricados foram concebidos como acess\u00f3rios simples, de alto desempenho, de reten\u00e7\u00e3o de carga completa, mec\u00e2nicos, de encaixe para tubos de PVC e HDPE.<\/p>\n\n\n\n<h3 class=\"wp-block-heading\">Aplica\u00e7\u00e3o<\/h3>\n\n\n\n<p>Acess\u00f3rios PolyGrip, Acoplamentos, Adaptadores de Flange e Arneses de Reten\u00e7\u00e3o s\u00e3o concebidos para apoiar e segurar a tubagem, impedindo o colapso da tubagem e o arrancamento da extremidade da tubagem. Os acess\u00f3rios PolyGrip s\u00e3o adequados para uma press\u00e3o de trabalho de at\u00e9 16 bar (1600 kPa). Os acess\u00f3rios PolyGrip fabricados de qualquer forma podem ser fabricados por encomenda, incluindo curvas, t\u00eas iguais e desiguais, t\u00eas de varredura, cruzetas, tubos de po\u00e7a, etc.<\/p>\n\n\n\n<p>Acess\u00f3rios de Ferro Fundido D\u00factil para tubos de PVC s\u00e3o o m\u00e9todo mais econ\u00f3mico de introduzir pequenos acess\u00f3rios de furo num tubo de PVC. Combinando um arn\u00eas PolyGrip com um acess\u00f3rio de ferro fundido d\u00factil, pode ser utilizado como um acess\u00f3rio totalmente restrito para tubos de PVC ou HDPE.<\/p>\n\n\n\n<h3 class=\"wp-block-heading\">A gama<\/h3>\n\n\n\n<p>Os produtos PolyGrip est\u00e3o dispon\u00edveis a partir de OD90 &#8211; 315mm.<\/p>\n<\/div>\n<\/div>\n<\/div><\/div>\n","protected":false},"excerpt":{"rendered":"<p>NOSSA GAMA DE ACESS\u00d3RIOS PARA TUBAGEM Os acess\u00f3rios para tubos s\u00e3o utilizados em sistemas de tubos para ligar sec\u00e7\u00f5es rectas de tubos, adaptam-se a diferentes tamanhos ou formas, e para outros fins, tais como regula\u00e7\u00e3o do fluxo de fluidos. ACESS\u00d3RIOS Temos uma vasta gama de acess\u00f3rios e outros equipamentos para tubos. Filtros, displays, acess\u00f3rios e [&hellip;]<\/p>\n","protected":false},"author":4,"featured_media":0,"parent":37728,"menu_order":0,"comment_status":"closed","ping_status":"closed","template":"page-templates\/servicios.php","meta":{"_eb_attr":"","footnotes":""},"class_list":["post-37793","page","type-page","status-publish","hentry"],"aioseo_notices":[],"_links":{"self":[{"href":"https:\/\/klinger.pt\/es\/wp-json\/wp\/v2\/pages\/37793","targetHints":{"allow":["GET"]}}],"collection":[{"href":"https:\/\/klinger.pt\/es\/wp-json\/wp\/v2\/pages"}],"about":[{"href":"https:\/\/klinger.pt\/es\/wp-json\/wp\/v2\/types\/page"}],"author":[{"embeddable":true,"href":"https:\/\/klinger.pt\/es\/wp-json\/wp\/v2\/users\/4"}],"replies":[{"embeddable":true,"href":"https:\/\/klinger.pt\/es\/wp-json\/wp\/v2\/comments?post=37793"}],"version-history":[{"count":10,"href":"https:\/\/klinger.pt\/es\/wp-json\/wp\/v2\/pages\/37793\/revisions"}],"predecessor-version":[{"id":38260,"href":"https:\/\/klinger.pt\/es\/wp-json\/wp\/v2\/pages\/37793\/revisions\/38260"}],"up":[{"embeddable":true,"href":"https:\/\/klinger.pt\/es\/wp-json\/wp\/v2\/pages\/37728"}],"wp:attachment":[{"href":"https:\/\/klinger.pt\/es\/wp-json\/wp\/v2\/media?parent=37793"}],"curies":[{"name":"wp","href":"https:\/\/api.w.org\/{rel}","templated":true}]}}