{"id":37782,"date":"2023-02-15T13:52:52","date_gmt":"2023-02-15T13:52:52","guid":{"rendered":"https:\/\/m5j0n6nk9p.onrocket.site\/?page_id=37782"},"modified":"2023-02-27T09:35:09","modified_gmt":"2023-02-27T09:35:09","slug":"juntas-de-reparacao","status":"publish","type":"page","link":"https:\/\/klinger.pt\/es\/produtos\/outros-equipamentos-tecnicos\/acessorios-para-tubagem\/juntas-de-reparacao\/","title":{"rendered":"JUNTAS DE REPARA\u00c7\u00c3O"},"content":{"rendered":"\n<h1 class=\"wp-block-heading\" style=\"font-size:30px\">JUNTAS DE REPARA\u00c7\u00c3O<\/h1>\n\n\n\n<p>As Juntas de Repara\u00e7\u00e3o de tubagens da KLINGER oferecem manuten\u00e7\u00e3o ou repara\u00e7\u00e3o eficaz a um sistema de tubagens para restaurar a sua capacidade de transporte com facilidade.<\/p>\n\n\n\n<div style=\"height:25px\" aria-hidden=\"true\" class=\"wp-block-spacer\"><\/div>\n\n\n\n<div class=\"wp-block-group\"><div class=\"wp-block-group__inner-container is-layout-constrained wp-block-group-is-layout-constrained\">\n<div class=\"wp-block-columns is-layout-flex wp-container-core-columns-is-layout-9d6595d7 wp-block-columns-is-layout-flex\">\n<div class=\"wp-block-column is-layout-flow wp-block-column-is-layout-flow\" style=\"flex-basis:300px\">\n<figure class=\"wp-block-image size-large\"><img fetchpriority=\"high\" decoding=\"async\" width=\"1024\" height=\"1024\" src=\"https:\/\/klinger.pt\/wp-content\/uploads\/2023\/02\/179-G-Flex-Repair-png-1024x1024.webp\" alt=\"JUNTAS DE REPARA\u00c7\u00c3O\" class=\"wp-image-37783\" srcset=\"https:\/\/klinger.pt\/wp-content\/uploads\/2023\/02\/179-G-Flex-Repair-png-1024x1024.webp 1024w, https:\/\/klinger.pt\/wp-content\/uploads\/2023\/02\/179-G-Flex-Repair-png-300x300.webp 300w, https:\/\/klinger.pt\/wp-content\/uploads\/2023\/02\/179-G-Flex-Repair-png-150x150.webp 150w, https:\/\/klinger.pt\/wp-content\/uploads\/2023\/02\/179-G-Flex-Repair-png-768x768.webp 768w, https:\/\/klinger.pt\/wp-content\/uploads\/2023\/02\/179-G-Flex-Repair-png-1536x1536.webp 1536w, https:\/\/klinger.pt\/wp-content\/uploads\/2023\/02\/179-G-Flex-Repair-png-1400x1400.webp 1400w, https:\/\/klinger.pt\/wp-content\/uploads\/2023\/02\/179-G-Flex-Repair-png.webp 1920w\" sizes=\"(max-width: 1024px) 100vw, 1024px\" \/><\/figure>\n<\/div>\n\n\n\n<div class=\"wp-block-column is-layout-flow wp-block-column-is-layout-flow\" style=\"flex-basis:700px\">\n<h2 class=\"wp-block-heading\" style=\"font-size:30px\">ACOPLAMENTO DE REPARA\u00c7\u00c3O G-FLEX ENVOLVENTE DE A\u00c7O INOXID\u00c1VEL<\/h2>\n\n\n\n<p>O Acoplamento de Repara\u00e7\u00e3o G-Flex \u00e9 ideal para situa\u00e7\u00f5es em que \u00e9 necess\u00e1ria uma repara\u00e7\u00e3o permanente de uma tubagem de press\u00e3o.<\/p>\n\n\n\n<h3 class=\"wp-block-heading\">Repara\u00e7\u00e3o permanente da tubagem de press\u00e3o<\/h3>\n\n\n\n<p>Basta abrir o acoplamento, enrol\u00e1-lo \u00e0 volta do tubo danificado e apertar os parafusos. O tubo \u00e9 reparado em minutos, evitando assim tempos de paragem dispendiosos. Sendo revestido internamente com borracha e fabricado em A\u00e7o Inoxid\u00e1vel, o Acoplamento de Repara\u00e7\u00e3o G-Flex apresenta uma excelente resist\u00eancia \u00e0 corros\u00e3o.<\/p>\n\n\n\n<h3 class=\"wp-block-heading\">Classifica\u00e7\u00e3o de Press\u00e3o Superior<\/h3>\n\n\n\n<p>Os engates de repara\u00e7\u00e3o G-Flex oferecem a mais alta press\u00e3o nominal de qualquer abra\u00e7adeira ou acoplamento de repara\u00e7\u00e3o de tubos. As bra\u00e7adeiras tradicionais de repara\u00e7\u00e3o de tubos em a\u00e7o inoxid\u00e1vel (tais como a bra\u00e7adeira Ultra Clamp) n\u00e3o podem corresponder \u00e0 press\u00e3o nominal de trabalho de um acoplamento de repara\u00e7\u00e3o G-Flex.<\/p>\n\n\n\n<h3 class=\"wp-block-heading\">A gama<\/h3>\n\n\n\n<p>DN20 &#8211; 3000mm para praticamente qualquer material de canaliza\u00e7\u00e3o.<\/p>\n<\/div>\n<\/div>\n<\/div><\/div>\n\n\n\n<div style=\"height:50px\" aria-hidden=\"true\" class=\"wp-block-spacer\"><\/div>\n\n\n\n<div class=\"wp-block-group\"><div class=\"wp-block-group__inner-container is-layout-constrained wp-block-group-is-layout-constrained\">\n<div class=\"wp-block-columns is-layout-flex wp-container-core-columns-is-layout-9d6595d7 wp-block-columns-is-layout-flex\">\n<div class=\"wp-block-column is-layout-flow wp-block-column-is-layout-flow\" style=\"flex-basis:300px\">\n<figure class=\"wp-block-image size-large\"><img decoding=\"async\" width=\"1024\" height=\"855\" src=\"https:\/\/klinger.pt\/wp-content\/uploads\/2023\/02\/180-Repair-Collar-png-1024x855.webp\" alt=\"JUNTAS DE REPARA\u00c7\u00c3O\" class=\"wp-image-37785\" srcset=\"https:\/\/klinger.pt\/wp-content\/uploads\/2023\/02\/180-Repair-Collar-png-1024x855.webp 1024w, https:\/\/klinger.pt\/wp-content\/uploads\/2023\/02\/180-Repair-Collar-png-300x250.webp 300w, https:\/\/klinger.pt\/wp-content\/uploads\/2023\/02\/180-Repair-Collar-png-768x641.webp 768w, https:\/\/klinger.pt\/wp-content\/uploads\/2023\/02\/180-Repair-Collar-png-1536x1282.webp 1536w, https:\/\/klinger.pt\/wp-content\/uploads\/2023\/02\/180-Repair-Collar-png-1400x1169.webp 1400w, https:\/\/klinger.pt\/wp-content\/uploads\/2023\/02\/180-Repair-Collar-png.webp 1719w\" sizes=\"(max-width: 1024px) 100vw, 1024px\" \/><\/figure>\n<\/div>\n\n\n\n<div class=\"wp-block-column is-layout-flow wp-block-column-is-layout-flow\" style=\"flex-basis:700px\">\n<h2 class=\"wp-block-heading\" style=\"font-size:30px\">COLARINHO DE REPARA\u00c7\u00c3O TOTALMENTE CONTIDO<\/h2>\n\n\n\n<p>O colar de repara\u00e7\u00e3o da KLINGER \u00e9 uma junta totalmente contida para tubagens met\u00e1licas, n\u00e3o h\u00e1 necessidade de escavar e perturbar a tubagem, basta instal\u00e1-la \u00e0 volta da junta com fugas.<\/p>\n\n\n\n<h3 class=\"wp-block-heading\">Aplica\u00e7\u00e3o<\/h3>\n\n\n\n<p>Para o reparo de:<\/p>\n\n\n\n<ul class=\"wp-block-list\">\n<li>Juntas de tubos com fugas de sino e de espig\u00e3o<\/li>\n\n\n\n<li>Coleiras de tubo AC ou GRP com fugas<\/li>\n\n\n\n<li>Acoplamentos com fugas<\/li>\n<\/ul>\n\n\n\n<p>Os Colares de repara\u00e7\u00e3o s\u00e3o feitos por encomenda oferecendo um m\u00e9todo r\u00e1pido e econ\u00f3mico de repara\u00e7\u00e3o de juntas de tubos com fugas. Criando uma junta flex\u00edvel que utiliza os mesmos princ\u00edpios de veda\u00e7\u00e3o que um acoplamento mec\u00e2nico padr\u00e3o. Os Collars de repara\u00e7\u00e3o oferecem uma poupan\u00e7a maci\u00e7a ao operador do oleoduto, uma vez que o oleoduto n\u00e3o precisa de ser esvaziado ou cortado para instalar o produto a fim de efectuar a repara\u00e7\u00e3o. Os Collars de repara\u00e7\u00e3o s\u00e3o instalados directamente sobre a junta ou acoplamento com fugas sem remover a junta ou acoplamento com fugas existente.<\/p>\n\n\n\n<h3 class=\"wp-block-heading\">A gama<\/h3>\n\n\n\n<p>DN40 \u2013 3000mm.<\/p>\n<\/div>\n<\/div>\n<\/div><\/div>\n\n\n\n<div style=\"height:50px\" aria-hidden=\"true\" class=\"wp-block-spacer\"><\/div>\n\n\n\n<div class=\"wp-block-group\"><div class=\"wp-block-group__inner-container is-layout-constrained wp-block-group-is-layout-constrained\">\n<div class=\"wp-block-columns is-layout-flex wp-container-core-columns-is-layout-9d6595d7 wp-block-columns-is-layout-flex\">\n<div class=\"wp-block-column is-layout-flow wp-block-column-is-layout-flow\" style=\"flex-basis:300px\">\n<figure class=\"wp-block-image size-full\"><img decoding=\"async\" width=\"772\" height=\"694\" src=\"https:\/\/klinger.pt\/wp-content\/uploads\/2023\/02\/181-Ultra-Clamp-png.webp\" alt=\"JUNTAS DE REPARA\u00c7\u00c3O\" class=\"wp-image-37787\" srcset=\"https:\/\/klinger.pt\/wp-content\/uploads\/2023\/02\/181-Ultra-Clamp-png.webp 772w, https:\/\/klinger.pt\/wp-content\/uploads\/2023\/02\/181-Ultra-Clamp-png-300x270.webp 300w, https:\/\/klinger.pt\/wp-content\/uploads\/2023\/02\/181-Ultra-Clamp-png-768x690.webp 768w\" sizes=\"(max-width: 772px) 100vw, 772px\" \/><\/figure>\n\n\n\n<figure class=\"wp-block-image size-full\"><img loading=\"lazy\" decoding=\"async\" width=\"842\" height=\"776\" src=\"https:\/\/klinger.pt\/wp-content\/uploads\/2023\/02\/181-TUC-Pipe-markings-image.webp\" alt=\"JUNTAS DE REPARA\u00c7\u00c3O\" class=\"wp-image-37789\" srcset=\"https:\/\/klinger.pt\/wp-content\/uploads\/2023\/02\/181-TUC-Pipe-markings-image.webp 842w, https:\/\/klinger.pt\/wp-content\/uploads\/2023\/02\/181-TUC-Pipe-markings-image-300x276.webp 300w, https:\/\/klinger.pt\/wp-content\/uploads\/2023\/02\/181-TUC-Pipe-markings-image-768x708.webp 768w\" sizes=\"(max-width: 842px) 100vw, 842px\" \/><\/figure>\n<\/div>\n\n\n\n<div class=\"wp-block-column is-layout-flow wp-block-column-is-layout-flow\" style=\"flex-basis:700px\">\n<h2 class=\"wp-block-heading\" style=\"font-size:30px\">ARMADURA DE A\u00c7O INOXID\u00c1VEL ULTRA CLAMPADA<\/h2>\n\n\n\n<p>A S\u00e9rie Ultra Clamp \u00e9 uma gama abrangente de bra\u00e7adeiras de repara\u00e7\u00e3o de tubos em a\u00e7o inoxid\u00e1vel para materiais r\u00edgidos de tubos.<\/p>\n\n\n\n<h3 class=\"wp-block-heading\">Repara\u00e7\u00e3o permanente<\/h3>\n\n\n\n<p>Os Ultra Clamps est\u00e3o dispon\u00edveis em v\u00e1rios comprimentos de bra\u00e7adeiras de 150 a 1200mm de largura. S\u00e3o adequados para praticamente qualquer material de tubo. Os produtos Ultra Clamp de DN40mm ou superior s\u00e3o fornecidos como bra\u00e7adeiras de repara\u00e7\u00e3o circunferencial completas, completas com uma chapa de a\u00e7o inoxid\u00e1vel vulcanizada na veda\u00e7\u00e3o de borracha no momento da moldagem. As abra\u00e7adeiras Ultra Clamps s\u00e3o constru\u00eddas em a\u00e7o inoxid\u00e1vel a 100% e, portanto, oferecem uma repara\u00e7\u00e3o permanente para muitos tipos de danos em tubos, tais como fissuras, furos e corros\u00e3o. Tamanhos e larguras especiais, e fabrico r\u00e1pido para avarias urgentes est\u00e3o dispon\u00edveis mediante pedido. N\u00e3o devem ser utilizados para a uni\u00e3o de tubos.<\/p>\n\n\n\n<h3 class=\"wp-block-heading\">F\u00e1cil instala\u00e7\u00e3o<\/h3>\n\n\n\n<p>Instala\u00e7\u00e3o r\u00e1pida em m\u00e1s condi\u00e7\u00f5es do local, facilitada por uma ac\u00e7\u00e3o simples de \u00abviragem\u00bb e parafusos de auto-reten\u00e7\u00e3o.<\/p>\n\n\n\n<h3 class=\"wp-block-heading\">A gama<\/h3>\n\n\n\n<p>DN15 \u2013 1200mm.<\/p>\n<\/div>\n<\/div>\n<\/div><\/div>\n","protected":false},"excerpt":{"rendered":"<p>JUNTAS DE REPARA\u00c7\u00c3O As Juntas de Repara\u00e7\u00e3o de tubagens da KLINGER oferecem manuten\u00e7\u00e3o ou repara\u00e7\u00e3o eficaz a um sistema de tubagens para restaurar a sua capacidade de transporte com facilidade. ACOPLAMENTO DE REPARA\u00c7\u00c3O G-FLEX ENVOLVENTE DE A\u00c7O INOXID\u00c1VEL O Acoplamento de Repara\u00e7\u00e3o G-Flex \u00e9 ideal para situa\u00e7\u00f5es em que \u00e9 necess\u00e1ria uma repara\u00e7\u00e3o permanente de [&hellip;]<\/p>\n","protected":false},"author":4,"featured_media":0,"parent":37728,"menu_order":0,"comment_status":"closed","ping_status":"closed","template":"page-templates\/servicios.php","meta":{"_eb_attr":"","footnotes":""},"class_list":["post-37782","page","type-page","status-publish","hentry"],"aioseo_notices":[],"_links":{"self":[{"href":"https:\/\/klinger.pt\/es\/wp-json\/wp\/v2\/pages\/37782","targetHints":{"allow":["GET"]}}],"collection":[{"href":"https:\/\/klinger.pt\/es\/wp-json\/wp\/v2\/pages"}],"about":[{"href":"https:\/\/klinger.pt\/es\/wp-json\/wp\/v2\/types\/page"}],"author":[{"embeddable":true,"href":"https:\/\/klinger.pt\/es\/wp-json\/wp\/v2\/users\/4"}],"replies":[{"embeddable":true,"href":"https:\/\/klinger.pt\/es\/wp-json\/wp\/v2\/comments?post=37782"}],"version-history":[{"count":6,"href":"https:\/\/klinger.pt\/es\/wp-json\/wp\/v2\/pages\/37782\/revisions"}],"predecessor-version":[{"id":38296,"href":"https:\/\/klinger.pt\/es\/wp-json\/wp\/v2\/pages\/37782\/revisions\/38296"}],"up":[{"embeddable":true,"href":"https:\/\/klinger.pt\/es\/wp-json\/wp\/v2\/pages\/37728"}],"wp:attachment":[{"href":"https:\/\/klinger.pt\/es\/wp-json\/wp\/v2\/media?parent=37782"}],"curies":[{"name":"wp","href":"https:\/\/api.w.org\/{rel}","templated":true}]}}