{"id":37764,"date":"2023-02-15T13:46:40","date_gmt":"2023-02-15T13:46:40","guid":{"rendered":"https:\/\/m5j0n6nk9p.onrocket.site\/?page_id=37764"},"modified":"2023-02-27T09:33:04","modified_gmt":"2023-02-27T09:33:04","slug":"juntas-de-ligacao","status":"publish","type":"page","link":"https:\/\/klinger.pt\/es\/produtos\/outros-equipamentos-tecnicos\/acessorios-para-tubagem\/juntas-de-ligacao\/","title":{"rendered":"JUNTAS DE LIGA\u00c7\u00c3O"},"content":{"rendered":"\n<h1 class=\"wp-block-heading\" style=\"font-size:30px\">JUNTAS DE LIGA\u00c7\u00c3O<\/h1>\n\n\n\n<p>As Juntas de Liga\u00e7\u00e3o KLINGER s\u00e3o dispositivos utilizados para manter os tubos e acess\u00f3rios de separa\u00e7\u00e3o sob for\u00e7a de impulso.<\/p>\n\n\n\n<div style=\"height:25px\" aria-hidden=\"true\" class=\"wp-block-spacer\"><\/div>\n\n\n\n<div class=\"wp-block-group\"><div class=\"wp-block-group__inner-container is-layout-constrained wp-block-group-is-layout-constrained\">\n<div class=\"wp-block-columns is-layout-flex wp-container-core-columns-is-layout-9d6595d7 wp-block-columns-is-layout-flex\">\n<div class=\"wp-block-column is-layout-flow wp-block-column-is-layout-flow\" style=\"flex-basis:300px\">\n<figure class=\"wp-block-image size-large\"><img fetchpriority=\"high\" decoding=\"async\" width=\"1024\" height=\"1024\" src=\"https:\/\/klinger.pt\/wp-content\/uploads\/2023\/02\/172-DediFit-png-1024x1024.webp\" alt=\"JUNTAS DE LIGA\u00c7\u00c3O\" class=\"wp-image-37765\" srcset=\"https:\/\/klinger.pt\/wp-content\/uploads\/2023\/02\/172-DediFit-png-1024x1024.webp 1024w, https:\/\/klinger.pt\/wp-content\/uploads\/2023\/02\/172-DediFit-png-300x300.webp 300w, https:\/\/klinger.pt\/wp-content\/uploads\/2023\/02\/172-DediFit-png-150x150.webp 150w, https:\/\/klinger.pt\/wp-content\/uploads\/2023\/02\/172-DediFit-png-768x768.webp 768w, https:\/\/klinger.pt\/wp-content\/uploads\/2023\/02\/172-DediFit-png.webp 1280w\" sizes=\"(max-width: 1024px) 100vw, 1024px\" \/><\/figure>\n<\/div>\n\n\n\n<div class=\"wp-block-column is-layout-flow wp-block-column-is-layout-flow\" style=\"flex-basis:700px\">\n<h2 class=\"wp-block-heading\" style=\"font-size:30px\">ACOPLAMENTO DEDIFIT PROTEGIDO CONTRA A CORROS\u00c3O<\/h2>\n\n\n\n<p>Os engates DediFit s\u00e3o concebidos especificamente para instala\u00e7\u00e3o r\u00e1pida e simples em tubos de PVC e\/ou a\u00e7o.<\/p>\n\n\n\n<h3 class=\"wp-block-heading\">Acoplamentos dedicados para tubos de PVC\/a\u00e7o<\/h3>\n\n\n\n<p>A gama de funcionamento limitada e dedicada assegura que os acoplamentos s\u00e3o apertados apenas com v\u00e1rias voltas da porca.<\/p>\n\n\n\n<h3 class=\"wp-block-heading\">A gama<\/h3>\n\n\n\n<p>Os acoplamentos DediFit s\u00e3o fornecidos em Primer de \u00d3xido Vermelho ou Protec\u00e7\u00e3o anticorrosiva Ep\u00f3xi de Fus\u00e3o. Os tamanhos dispon\u00edveis incluem:<\/p>\n\n\n\n<ul class=\"wp-block-list\">\n<li>PVC 63 \/ 90 \/ 110 \/ 160 \/ 200 \/ 250 \/ 315 \/ 355 \/ 400mm<\/li>\n\n\n\n<li>A\u00c7O 88,9 \/ 114,3 \/ 165-168 \/ 219 \/ 273 \/ 324 \/ 356 \/ 406mm<\/li>\n\n\n\n<li>Todos os engates s\u00e3o adequados para uma press\u00e3o de trabalho de 16 Bar<\/li>\n<\/ul>\n<\/div>\n<\/div>\n<\/div><\/div>\n\n\n\n<div style=\"height:50px\" aria-hidden=\"true\" class=\"wp-block-spacer\"><\/div>\n\n\n\n<div class=\"wp-block-group\"><div class=\"wp-block-group__inner-container is-layout-constrained wp-block-group-is-layout-constrained\">\n<div class=\"wp-block-columns is-layout-flex wp-container-core-columns-is-layout-9d6595d7 wp-block-columns-is-layout-flex\">\n<div class=\"wp-block-column is-layout-flow wp-block-column-is-layout-flow\" style=\"flex-basis:300px\">\n<figure class=\"wp-block-image size-full\"><img decoding=\"async\" width=\"649\" height=\"851\" src=\"https:\/\/klinger.pt\/wp-content\/uploads\/2023\/02\/173-Dedicated-Large-Diameter-1-png.webp\" alt=\"JUNTAS DE LIGA\u00c7\u00c3O\" class=\"wp-image-37768\" srcset=\"https:\/\/klinger.pt\/wp-content\/uploads\/2023\/02\/173-Dedicated-Large-Diameter-1-png.webp 649w, https:\/\/klinger.pt\/wp-content\/uploads\/2023\/02\/173-Dedicated-Large-Diameter-1-png-229x300.webp 229w\" sizes=\"(max-width: 649px) 100vw, 649px\" \/><\/figure>\n<\/div>\n\n\n\n<div class=\"wp-block-column is-layout-flow wp-block-column-is-layout-flow\" style=\"flex-basis:700px\">\n<h2 class=\"wp-block-heading\" style=\"font-size:30px\">ACOPLAMENTOS E ADAPTADORES DEDICADOS DE GRANDE DI\u00c2METRO<\/h2>\n\n\n\n<p>Os Acoplamentos de Grande Di\u00e2metro e Produtos Adaptadores dedicados da KLINGER s\u00e3o ideais para acomodar tubos desalinhados.<\/p>\n\n\n\n<h3 class=\"wp-block-heading\">Concebido para Flexibilidade<\/h3>\n\n\n\n<p>Concebido para permitir v\u00e1rios graus de desvio angular da tubagem, simplificando a tarefa do engenheiro de concep\u00e7\u00e3o e do empreiteiro.<\/p>\n\n\n\n<h3 class=\"wp-block-heading\">Capacidade de desenho<\/h3>\n\n\n\n<p>Com o contributo dos clientes, os produtos podem ser concebidos especificamente para se adequarem a determinadas aplica\u00e7\u00f5es. Barris mais longos, press\u00f5es mais elevadas, diferentes revestimentos, a\u00e7os especiais e compostos de borracha especializados s\u00e3o alguns dos componentes n\u00e3o normalizados acrescentados na fase de concep\u00e7\u00e3o.<\/p>\n\n\n\n<h3 class=\"wp-block-heading\">A Gama<\/h3>\n\n\n\n<p>Uma gama abrangente est\u00e1 dispon\u00edvel a partir de DN700 &#8211; 3000mm. Os acoplamentos escalonados unem tubos de diferentes di\u00e2metros externos e adaptadores de flanges podem ser fornecidos com flanges perfuradas a qualquer norma nacional ou internacional, ou a uma especifica\u00e7\u00e3o detalhada do cliente com valores de press\u00e3o at\u00e9 64bar.<\/p>\n<\/div>\n<\/div>\n<\/div><\/div>\n\n\n\n<div style=\"height:50px\" aria-hidden=\"true\" class=\"wp-block-spacer\"><\/div>\n\n\n\n<div class=\"wp-block-group\"><div class=\"wp-block-group__inner-container is-layout-constrained wp-block-group-is-layout-constrained\">\n<div class=\"wp-block-columns is-layout-flex wp-container-core-columns-is-layout-9d6595d7 wp-block-columns-is-layout-flex\">\n<div class=\"wp-block-column is-layout-flow wp-block-column-is-layout-flow\" style=\"flex-basis:300px\">\n<figure class=\"wp-block-image size-large\"><img decoding=\"async\" width=\"860\" height=\"1024\" src=\"https:\/\/klinger.pt\/wp-content\/uploads\/2023\/02\/174-G-Flex-Install-scaled-png-860x1024.webp\" alt=\"JUNTAS DE LIGA\u00c7\u00c3O\" class=\"wp-image-37770\" srcset=\"https:\/\/klinger.pt\/wp-content\/uploads\/2023\/02\/174-G-Flex-Install-scaled-png-860x1024.webp 860w, https:\/\/klinger.pt\/wp-content\/uploads\/2023\/02\/174-G-Flex-Install-scaled-png-252x300.webp 252w, https:\/\/klinger.pt\/wp-content\/uploads\/2023\/02\/174-G-Flex-Install-scaled-png-768x914.webp 768w, https:\/\/klinger.pt\/wp-content\/uploads\/2023\/02\/174-G-Flex-Install-scaled-png-1290x1536.webp 1290w, https:\/\/klinger.pt\/wp-content\/uploads\/2023\/02\/174-G-Flex-Install-scaled-png-1400x1666.webp 1400w, https:\/\/klinger.pt\/wp-content\/uploads\/2023\/02\/174-G-Flex-Install-scaled-png.webp 1613w\" sizes=\"(max-width: 860px) 100vw, 860px\" \/><\/figure>\n<\/div>\n\n\n\n<div class=\"wp-block-column is-layout-flow wp-block-column-is-layout-flow\" style=\"flex-basis:700px\">\n<h2 class=\"wp-block-heading\" style=\"font-size:30px\">ACOPLAMENTO DE INSTALA\u00c7\u00c3O G-FLEX REVESTIDO A BORRACHA<\/h2>\n\n\n\n<p>Os engates de instala\u00e7\u00e3o G-Flex t\u00eam uma veda\u00e7\u00e3o de borracha que proporciona uma veda\u00e7\u00e3o mais apertada com press\u00e3o aumentada.<\/p>\n\n\n\n<h3 class=\"wp-block-heading\">Flexibilidade<\/h3>\n\n\n\n<p>Os engates de instala\u00e7\u00e3o G-Flex s\u00e3o engates de alto desempenho que permitem a deforma\u00e7\u00e3o angular, expans\u00e3o e contrac\u00e7\u00e3o da tubagem<\/p>\n\n\n\n<h3 class=\"wp-block-heading\">Design superior<\/h3>\n\n\n\n<p>Os engates G-Flex s\u00e3o fabricados em a\u00e7o inoxid\u00e1vel completo, oferecendo uma protec\u00e7\u00e3o superior contra a corros\u00e3o. Toda a superf\u00edcie interna do acoplamento \u00e9 revestida a borracha, permitindo que estes produtos sejam utilizados para um conte\u00fado agressivo de tubagem. Est\u00e3o dispon\u00edveis EPDM, NBR ou compostos de borracha especializados.<\/p>\n\n\n\n<p>Os Acoplamentos G-Flex utilizam uma junta de borracha &#8216;autoenergizante&#8217;. \u00c0 medida que a press\u00e3o aumenta, os vedantes labiais s\u00e3o pressionados com mais for\u00e7a contra a superf\u00edcie da tubagem. Isto torna o G-Flex o melhor meio poss\u00edvel de liga\u00e7\u00e3o de tubos GRP<\/p>\n\n\n\n<h3 class=\"wp-block-heading\">A gama<\/h3>\n\n\n\n<p>Os engates G-Flex est\u00e3o dispon\u00edveis em a\u00e7o inoxid\u00e1vel a partir de DN20mm &#8211; DN3000mm para praticamente qualquer material de tubo.<\/p>\n<\/div>\n<\/div>\n<\/div><\/div>\n\n\n\n<div style=\"height:50px\" aria-hidden=\"true\" class=\"wp-block-spacer\"><\/div>\n\n\n\n<div class=\"wp-block-group\"><div class=\"wp-block-group__inner-container is-layout-constrained wp-block-group-is-layout-constrained\">\n<div class=\"wp-block-columns is-layout-flex wp-container-core-columns-is-layout-9d6595d7 wp-block-columns-is-layout-flex\">\n<div class=\"wp-block-column is-layout-flow wp-block-column-is-layout-flow\" style=\"flex-basis:300px\">\n<figure class=\"wp-block-image size-full\"><img loading=\"lazy\" decoding=\"async\" width=\"325\" height=\"283\" src=\"https:\/\/klinger.pt\/wp-content\/uploads\/2023\/02\/175-Low-Pressure-Coupling.webp\" alt=\"JUNTAS DE LIGA\u00c7\u00c3O\" class=\"wp-image-37772\" srcset=\"https:\/\/klinger.pt\/wp-content\/uploads\/2023\/02\/175-Low-Pressure-Coupling.webp 325w, https:\/\/klinger.pt\/wp-content\/uploads\/2023\/02\/175-Low-Pressure-Coupling-300x261.webp 300w\" sizes=\"(max-width: 325px) 100vw, 325px\" \/><\/figure>\n<\/div>\n\n\n\n<div class=\"wp-block-column is-layout-flow wp-block-column-is-layout-flow\" style=\"flex-basis:700px\">\n<h2 class=\"wp-block-heading\" style=\"font-size:30px\">ACOPLAMENTO DE VEDA\u00c7\u00c3O DE BORRACHA DE BAIXA PRESS\u00c3O EM A\u00c7O INOXID\u00c1VEL<\/h2>\n\n\n\n<p>Os engates de baixa press\u00e3o s\u00e3o engates dedicados concebidos como m\u00e9todos simples e econ\u00f3micos de uni\u00e3o de tubos de parede estruturada de grande di\u00e2metro (SWP), tais como Weholite Pipe e Starway Pipe.<\/p>\n\n\n\n<h3 class=\"wp-block-heading\">Flexibilidade<\/h3>\n\n\n\n<p>O Acoplamento Weholite pode ser utilizado para unir tubos Weholite e outros materiais de condutas alimentadas por gravidade que n\u00e3o excedam a press\u00e3o nominal recomendada, tais como bet\u00e3o, PRFV e tubos de a\u00e7o.<\/p>\n\n\n\n<p>O Acoplamento Starway s\u00f3 pode ser utilizado em tubagem Starway.<\/p>\n\n\n\n<h3 class=\"wp-block-heading\">Design superior<\/h3>\n\n\n\n<p>Os engates LP s\u00e3o fornecidos completos e prontos a instalar. N\u00e3o requerem nenhuma habilidade especial ou ferramentas complicadas para instalar. S\u00e3o solu\u00e7\u00f5es leves e rent\u00e1veis para a uni\u00e3o de SWP de grande di\u00e2metro. As tubagens podem ser cortadas no local e ligadas em minutos.<\/p>\n\n\n\n<p>A constru\u00e7\u00e3o completa em a\u00e7o inoxid\u00e1vel e a veda\u00e7\u00e3o de borracha EPDM de alta qualidade oferecem uma excelente resist\u00eancia \u00e0 corros\u00e3o e uma esperan\u00e7a de vida prolongada.<\/p>\n\n\n\n<h3 class=\"wp-block-heading\">A gama<\/h3>\n\n\n\n<ul class=\"wp-block-list\">\n<li>Acoplamentos Weholite &#8211; DN280mm &#8211; DN3000mm<\/li>\n\n\n\n<li>Acoplamentos Starway &#8211; DN200mm &#8211; DN2200mm<\/li>\n\n\n\n<li>Dispon\u00edvel em HDPE e materiais de bet\u00e3o<\/li>\n<\/ul>\n<\/div>\n<\/div>\n<\/div><\/div>\n\n\n\n<div style=\"height:50px\" aria-hidden=\"true\" class=\"wp-block-spacer\"><\/div>\n\n\n\n<div class=\"wp-block-group\"><div class=\"wp-block-group__inner-container is-layout-constrained wp-block-group-is-layout-constrained\">\n<div class=\"wp-block-columns is-layout-flex wp-container-core-columns-is-layout-9d6595d7 wp-block-columns-is-layout-flex\">\n<div class=\"wp-block-column is-layout-flow wp-block-column-is-layout-flow\" style=\"flex-basis:300px\">\n<figure class=\"wp-block-image size-full\"><img loading=\"lazy\" decoding=\"async\" width=\"577\" height=\"683\" src=\"https:\/\/klinger.pt\/wp-content\/uploads\/2023\/02\/176-Couplings-Unifit-2.webp\" alt=\"JUNTAS DE LIGA\u00c7\u00c3O\" class=\"wp-image-37775\" srcset=\"https:\/\/klinger.pt\/wp-content\/uploads\/2023\/02\/176-Couplings-Unifit-2.webp 577w, https:\/\/klinger.pt\/wp-content\/uploads\/2023\/02\/176-Couplings-Unifit-2-253x300.webp 253w\" sizes=\"(max-width: 577px) 100vw, 577px\" \/><\/figure>\n<\/div>\n\n\n\n<div class=\"wp-block-column is-layout-flow wp-block-column-is-layout-flow\" style=\"flex-basis:700px\">\n<h2 class=\"wp-block-heading\" style=\"font-size:30px\">UNI\u00d5ES PERSONALIZ\u00c1VEIS DE A\u00c7O INOXID\u00c1VEL &#8211; UNIFICADAS<\/h2>\n\n\n\n<p>As uni\u00f5es universais de tubos KLINGER Unifit s\u00e3o concebidas para acomodar tubos de ponta lisa com diferentes di\u00e2metros exteriores.<\/p>\n\n\n\n<h3 class=\"wp-block-heading\">Acoplamentos e adaptadores universais de grande alcance<\/h3>\n\n\n\n<p>Um acess\u00f3rio \u00e9 capaz de ligar uma grande variedade de materiais de tubos, incluindo a\u00e7o, ferro d\u00factil, PVC, ferro fundido, GRP e tubos de cimento de amianto, entre outros. A gama \u00e9 concebida e fabricada sob um rigoroso sistema de gest\u00e3o de qualidade e os produtos cumprem os requisitos da SANS 1808-2 do Gabinete de Normas da \u00c1frica do Sul. Todos os produtos da gama t\u00eam uma press\u00e3o de ensaio de 24bar na \u00e1gua (9bar no g\u00e1s) e s\u00e3o adequados para 16bar de press\u00e3o de trabalho na \u00e1gua (6bar no g\u00e1s). Est\u00e3o dispon\u00edveis press\u00f5es mais elevadas at\u00e9 64bar, mediante pedido.<\/p>\n\n\n\n<h3 class=\"wp-block-heading\">Especiais<\/h3>\n\n\n\n<p>Barris mais longos, press\u00f5es mais elevadas, diferentes revestimentos, a\u00e7os inoxid\u00e1veis especiais e compostos de borracha especializados s\u00e3o alguns dos componentes n\u00e3o-padronizados dispon\u00edveis. Somos capazes de conceber e fabricar acoplamentos especiais de acordo com os requisitos do cliente.<\/p>\n\n\n\n<h3 class=\"wp-block-heading\">Vasta gama<\/h3>\n\n\n\n<p>Existe uma extensa gama de DN15 mm &#8211; DN700mm para:<\/p>\n\n\n\n<ul class=\"wp-block-list\">\n<li>Acoplamentos e Acoplamentos Long Barrel<\/li>\n\n\n\n<li>Adaptadores universais de fura\u00e7\u00e3o e flanges de a\u00e7o<\/li>\n\n\n\n<li>Acoplamentos de degraus<\/li>\n\n\n\n<li>Tamp\u00f5es e Tamp\u00f5es de extremidade<\/li>\n<\/ul>\n<\/div>\n<\/div>\n<\/div><\/div>\n\n\n\n<div style=\"height:50px\" aria-hidden=\"true\" class=\"wp-block-spacer\"><\/div>\n\n\n\n<div class=\"wp-block-group\"><div class=\"wp-block-group__inner-container is-layout-constrained wp-block-group-is-layout-constrained\">\n<div class=\"wp-block-columns is-layout-flex wp-container-core-columns-is-layout-9d6595d7 wp-block-columns-is-layout-flex\">\n<div class=\"wp-block-column is-layout-flow wp-block-column-is-layout-flow\" style=\"flex-basis:300px\">\n<figure class=\"wp-block-image size-large\"><img loading=\"lazy\" decoding=\"async\" width=\"1024\" height=\"999\" src=\"https:\/\/klinger.pt\/wp-content\/uploads\/2023\/02\/177-Short-collar-couplings-1024x999.webp\" alt=\"JUNTAS DE LIGA\u00c7\u00c3O\" class=\"wp-image-37777\" srcset=\"https:\/\/klinger.pt\/wp-content\/uploads\/2023\/02\/177-Short-collar-couplings-1024x999.webp 1024w, https:\/\/klinger.pt\/wp-content\/uploads\/2023\/02\/177-Short-collar-couplings-300x293.webp 300w, https:\/\/klinger.pt\/wp-content\/uploads\/2023\/02\/177-Short-collar-couplings-768x750.webp 768w, https:\/\/klinger.pt\/wp-content\/uploads\/2023\/02\/177-Short-collar-couplings.webp 1374w\" sizes=\"(max-width: 1024px) 100vw, 1024px\" \/><\/figure>\n<\/div>\n\n\n\n<div class=\"wp-block-column is-layout-flow wp-block-column-is-layout-flow\" style=\"flex-basis:700px\">\n<h2 class=\"wp-block-heading\" style=\"font-size:30px\">LIGA\u00c7\u00c3O R\u00c1PIDA ENGATES DE COLARINHO CURTO<\/h2>\n\n\n\n<p>Os engates de colarinho curto s\u00e3o espec\u00edficos para tubos de Cimento de Amianto (AC) de Di\u00e2metro Exterior Constante (COD).<\/p>\n\n\n\n<h3 class=\"wp-block-heading\">Protec\u00e7\u00e3o contra a Corros\u00e3o<\/h3>\n\n\n\n<p>Acoplamentos dedicados utilizados para liga\u00e7\u00f5es r\u00e1pidas de tubos AC COD.<\/p>\n\n\n\n<p>O padr\u00e3o industrial para este estilo de acoplamento \u00e9 um revestimento Black Metal Etching Primer. Os fixadores s\u00e3o electro-galvanizados. Revestimentos de acoplamento especializados tais como FBE e Hot Dip Galvanizing est\u00e3o dispon\u00edveis mediante pedido.<\/p>\n\n\n\n<h3 class=\"wp-block-heading\">F\u00e1cil de instalar<\/h3>\n\n\n\n<p>Os engates de colarinho curto requerem um curto per\u00edodo de tempo para apertar os parafusos ao instalar os engates. Os engates Unifit de grande alcance podem demorar mais tempo a instalar, pois o acoplamento pode estar a funcionar na extremidade inferior da toler\u00e2ncia de trabalho.<\/p>\n\n\n\n<h3 class=\"wp-block-heading\">A gama<\/h3>\n\n\n\n<p>DN50 (DA 69mm) &#8211; DN300mm (DA 345mm) Acoplamentos de Colarinho Curto s\u00e3o standard, no entanto, est\u00e3o dispon\u00edveis acoplamentos de Colarinho Comprido a pedido.<\/p>\n<\/div>\n<\/div>\n<\/div><\/div>\n","protected":false},"excerpt":{"rendered":"<p>JUNTAS DE LIGA\u00c7\u00c3O As Juntas de Liga\u00e7\u00e3o KLINGER s\u00e3o dispositivos utilizados para manter os tubos e acess\u00f3rios de separa\u00e7\u00e3o sob for\u00e7a de impulso. ACOPLAMENTO DEDIFIT PROTEGIDO CONTRA A CORROS\u00c3O Os engates DediFit s\u00e3o concebidos especificamente para instala\u00e7\u00e3o r\u00e1pida e simples em tubos de PVC e\/ou a\u00e7o. Acoplamentos dedicados para tubos de PVC\/a\u00e7o A gama de [&hellip;]<\/p>\n","protected":false},"author":4,"featured_media":0,"parent":37728,"menu_order":0,"comment_status":"closed","ping_status":"closed","template":"page-templates\/servicios.php","meta":{"_eb_attr":"","footnotes":""},"class_list":["post-37764","page","type-page","status-publish","hentry"],"aioseo_notices":[],"_links":{"self":[{"href":"https:\/\/klinger.pt\/es\/wp-json\/wp\/v2\/pages\/37764","targetHints":{"allow":["GET"]}}],"collection":[{"href":"https:\/\/klinger.pt\/es\/wp-json\/wp\/v2\/pages"}],"about":[{"href":"https:\/\/klinger.pt\/es\/wp-json\/wp\/v2\/types\/page"}],"author":[{"embeddable":true,"href":"https:\/\/klinger.pt\/es\/wp-json\/wp\/v2\/users\/4"}],"replies":[{"embeddable":true,"href":"https:\/\/klinger.pt\/es\/wp-json\/wp\/v2\/comments?post=37764"}],"version-history":[{"count":9,"href":"https:\/\/klinger.pt\/es\/wp-json\/wp\/v2\/pages\/37764\/revisions"}],"predecessor-version":[{"id":38292,"href":"https:\/\/klinger.pt\/es\/wp-json\/wp\/v2\/pages\/37764\/revisions\/38292"}],"up":[{"embeddable":true,"href":"https:\/\/klinger.pt\/es\/wp-json\/wp\/v2\/pages\/37728"}],"wp:attachment":[{"href":"https:\/\/klinger.pt\/es\/wp-json\/wp\/v2\/media?parent=37764"}],"curies":[{"name":"wp","href":"https:\/\/api.w.org\/{rel}","templated":true}]}}