{"id":37748,"date":"2023-02-15T12:24:26","date_gmt":"2023-02-15T12:24:26","guid":{"rendered":"https:\/\/m5j0n6nk9p.onrocket.site\/?page_id=37748"},"modified":"2023-02-27T09:34:12","modified_gmt":"2023-02-27T09:34:12","slug":"juntas-de-ligacao-travadas","status":"publish","type":"page","link":"https:\/\/klinger.pt\/es\/produtos\/outros-equipamentos-tecnicos\/acessorios-para-tubagem\/juntas-de-ligacao-travadas\/","title":{"rendered":"JUNTAS DE LIGA\u00c7\u00c3O TRAVADAS"},"content":{"rendered":"\n<h1 class=\"wp-block-heading\" style=\"font-size:30px\">JUNTAS DE LIGA\u00c7\u00c3O TRAVADAS<\/h1>\n\n\n\n<p>A gama de Juntas de Liga\u00e7\u00e3o Travadas KLINGER \u00e9 utilizada para evitar que as juntas e acess\u00f3rios de uma conduta se separem quando sob press\u00e3o devido \u00e0 for\u00e7a de empuxo.<\/p>\n\n\n\n<div style=\"height:25px\" aria-hidden=\"true\" class=\"wp-block-spacer\"><\/div>\n\n\n\n<div class=\"wp-block-group\"><div class=\"wp-block-group__inner-container is-layout-constrained wp-block-group-is-layout-constrained\">\n<div class=\"wp-block-columns is-layout-flex wp-container-core-columns-is-layout-9d6595d7 wp-block-columns-is-layout-flex\">\n<div class=\"wp-block-column is-layout-flow wp-block-column-is-layout-flow\" style=\"flex-basis:300px\">\n<figure class=\"wp-block-image size-full\"><img fetchpriority=\"high\" decoding=\"async\" width=\"514\" height=\"660\" src=\"https:\/\/klinger.pt\/wp-content\/uploads\/2023\/02\/167-Dismantling-Joint-and-Restrained-Flange-Adaptor-png.webp\" alt=\"JUNTAS DE LIGA\u00c7\u00c3O TRAVADAS\" class=\"wp-image-37750\" srcset=\"https:\/\/klinger.pt\/wp-content\/uploads\/2023\/02\/167-Dismantling-Joint-and-Restrained-Flange-Adaptor-png.webp 514w, https:\/\/klinger.pt\/wp-content\/uploads\/2023\/02\/167-Dismantling-Joint-and-Restrained-Flange-Adaptor-png-234x300.webp 234w\" sizes=\"(max-width: 514px) 100vw, 514px\" \/><\/figure>\n<\/div>\n\n\n\n<div class=\"wp-block-column is-layout-flow wp-block-column-is-layout-flow\" style=\"flex-basis:700px\">\n<h2 class=\"wp-block-heading\" style=\"font-size:30px\">JUNTA DE DESMONTAGEM PROTEGIDA CONTRA CORROS\u00c3O E ADAPTADOR DE FLANGE DE RETEN\u00c7\u00c3O EM A\u00c7O INOXID\u00c1VEL<\/h2>\n\n\n\n<p>As Juntas de Desmontagem e os Adaptadores de Flanges Restritos s\u00e3o concebidos para proporcionar uma maior versatilidade ao projectista na fase de planeamento e ao empreiteiro na fase de instala\u00e7\u00e3o de sistemas de tubagens flangeadas.<\/p>\n\n\n\n<h3 class=\"wp-block-heading\">Flexibilidade flangeada<\/h3>\n\n\n\n<p>As juntas de desmontagem permitem uma manuten\u00e7\u00e3o mais simples das v\u00e1lvulas e bombas nas c\u00e2maras.<\/p>\n\n\n\n<h3 class=\"wp-block-heading\">Permite Ajustamento<\/h3>\n\n\n\n<p>As Juntas de Desmontagem s\u00e3o encaixes de dupla flange que acomodam 50mm (2&#8243;) de ajuste axial. Para aplica\u00e7\u00f5es onde \u00e9 necess\u00e1ria uma flange de face completa, tais como v\u00e1lvulas de wafer e borboleta, a face completa da flange de espig\u00e3o proporciona uma \u00e1rea de veda\u00e7\u00e3o da flange completa. Uma vez posicionado no comprimento requerido, o produto \u00e9 bloqueado na posi\u00e7\u00e3o com as barras de press\u00e3o fornecidas. Desta forma, cria-se uma liga\u00e7\u00e3o com reten\u00e7\u00e3o.<\/p>\n\n\n\n<h3 class=\"wp-block-heading\">A gama<\/h3>\n\n\n\n<p>DN40 &#8211; 3000mm qualquer perfura\u00e7\u00e3o com flange at\u00e9 PN64<\/p>\n<\/div>\n<\/div>\n<\/div><\/div>\n\n\n\n<div style=\"height:50px\" aria-hidden=\"true\" class=\"wp-block-spacer\"><\/div>\n\n\n\n<div class=\"wp-block-group\"><div class=\"wp-block-group__inner-container is-layout-constrained wp-block-group-is-layout-constrained\">\n<div class=\"wp-block-columns is-layout-flex wp-container-core-columns-is-layout-9d6595d7 wp-block-columns-is-layout-flex\">\n<div class=\"wp-block-column is-layout-flow wp-block-column-is-layout-flow\" style=\"flex-basis:300px\">\n<figure class=\"wp-block-image size-large\"><img decoding=\"async\" width=\"1024\" height=\"837\" src=\"https:\/\/klinger.pt\/wp-content\/uploads\/2023\/02\/168-EvoGrip-png-1024x837.webp\" alt=\"JUNTAS DE LIGA\u00c7\u00c3O TRAVADAS\" class=\"wp-image-37754\" srcset=\"https:\/\/klinger.pt\/wp-content\/uploads\/2023\/02\/168-EvoGrip-png-1024x837.webp 1024w, https:\/\/klinger.pt\/wp-content\/uploads\/2023\/02\/168-EvoGrip-png-300x245.webp 300w, https:\/\/klinger.pt\/wp-content\/uploads\/2023\/02\/168-EvoGrip-png-768x627.webp 768w, https:\/\/klinger.pt\/wp-content\/uploads\/2023\/02\/168-EvoGrip-png-1536x1255.webp 1536w, https:\/\/klinger.pt\/wp-content\/uploads\/2023\/02\/168-EvoGrip-png-1400x1144.webp 1400w, https:\/\/klinger.pt\/wp-content\/uploads\/2023\/02\/168-EvoGrip-png.webp 1568w\" sizes=\"(max-width: 1024px) 100vw, 1024px\" \/><\/figure>\n<\/div>\n\n\n\n<div class=\"wp-block-column is-layout-flow wp-block-column-is-layout-flow\" style=\"flex-basis:700px\">\n<h2 class=\"wp-block-heading\" style=\"font-size:30px\">ACOPLAMENTOS EVOGRIP RESISTENTES \u00c0 CORROS\u00c3O<\/h2>\n\n\n\n<p>Os engates EvoGrip s\u00e3o concebidos para fornecer juntas totalmente seguras para tubagens HDPE, que podem ser utilizadas imediatamente no local<\/p>\n\n\n\n<h3 class=\"wp-block-heading\">Juntas totalmente travadas<\/h3>\n\n\n\n<p>O acoplamento \u00e9 adequado at\u00e9 uma press\u00e3o de trabalho de 16 bar (1600 kPa), inclusive.<\/p>\n\n\n\n<h3 class=\"wp-block-heading\">Juntas totalmente travadas para tubagens HDPE<\/h3>\n\n\n\n<ul class=\"wp-block-list\">\n<li>Peso leve &amp; custo-benef\u00edcio<\/li>\n\n\n\n<li>Resistente \u00e0 corros\u00e3o<\/li>\n\n\n\n<li>Extremamente simples de instalar.<\/li>\n<\/ul>\n\n\n\n<p>O EvoGrip pode ser utilizado imediatamente no local, eliminando a necessidade e os custos das m\u00e1quinas de soldadura Butt Welding para a liga\u00e7\u00e3o de tubos HDPE. Substitui\u00e7\u00e3o dos grampos TAK e liga\u00e7\u00f5es Stub &amp; Flange para tubo HDPE.<\/p>\n\n\n\n<h3 class=\"wp-block-heading\">A gama<\/h3>\n\n\n\n<p>Os engates EvoGrip est\u00e3o dispon\u00edveis para HDPE de 110mm &amp; 160mm.<\/p>\n<\/div>\n<\/div>\n<\/div><\/div>\n\n\n\n<div style=\"height:50px\" aria-hidden=\"true\" class=\"wp-block-spacer\"><\/div>\n\n\n\n<div class=\"wp-block-group\"><div class=\"wp-block-group__inner-container is-layout-constrained wp-block-group-is-layout-constrained\">\n<div class=\"wp-block-columns is-layout-flex wp-container-core-columns-is-layout-9d6595d7 wp-block-columns-is-layout-flex\">\n<div class=\"wp-block-column is-layout-flow wp-block-column-is-layout-flow\" style=\"flex-basis:300px\">\n<figure class=\"wp-block-image size-large\"><img decoding=\"async\" width=\"1024\" height=\"958\" src=\"https:\/\/klinger.pt\/wp-content\/uploads\/2023\/02\/169-G-Flex-Gripper-png-1024x958.webp\" alt=\"JUNTAS DE LIGA\u00c7\u00c3O TRAVADAS\" class=\"wp-image-37758\" srcset=\"https:\/\/klinger.pt\/wp-content\/uploads\/2023\/02\/169-G-Flex-Gripper-png-1024x958.webp 1024w, https:\/\/klinger.pt\/wp-content\/uploads\/2023\/02\/169-G-Flex-Gripper-png-300x281.webp 300w, https:\/\/klinger.pt\/wp-content\/uploads\/2023\/02\/169-G-Flex-Gripper-png-768x719.webp 768w, https:\/\/klinger.pt\/wp-content\/uploads\/2023\/02\/169-G-Flex-Gripper-png-1536x1438.webp 1536w, https:\/\/klinger.pt\/wp-content\/uploads\/2023\/02\/169-G-Flex-Gripper-png-1400x1310.webp 1400w, https:\/\/klinger.pt\/wp-content\/uploads\/2023\/02\/169-G-Flex-Gripper-png.webp 1920w\" sizes=\"(max-width: 1024px) 100vw, 1024px\" \/><\/figure>\n<\/div>\n\n\n\n<div class=\"wp-block-column is-layout-flow wp-block-column-is-layout-flow\" style=\"flex-basis:700px\">\n<h2 class=\"wp-block-heading\" style=\"font-size:30px\">ENGATES DE PIN\u00c7AS G-FLEX RESISTENTES \u00c0 CORROS\u00c3O EM A\u00c7O INOXID\u00c1VEL<\/h2>\n\n\n\n<p>Os engates Gripper G-Flex s\u00e3o concebidos para fornecer juntas totalmente seguras para tubagens met\u00e1licas, ideais para a ind\u00fastria naval.<\/p>\n\n\n\n<h3 class=\"wp-block-heading\">Juntas totalmente seguras para tubagens met\u00e1licas<\/h3>\n\n\n\n<p>O acoplamento \u00e9 adequado para press\u00f5es de trabalho de 12 a 30 bar, dependendo do tamanho nominal. Com a sua constru\u00e7\u00e3o em a\u00e7o inoxid\u00e1vel resistente \u00e0 corros\u00e3o e o seu desempenho de conten\u00e7\u00e3o de carga final total.<\/p>\n\n\n\n<h3 class=\"wp-block-heading\">A\u00e7o inoxid\u00e1vel resistente \u00e0 corros\u00e3o<\/h3>\n\n\n\n<p>O G-Flex Gripper substitui o G-Flex Gripper:<\/p>\n\n\n\n<ul class=\"wp-block-list\">\n<li>Soldadura<\/li>\n\n\n\n<li>Flanging<\/li>\n\n\n\n<li>Raspagem<\/li>\n\n\n\n<li>Grooving<\/li>\n<\/ul>\n\n\n\n<p>O acoplamento est\u00e1 pronto a ser utilizado e montado numa quest\u00e3o de minutos sem equipamento pesado e longos tempos de prepara\u00e7\u00e3o. Fabricado em a\u00e7o inoxid\u00e1vel com vedantes de borracha adequados para \u00e1gua pot\u00e1vel ou produtos qu\u00edmicos como o petr\u00f3leo.<\/p>\n\n\n\n<h3 class=\"wp-block-heading\">A gama<\/h3>\n\n\n\n<p>Os engates G-Flex Gripper est\u00e3o dispon\u00edveis para tubos de a\u00e7o de DN20mm &#8211; DN350mm.<\/p>\n<\/div>\n<\/div>\n<\/div><\/div>\n\n\n\n<div style=\"height:50px\" aria-hidden=\"true\" class=\"wp-block-spacer\"><\/div>\n\n\n\n<div class=\"wp-block-group\"><div class=\"wp-block-group__inner-container is-layout-constrained wp-block-group-is-layout-constrained\">\n<div class=\"wp-block-columns is-layout-flex wp-container-core-columns-is-layout-9d6595d7 wp-block-columns-is-layout-flex\">\n<div class=\"wp-block-column is-layout-flow wp-block-column-is-layout-flow\" style=\"flex-basis:300px\">\n<figure class=\"wp-block-image size-full\"><img loading=\"lazy\" decoding=\"async\" width=\"743\" height=\"791\" src=\"https:\/\/klinger.pt\/wp-content\/uploads\/2023\/02\/170-PolyGrip-png.webp\" alt=\"JUNTAS DE LIGA\u00c7\u00c3O TRAVADAS\" class=\"wp-image-37760\" srcset=\"https:\/\/klinger.pt\/wp-content\/uploads\/2023\/02\/170-PolyGrip-png.webp 743w, https:\/\/klinger.pt\/wp-content\/uploads\/2023\/02\/170-PolyGrip-png-282x300.webp 282w\" sizes=\"(max-width: 743px) 100vw, 743px\" \/><\/figure>\n<\/div>\n\n\n\n<div class=\"wp-block-column is-layout-flow wp-block-column-is-layout-flow\" style=\"flex-basis:700px\">\n<h2 class=\"wp-block-heading\" style=\"font-size:30px\">ENGATES E ADAPTADORES DE POLIGRIPAGEM DE REPARA\u00c7\u00c3O PONTUAL<\/h2>\n\n\n\n<p>Os engates PolyGrip s\u00e3o concebidos como um m\u00e9todo mec\u00e2nico simples e de alto desempenho de reten\u00e7\u00e3o de carga final para unir tubos de PVC e HDPE.<\/p>\n\n\n\n<h3 class=\"wp-block-heading\">M\u00e9todo mec\u00e2nico de conten\u00e7\u00e3o da uni\u00e3o de tubos de PVC e HDPE<\/h3>\n\n\n\n<p>Concebido para apoiar e agarrar a tubagem, evitando o colapso da tubagem e o arrancamento da extremidade da tubagem. O acoplamento \u00e9 adequado para press\u00f5es de trabalho at\u00e9 16 bar (1600 kPa).<\/p>\n\n\n\n<h3 class=\"wp-block-heading\">Ideal para repara\u00e7\u00f5es no local<\/h3>\n\n\n\n<p>A Gama PolyGrip inclui o seguinte:<\/p>\n\n\n\n<ul class=\"wp-block-list\">\n<li>Acoplamentos<\/li>\n\n\n\n<li>Acess\u00f3rios<\/li>\n\n\n\n<li>Adaptadores de flange<\/li>\n\n\n\n<li>Arn\u00eas<\/li>\n<\/ul>\n\n\n\n<p>Pronto e simples de usar. Os produtos PolyGrip podem ser instalados em condi\u00e7\u00f5es h\u00famidas sem abrigos, e mesmo debaixo de \u00e1gua. \u00c9 ideal para repara\u00e7\u00f5es no local, sem necessidade de equipamento de fus\u00e3o de juntas quando surgem problemas inesperados.<\/p>\n\n\n\n<h3 class=\"wp-block-heading\">A gama<\/h3>\n\n\n\n<p>Os produtos PolyGrip est\u00e3o dispon\u00edveis a partir de 90 &#8211; 315mm de PVC e tubos HDPE de di\u00e2metro exterior.<\/p>\n<\/div>\n<\/div>\n<\/div><\/div>\n","protected":false},"excerpt":{"rendered":"<p>JUNTAS DE LIGA\u00c7\u00c3O TRAVADAS A gama de Juntas de Liga\u00e7\u00e3o Travadas KLINGER \u00e9 utilizada para evitar que as juntas e acess\u00f3rios de uma conduta se separem quando sob press\u00e3o devido \u00e0 for\u00e7a de empuxo. JUNTA DE DESMONTAGEM PROTEGIDA CONTRA CORROS\u00c3O E ADAPTADOR DE FLANGE DE RETEN\u00c7\u00c3O EM A\u00c7O INOXID\u00c1VEL As Juntas de Desmontagem e os [&hellip;]<\/p>\n","protected":false},"author":4,"featured_media":0,"parent":37728,"menu_order":0,"comment_status":"closed","ping_status":"closed","template":"page-templates\/servicios.php","meta":{"_eb_attr":"","footnotes":""},"class_list":["post-37748","page","type-page","status-publish","hentry"],"aioseo_notices":[],"_links":{"self":[{"href":"https:\/\/klinger.pt\/es\/wp-json\/wp\/v2\/pages\/37748","targetHints":{"allow":["GET"]}}],"collection":[{"href":"https:\/\/klinger.pt\/es\/wp-json\/wp\/v2\/pages"}],"about":[{"href":"https:\/\/klinger.pt\/es\/wp-json\/wp\/v2\/types\/page"}],"author":[{"embeddable":true,"href":"https:\/\/klinger.pt\/es\/wp-json\/wp\/v2\/users\/4"}],"replies":[{"embeddable":true,"href":"https:\/\/klinger.pt\/es\/wp-json\/wp\/v2\/comments?post=37748"}],"version-history":[{"count":11,"href":"https:\/\/klinger.pt\/es\/wp-json\/wp\/v2\/pages\/37748\/revisions"}],"predecessor-version":[{"id":38294,"href":"https:\/\/klinger.pt\/es\/wp-json\/wp\/v2\/pages\/37748\/revisions\/38294"}],"up":[{"embeddable":true,"href":"https:\/\/klinger.pt\/es\/wp-json\/wp\/v2\/pages\/37728"}],"wp:attachment":[{"href":"https:\/\/klinger.pt\/es\/wp-json\/wp\/v2\/media?parent=37748"}],"curies":[{"name":"wp","href":"https:\/\/api.w.org\/{rel}","templated":true}]}}