{"id":37728,"date":"2023-02-15T12:09:04","date_gmt":"2023-02-15T12:09:04","guid":{"rendered":"https:\/\/m5j0n6nk9p.onrocket.site\/?page_id=37728"},"modified":"2023-02-27T08:15:13","modified_gmt":"2023-02-27T08:15:13","slug":"acessorios-para-tubagem","status":"publish","type":"page","link":"https:\/\/klinger.pt\/es\/produtos\/outros-equipamentos-tecnicos\/acessorios-para-tubagem\/","title":{"rendered":"ACESS\u00d3RIOS PARA TUBAGEM"},"content":{"rendered":"\n<h1 class=\"wp-block-heading\">ACESS\u00d3RIOS PARA TUBAGEM<\/h1>\n\n\n\n<p>A linha de acess\u00f3rios para tubagem da KLINGER Portugal abrange a concep\u00e7\u00e3o, fabrico e distribui\u00e7\u00e3o de solu\u00e7\u00f5es de liga\u00e7\u00e3o, repara\u00e7\u00e3o e controlo de fluxo de tubos.<\/p>\n\n\n\n<div style=\"height:25px\" aria-hidden=\"true\" class=\"wp-block-spacer\"><\/div>\n\n\n\n<div class=\"wp-block-columns has-2-columns is-layout-flex wp-container-core-columns-is-layout-9d6595d7 wp-block-columns-is-layout-flex\">\n<div class=\"wp-block-column is-layout-flow wp-block-column-is-layout-flow\">\n<figure class=\"wp-block-table alignleft flecha\"><table><tbody><tr><td class=\"has-text-align-center\" data-align=\"center\"><img fetchpriority=\"high\" decoding=\"async\" width=\"270\" height=\"270\" class=\"wp-image-37733\" style=\"width: 270px;\" src=\"https:\/\/klinger.pt\/wp-content\/uploads\/2023\/02\/Restrained-products-mini.webp\" alt=\"\" srcset=\"https:\/\/klinger.pt\/wp-content\/uploads\/2023\/02\/Restrained-products-mini.webp 270w, https:\/\/klinger.pt\/wp-content\/uploads\/2023\/02\/Restrained-products-mini-150x150.webp 150w\" sizes=\"(max-width: 270px) 100vw, 270px\" \/><\/td><td><strong><a href=\"https:\/\/klinger.pt\/produtos\/outros-equipamentos-tecnicos\/acessorios-para-tubagem\/juntas-de-ligacao-travadas\/\" title=\"\">JUNTAS DE LIGA\u00c7\u00c3O TRAVADAS<\/a><\/strong><br><br><a href=\"https:\/\/klinger.pt\/produtos\/outros-equipamentos-tecnicos\/acessorios-para-tubagem\/juntas-de-ligacao-travadas\/\" title=\"\ufffc\"><img decoding=\"async\" class=\"wp-image-2704\" style=\"width: 18px;\" src=\"https:\/\/www.klinger.es\/wp-content\/uploads\/2019\/11\/icon-arrow-blue-double.png\" alt=\"\"><\/a><\/td><\/tr><\/tbody><\/table><\/figure>\n<\/div>\n\n\n\n<div class=\"wp-block-column is-layout-flow wp-block-column-is-layout-flow\">\n<figure class=\"wp-block-table alignleft flecha\"><table><tbody><tr><td><img decoding=\"async\" width=\"270\" height=\"270\" class=\"wp-image-37729\" style=\"width: 270px;\" src=\"https:\/\/klinger.pt\/wp-content\/uploads\/2023\/02\/NON-RESTRAINED-PRODUCTS-mini.webp\" alt=\"NON RESTRAINED PRODUCTS\" srcset=\"https:\/\/klinger.pt\/wp-content\/uploads\/2023\/02\/NON-RESTRAINED-PRODUCTS-mini.webp 270w, https:\/\/klinger.pt\/wp-content\/uploads\/2023\/02\/NON-RESTRAINED-PRODUCTS-mini-150x150.webp 150w\" sizes=\"(max-width: 270px) 100vw, 270px\" \/><\/td><td><strong><a href=\"https:\/\/klinger.pt\/produtos\/outros-equipamentos-tecnicos\/acessorios-para-tubagem\/juntas-de-ligacao\/\" title=\"\">JUNTAS DE LIGA\u00c7\u00c3O<\/a><\/strong><br><br><a href=\"https:\/\/klinger.pt\/produtos\/outros-equipamentos-tecnicos\/acessorios-para-tubagem\/juntas-de-ligacao\/\" title=\"\ufffc\"><img decoding=\"async\" class=\"wp-image-2704\" style=\"width: 18px;\" src=\"https:\/\/www.klinger.es\/wp-content\/uploads\/2019\/11\/icon-arrow-blue-double.png\" alt=\"\"><\/a><\/td><\/tr><\/tbody><\/table><\/figure>\n<\/div>\n<\/div>\n\n\n\n<div class=\"wp-block-columns has-2-columns is-layout-flex wp-container-core-columns-is-layout-9d6595d7 wp-block-columns-is-layout-flex\">\n<div class=\"wp-block-column is-layout-flow wp-block-column-is-layout-flow\">\n<figure class=\"wp-block-table alignleft flecha\"><table><tbody><tr><td class=\"has-text-align-center\" data-align=\"center\"><img decoding=\"async\" width=\"270\" height=\"270\" class=\"wp-image-37736\" style=\"width: 270px;\" src=\"https:\/\/klinger.pt\/wp-content\/uploads\/2023\/02\/Pipe-repais-mini.webp\" alt=\"Pipe repais \" srcset=\"https:\/\/klinger.pt\/wp-content\/uploads\/2023\/02\/Pipe-repais-mini.webp 270w, https:\/\/klinger.pt\/wp-content\/uploads\/2023\/02\/Pipe-repais-mini-150x150.webp 150w\" sizes=\"(max-width: 270px) 100vw, 270px\" \/><\/td><td><strong><a href=\"https:\/\/klinger.pt\/produtos\/outros-equipamentos-tecnicos\/acessorios-para-tubagem\/juntas-de-reparacao\/\" title=\"\">JUNTAS DE REPARA\u00c7\u00c3O<\/a><\/strong><br><br><a href=\"https:\/\/klinger.pt\/produtos\/outros-equipamentos-tecnicos\/acessorios-para-tubagem\/juntas-de-reparacao\/\" title=\"\ufffc\"><img decoding=\"async\" class=\"wp-image-2704\" style=\"width: 18px;\" src=\"https:\/\/www.klinger.es\/wp-content\/uploads\/2019\/11\/icon-arrow-blue-double.png\" alt=\"\"><\/a><\/td><\/tr><\/tbody><\/table><\/figure>\n<\/div>\n\n\n\n<div class=\"wp-block-column is-layout-flow wp-block-column-is-layout-flow\">\n<figure class=\"wp-block-table alignleft flecha\"><table><tbody><tr><td class=\"has-text-align-center\" data-align=\"center\"><img loading=\"lazy\" decoding=\"async\" width=\"270\" height=\"270\" class=\"wp-image-37740\" style=\"width: 270px;\" src=\"https:\/\/klinger.pt\/wp-content\/uploads\/2023\/02\/Tap-in-products-mini.webp\" alt=\"Tap in products\" srcset=\"https:\/\/klinger.pt\/wp-content\/uploads\/2023\/02\/Tap-in-products-mini.webp 270w, https:\/\/klinger.pt\/wp-content\/uploads\/2023\/02\/Tap-in-products-mini-150x150.webp 150w\" sizes=\"(max-width: 270px) 100vw, 270px\" \/><\/td><td><strong><a href=\"https:\/\/klinger.pt\/produtos\/outros-equipamentos-tecnicos\/acessorios-para-tubagem\/juntas-para-picagem\/\" title=\"\">JUNTAS PARA PICAGEM<\/a><\/strong><br><br><a href=\"https:\/\/klinger.pt\/produtos\/outros-equipamentos-tecnicos\/acessorios-para-tubagem\/juntas-para-picagem\/\" title=\"\ufffc\"><img decoding=\"async\" class=\"wp-image-2704\" style=\"width: 18px;\" src=\"https:\/\/www.klinger.es\/wp-content\/uploads\/2019\/11\/icon-arrow-blue-double.png\" alt=\"\"><\/a><\/td><\/tr><\/tbody><\/table><\/figure>\n<\/div>\n<\/div>\n\n\n\n<div class=\"wp-block-columns has-2-columns is-layout-flex wp-container-core-columns-is-layout-9d6595d7 wp-block-columns-is-layout-flex\">\n<div class=\"wp-block-column is-layout-flow wp-block-column-is-layout-flow\">\n<figure class=\"wp-block-table alignleft flecha\"><table><tbody><tr><td class=\"has-text-align-center\" data-align=\"center\"><img decoding=\"async\" src=\"https:\/\/klinger.pt\/wp-content\/uploads\/2023\/02\/Pipe-Fittings-mini.webp\" alt=\"Pipe Fittings\"><\/td><td><strong><a href=\"https:\/\/klinger.pt\/produtos\/outros-equipamentos-tecnicos\/acessorios-para-tubagem\/acessorios\/\" title=\"\">ACESS\u00d3RIOS<\/a><\/strong><br><br><a href=\"https:\/\/klinger.pt\/produtos\/outros-equipamentos-tecnicos\/acessorios-para-tubagem\/acessorios\/\" title=\"\ufffc\"><img decoding=\"async\" class=\"wp-image-2704\" style=\"width: 18px;\" src=\"https:\/\/www.klinger.es\/wp-content\/uploads\/2019\/11\/icon-arrow-blue-double.png\" alt=\"\"><\/a><\/td><\/tr><\/tbody><\/table><\/figure>\n<\/div>\n\n\n\n<div class=\"wp-block-column transparente is-layout-flow wp-block-column-is-layout-flow\"><\/div>\n<\/div>\n","protected":false},"excerpt":{"rendered":"<p>ACESS\u00d3RIOS PARA TUBAGEM A linha de acess\u00f3rios para tubagem da KLINGER Portugal abrange a concep\u00e7\u00e3o, fabrico e distribui\u00e7\u00e3o de solu\u00e7\u00f5es de liga\u00e7\u00e3o, repara\u00e7\u00e3o e controlo de fluxo de tubos. JUNTAS DE LIGA\u00c7\u00c3O TRAVADAS JUNTAS DE LIGA\u00c7\u00c3O JUNTAS DE REPARA\u00c7\u00c3O JUNTAS PARA PICAGEM ACESS\u00d3RIOS<\/p>\n","protected":false},"author":4,"featured_media":0,"parent":28635,"menu_order":0,"comment_status":"closed","ping_status":"closed","template":"page-templates\/secciones-principales.php","meta":{"_eb_attr":"","footnotes":""},"class_list":["post-37728","page","type-page","status-publish","hentry"],"aioseo_notices":[],"_links":{"self":[{"href":"https:\/\/klinger.pt\/es\/wp-json\/wp\/v2\/pages\/37728","targetHints":{"allow":["GET"]}}],"collection":[{"href":"https:\/\/klinger.pt\/es\/wp-json\/wp\/v2\/pages"}],"about":[{"href":"https:\/\/klinger.pt\/es\/wp-json\/wp\/v2\/types\/page"}],"author":[{"embeddable":true,"href":"https:\/\/klinger.pt\/es\/wp-json\/wp\/v2\/users\/4"}],"replies":[{"embeddable":true,"href":"https:\/\/klinger.pt\/es\/wp-json\/wp\/v2\/comments?post=37728"}],"version-history":[{"count":16,"href":"https:\/\/klinger.pt\/es\/wp-json\/wp\/v2\/pages\/37728\/revisions"}],"predecessor-version":[{"id":38155,"href":"https:\/\/klinger.pt\/es\/wp-json\/wp\/v2\/pages\/37728\/revisions\/38155"}],"up":[{"embeddable":true,"href":"https:\/\/klinger.pt\/es\/wp-json\/wp\/v2\/pages\/28635"}],"wp:attachment":[{"href":"https:\/\/klinger.pt\/es\/wp-json\/wp\/v2\/media?parent=37728"}],"curies":[{"name":"wp","href":"https:\/\/api.w.org\/{rel}","templated":true}]}}