{"id":37723,"date":"2023-02-15T10:58:36","date_gmt":"2023-02-15T10:58:36","guid":{"rendered":"https:\/\/m5j0n6nk9p.onrocket.site\/?page_id=37723"},"modified":"2023-05-12T12:22:13","modified_gmt":"2023-05-12T11:22:13","slug":"purgadores","status":"publish","type":"page","link":"https:\/\/klinger.pt\/es\/produtos\/outros-equipamentos-tecnicos\/purgadores\/","title":{"rendered":"PURGADORES"},"content":{"rendered":"\n<h1 class=\"wp-block-heading\">PURGADORES<\/h1>\n\n\n\n<p>O Purgadores KLINGER possuem o melhor custo x benef\u00edcio em drenagem de condensados.<\/p>\n\n\n\n<div class=\"wp-block-group\"><div class=\"wp-block-group__inner-container is-layout-constrained wp-block-group-is-layout-constrained\">\n<div class=\"wp-block-columns is-layout-flex wp-container-core-columns-is-layout-9d6595d7 wp-block-columns-is-layout-flex\">\n<div class=\"wp-block-column is-layout-flow wp-block-column-is-layout-flow\" style=\"flex-basis:300px\">\n<figure class=\"wp-block-image size-full is-resized\"><img fetchpriority=\"high\" decoding=\"async\" src=\"https:\/\/klinger.pt\/wp-content\/uploads\/2022\/09\/Purgador-termodinamico-PT55.png\" alt=\"PURGADORES\" class=\"wp-image-28964\" width=\"241\" height=\"241\" srcset=\"https:\/\/klinger.pt\/wp-content\/uploads\/2022\/09\/Purgador-termodinamico-PT55.png 300w, https:\/\/klinger.pt\/wp-content\/uploads\/2022\/09\/Purgador-termodinamico-PT55-150x150.png 150w\" sizes=\"(max-width: 241px) 100vw, 241px\" \/><\/figure>\n\n\n\n<figure class=\"wp-block-image size-full\"><img decoding=\"async\" width=\"600\" height=\"320\" src=\"https:\/\/klinger.pt\/wp-content\/uploads\/2023\/02\/Purgadores-termodinamicos-tipos.webp\" alt=\"\" class=\"wp-image-37843\" srcset=\"https:\/\/klinger.pt\/wp-content\/uploads\/2023\/02\/Purgadores-termodinamicos-tipos.webp 600w, https:\/\/klinger.pt\/wp-content\/uploads\/2023\/02\/Purgadores-termodinamicos-tipos-300x160.webp 300w\" sizes=\"(max-width: 600px) 100vw, 600px\" \/><\/figure>\n<\/div>\n\n\n\n<div class=\"wp-block-column is-layout-flow wp-block-column-is-layout-flow\" style=\"flex-basis:700px\">\n<h2 class=\"wp-block-heading\">PURGADOR TERMODIN\u00c2MICO<\/h2>\n\n\n\n<p>Os Purgadores Termodin\u00e2micos s\u00e3o op\u00e7\u00f5es de baixo custo para drenagem de condensado em linhas de distribui\u00e7\u00e3o de vapor at\u00e9 42 bar de press\u00e3o. Projetado com tr\u00eas orif\u00edcios de sa\u00edda, oferece uma opera\u00e7\u00e3o est\u00e1vel do disco, o que associado ao endurecimento da sede, garante maior vida \u00fatil ao purgador.<\/p>\n\n\n\n<h3 class=\"wp-block-heading\">MATERIAIS:<\/h3>\n\n\n\n<ul class=\"wp-block-list\">\n<li>Tampa: a\u00e7o inoxid\u00e1vel AISI 420;<\/li>\n\n\n\n<li>Corpo: a\u00e7o inoxid\u00e1vel AISI 420 com sede endurecida;<\/li>\n\n\n\n<li>Disco: a\u00e7o inoxid\u00e1vel AISI 420.<\/li>\n<\/ul>\n\n\n\n<h3 class=\"wp-block-heading\">CONEX\u00d5ES:<\/h3>\n\n\n\n<p>DN \u00bd\u2019\u2019, \u00be\u2019\u2019, e 1\u2019\u2019 rosca NPT e BSPT, para solda BW e SW com uni\u00e3o ou com flanges adaptadas ANSI B16,5 classe 150#, 300# ou 600#.<\/p>\n\n\n\n<figure class=\"wp-block-image size-full\"><img decoding=\"async\" width=\"412\" height=\"124\" src=\"https:\/\/klinger.pt\/wp-content\/uploads\/2023\/02\/Tabela-purgadores-termodinamicos.webp\" alt=\"\" class=\"wp-image-37837\" srcset=\"https:\/\/klinger.pt\/wp-content\/uploads\/2023\/02\/Tabela-purgadores-termodinamicos.webp 412w, https:\/\/klinger.pt\/wp-content\/uploads\/2023\/02\/Tabela-purgadores-termodinamicos-300x90.webp 300w\" sizes=\"(max-width: 412px) 100vw, 412px\" \/><\/figure>\n<\/div>\n<\/div>\n<\/div><\/div>\n\n\n\n<div class=\"wp-block-group\"><div class=\"wp-block-group__inner-container is-layout-constrained wp-block-group-is-layout-constrained\">\n<div class=\"wp-block-columns is-layout-flex wp-container-core-columns-is-layout-9d6595d7 wp-block-columns-is-layout-flex\">\n<div class=\"wp-block-column is-layout-flow wp-block-column-is-layout-flow\" style=\"flex-basis:300px\">\n<figure class=\"wp-block-image size-full\"><img loading=\"lazy\" decoding=\"async\" width=\"457\" height=\"373\" src=\"https:\/\/klinger.pt\/wp-content\/uploads\/2023\/02\/image-12.png\" alt=\"PURGADORES\" class=\"wp-image-37526\" srcset=\"https:\/\/klinger.pt\/wp-content\/uploads\/2023\/02\/image-12.png 457w, https:\/\/klinger.pt\/wp-content\/uploads\/2023\/02\/image-12-300x245.png 300w\" sizes=\"(max-width: 457px) 100vw, 457px\" \/><\/figure>\n\n\n\n<figure class=\"wp-block-image size-full\"><img loading=\"lazy\" decoding=\"async\" width=\"600\" height=\"320\" src=\"https:\/\/klinger.pt\/wp-content\/uploads\/2023\/02\/Purgadores-termodinamicos-universais-tipos.webp\" alt=\"STEAM TRAPS\" class=\"wp-image-37847\" srcset=\"https:\/\/klinger.pt\/wp-content\/uploads\/2023\/02\/Purgadores-termodinamicos-universais-tipos.webp 600w, https:\/\/klinger.pt\/wp-content\/uploads\/2023\/02\/Purgadores-termodinamicos-universais-tipos-300x160.webp 300w\" sizes=\"(max-width: 600px) 100vw, 600px\" \/><\/figure>\n<\/div>\n\n\n\n<div class=\"wp-block-column is-layout-flow wp-block-column-is-layout-flow\" style=\"flex-basis:700px\">\n<h2 class=\"wp-block-heading\">PURGADOR TERMODIN\u00c2MICO CONECTOR UNIVERSAL<\/h2>\n\n\n\n<p>Projetado com conetor universal acoplado, o UPT possibilita a retirada do purgador sem a necessidade de interven\u00e7\u00e3o na tubula\u00e7\u00e3o. Dois parafusos fixam o purgador ao bloco conector que, por sua vez, permanece instalado na tubula\u00e7\u00e3o sem a necessidade de flanges ou uni\u00f5es. Para retirada do purgador o respectivo trecho de tubula\u00e7\u00e3o deve estar bloqueado e despressurizado.<br>Ideal para drenagem de condensado em linhas de distribui\u00e7\u00e3o de vapor saturado at\u00e9 42 bar de press\u00e3o.<br>Dispon\u00edvel nas vers\u00f5es com filtro \u2013 UPT 60, e tamb\u00e9m sem filtro \u2013 UPT 55.<\/p>\n\n\n\n<h3 class=\"wp-block-heading\">MATERIAIS:<\/h3>\n\n\n\n<ul class=\"wp-block-list\">\n<li>Tampa: a\u00e7o inoxid\u00e1vel AISI 420;<\/li>\n\n\n\n<li>Corpo: a\u00e7o inoxid\u00e1vel AISI 420 com sede endurecida;<\/li>\n\n\n\n<li>Disco: a\u00e7o inoxid\u00e1vel AISI 420;<\/li>\n\n\n\n<li>Filtro: A\u00e7o inoxid\u00e1vel AISI 314.<\/li>\n<\/ul>\n\n\n\n<h3 class=\"wp-block-heading\">CONEX\u00d5ES:<\/h3>\n\n\n\n<ul class=\"wp-block-list\">\n<li>Purgador: Tipo universal;<\/li>\n\n\n\n<li>Bloco Conector: DN \u00bd\u201d e \u00be\u201d, conex\u00f5es de rosca NPT e BSPT.<\/li>\n<\/ul>\n\n\n\n<figure class=\"wp-block-image size-full\"><img loading=\"lazy\" decoding=\"async\" width=\"412\" height=\"124\" src=\"https:\/\/klinger.pt\/wp-content\/uploads\/2023\/02\/Tabela-purgadores-termodinamicos-1.webp\" alt=\"\" class=\"wp-image-37839\" srcset=\"https:\/\/klinger.pt\/wp-content\/uploads\/2023\/02\/Tabela-purgadores-termodinamicos-1.webp 412w, https:\/\/klinger.pt\/wp-content\/uploads\/2023\/02\/Tabela-purgadores-termodinamicos-1-300x90.webp 300w\" sizes=\"(max-width: 412px) 100vw, 412px\" \/><\/figure>\n<\/div>\n<\/div>\n<\/div><\/div>\n\n\n\n<div class=\"wp-block-group\"><div class=\"wp-block-group__inner-container is-layout-constrained wp-block-group-is-layout-constrained\">\n<div class=\"wp-block-columns is-layout-flex wp-container-core-columns-is-layout-9d6595d7 wp-block-columns-is-layout-flex\">\n<div class=\"wp-block-column is-layout-flow wp-block-column-is-layout-flow\" style=\"flex-basis:300px\">\n<figure class=\"wp-block-image size-full\"><img loading=\"lazy\" decoding=\"async\" width=\"300\" height=\"300\" src=\"https:\/\/klinger.pt\/wp-content\/uploads\/2022\/09\/Purgador-termostatico.png\" alt=\"PURGADORES\" class=\"wp-image-28966\" srcset=\"https:\/\/klinger.pt\/wp-content\/uploads\/2022\/09\/Purgador-termostatico.png 300w, https:\/\/klinger.pt\/wp-content\/uploads\/2022\/09\/Purgador-termostatico-150x150.png 150w\" sizes=\"(max-width: 300px) 100vw, 300px\" \/><\/figure>\n<\/div>\n\n\n\n<div class=\"wp-block-column is-layout-flow wp-block-column-is-layout-flow\" style=\"flex-basis:700px\">\n<h2 class=\"wp-block-heading\">PURGADOR TERMOST\u00c1TICO<\/h2>\n\n\n\n<p>Simples e robusto, o Purgador termost\u00e1tico \u00e9 uma excelente solu\u00e7\u00e3o para purga de condensado em equipamentos de pequeno porte at\u00e9 42 bar de press\u00e3o. O acionamento termost\u00e1tico ocorre atrav\u00e9s de um dispositivo bi met\u00e1lico que garante efici\u00eancia durabilidade.<\/p>\n\n\n\n<h3 class=\"wp-block-heading\">MATERIAIS:<\/h3>\n\n\n\n<ul class=\"wp-block-list\">\n<li>Tampa: a\u00e7o inoxid\u00e1vel AISI 420;<\/li>\n\n\n\n<li>Corpo: a\u00e7o inoxid\u00e1vel AISI 420 com sede endurecida;<\/li>\n\n\n\n<li>Elemento bi met\u00e1lico: GB14.<\/li>\n<\/ul>\n\n\n\n<h3 class=\"wp-block-heading\">CONEX\u00d5ES:<\/h3>\n\n\n\n<p>DN \u00bd\u2019\u2019, \u00be\u2019\u2019, e 1\u2019\u2019 rosca NPT ou BSPT.<\/p>\n\n\n\n<figure class=\"wp-block-image size-full\"><img loading=\"lazy\" decoding=\"async\" width=\"412\" height=\"80\" src=\"https:\/\/klinger.pt\/wp-content\/uploads\/2023\/02\/Tabela-purgador-termostatico..webp\" alt=\"\" class=\"wp-image-37841\" srcset=\"https:\/\/klinger.pt\/wp-content\/uploads\/2023\/02\/Tabela-purgador-termostatico..webp 412w, https:\/\/klinger.pt\/wp-content\/uploads\/2023\/02\/Tabela-purgador-termostatico.-300x58.webp 300w\" sizes=\"(max-width: 412px) 100vw, 412px\" \/><\/figure>\n<\/div>\n<\/div>\n<\/div><\/div>\n\n\n\n<div class=\"wp-block-group\"><div class=\"wp-block-group__inner-container is-layout-constrained wp-block-group-is-layout-constrained\">\n<div class=\"wp-block-columns is-layout-flex wp-container-core-columns-is-layout-9d6595d7 wp-block-columns-is-layout-flex\">\n<div class=\"wp-block-column is-layout-flow wp-block-column-is-layout-flow\" style=\"flex-basis:300px\">\n<figure class=\"wp-block-image size-full\"><img loading=\"lazy\" decoding=\"async\" width=\"500\" height=\"470\" src=\"https:\/\/klinger.pt\/wp-content\/uploads\/2023\/02\/image-15.png\" alt=\"PURGADORES\" class=\"wp-image-37533\" srcset=\"https:\/\/klinger.pt\/wp-content\/uploads\/2023\/02\/image-15.png 500w, https:\/\/klinger.pt\/wp-content\/uploads\/2023\/02\/image-15-300x282.png 300w\" sizes=\"(max-width: 500px) 100vw, 500px\" \/><\/figure>\n\n\n\n<figure class=\"wp-block-image size-full\"><img loading=\"lazy\" decoding=\"async\" width=\"600\" height=\"320\" src=\"https:\/\/klinger.pt\/wp-content\/uploads\/2023\/02\/Purgadores-boia-tipos.webp\" alt=\"STEAM TRAPS\" class=\"wp-image-37853\" srcset=\"https:\/\/klinger.pt\/wp-content\/uploads\/2023\/02\/Purgadores-boia-tipos.webp 600w, https:\/\/klinger.pt\/wp-content\/uploads\/2023\/02\/Purgadores-boia-tipos-300x160.webp 300w\" sizes=\"(max-width: 600px) 100vw, 600px\" \/><\/figure>\n<\/div>\n\n\n\n<div class=\"wp-block-column is-layout-flow wp-block-column-is-layout-flow\" style=\"flex-basis:700px\">\n<h2 class=\"wp-block-heading\">PURGADOR BOIA<\/h2>\n\n\n\n<p>A linha de purgadores de boia \u00e9 uma op\u00e7\u00e3o de excelente custo benef\u00edcio para drenagem de condensado em equipamentos de aquecimento a vapor de baixa press\u00e3o como trocadores de calor, serpentinas, camisas, etc. Permite manuten\u00e7\u00e3o f\u00e1cil e de baixo custo e tem como padr\u00e3o o eliminador de ar termost\u00e1tico bi met\u00e1lico que garante efici\u00eancia e durabilidade.<\/p>\n\n\n\n<h3 class=\"wp-block-heading\">MATERIAIS:<\/h3>\n\n\n\n<ul class=\"wp-block-list\">\n<li>Corpo e Tampa DN \u00bd\u2018\u2019 e \u00be\u2018\u2019: Ferro fundido ASTM A 126 \u2013 B;<\/li>\n\n\n\n<li>Corpo e Tampa DN 1\u2018\u2019, 1.\u00bd\u201d e 2\u201d: Ferro fundido GGG-40;<\/li>\n\n\n\n<li>Boia: AISI 304;<\/li>\n\n\n\n<li>Plug: AISI 440 C;<\/li>\n\n\n\n<li>Elemento Termost\u00e1tico: GB14.<\/li>\n<\/ul>\n\n\n\n<h3 class=\"wp-block-heading\">CONEX\u00d5ES:<\/h3>\n\n\n\n<ul class=\"wp-block-list\">\n<li>Rosca NPT, BSPT DN \u00bd\u2019\u2019, \u00be\u2019\u2019, e 1\u2019\u2019.<\/li>\n\n\n\n<li>Flange ANSI B16,5 Classe 150# DN 1\u2018\u2019, 1.\u00bd\u201d e 2\u201d.<\/li>\n\n\n\n<li>Flange ANSI B16.5 Classe 125# e 250# DN 1\u2018\u2019, 1.\u00bd\u201d e 2\u201d.<\/li>\n<\/ul>\n\n\n\n<figure class=\"wp-block-image size-full\"><img loading=\"lazy\" decoding=\"async\" width=\"412\" height=\"124\" src=\"https:\/\/klinger.pt\/wp-content\/uploads\/2023\/02\/Tabela-purgadores-boia-1.webp\" alt=\"\" class=\"wp-image-37855\" srcset=\"https:\/\/klinger.pt\/wp-content\/uploads\/2023\/02\/Tabela-purgadores-boia-1.webp 412w, https:\/\/klinger.pt\/wp-content\/uploads\/2023\/02\/Tabela-purgadores-boia-1-300x90.webp 300w\" sizes=\"(max-width: 412px) 100vw, 412px\" \/><\/figure>\n<\/div>\n<\/div>\n<\/div><\/div>\n\n\n\n<div class=\"wp-block-group\"><div class=\"wp-block-group__inner-container is-layout-constrained wp-block-group-is-layout-constrained\">\n<div class=\"wp-block-columns is-layout-flex wp-container-core-columns-is-layout-9d6595d7 wp-block-columns-is-layout-flex\">\n<div class=\"wp-block-column is-layout-flow wp-block-column-is-layout-flow\" style=\"flex-basis:300px\"><div class=\"wp-block-image\">\n<figure class=\"aligncenter size-full is-resized\"><img loading=\"lazy\" decoding=\"async\" src=\"https:\/\/klinger.pt\/wp-content\/uploads\/2023\/02\/image-8.png\" alt=\"PURGADORES\" class=\"wp-image-37516\" width=\"219\" height=\"322\" srcset=\"https:\/\/klinger.pt\/wp-content\/uploads\/2023\/02\/image-8.png 363w, https:\/\/klinger.pt\/wp-content\/uploads\/2023\/02\/image-8-204x300.png 204w\" sizes=\"(max-width: 219px) 100vw, 219px\" \/><\/figure>\n<\/div><\/div>\n\n\n\n<div class=\"wp-block-column is-layout-flow wp-block-column-is-layout-flow\" style=\"flex-basis:700px\">\n<h2 class=\"wp-block-heading\">PURGADOR BALDE INVERTIDO<\/h2>\n\n\n\n<p>A KLINGER, especifica, comercializa e presta assist\u00eancia t\u00e9cnica para purgadores tipo balde invertido. Esses modelos de purgadores permitem a drenagem eficiente de condensado para aplica\u00e7\u00e3o em todos os tipos de equipamentos que utilizam vapor. Como operam eficientemente por longos per\u00edodos, os purgadores possibilitam significativa economia de energia, al\u00e9m de redu\u00e7\u00e3o de custos de m\u00e3o-de-obra e reposi\u00e7\u00e3o.<br>Purgadores do tipo balde invertido drenam continuamente e, embora haja descarga intermitente, n\u00e3o h\u00e1 retorno ou ac\u00famulo de condensado. Esses purgadores tamb\u00e9m s\u00e3o resistentes a golpes de ar\u00edete.<br>Todos os purgadores s\u00e3o repar\u00e1veis, proporcionando economias ainda maiores com servi\u00e7os de manuten\u00e7\u00e3o.<br>Um sistema de alavanca multiplica a for\u00e7a exercida pelo balde para abrir a v\u00e1lvula contra a press\u00e3o do sistema. O mecanismo \u00e9 flutuante e n\u00e3o possui articula\u00e7\u00f5es fixas que possam causar desgaste ou atrito.<\/p>\n\n\n\n<figure class=\"wp-block-image size-full\"><img loading=\"lazy\" decoding=\"async\" width=\"417\" height=\"126\" src=\"https:\/\/klinger.pt\/wp-content\/uploads\/2023\/02\/Tabela-purgadores-balde-invertido-1.webp\" alt=\"\" class=\"wp-image-37859\" srcset=\"https:\/\/klinger.pt\/wp-content\/uploads\/2023\/02\/Tabela-purgadores-balde-invertido-1.webp 417w, https:\/\/klinger.pt\/wp-content\/uploads\/2023\/02\/Tabela-purgadores-balde-invertido-1-300x91.webp 300w\" sizes=\"(max-width: 417px) 100vw, 417px\" \/><\/figure>\n<\/div>\n<\/div>\n<\/div><\/div>\n","protected":false},"excerpt":{"rendered":"<p>PURGADORES O Purgadores KLINGER possuem o melhor custo x benef\u00edcio em drenagem de condensados. PURGADOR TERMODIN\u00c2MICO Os Purgadores Termodin\u00e2micos s\u00e3o op\u00e7\u00f5es de baixo custo para drenagem de condensado em linhas de distribui\u00e7\u00e3o de vapor at\u00e9 42 bar de press\u00e3o. Projetado com tr\u00eas orif\u00edcios de sa\u00edda, oferece uma opera\u00e7\u00e3o est\u00e1vel do disco, o que associado ao [&hellip;]<\/p>\n","protected":false},"author":4,"featured_media":42555,"parent":28635,"menu_order":0,"comment_status":"closed","ping_status":"closed","template":"page-templates\/servicios.php","meta":{"_eb_attr":"","footnotes":""},"class_list":["post-37723","page","type-page","status-publish","has-post-thumbnail","hentry"],"aioseo_notices":[],"_links":{"self":[{"href":"https:\/\/klinger.pt\/es\/wp-json\/wp\/v2\/pages\/37723","targetHints":{"allow":["GET"]}}],"collection":[{"href":"https:\/\/klinger.pt\/es\/wp-json\/wp\/v2\/pages"}],"about":[{"href":"https:\/\/klinger.pt\/es\/wp-json\/wp\/v2\/types\/page"}],"author":[{"embeddable":true,"href":"https:\/\/klinger.pt\/es\/wp-json\/wp\/v2\/users\/4"}],"replies":[{"embeddable":true,"href":"https:\/\/klinger.pt\/es\/wp-json\/wp\/v2\/comments?post=37723"}],"version-history":[{"count":15,"href":"https:\/\/klinger.pt\/es\/wp-json\/wp\/v2\/pages\/37723\/revisions"}],"predecessor-version":[{"id":42557,"href":"https:\/\/klinger.pt\/es\/wp-json\/wp\/v2\/pages\/37723\/revisions\/42557"}],"up":[{"embeddable":true,"href":"https:\/\/klinger.pt\/es\/wp-json\/wp\/v2\/pages\/28635"}],"wp:featuredmedia":[{"embeddable":true,"href":"https:\/\/klinger.pt\/es\/wp-json\/wp\/v2\/media\/42555"}],"wp:attachment":[{"href":"https:\/\/klinger.pt\/es\/wp-json\/wp\/v2\/media?parent=37723"}],"curies":[{"name":"wp","href":"https:\/\/api.w.org\/{rel}","templated":true}]}}