{"id":37713,"date":"2023-02-15T10:59:29","date_gmt":"2023-02-15T10:59:29","guid":{"rendered":"https:\/\/m5j0n6nk9p.onrocket.site\/?page_id=37713"},"modified":"2023-02-27T09:44:33","modified_gmt":"2023-02-27T09:44:33","slug":"marcador-de-tinta-industrial","status":"publish","type":"page","link":"https:\/\/klinger.pt\/es\/produtos\/outros-equipamentos-tecnicos\/marcador-de-tinta-industrial\/","title":{"rendered":"MARCADOR DE TINTA INDUSTRIAL STYLMARK MARKAL"},"content":{"rendered":"\n<div class=\"wp-block-columns is-layout-flex wp-container-core-columns-is-layout-9d6595d7 wp-block-columns-is-layout-flex\">\n<div class=\"wp-block-column is-layout-flow wp-block-column-is-layout-flow\" style=\"flex-basis:400px\"><div class=\"wp-block-image\">\n<figure class=\"aligncenter size-full\"><img fetchpriority=\"high\" decoding=\"async\" width=\"600\" height=\"600\" src=\"https:\/\/klinger.pt\/wp-content\/uploads\/2023\/02\/Marcador-em-tubo-Stylmark-Markal.webp\" alt=\"MARCADOR DE TINTA INDUSTRIAL STYLMARK MARKAL\" class=\"wp-image-37716\" srcset=\"https:\/\/klinger.pt\/wp-content\/uploads\/2023\/02\/Marcador-em-tubo-Stylmark-Markal.webp 600w, https:\/\/klinger.pt\/wp-content\/uploads\/2023\/02\/Marcador-em-tubo-Stylmark-Markal-300x300.webp 300w, https:\/\/klinger.pt\/wp-content\/uploads\/2023\/02\/Marcador-em-tubo-Stylmark-Markal-150x150.webp 150w\" sizes=\"(max-width: 600px) 100vw, 600px\" \/><\/figure>\n<\/div>\n\n<div class=\"wp-block-image\">\n<figure class=\"aligncenter size-full\"><img decoding=\"async\" width=\"866\" height=\"296\" src=\"https:\/\/klinger.pt\/wp-content\/uploads\/2023\/02\/Cores-Markal.webp\" alt=\"MARCADOR DE TINTA INDUSTRIAL STYLMARK MARKAL\" class=\"wp-image-37547\" srcset=\"https:\/\/klinger.pt\/wp-content\/uploads\/2023\/02\/Cores-Markal.webp 866w, https:\/\/klinger.pt\/wp-content\/uploads\/2023\/02\/Cores-Markal-300x103.webp 300w, https:\/\/klinger.pt\/wp-content\/uploads\/2023\/02\/Cores-Markal-768x263.webp 768w\" sizes=\"(max-width: 866px) 100vw, 866px\" \/><\/figure>\n<\/div>\n\n\n<div style=\"height:37px\" aria-hidden=\"true\" class=\"wp-block-spacer\"><\/div>\n\n\n\n<figure class=\"wp-block-image size-full\"><img decoding=\"async\" width=\"390\" height=\"392\" src=\"https:\/\/klinger.pt\/wp-content\/uploads\/2023\/02\/image-18.jpg\" alt=\"Markal 2\" class=\"wp-image-37543\" srcset=\"https:\/\/klinger.pt\/wp-content\/uploads\/2023\/02\/image-18.jpg 390w, https:\/\/klinger.pt\/wp-content\/uploads\/2023\/02\/image-18-298x300.jpg 298w, https:\/\/klinger.pt\/wp-content\/uploads\/2023\/02\/image-18-150x150.jpg 150w\" sizes=\"(max-width: 390px) 100vw, 390px\" \/><\/figure>\n<\/div>\n\n\n\n<div class=\"wp-block-column is-layout-flow wp-block-column-is-layout-flow\" style=\"flex-basis:700px\">\n<h1 class=\"wp-block-heading\">MARCADOR DE TINTA INDUSTRIAL STYLMARK MARKAL<\/h1>\n\n\n\n<p>O marcador de tinta industrial Stylmark Markal \u00e9 um marcador de ponta esf\u00e9rica fina em metal para marca\u00e7\u00e3o na maior parte das superf\u00edcies.<\/p>\n\n\n\n<p>O tubo em alum\u00ednio cont\u00e9m uma tinta espessa tornam-no adequado para superf\u00edcies rugosas, verticais e excelente ader\u00eancia em superf\u00edcies oleosas e h\u00famidas.<\/p>\n\n\n\n<p>Pintura sem xileno para minimizar os riscos para a sa\u00fade.<\/p>\n\n\n\n<h2 class=\"wp-block-heading\">CARACTER\u00cdSTICAS:<\/h2>\n\n\n\n<ul class=\"wp-block-list\">\n<li>Ponta esf\u00e9rica fina em \u00e1cido s\u00f3lido para a marca\u00e7\u00e3o em superf\u00edcies lisas ou rugosas com a ajuda da tinta permanente.<\/li>\n\n\n\n<li>Ponta esf\u00e9rica fina em a\u00e7o resistente para uma utiliza\u00e7\u00e3o de longa dura\u00e7\u00e3o em superf\u00edcies muito rugosas.<\/li>\n\n\n\n<li>11 cores de tinta de alta visibilidade, resistente aos raios UV, interp\u00e9ries e \u00e0 \u00e1gua.<\/li>\n\n\n\n<li>F\u00f3rmula \u00fanica concebida para n\u00e3o escorrer em superf\u00edcies verticais ou do teto.<\/li>\n\n\n\n<li>Intervalo de marca\u00e7\u00e3o: de -20\u00baC a 70\u00baC.<\/li>\n\n\n\n<li>Temperatura m\u00e1xima de resist\u00eancia da marca\u00e7\u00e3o: 200\u00baC.<\/li>\n<\/ul>\n\n\n\n<h2 class=\"wp-block-heading\">SUPERF\u00cdCIES:<\/h2>\n\n\n\n<ul class=\"wp-block-list\">\n<li>A\u00e7o e ferro<\/li>\n\n\n\n<li>Asfalto<\/li>\n\n\n\n<li>Pl\u00e1stico<\/li>\n\n\n\n<li>Tecido, t\u00eaxteis<\/li>\n\n\n\n<li>Bet\u00e3o, pedra<\/li>\n\n\n\n<li>Alvenaria<\/li>\n\n\n\n<li>Borracha e pneus<\/li>\n<\/ul>\n\n\n\n<h2 class=\"wp-block-heading\">APLICA\u00c7\u00d5ES:<\/h2>\n\n\n\n<ul class=\"wp-block-list\">\n<li>Siderurgias e armaz\u00e9ns<\/li>\n\n\n\n<li>Constru\u00e7\u00e3o e repara\u00e7\u00e3o naval<\/li>\n\n\n\n<li>Constru\u00e7\u00e3o<\/li>\n\n\n\n<li>Soldadura<\/li>\n\n\n\n<li>Forjas e fundi\u00e7\u00f5es<\/li>\n\n\n\n<li>Fabrico de metais<\/li>\n\n\n\n<li>Produ\u00e7\u00e3o de metais<\/li>\n\n\n\n<li>Pneus<\/li>\n<\/ul>\n<\/div>\n<\/div>\n","protected":false},"excerpt":{"rendered":"<p>MARCADOR DE TINTA INDUSTRIAL STYLMARK MARKAL O marcador de tinta industrial Stylmark Markal \u00e9 um marcador de ponta esf\u00e9rica fina em metal para marca\u00e7\u00e3o na maior parte das superf\u00edcies. O tubo em alum\u00ednio cont\u00e9m uma tinta espessa tornam-no adequado para superf\u00edcies rugosas, verticais e excelente ader\u00eancia em superf\u00edcies oleosas e h\u00famidas. Pintura sem xileno para [&hellip;]<\/p>\n","protected":false},"author":4,"featured_media":0,"parent":28635,"menu_order":0,"comment_status":"closed","ping_status":"closed","template":"page-templates\/servicios.php","meta":{"_eb_attr":"","footnotes":""},"class_list":["post-37713","page","type-page","status-publish","hentry"],"aioseo_notices":[],"_links":{"self":[{"href":"https:\/\/klinger.pt\/es\/wp-json\/wp\/v2\/pages\/37713","targetHints":{"allow":["GET"]}}],"collection":[{"href":"https:\/\/klinger.pt\/es\/wp-json\/wp\/v2\/pages"}],"about":[{"href":"https:\/\/klinger.pt\/es\/wp-json\/wp\/v2\/types\/page"}],"author":[{"embeddable":true,"href":"https:\/\/klinger.pt\/es\/wp-json\/wp\/v2\/users\/4"}],"replies":[{"embeddable":true,"href":"https:\/\/klinger.pt\/es\/wp-json\/wp\/v2\/comments?post=37713"}],"version-history":[{"count":10,"href":"https:\/\/klinger.pt\/es\/wp-json\/wp\/v2\/pages\/37713\/revisions"}],"predecessor-version":[{"id":38317,"href":"https:\/\/klinger.pt\/es\/wp-json\/wp\/v2\/pages\/37713\/revisions\/38317"}],"up":[{"embeddable":true,"href":"https:\/\/klinger.pt\/es\/wp-json\/wp\/v2\/pages\/28635"}],"wp:attachment":[{"href":"https:\/\/klinger.pt\/es\/wp-json\/wp\/v2\/media?parent=37713"}],"curies":[{"name":"wp","href":"https:\/\/api.w.org\/{rel}","templated":true}]}}