{"id":37664,"date":"2023-02-14T14:22:02","date_gmt":"2023-02-14T14:22:02","guid":{"rendered":"https:\/\/m5j0n6nk9p.onrocket.site\/?page_id=37664"},"modified":"2023-02-27T08:28:56","modified_gmt":"2023-02-27T08:28:56","slug":"coletor-manifolds","status":"publish","type":"page","link":"https:\/\/klinger.pt\/es\/produtos\/valvulas\/coletor-manifolds\/","title":{"rendered":"COLETOR MANIFOLDS"},"content":{"rendered":"\n<div class=\"wp-block-columns is-layout-flex wp-container-core-columns-is-layout-9d6595d7 wp-block-columns-is-layout-flex\">\n<div class=\"wp-block-column is-layout-flow wp-block-column-is-layout-flow\" style=\"flex-basis:300px\">\n<figure class=\"wp-block-image size-full\"><img fetchpriority=\"high\" decoding=\"async\" width=\"308\" height=\"312\" src=\"https:\/\/klinger.pt\/wp-content\/uploads\/2022\/09\/monifolds.png\" alt=\"COLETOR MANIFOLDS\" class=\"wp-image-28953\" srcset=\"https:\/\/klinger.pt\/wp-content\/uploads\/2022\/09\/monifolds.png 308w, https:\/\/klinger.pt\/wp-content\/uploads\/2022\/09\/monifolds-296x300.png 296w\" sizes=\"(max-width: 308px) 100vw, 308px\" \/><\/figure>\n<\/div>\n\n\n\n<div class=\"wp-block-column is-layout-flow wp-block-column-is-layout-flow\" style=\"flex-basis:700px\">\n<h1 class=\"has-large-font-size wp-block-heading\">COLETOR MANIFOLDS<\/h1>\n\n\n\n<p>Ao mesmo tempo que proporcionam otimiza\u00e7\u00e3o do espa\u00e7o e uma instala\u00e7\u00e3o simples, o coletor Manifolds KLINGER possibilita a redu\u00e7\u00e3o de pontos de soldadura e conex\u00f5es, tendo m\u00faltiplas v\u00e1lvulas incorporadas num \u00fanico corpo.<br>Al\u00e9m disso, a solu\u00e7\u00e3o, permite uma f\u00e1cil manuten\u00e7\u00e3o das v\u00e1lvulas, e tem tamb\u00e9m uma veda\u00e7\u00e3o estanque.<br>Com uma press\u00e3o m\u00e1xima de funcionamento 63 20 bar, os coletores KLINGER podem ser utilizados tanto na entrada do sistema de tra\u00e7o, onde o vapor \u00e9 distribu\u00eddo aos v\u00e1rios ramos, como na recolha de condensados, onde a descarga dos coletores de vapor \u00e9 ligada \u00e0s v\u00e1lvulas do coletor, a qual, \u00e9 ligada \u00e0 linha de retorno de condensados. O coletor KLINGER tamb\u00e9m pode ser fornecido com v\u00e1lvulas de corte pr\u00e9-instaladas, vapor armadilhas e filtros.<\/p>\n\n\n\n<h2 class=\"wp-block-heading\">CONEX\u00d5ES <\/h2>\n\n\n\n<ul class=\"wp-block-list\">\n<li>In\u00edcio: 1\u00bd SW;<\/li>\n\n\n\n<li>In\u00edcio: 1\u00bd SW;<\/li>\n\n\n\n<li>Extens\u00f5es: \u00bd \/ \u00be \/ SW \/ NPT \/ BSP<\/li>\n<\/ul>\n\n\n\n<figure class=\"wp-block-image size-large\"><img decoding=\"async\" width=\"1024\" height=\"476\" src=\"https:\/\/klinger.pt\/wp-content\/uploads\/2022\/09\/QUADRO-MANIFOLDS-1024x476.png\" alt=\"\" class=\"wp-image-29031\" srcset=\"https:\/\/klinger.pt\/wp-content\/uploads\/2022\/09\/QUADRO-MANIFOLDS-1024x476.png 1024w, https:\/\/klinger.pt\/wp-content\/uploads\/2022\/09\/QUADRO-MANIFOLDS-300x140.png 300w, https:\/\/klinger.pt\/wp-content\/uploads\/2022\/09\/QUADRO-MANIFOLDS-768x357.png 768w, https:\/\/klinger.pt\/wp-content\/uploads\/2022\/09\/QUADRO-MANIFOLDS-1400x651.png 1400w, https:\/\/klinger.pt\/wp-content\/uploads\/2022\/09\/QUADRO-MANIFOLDS.png 1453w\" sizes=\"(max-width: 1024px) 100vw, 1024px\" \/><\/figure>\n<\/div>\n<\/div>\n","protected":false},"excerpt":{"rendered":"<p>COLETOR MANIFOLDS Ao mesmo tempo que proporcionam otimiza\u00e7\u00e3o do espa\u00e7o e uma instala\u00e7\u00e3o simples, o coletor Manifolds KLINGER possibilita a redu\u00e7\u00e3o de pontos de soldadura e conex\u00f5es, tendo m\u00faltiplas v\u00e1lvulas incorporadas num \u00fanico corpo.Al\u00e9m disso, a solu\u00e7\u00e3o, permite uma f\u00e1cil manuten\u00e7\u00e3o das v\u00e1lvulas, e tem tamb\u00e9m uma veda\u00e7\u00e3o estanque.Com uma press\u00e3o m\u00e1xima de funcionamento 63 [&hellip;]<\/p>\n","protected":false},"author":4,"featured_media":0,"parent":22559,"menu_order":0,"comment_status":"closed","ping_status":"closed","template":"page-templates\/servicios.php","meta":{"_eb_attr":"","footnotes":""},"class_list":["post-37664","page","type-page","status-publish","hentry"],"aioseo_notices":[],"_links":{"self":[{"href":"https:\/\/klinger.pt\/es\/wp-json\/wp\/v2\/pages\/37664","targetHints":{"allow":["GET"]}}],"collection":[{"href":"https:\/\/klinger.pt\/es\/wp-json\/wp\/v2\/pages"}],"about":[{"href":"https:\/\/klinger.pt\/es\/wp-json\/wp\/v2\/types\/page"}],"author":[{"embeddable":true,"href":"https:\/\/klinger.pt\/es\/wp-json\/wp\/v2\/users\/4"}],"replies":[{"embeddable":true,"href":"https:\/\/klinger.pt\/es\/wp-json\/wp\/v2\/comments?post=37664"}],"version-history":[{"count":2,"href":"https:\/\/klinger.pt\/es\/wp-json\/wp\/v2\/pages\/37664\/revisions"}],"predecessor-version":[{"id":38197,"href":"https:\/\/klinger.pt\/es\/wp-json\/wp\/v2\/pages\/37664\/revisions\/38197"}],"up":[{"embeddable":true,"href":"https:\/\/klinger.pt\/es\/wp-json\/wp\/v2\/pages\/22559"}],"wp:attachment":[{"href":"https:\/\/klinger.pt\/es\/wp-json\/wp\/v2\/media?parent=37664"}],"curies":[{"name":"wp","href":"https:\/\/api.w.org\/{rel}","templated":true}]}}