{"id":37350,"date":"2023-02-08T16:18:43","date_gmt":"2023-02-08T16:18:43","guid":{"rendered":"https:\/\/m5j0n6nk9p.onrocket.site\/?page_id=37350"},"modified":"2023-04-20T09:09:03","modified_gmt":"2023-04-20T08:09:03","slug":"valvulas-diafragma-serie-industrial","status":"publish","type":"page","link":"https:\/\/klinger.pt\/es\/produtos\/valvulas\/valvulas-diafragma-pinch\/valvulas-de-diafragma\/valvulas-diafragma-serie-industrial\/","title":{"rendered":"V\u00c1LVULAS DIAFRAGMA S\u00c9RIE INDUSTRIAL"},"content":{"rendered":"\n<h1 class=\"wp-block-heading\">V\u00c1LVULAS DIAFRAGMA S\u00c9RIE INDUSTRIAL<\/h1>\n\n\n<div class=\"wp-block-image\">\n<figure class=\"alignleft size-large is-resized\"><img fetchpriority=\"high\" decoding=\"async\" src=\"https:\/\/klinger.pt\/wp-content\/uploads\/2023\/04\/Tipo-A-e-B-horizontal-1024x555.webp\" alt=\"V\u00c1LVULAS DIAFRAGMA\" class=\"wp-image-41376\" width=\"510\" height=\"275\" srcset=\"https:\/\/klinger.pt\/wp-content\/uploads\/2023\/04\/Tipo-A-e-B-horizontal-1024x555.webp 1024w, https:\/\/klinger.pt\/wp-content\/uploads\/2023\/04\/Tipo-A-e-B-horizontal-300x163.webp 300w, https:\/\/klinger.pt\/wp-content\/uploads\/2023\/04\/Tipo-A-e-B-horizontal-768x416.webp 768w, https:\/\/klinger.pt\/wp-content\/uploads\/2023\/04\/Tipo-A-e-B-horizontal.webp 1200w\" sizes=\"(max-width: 510px) 100vw, 510px\" \/><\/figure>\n<\/div>\n\n\n<h2 class=\"wp-block-heading\">Porqu\u00ea V\u00e1lvulas Diafragma?<\/h2>\n\n\n\n<p>As v\u00e1lvulas diafragma possuem in\u00fameros diferenciais em rela\u00e7\u00e3o a outros tipos de v\u00e1lvulas.<\/p>\n\n\n\n<ul class=\"wp-block-list\">\n<li><strong>Resist\u00eancia \u00e0 Corros\u00e3o<\/strong><br>As V\u00e1lvulas Diafragma Saunders s\u00e3o a primeira escolha para v\u00e1lvulas altamente aplica\u00e7\u00f5es corrosivas. Oferecemos uma vasta gama de forros e diafragmas para se adequarem \u00e0 maioria das aplica\u00e7\u00f5es. Esta vasta sele\u00e7\u00e3o de forros e diafragmas de corpo materiais proporciona um eficaz e econ\u00f3mico eliminando a necessidade de ligas ex\u00f3ticas. A nossa extensa gama de op\u00e7\u00f5es de v\u00e1lvulas inclui revestimentos em elast\u00f3mero e fluoropol\u00edmero, concebidos especialmente para combater a corros\u00e3o.<\/li>\n\n\n\n<li><strong>Resist\u00eancia \u00e0 Abras\u00e3o<\/strong><br>A tecnologia de pol\u00edmeros Saunders proporciona uma resist\u00eancia superior \u00e0 abras\u00e3o. A v\u00e1lvula de passagem direta KB manusear\u00e1 at\u00e9 100% de s\u00f3lidos e assegurar\u00e1 a aus\u00eancia de fugas desligados com um diafragma de borracha macia.<\/li>\n\n\n\n<li><strong>Estanqueidade de<\/strong> <strong>Vazamento<\/strong><br>Em servi\u00e7os de press\u00e3o e v\u00e1cuo, V\u00e1lvulas de diafragma Saunders entregam 100% de estanqueidade no fecho de acordo com as normas MSS SP-88 e BS EN 12266-1, mesmo depois de milhares de opera\u00e7\u00f5es.<br>Isto reduz o processamento e custos de manipula\u00e7\u00e3o, eliminando comummente associadas com outros desenhos de v\u00e1lvulas.<\/li>\n\n\n\n<li><strong>Mecanismo de opera\u00e7\u00e3o isolado de meios de linha<\/strong><br>Todas as partes de trabalho das v\u00e1lvulas s\u00e3o isoladas dos meios de linha e o fecho positivo \u00e9 obtido mesmo em ciclismo frequente ou com arrastamento part\u00edculas na linha, ao contr\u00e1rio de outras tipos de v\u00e1lvulas.<\/li>\n\n\n\n<li><strong>Manuten\u00e7\u00e3o f\u00e1cil<\/strong><br>Um desenho em tr\u00eas partes permite a manuten\u00e7\u00e3o e a adapta\u00e7\u00e3o do atuador sem remo\u00e7\u00e3o o corpo da v\u00e1lvula a partir da tubagem. Globalmente, isto resulta num custo mais baixo de propriedade em compara\u00e7\u00e3o com outras v\u00e1lvulas tipos.<\/li>\n\n\n\n<li><strong>Adequado para controlo<\/strong><br>Caracter\u00edsticas de estrangulamento e controlo s\u00e3o refor\u00e7ados por um caminho de fluxo racionalizado que \u00e9 sem cavidades e proporciona excelente capacidades de controlo de fluxo.<\/li>\n\n\n\n<li><strong>Opera\u00e7\u00e3o Linear<\/strong><br>O movimento linear da v\u00e1lvula elimina o assento rotativo desgaste que \u00e9 caracter\u00edstico de v\u00e1lvulas de um quarto de volta, resultando em uma vida \u00fatil mais longa e reduzida custo total de propriedade. Isto resulta numa vida \u00fatil mais longa.<\/li>\n\n\n\n<li><strong>Versatilidade de instala\u00e7\u00e3o<\/strong><br>A v\u00e1lvula Saunders pode ser instalada em qualquer posi\u00e7\u00e3o sem afetando o seu funcionamento. No entanto, recomendamos que a instala\u00e7\u00e3o seja pelo menos seis vezes o di\u00e2metro do tubo de uma curva ou bomba (dez vezes o di\u00e2metro do tubo, se a v\u00e1lvula for utilizada para controlo).<\/li>\n<\/ul>\n\n\n\n<div style=\"height:30px\" aria-hidden=\"true\" class=\"wp-block-spacer\"><\/div>\n\n\n\n<div class=\"wp-block-group\"><div class=\"wp-block-group__inner-container is-layout-constrained wp-block-group-is-layout-constrained\">\n<div class=\"wp-block-columns is-layout-flex wp-container-core-columns-is-layout-9d6595d7 wp-block-columns-is-layout-flex\">\n<div class=\"wp-block-column is-layout-flow wp-block-column-is-layout-flow\" style=\"flex-basis:300px\"><div class=\"wp-block-image\">\n<figure class=\"aligncenter size-full is-resized\"><img decoding=\"async\" src=\"https:\/\/klinger.pt\/wp-content\/uploads\/2023\/04\/type-A_vertical.webp\" alt=\"\" class=\"wp-image-41352\" width=\"200\" srcset=\"https:\/\/klinger.pt\/wp-content\/uploads\/2023\/04\/type-A_vertical.webp 250w, https:\/\/klinger.pt\/wp-content\/uploads\/2023\/04\/type-A_vertical-125x300.webp 125w\" sizes=\"(max-width: 250px) 100vw, 250px\" \/><\/figure>\n<\/div><\/div>\n\n\n\n<div class=\"wp-block-column is-layout-flow wp-block-column-is-layout-flow\" style=\"flex-basis:700px\">\n<h2 class=\"wp-block-heading\">V\u00e1lvula Diafragma Tipo A<\/h2>\n\n\n\n<ul class=\"wp-block-list\">\n<li>Design original Saunders<\/li>\n\n\n\n<li>Volante no tamanho certo para uma ader\u00eancia confort\u00e1vel e f\u00e1cil opera\u00e7\u00e3o<\/li>\n\n\n\n<li>Lubrificado para a vida, e protegido do p\u00f3, sujidade, humidade e contaminantes atmosf\u00e9ricos<\/li>\n\n\n\n<li>Vasta gama de materiais de corpo dispon\u00edveis<\/li>\n\n\n\n<li>Diafragma substitu\u00edvel com v\u00e1lvula em linha<\/li>\n\n\n\n<li>O acabamento da pintura resiste ao ataque ambiental<\/li>\n\n\n\n<li>Ampla escolha de materiais de diafragma, que isolam todas as pe\u00e7as de trabalho do volante do fluido da linha<\/li>\n\n\n\n<li>Os diafragmas refor\u00e7ados d\u00e3o uma longa vida \u00fatil e um funcionamento sem fugas<\/li>\n\n\n\n<li>Conex\u00f5es roscadas, flangeadas ou soldadas que aderem a v\u00e1rias normas internacionais<\/li>\n\n\n\n<li>Diferentes op\u00e7\u00f5es de revestimento dispon\u00edveis para lidar com todos os fluidos<\/li>\n\n\n\n<li>Compressor fornece apoio ao diafragma em todas as posi\u00e7\u00f5es, melhorando a vida \u00fatil do diafragma<\/li>\n\n\n\n<li>O indicador amarelo da v\u00e1lvula fornece uma indica\u00e7\u00e3o visual da posi\u00e7\u00e3o da v\u00e1lvula<\/li>\n<\/ul>\n\n\n\n<h5 class=\"wp-block-heading\"><a href=\"https:\/\/klinger.pt\/wp-content\/uploads\/2023\/04\/A-Type-Datasheet_compressed.pdf\" target=\"_blank\" rel=\"noopener\" title=\"FICHA T\u00c9CNICA V\u00c1LVULA DIAFRAGMA TIPO A (EN)\">FICHA T\u00c9CNICA V\u00c1LVULA DIAFRAGMA TIPO A (EN)<\/a><\/h5>\n<\/div>\n<\/div>\n<\/div><\/div>\n\n\n\n<div class=\"wp-block-group\"><div class=\"wp-block-group__inner-container is-layout-constrained wp-block-group-is-layout-constrained\">\n<div class=\"wp-block-columns is-layout-flex wp-container-core-columns-is-layout-9d6595d7 wp-block-columns-is-layout-flex\">\n<div class=\"wp-block-column is-layout-flow wp-block-column-is-layout-flow\" style=\"flex-basis:300px\"><div class=\"wp-block-image\">\n<figure class=\"aligncenter size-full is-resized\"><img decoding=\"async\" src=\"https:\/\/klinger.pt\/wp-content\/uploads\/2023\/04\/type-B_vertical.webp\" alt=\"\" class=\"wp-image-41350\" width=\"200\" srcset=\"https:\/\/klinger.pt\/wp-content\/uploads\/2023\/04\/type-B_vertical.webp 250w, https:\/\/klinger.pt\/wp-content\/uploads\/2023\/04\/type-B_vertical-121x300.webp 121w\" sizes=\"(max-width: 250px) 100vw, 250px\" \/><\/figure>\n<\/div><\/div>\n\n\n\n<div class=\"wp-block-column is-layout-flow wp-block-column-is-layout-flow\" style=\"flex-basis:700px\">\n<h2 class=\"wp-block-heading\">V\u00e1lvula Diafragma Tipo KB\/K<\/h2>\n\n\n\n<ul class=\"wp-block-list\">\n<li>Volante no tamanho certo para uma ader\u00eancia confort\u00e1vel e f\u00e1cil opera\u00e7\u00e3o<\/li>\n\n\n\n<li>Lubrificado para a vida, e protegido do p\u00f3, sujidade, humidade e contaminantes atmosf\u00e9ricos<\/li>\n\n\n\n<li>Dupla haste roscada reduz as voltas da roda manual<\/li>\n\n\n\n<li>Diafragma substitu\u00edvel com v\u00e1lvula em linha<\/li>\n\n\n\n<li>O acabamento da pintura resiste ao ataque ambiental<\/li>\n\n\n\n<li>Diafragma resiliente manuseia abrasivos e part\u00edculas em suspens\u00e3o na linha, mas ainda proporciona um fecho positivo e isola todas as pe\u00e7as de trabalho da tampa do castelo do fluido da linha<\/li>\n\n\n\n<li>Os diafragmas refor\u00e7ados d\u00e3o uma longa vida \u00fatil e um funcionamento sem fugas<\/li>\n\n\n\n<li>Op\u00e7\u00f5es aparafusadas e flangeadas numa vasta gama de materiais corporais<\/li>\n\n\n\n<li>Revestimento do corpo incluindo vidro e uma vasta gama de elast\u00f3meros<\/li>\n\n\n\n<li>Desenho suave e n\u00e3o perturbador do corpo para um fluxo sem restri\u00e7\u00f5es e queda de press\u00e3o m\u00ednima<\/li>\n\n\n\n<li>O indicador amarelo da v\u00e1lvula fornece uma indica\u00e7\u00e3o visual da posi\u00e7\u00e3o da v\u00e1lvula<\/li>\n<\/ul>\n\n\n\n<h5 class=\"wp-block-heading\"><a href=\"https:\/\/klinger.pt\/wp-content\/uploads\/2023\/04\/KB-B-Type-Datasheet_compressed.pdf\" target=\"_blank\" rel=\"noopener\" title=\"\">FICHA T\u00c9CNICA V\u00c1LVULA DIAFRAGMA TIPO KB\/K (EN)<\/a><\/h5>\n\n\n\n<h5 class=\"wp-block-heading\"><a href=\"https:\/\/klinger.pt\/wp-content\/uploads\/2023\/04\/Atuadores-Datasheet_compressed.pdf\" target=\"_blank\" rel=\"noopener\" title=\"\">FICHA T\u00c9CNICA ATUADORES (EN)<\/a><\/h5>\n<\/div>\n<\/div>\n<\/div><\/div>\n","protected":false},"excerpt":{"rendered":"<p>V\u00c1LVULAS DIAFRAGMA S\u00c9RIE INDUSTRIAL Porqu\u00ea V\u00e1lvulas Diafragma? As v\u00e1lvulas diafragma possuem in\u00fameros diferenciais em rela\u00e7\u00e3o a outros tipos de v\u00e1lvulas. V\u00e1lvula Diafragma Tipo A FICHA T\u00c9CNICA V\u00c1LVULA DIAFRAGMA TIPO A (EN) V\u00e1lvula Diafragma Tipo KB\/K FICHA T\u00c9CNICA V\u00c1LVULA DIAFRAGMA TIPO KB\/K (EN) FICHA T\u00c9CNICA ATUADORES (EN)<\/p>\n","protected":false},"author":4,"featured_media":0,"parent":22695,"menu_order":0,"comment_status":"closed","ping_status":"closed","template":"page-templates\/servicios.php","meta":{"_eb_attr":"","footnotes":""},"class_list":["post-37350","page","type-page","status-publish","hentry"],"aioseo_notices":[],"_links":{"self":[{"href":"https:\/\/klinger.pt\/es\/wp-json\/wp\/v2\/pages\/37350","targetHints":{"allow":["GET"]}}],"collection":[{"href":"https:\/\/klinger.pt\/es\/wp-json\/wp\/v2\/pages"}],"about":[{"href":"https:\/\/klinger.pt\/es\/wp-json\/wp\/v2\/types\/page"}],"author":[{"embeddable":true,"href":"https:\/\/klinger.pt\/es\/wp-json\/wp\/v2\/users\/4"}],"replies":[{"embeddable":true,"href":"https:\/\/klinger.pt\/es\/wp-json\/wp\/v2\/comments?post=37350"}],"version-history":[{"count":29,"href":"https:\/\/klinger.pt\/es\/wp-json\/wp\/v2\/pages\/37350\/revisions"}],"predecessor-version":[{"id":41481,"href":"https:\/\/klinger.pt\/es\/wp-json\/wp\/v2\/pages\/37350\/revisions\/41481"}],"up":[{"embeddable":true,"href":"https:\/\/klinger.pt\/es\/wp-json\/wp\/v2\/pages\/22695"}],"wp:attachment":[{"href":"https:\/\/klinger.pt\/es\/wp-json\/wp\/v2\/media?parent=37350"}],"curies":[{"name":"wp","href":"https:\/\/api.w.org\/{rel}","templated":true}]}}