{"id":37164,"date":"2023-03-14T15:38:19","date_gmt":"2023-03-14T15:38:19","guid":{"rendered":"https:\/\/m5j0n6nk9p.onrocket.site\/?page_id=37164"},"modified":"2023-03-15T15:46:44","modified_gmt":"2023-03-15T15:46:44","slug":"corta-chamas","status":"publish","type":"page","link":"https:\/\/klinger.pt\/es\/produtos\/outros-equipamentos-tecnicos\/corta-chamas\/","title":{"rendered":"CORTA-CHAMAS"},"content":{"rendered":"\n<h1 class=\"wp-block-heading\">CORTA-CHAMAS<\/h1>\n\n\n\n<p>Um dos maiores riscos associados ao transporte ou armazenamento de l\u00edquidos ou gases inflam\u00e1veis \u00e9 a possibilidade de ocorr\u00eancia de igni\u00e7\u00e3o do vapor inflam\u00e1vel, o que pode resultar em inc\u00eandios ou explos\u00f5es. Os dispositivos corta-chamas permitem que os gases ou vapores fluam normalmente durante as opera\u00e7\u00f5es, ao mesmo tempo que evitam a propaga\u00e7\u00e3o da chama caso ocorra uma igni\u00e7\u00e3o.<\/p>\n\n\n\n<p>Com o intuito de auxiliar na escolha do produto, organizamos os itens em tr\u00eas categorias distintas. Al\u00e9m disso, todos os produtos est\u00e3o em conformidade com as leis e regulamentos vigentes, incluindo a Diretiva ATEX 2014\/34\/EU, que se aplica a todos os equipamentos utilizados em locais classificados e inclui dispositivos corta-chamas. Ademais, cumprem a norma internacional EN ISO 16852, que define os requisitos para os testes dos corta-chamas.<\/p>\n\n\n\n<div style=\"height:25px\" aria-hidden=\"true\" class=\"wp-block-spacer\"><\/div>\n\n\n\n<div class=\"wp-block-columns has-2-columns is-layout-flex wp-container-core-columns-is-layout-9d6595d7 wp-block-columns-is-layout-flex\">\n<div class=\"wp-block-column is-layout-flow wp-block-column-is-layout-flow\">\n<figure class=\"wp-block-table alignleft flecha\"><table><tbody><tr><td class=\"has-text-align-center\" data-align=\"center\"><img fetchpriority=\"high\" decoding=\"async\" width=\"270\" height=\"270\" class=\"wp-image-39269\" style=\"width: 270px;\" src=\"https:\/\/klinger.pt\/wp-content\/uploads\/2023\/03\/DFC-mini.webp\" alt=\"Corta chamas DFC\" srcset=\"https:\/\/klinger.pt\/wp-content\/uploads\/2023\/03\/DFC-mini.webp 270w, https:\/\/klinger.pt\/wp-content\/uploads\/2023\/03\/DFC-mini-150x150.webp 150w\" sizes=\"(max-width: 270px) 100vw, 270px\" \/><\/td><td><strong><a href=\"https:\/\/klinger.pt\/produtos\/outros-equipamentos-tecnicos\/corta-chamas\/corta-chamas-de-deflagracao-em-linha\/\" title=\"\">CORTA-CHAMAS DE DEFLAGRA\u00c7\u00c3O EM LINHA<\/a><\/strong><br><br><a href=\"https:\/\/klinger.pt\/produtos\/outros-equipamentos-tecnicos\/corta-chamas\/corta-chamas-de-deflagracao-em-linha\/\" title=\"\ufffc\"><img decoding=\"async\" class=\"wp-image-2704\" style=\"width: 18px;\" src=\"https:\/\/www.klinger.es\/wp-content\/uploads\/2019\/11\/icon-arrow-blue-double.png\" alt=\"\"><\/a><\/td><\/tr><\/tbody><\/table><\/figure>\n<\/div>\n\n\n\n<div class=\"wp-block-column is-layout-flow wp-block-column-is-layout-flow\">\n<figure class=\"wp-block-table alignleft flecha\"><table><tbody><tr><td><img decoding=\"async\" width=\"270\" height=\"270\" class=\"wp-image-39271\" style=\"width: 270px;\" src=\"https:\/\/klinger.pt\/wp-content\/uploads\/2023\/03\/EVB-mini.webp\" alt=\"\" srcset=\"https:\/\/klinger.pt\/wp-content\/uploads\/2023\/03\/EVB-mini.webp 270w, https:\/\/klinger.pt\/wp-content\/uploads\/2023\/03\/EVB-mini-150x150.webp 150w\" sizes=\"(max-width: 270px) 100vw, 270px\" \/><\/td><td><strong><a href=\"https:\/\/klinger.pt\/restrained-products-draft\/\" title=\"\">CORTA-CHAMAS DE DEFLAGRA\u00c7\u00c3O FINAL DE LINHA<\/a><\/strong><br><br><a href=\"https:\/\/klinger.pt\/non-restrained-products-draft\/\" title=\"\ufffc\"><img decoding=\"async\" class=\"wp-image-2704\" style=\"width: 18px;\" src=\"https:\/\/www.klinger.es\/wp-content\/uploads\/2019\/11\/icon-arrow-blue-double.png\" alt=\"\"><\/a><\/td><\/tr><\/tbody><\/table><\/figure>\n<\/div>\n<\/div>\n\n\n\n<div class=\"wp-block-columns has-2-columns is-layout-flex wp-container-core-columns-is-layout-9d6595d7 wp-block-columns-is-layout-flex\">\n<div class=\"wp-block-column is-layout-flow wp-block-column-is-layout-flow\">\n<figure class=\"wp-block-table alignleft flecha\"><table><tbody><tr><td class=\"has-text-align-center\" data-align=\"center\"><img decoding=\"async\" width=\"270\" height=\"270\" class=\"wp-image-39273\" style=\"width: 270px;\" src=\"https:\/\/klinger.pt\/wp-content\/uploads\/2023\/03\/UCB-mini.webp\" alt=\"\" srcset=\"https:\/\/klinger.pt\/wp-content\/uploads\/2023\/03\/UCB-mini.webp 270w, https:\/\/klinger.pt\/wp-content\/uploads\/2023\/03\/UCB-mini-150x150.webp 150w\" sizes=\"(max-width: 270px) 100vw, 270px\" \/><\/td><td><strong><a href=\"https:\/\/klinger.pt\/restrained-products-draft\/\" title=\"\">CORTA-CHAMAS DE DETONA\u00c7\u00c3O EM LINHA<\/a><\/strong><br><br><a href=\"https:\/\/klinger.pt\/pipe-repair-products-draft\/\" title=\"\ufffc\"><img decoding=\"async\" class=\"wp-image-2704\" style=\"width: 18px;\" src=\"https:\/\/www.klinger.es\/wp-content\/uploads\/2019\/11\/icon-arrow-blue-double.png\" alt=\"\"><\/a><\/td><\/tr><\/tbody><\/table><\/figure>\n<\/div>\n\n\n\n<div class=\"wp-block-column transparente is-layout-flow wp-block-column-is-layout-flow\"><\/div>\n<\/div>\n","protected":false},"excerpt":{"rendered":"<p>CORTA-CHAMAS Um dos maiores riscos associados ao transporte ou armazenamento de l\u00edquidos ou gases inflam\u00e1veis \u00e9 a possibilidade de ocorr\u00eancia de igni\u00e7\u00e3o do vapor inflam\u00e1vel, o que pode resultar em inc\u00eandios ou explos\u00f5es. Os dispositivos corta-chamas permitem que os gases ou vapores fluam normalmente durante as opera\u00e7\u00f5es, ao mesmo tempo que evitam a propaga\u00e7\u00e3o da [&hellip;]<\/p>\n","protected":false},"author":4,"featured_media":0,"parent":28635,"menu_order":0,"comment_status":"closed","ping_status":"closed","template":"page-templates\/secciones-principales.php","meta":{"_eb_attr":"","footnotes":""},"class_list":["post-37164","page","type-page","status-publish","hentry"],"aioseo_notices":[],"_links":{"self":[{"href":"https:\/\/klinger.pt\/es\/wp-json\/wp\/v2\/pages\/37164","targetHints":{"allow":["GET"]}}],"collection":[{"href":"https:\/\/klinger.pt\/es\/wp-json\/wp\/v2\/pages"}],"about":[{"href":"https:\/\/klinger.pt\/es\/wp-json\/wp\/v2\/types\/page"}],"author":[{"embeddable":true,"href":"https:\/\/klinger.pt\/es\/wp-json\/wp\/v2\/users\/4"}],"replies":[{"embeddable":true,"href":"https:\/\/klinger.pt\/es\/wp-json\/wp\/v2\/comments?post=37164"}],"version-history":[{"count":5,"href":"https:\/\/klinger.pt\/es\/wp-json\/wp\/v2\/pages\/37164\/revisions"}],"predecessor-version":[{"id":39440,"href":"https:\/\/klinger.pt\/es\/wp-json\/wp\/v2\/pages\/37164\/revisions\/39440"}],"up":[{"embeddable":true,"href":"https:\/\/klinger.pt\/es\/wp-json\/wp\/v2\/pages\/28635"}],"wp:attachment":[{"href":"https:\/\/klinger.pt\/es\/wp-json\/wp\/v2\/media?parent=37164"}],"curies":[{"name":"wp","href":"https:\/\/api.w.org\/{rel}","templated":true}]}}