{"id":37129,"date":"2023-02-06T15:59:42","date_gmt":"2023-02-06T15:59:42","guid":{"rendered":"https:\/\/m5j0n6nk9p.onrocket.site\/?page_id=37129"},"modified":"2023-03-31T10:29:25","modified_gmt":"2023-03-31T09:29:25","slug":"valvula-de-cunha-elastica-roscada","status":"publish","type":"page","link":"https:\/\/klinger.pt\/es\/produtos\/valvulas\/valvulas-de-cunha-e-globo\/valvulas-de-cunha-e-globo-aguas\/valvula-de-cunha-elastica-roscada\/","title":{"rendered":"V\u00c1LVULA DE CUNHA EL\u00c1STICA ROSCADA"},"content":{"rendered":"\n<div class=\"wp-block-columns is-layout-flex wp-container-core-columns-is-layout-9d6595d7 wp-block-columns-is-layout-flex\">\n<div class=\"wp-block-column is-layout-flow wp-block-column-is-layout-flow\" style=\"flex-basis:400px\"><div class=\"wp-block-image\">\n<figure class=\"aligncenter size-full\"><img fetchpriority=\"high\" decoding=\"async\" width=\"300\" height=\"463\" src=\"https:\/\/klinger.pt\/wp-content\/uploads\/2023\/02\/Valvula-de-Cunha-Elastica-Roscada.webp\" alt=\"V\u00c1LVULA DE CUNHA EL\u00c1STICA ROSCADA\" class=\"wp-image-37131\" srcset=\"https:\/\/klinger.pt\/wp-content\/uploads\/2023\/02\/Valvula-de-Cunha-Elastica-Roscada.webp 300w, https:\/\/klinger.pt\/wp-content\/uploads\/2023\/02\/Valvula-de-Cunha-Elastica-Roscada-194x300.webp 194w\" sizes=\"(max-width: 300px) 100vw, 300px\" \/><\/figure>\n<\/div><\/div>\n\n\n\n<div class=\"wp-block-column is-layout-flow wp-block-column-is-layout-flow\" style=\"flex-basis:700px\">\n<h1 class=\"wp-block-heading\">V\u00c1LVULA DE CUNHA EL\u00c1STICA ROSCADA<\/h1>\n\n\n\n<p>A V\u00e1lvula de Cunha El\u00e1stica Roscada foi desenvolvida especialmente para a distribui\u00e7\u00e3o e bombagem de \u00e1gua pot\u00e1vel, esgotos e irriga\u00e7\u00e3o.<\/p>\n\n\n\n<h2 class=\"wp-block-heading\">CARACTER\u00cdSTICAS GERAIS<\/h2>\n\n\n\n<ul class=\"wp-block-list\">\n<li>Gama de ND20 a ND50<\/li>\n\n\n\n<li>WRAS certificado para \u00e1gua pot\u00e1vel<\/li>\n\n\n\n<li>Certificado EN 1074-2<\/li>\n\n\n\n<li>100% estanque em ambas as direc\u00e7\u00f5es<\/li>\n\n\n\n<li>M\u00ednima queda de press\u00e3o<\/li>\n\n\n\n<li>Mudan\u00e7a de junta sob press\u00e3o da tubagem<\/li>\n\n\n\n<li>Baixos valores de torque<\/li>\n\n\n\n<li>Pintura ep\u00f3xi 250 m\u00edcrons: RAL 5015<\/li>\n<\/ul>\n\n\n\n<h2 class=\"wp-block-heading\">PADR\u00c3O<\/h2>\n\n\n\n<ul class=\"wp-block-list\">\n<li>Fabrico de acordo com a norma ISO 9001 2008<\/li>\n\n\n\n<li>Desenho de acordo com DIN 3352<\/li>\n\n\n\n<li>Rosca G\u00c1S \/ TNP<\/li>\n\n\n\n<li>Teste de press\u00e3o: EN 12266-1 Taxa A<\/li>\n\n\n\n<li>Corpo: 24 bar<\/li>\n\n\n\n<li>Assento \/ Sede: 17,6 bar<\/li>\n<\/ul>\n\n\n\n<h2 class=\"wp-block-heading\">CONDI\u00c7\u00d5ES DE TRABALHO<\/h2>\n\n\n\n<ul class=\"wp-block-list\">\n<li>Press\u00e3o m\u00e1xima de trabalho: 16 bar<\/li>\n\n\n\n<li>Temperatura de trabalho &#8211; 10 \u00b0 C \/ +90 \u00b0C<\/li>\n<\/ul>\n<\/div>\n<\/div>\n\n\n\n<h5 class=\"wp-block-heading\"><a href=\"https:\/\/klinger.pt\/wp-content\/uploads\/2023\/02\/Ficha-tecnica-Valvula-de-Cunha-Roscada-_compressed.pdf\" target=\"_blank\" rel=\"noopener\" title=\"\">FICHA T\u00c9CNICA (PT)<\/a><\/h5>\n","protected":false},"excerpt":{"rendered":"<p>V\u00c1LVULA DE CUNHA EL\u00c1STICA ROSCADA A V\u00e1lvula de Cunha El\u00e1stica Roscada foi desenvolvida especialmente para a distribui\u00e7\u00e3o e bombagem de \u00e1gua pot\u00e1vel, esgotos e irriga\u00e7\u00e3o. CARACTER\u00cdSTICAS GERAIS PADR\u00c3O CONDI\u00c7\u00d5ES DE TRABALHO FICHA T\u00c9CNICA (PT)<\/p>\n","protected":false},"author":4,"featured_media":0,"parent":31125,"menu_order":0,"comment_status":"closed","ping_status":"closed","template":"page-templates\/servicios.php","meta":{"_eb_attr":"","footnotes":""},"class_list":["post-37129","page","type-page","status-publish","hentry"],"aioseo_notices":[],"_links":{"self":[{"href":"https:\/\/klinger.pt\/es\/wp-json\/wp\/v2\/pages\/37129","targetHints":{"allow":["GET"]}}],"collection":[{"href":"https:\/\/klinger.pt\/es\/wp-json\/wp\/v2\/pages"}],"about":[{"href":"https:\/\/klinger.pt\/es\/wp-json\/wp\/v2\/types\/page"}],"author":[{"embeddable":true,"href":"https:\/\/klinger.pt\/es\/wp-json\/wp\/v2\/users\/4"}],"replies":[{"embeddable":true,"href":"https:\/\/klinger.pt\/es\/wp-json\/wp\/v2\/comments?post=37129"}],"version-history":[{"count":5,"href":"https:\/\/klinger.pt\/es\/wp-json\/wp\/v2\/pages\/37129\/revisions"}],"predecessor-version":[{"id":40455,"href":"https:\/\/klinger.pt\/es\/wp-json\/wp\/v2\/pages\/37129\/revisions\/40455"}],"up":[{"embeddable":true,"href":"https:\/\/klinger.pt\/es\/wp-json\/wp\/v2\/pages\/31125"}],"wp:attachment":[{"href":"https:\/\/klinger.pt\/es\/wp-json\/wp\/v2\/media?parent=37129"}],"curies":[{"name":"wp","href":"https:\/\/api.w.org\/{rel}","templated":true}]}}