{"id":37105,"date":"2023-02-06T15:34:39","date_gmt":"2023-02-06T15:34:39","guid":{"rendered":"https:\/\/m5j0n6nk9p.onrocket.site\/?page_id=37105"},"modified":"2023-05-09T14:18:06","modified_gmt":"2023-05-09T13:18:06","slug":"valvula-de-cunha-elastica-flangeada","status":"publish","type":"page","link":"https:\/\/klinger.pt\/es\/produtos\/valvulas\/valvulas-de-cunha-e-globo\/valvulas-de-cunha-e-globo-aguas\/valvula-de-cunha-elastica-flangeada\/","title":{"rendered":"V\u00c1LVULA DE CUNHA EL\u00c1STICA FLANGEADA"},"content":{"rendered":"\n<div class=\"wp-block-columns is-layout-flex wp-container-core-columns-is-layout-9d6595d7 wp-block-columns-is-layout-flex\">\n<div class=\"wp-block-column is-layout-flow wp-block-column-is-layout-flow\" style=\"flex-basis:400px\"><div class=\"wp-block-image\">\n<figure class=\"aligncenter size-full is-resized\"><img fetchpriority=\"high\" decoding=\"async\" src=\"https:\/\/klinger.pt\/wp-content\/uploads\/2023\/02\/Valvula-de-Cunha-Elastica-Flangeada-Com-Atuador-1.webp\" alt=\"V\u00c1LVULA DE CUNHA EL\u00c1STICA FLANGEADA\" class=\"wp-image-37108\" width=\"216\" height=\"320\" srcset=\"https:\/\/klinger.pt\/wp-content\/uploads\/2023\/02\/Valvula-de-Cunha-Elastica-Flangeada-Com-Atuador-1.webp 313w, https:\/\/klinger.pt\/wp-content\/uploads\/2023\/02\/Valvula-de-Cunha-Elastica-Flangeada-Com-Atuador-1-202x300.webp 202w\" sizes=\"(max-width: 216px) 100vw, 216px\" \/><\/figure>\n<\/div>\n\n<div class=\"wp-block-image\">\n<figure class=\"aligncenter size-full\"><img decoding=\"async\" width=\"444\" height=\"444\" src=\"https:\/\/klinger.pt\/wp-content\/uploads\/2023\/02\/Valvula-de-Cunha-Elastica-Flangeada-Sem-Atuador.webp\" alt=\"V\u00c1LVULA DE CUNHA EL\u00c1STICA FLANGEADA\" class=\"wp-image-37110\" srcset=\"https:\/\/klinger.pt\/wp-content\/uploads\/2023\/02\/Valvula-de-Cunha-Elastica-Flangeada-Sem-Atuador.webp 444w, https:\/\/klinger.pt\/wp-content\/uploads\/2023\/02\/Valvula-de-Cunha-Elastica-Flangeada-Sem-Atuador-300x300.webp 300w, https:\/\/klinger.pt\/wp-content\/uploads\/2023\/02\/Valvula-de-Cunha-Elastica-Flangeada-Sem-Atuador-150x150.webp 150w\" sizes=\"(max-width: 444px) 100vw, 444px\" \/><\/figure>\n<\/div>\n\n\n<figure class=\"wp-block-image size-full\"><img decoding=\"async\" width=\"479\" height=\"69\" src=\"https:\/\/klinger.pt\/wp-content\/uploads\/2023\/02\/BVP70RVALVULADECOMPUERTACETIPOBRIDASS14152.jpg\" alt=\"\" class=\"wp-image-37116\" srcset=\"https:\/\/klinger.pt\/wp-content\/uploads\/2023\/02\/BVP70RVALVULADECOMPUERTACETIPOBRIDASS14152.jpg 479w, https:\/\/klinger.pt\/wp-content\/uploads\/2023\/02\/BVP70RVALVULADECOMPUERTACETIPOBRIDASS14152-300x43.jpg 300w\" sizes=\"(max-width: 479px) 100vw, 479px\" \/><\/figure>\n<\/div>\n\n\n\n<div class=\"wp-block-column is-layout-flow wp-block-column-is-layout-flow\" style=\"flex-basis:700px\">\n<h1 class=\"wp-block-heading\">V\u00c1LVULA DE CUNHA EL\u00c1STICA FLANGEADA<\/h1>\n\n\n\n<p>A V\u00e1lvula de Cunha El\u00e1stica Flangeada est\u00e1 dispon\u00edvel nas vers\u00f5es para atuador e sem atuador. Aplica\u00e7\u00e3o: rede de distribui\u00e7\u00e3o de \u00e1gua, prote\u00e7\u00e3o contra inc\u00eandios, dessaliniza\u00e7\u00e3o, tratamento de \u00e1gua, irriga\u00e7\u00e3o, liga\u00e7\u00f5es dom\u00e9sticas, barragens e energia hidroel\u00e9trica,  aplica\u00e7\u00f5es de \u00e1gua industrial, \u00e1guas residuais e tratamento.<\/p>\n\n\n\n<h2 class=\"wp-block-heading\">CARACTER\u00cdSTICAS GERAIS<\/h2>\n\n\n\n<ul class=\"wp-block-list\">\n<li>Gama de DN-40 a DN-1200<\/li>\n\n\n\n<li>100% veda\u00e7\u00e3o em ambas as dire\u00e7\u00f5es<\/li>\n\n\n\n<li>100% testado em conformidade com a norma EN 12266-1<\/li>\n\n\n\n<li>Passagem total com baixa perda de carga<\/li>\n\n\n\n<li>Parafusos da tampa protegidos e selados<\/li>\n\n\n\n<li>Baixos bin\u00e1rio de opera\u00e7\u00e3o<\/li>\n\n\n\n<li>Pintura ep\u00f3xi 250 m\u00edcrons<\/li>\n\n\n\n<li>Resist\u00eancia a 2.500 ciclos<\/li>\n<\/ul>\n\n\n\n<h2 class=\"wp-block-heading\">PADR\u00c3O<\/h2>\n\n\n\n<ul class=\"wp-block-list\">\n<li>Desenho: DIN 3352<\/li>\n\n\n\n<li>Fabrico de acordo com: EN 1074-2. \/GB\/T12232-1989<\/li>\n\n\n\n<li>Dist\u00e2ncia entre flanges: EN 558-1 S\u00e9rie 14\/15 (F4\/F5)<\/li>\n\n\n\n<li>Montagem entre flanges: PN10 \/ 16 EN 1092-2, ISO 7005-2<\/li>\n\n\n\n<li>Teste de press\u00e3o: EN 12266-1 Taxa A. GB\/T13927-1992<\/li>\n\n\n\n<li>Corpo: 24 bar<\/li>\n\n\n\n<li>Assento: 17,6 bar<\/li>\n\n\n\n<li>Directiva 2014\/68 da UE \/ UE: Produtos exclu\u00eddos, artigo 1, \u00a7 2b at\u00e9 DN-300. Categoria de risco I MoD. A de DN-350 a DN-600<\/li>\n<\/ul>\n\n\n\n<h2 class=\"wp-block-heading\">CONDI\u00c7\u00d5ES DE TRABALHO<\/h2>\n\n\n\n<ul class=\"wp-block-list\">\n<li>Classifica\u00e7\u00f5es de press\u00e3o: 1.0Mpa\/ 1.6Mpa<\/li>\n\n\n\n<li>Temperatura de trabalho: -10\u00baC + 80\u00baC<\/li>\n\n\n\n<li>Velocidade m\u00e1xima admiss\u00edvel 4 m\/s de acordo com a EN1074-2<\/li>\n\n\n\n<li>Fluidos: \u00e1gua e l\u00edquidos neutros<\/li>\n<\/ul>\n\n\n\n<h2 class=\"wp-block-heading\">CARACTER\u00cdSTICAS ESPECIAIS<\/h2>\n\n\n\n<ul class=\"wp-block-list\">\n<li>4 an\u00e9is de veda\u00e7\u00e3o no veio (um total de 6 an\u00e9is de veda\u00e7\u00e3o na tampa).<\/li>\n\n\n\n<li>Os 3 an\u00e9is de veda\u00e7\u00e3o superiores podem ser substitu\u00eddos na linha sob press\u00e3o quando a v\u00e1lvula est\u00e1 totalmente aberta.<\/li>\n\n\n\n<li>A face de veda\u00e7\u00e3o do revestimento obt\u00e9m uma melhor veda\u00e7\u00e3o com menor bin\u00e1rio.<\/li>\n<\/ul>\n<\/div>\n<\/div>\n\n\n\n<h5 class=\"wp-block-heading\"><a href=\"https:\/\/klinger.pt\/wp-content\/uploads\/2023\/02\/Ficha-tecnica-Valvula-de-Cunha-Flangeda_compressed-2.pdf\" target=\"_blank\" rel=\"noopener\" title=\"\">FICHA T\u00c9CNICA (PT)<\/a><\/h5>\n","protected":false},"excerpt":{"rendered":"<p>V\u00c1LVULA DE CUNHA EL\u00c1STICA FLANGEADA A V\u00e1lvula de Cunha El\u00e1stica Flangeada est\u00e1 dispon\u00edvel nas vers\u00f5es para atuador e sem atuador. Aplica\u00e7\u00e3o: rede de distribui\u00e7\u00e3o de \u00e1gua, prote\u00e7\u00e3o contra inc\u00eandios, dessaliniza\u00e7\u00e3o, tratamento de \u00e1gua, irriga\u00e7\u00e3o, liga\u00e7\u00f5es dom\u00e9sticas, barragens e energia hidroel\u00e9trica, aplica\u00e7\u00f5es de \u00e1gua industrial, \u00e1guas residuais e tratamento. CARACTER\u00cdSTICAS GERAIS PADR\u00c3O CONDI\u00c7\u00d5ES DE TRABALHO CARACTER\u00cdSTICAS [&hellip;]<\/p>\n","protected":false},"author":4,"featured_media":0,"parent":31125,"menu_order":0,"comment_status":"closed","ping_status":"closed","template":"page-templates\/servicios.php","meta":{"_eb_attr":"","footnotes":""},"class_list":["post-37105","page","type-page","status-publish","hentry"],"aioseo_notices":[],"_links":{"self":[{"href":"https:\/\/klinger.pt\/es\/wp-json\/wp\/v2\/pages\/37105","targetHints":{"allow":["GET"]}}],"collection":[{"href":"https:\/\/klinger.pt\/es\/wp-json\/wp\/v2\/pages"}],"about":[{"href":"https:\/\/klinger.pt\/es\/wp-json\/wp\/v2\/types\/page"}],"author":[{"embeddable":true,"href":"https:\/\/klinger.pt\/es\/wp-json\/wp\/v2\/users\/4"}],"replies":[{"embeddable":true,"href":"https:\/\/klinger.pt\/es\/wp-json\/wp\/v2\/comments?post=37105"}],"version-history":[{"count":16,"href":"https:\/\/klinger.pt\/es\/wp-json\/wp\/v2\/pages\/37105\/revisions"}],"predecessor-version":[{"id":42478,"href":"https:\/\/klinger.pt\/es\/wp-json\/wp\/v2\/pages\/37105\/revisions\/42478"}],"up":[{"embeddable":true,"href":"https:\/\/klinger.pt\/es\/wp-json\/wp\/v2\/pages\/31125"}],"wp:attachment":[{"href":"https:\/\/klinger.pt\/es\/wp-json\/wp\/v2\/media?parent=37105"}],"curies":[{"name":"wp","href":"https:\/\/api.w.org\/{rel}","templated":true}]}}