{"id":37046,"date":"2023-02-06T13:40:40","date_gmt":"2023-02-06T13:40:40","guid":{"rendered":"https:\/\/m5j0n6nk9p.onrocket.site\/?page_id=37046"},"modified":"2023-05-11T11:46:33","modified_gmt":"2023-05-11T10:46:33","slug":"valvula-borboleta-revestida-kky","status":"publish","type":"page","link":"https:\/\/klinger.pt\/es\/produtos\/valvulas\/valvulas-revestidas\/valvula-borboleta-revestida-kky\/","title":{"rendered":"V\u00c1LVULA BORBOLETA REVESTIDA KKY"},"content":{"rendered":"\n<div class=\"wp-block-columns is-layout-flex wp-container-core-columns-is-layout-9d6595d7 wp-block-columns-is-layout-flex\">\n<div class=\"wp-block-column is-layout-flow wp-block-column-is-layout-flow\" style=\"flex-basis:400px\"><div class=\"wp-block-image\">\n<figure class=\"aligncenter size-full\"><img fetchpriority=\"high\" decoding=\"async\" width=\"514\" height=\"477\" src=\"https:\/\/klinger.pt\/wp-content\/uploads\/2023\/02\/Valvula-borboleta-revestida-KKY.webp\" alt=\"V\u00c1LVULA BORBOLETA REVESTIDA KKY\" class=\"wp-image-37047\" srcset=\"https:\/\/klinger.pt\/wp-content\/uploads\/2023\/02\/Valvula-borboleta-revestida-KKY.webp 514w, https:\/\/klinger.pt\/wp-content\/uploads\/2023\/02\/Valvula-borboleta-revestida-KKY-300x278.webp 300w\" sizes=\"(max-width: 514px) 100vw, 514px\" \/><\/figure>\n<\/div><\/div>\n\n\n\n<div class=\"wp-block-column is-layout-flow wp-block-column-is-layout-flow\" style=\"flex-basis:700px\">\n<h1 class=\"wp-block-heading\">V\u00c1LVULA BORBOLETA REVESTIDA KKY-L81 | 81HP<\/h1>\n\n\n\n<p>V\u00e1lvula Borboleta revestida KKY para aplica\u00e7\u00f5es quimicamente exigentes, como di\u00f3xidos de cloro e \u00e1cidos usados em, por exemplo, processos de branqueamento da polpa. As v\u00e1lvulas borboleta podem ser usadas como controle ou v\u00e1lvula de fechamento. Equipado com pega ou com engrenagem manual. As v\u00e1lvulas s\u00e3o revestidas com PTFE e devem ser instaladas entre flanges.<\/p>\n\n\n\n<h2 class=\"wp-block-heading\">ESPECIFICA\u00c7\u00d5ES :<\/h2>\n\n\n\n<ul class=\"wp-block-list\">\n<li>Materiais da v\u00e1lvula: a\u00e7o carbono (CF8M dispon\u00edvel) com revestimento de PTFE, FEP ou PFA. <\/li>\n\n\n\n<li>As classes de press\u00e3o para v\u00e1lvulas s\u00e3o PN10-25<\/li>\n\n\n\n<li>ANSI Classe 150 (tamb\u00e9m dispon\u00edveis furos de flange Classe 300). <\/li>\n\n\n\n<li>Os tamanhos padr\u00e3o s\u00e3o DN80-600 (3\u201d-24\u201d).<\/li>\n<\/ul>\n<\/div>\n<\/div>\n\n\n\n<h5 class=\"wp-block-heading\"><a href=\"https:\/\/klinger.pt\/wp-content\/uploads\/2023\/03\/KKY_Lined-Butterfly-Valve_compressed.pdf\" target=\"_blank\" rel=\"noopener\" title=\"\">FICHA T\u00c9CNICA V\u00c1LVULA BORBOLETA REVESTIDA KKY-L81 | 81HP (EN)<\/a><\/h5>\n\n\n\n<h5 class=\"wp-block-heading\"><a href=\"https:\/\/klinger.pt\/wp-content\/uploads\/2023\/05\/Catalogo-Valvulas-Revestidas-PT-11.05.23_compressed.pdf\" target=\"_blank\" rel=\"noopener\" title=\"LINED VALVES CATALOGUE\">CAT\u00c1LOGO V\u00c1LVULAS REVESTIDAS (PT)<\/a><\/h5>\n","protected":false},"excerpt":{"rendered":"<p>V\u00c1LVULA BORBOLETA REVESTIDA KKY-L81 | 81HP V\u00e1lvula Borboleta revestida KKY para aplica\u00e7\u00f5es quimicamente exigentes, como di\u00f3xidos de cloro e \u00e1cidos usados em, por exemplo, processos de branqueamento da polpa. As v\u00e1lvulas borboleta podem ser usadas como controle ou v\u00e1lvula de fechamento. Equipado com pega ou com engrenagem manual. As v\u00e1lvulas s\u00e3o revestidas com PTFE e [&hellip;]<\/p>\n","protected":false},"author":4,"featured_media":0,"parent":37015,"menu_order":0,"comment_status":"closed","ping_status":"closed","template":"page-templates\/servicios.php","meta":{"_eb_attr":"","footnotes":""},"class_list":["post-37046","page","type-page","status-publish","hentry"],"aioseo_notices":[],"_links":{"self":[{"href":"https:\/\/klinger.pt\/es\/wp-json\/wp\/v2\/pages\/37046","targetHints":{"allow":["GET"]}}],"collection":[{"href":"https:\/\/klinger.pt\/es\/wp-json\/wp\/v2\/pages"}],"about":[{"href":"https:\/\/klinger.pt\/es\/wp-json\/wp\/v2\/types\/page"}],"author":[{"embeddable":true,"href":"https:\/\/klinger.pt\/es\/wp-json\/wp\/v2\/users\/4"}],"replies":[{"embeddable":true,"href":"https:\/\/klinger.pt\/es\/wp-json\/wp\/v2\/comments?post=37046"}],"version-history":[{"count":10,"href":"https:\/\/klinger.pt\/es\/wp-json\/wp\/v2\/pages\/37046\/revisions"}],"predecessor-version":[{"id":42513,"href":"https:\/\/klinger.pt\/es\/wp-json\/wp\/v2\/pages\/37046\/revisions\/42513"}],"up":[{"embeddable":true,"href":"https:\/\/klinger.pt\/es\/wp-json\/wp\/v2\/pages\/37015"}],"wp:attachment":[{"href":"https:\/\/klinger.pt\/es\/wp-json\/wp\/v2\/media?parent=37046"}],"curies":[{"name":"wp","href":"https:\/\/api.w.org\/{rel}","templated":true}]}}