{"id":37036,"date":"2023-02-06T12:23:49","date_gmt":"2023-02-06T12:23:49","guid":{"rendered":"https:\/\/m5j0n6nk9p.onrocket.site\/?page_id=37036"},"modified":"2023-05-11T11:45:56","modified_gmt":"2023-05-11T10:45:56","slug":"valvula-de-esfera-revestida-khy","status":"publish","type":"page","link":"https:\/\/klinger.pt\/es\/produtos\/valvulas\/valvulas-revestidas\/valvula-de-esfera-revestida-khy\/","title":{"rendered":"V\u00c1LVULA DE ESFERA REVESTIDA KHY"},"content":{"rendered":"\n<div class=\"wp-block-columns is-layout-flex wp-container-core-columns-is-layout-9d6595d7 wp-block-columns-is-layout-flex\">\n<div class=\"wp-block-column is-layout-flow wp-block-column-is-layout-flow\" style=\"flex-basis:400px\"><div class=\"wp-block-image\">\n<figure class=\"aligncenter size-full\"><img fetchpriority=\"high\" decoding=\"async\" width=\"500\" height=\"483\" src=\"https:\/\/klinger.pt\/wp-content\/uploads\/2023\/03\/Valvula-de-esfera-revestida-KHY-LB-LBTB-LB3W-pag.webp\" alt=\"\" class=\"wp-image-39857\" srcset=\"https:\/\/klinger.pt\/wp-content\/uploads\/2023\/03\/Valvula-de-esfera-revestida-KHY-LB-LBTB-LB3W-pag.webp 500w, https:\/\/klinger.pt\/wp-content\/uploads\/2023\/03\/Valvula-de-esfera-revestida-KHY-LB-LBTB-LB3W-pag-300x290.webp 300w\" sizes=\"(max-width: 500px) 100vw, 500px\" \/><\/figure>\n<\/div><\/div>\n\n\n\n<div class=\"wp-block-column is-layout-flow wp-block-column-is-layout-flow\" style=\"flex-basis:700px\">\n<h1 class=\"wp-block-heading\">V\u00c1LVULA DE ESFERA REVESTIDA KHY-LB | LBTB | LB3W<\/h1>\n\n\n\n<p>V\u00e1lvula de Esfera Revestida KHY com al\u00e7a bloque\u00e1vel para aplica\u00e7\u00f5es quimicamente exigentes, como di\u00f3xidos de cloro e \u00e1cidos usados em, por exemplo, processos de branqueamento da polpa. As v\u00e1lvulas de esfera s\u00e3o com revestimento e sedes de FEP, furo completo, projeto de 2 ou 3 pe\u00e7as, com flanges.<\/p>\n\n\n\n<h2 class=\"wp-block-heading\">ESPECIFICA\u00c7\u00d5ES :<\/h2>\n\n\n\n<ul class=\"wp-block-list\">\n<li>Materiais da v\u00e1lvula: a\u00e7o carbono (CF8M dispon\u00edvel) com revestimento de PTFE, FEP ou PFA. <\/li>\n\n\n\n<li>As classes de press\u00e3o para v\u00e1lvulas s\u00e3o PN10-25 e ANSI Classe 150 (perfura\u00e7\u00f5es de flange Classe 300 est\u00e3o dispon\u00edveis). <\/li>\n\n\n\n<li>Os tamanhos padr\u00e3o s\u00e3o DN15-300 (1\/2\u201d-12\u201d).<\/li>\n<\/ul>\n\n\n\n<p><\/p>\n<\/div>\n<\/div>\n\n\n\n<h5 class=\"wp-block-heading\"><a href=\"https:\/\/klinger.pt\/wp-content\/uploads\/2023\/03\/KHY_Lined-Ball-Valve_UPDATED_compressed_compressed.pdf\" target=\"_blank\" rel=\"noopener\" title=\"\">FICHA T\u00c9CNICA V\u00c1LVULA DE ESFERA REVESTIDA KHY-LB | LBTB | LB3W (EN)<\/a><\/h5>\n\n\n\n<h5 class=\"wp-block-heading\"><a href=\"https:\/\/klinger.pt\/wp-content\/uploads\/2023\/05\/Catalogo-Valvulas-Revestidas-PT-11.05.23_compressed.pdf\" target=\"_blank\" rel=\"noopener\" title=\"\">CAT\u00c1LOGO V\u00c1LVULAS REVESTIDAS (PT)<\/a><\/h5>\n","protected":false},"excerpt":{"rendered":"<p>V\u00c1LVULA DE ESFERA REVESTIDA KHY-LB | LBTB | LB3W V\u00e1lvula de Esfera Revestida KHY com al\u00e7a bloque\u00e1vel para aplica\u00e7\u00f5es quimicamente exigentes, como di\u00f3xidos de cloro e \u00e1cidos usados em, por exemplo, processos de branqueamento da polpa. As v\u00e1lvulas de esfera s\u00e3o com revestimento e sedes de FEP, furo completo, projeto de 2 ou 3 pe\u00e7as, [&hellip;]<\/p>\n","protected":false},"author":4,"featured_media":0,"parent":37015,"menu_order":0,"comment_status":"closed","ping_status":"closed","template":"page-templates\/servicios.php","meta":{"_eb_attr":"","footnotes":""},"class_list":["post-37036","page","type-page","status-publish","hentry"],"aioseo_notices":[],"_links":{"self":[{"href":"https:\/\/klinger.pt\/es\/wp-json\/wp\/v2\/pages\/37036","targetHints":{"allow":["GET"]}}],"collection":[{"href":"https:\/\/klinger.pt\/es\/wp-json\/wp\/v2\/pages"}],"about":[{"href":"https:\/\/klinger.pt\/es\/wp-json\/wp\/v2\/types\/page"}],"author":[{"embeddable":true,"href":"https:\/\/klinger.pt\/es\/wp-json\/wp\/v2\/users\/4"}],"replies":[{"embeddable":true,"href":"https:\/\/klinger.pt\/es\/wp-json\/wp\/v2\/comments?post=37036"}],"version-history":[{"count":10,"href":"https:\/\/klinger.pt\/es\/wp-json\/wp\/v2\/pages\/37036\/revisions"}],"predecessor-version":[{"id":42512,"href":"https:\/\/klinger.pt\/es\/wp-json\/wp\/v2\/pages\/37036\/revisions\/42512"}],"up":[{"embeddable":true,"href":"https:\/\/klinger.pt\/es\/wp-json\/wp\/v2\/pages\/37015"}],"wp:attachment":[{"href":"https:\/\/klinger.pt\/es\/wp-json\/wp\/v2\/media?parent=37036"}],"curies":[{"name":"wp","href":"https:\/\/api.w.org\/{rel}","templated":true}]}}