{"id":37015,"date":"2023-02-06T12:05:09","date_gmt":"2023-02-06T12:05:09","guid":{"rendered":"https:\/\/m5j0n6nk9p.onrocket.site\/?page_id=37015"},"modified":"2023-05-12T11:57:46","modified_gmt":"2023-05-12T10:57:46","slug":"valvulas-revestidas","status":"publish","type":"page","link":"https:\/\/klinger.pt\/es\/produtos\/valvulas\/valvulas-revestidas\/","title":{"rendered":"V\u00c1LVULAS REVESTIDAS"},"content":{"rendered":"\n<h1 class=\"wp-block-heading\">V\u00c1LVULAS REVESTIDAS<\/h1>\n\n\n\n<div style=\"height:25px\" aria-hidden=\"true\" class=\"wp-block-spacer\"><\/div>\n\n\n\n<div class=\"wp-block-columns is-layout-flex wp-container-core-columns-is-layout-9d6595d7 wp-block-columns-is-layout-flex\">\n<div class=\"wp-block-column is-layout-flow wp-block-column-is-layout-flow\">\n<figure class=\"wp-block-table\"><table><tbody><tr><td>     <img fetchpriority=\"high\" decoding=\"async\" width=\"270\" height=\"270\" class=\"wp-image-39875\" style=\"width: 270px;\" src=\"https:\/\/klinger.pt\/wp-content\/uploads\/2023\/03\/KHD-mini.webp\" alt=\"\" srcset=\"https:\/\/klinger.pt\/wp-content\/uploads\/2023\/03\/KHD-mini.webp 270w, https:\/\/klinger.pt\/wp-content\/uploads\/2023\/03\/KHD-mini-150x150.webp 150w\" sizes=\"(max-width: 270px) 100vw, 270px\" \/> <\/td><td><br><strong><a href=\"https:\/\/klinger.pt\/produtos\/valvulas\/valvulas-revestidas\/valvula-de-esfera-revestida-khd-lb\/\" title=\"\">V\u00c1LVULA DE ESFERA KHD-LB | LBTB<\/a><\/strong><br><br><a href=\"https:\/\/klinger.pt\/produtos\/valvulas\/valvulas-revestidas\/valvula-de-esfera-revestida-khd-lb\/\" title=\"\ufffc\"><img decoding=\"async\" width=\"18\" height=\"18\" class=\"wp-image-16262\" style=\"width: 18px;\" src=\"https:\/\/klinger.pt\/wp-content\/uploads\/2022\/06\/icon-arrow-blue-double.png\" alt=\"\"><\/a><\/td><\/tr><\/tbody><\/table><\/figure>\n<\/div>\n\n\n\n<div class=\"wp-block-column is-layout-flow wp-block-column-is-layout-flow\">\n<figure class=\"wp-block-table\"><table><tbody><tr><td><img decoding=\"async\" width=\"270\" height=\"270\" class=\"wp-image-39859\" style=\"width: 270px;\" src=\"https:\/\/klinger.pt\/wp-content\/uploads\/2023\/03\/Valvula-de-esfera-revestida-KHY-LB-LBTB-LB3W-mini.webp\" alt=\"\" srcset=\"https:\/\/klinger.pt\/wp-content\/uploads\/2023\/03\/Valvula-de-esfera-revestida-KHY-LB-LBTB-LB3W-mini.webp 270w, https:\/\/klinger.pt\/wp-content\/uploads\/2023\/03\/Valvula-de-esfera-revestida-KHY-LB-LBTB-LB3W-mini-150x150.webp 150w\" sizes=\"(max-width: 270px) 100vw, 270px\" \/><\/td><td><br><strong><a href=\"https:\/\/klinger.pt\/produtos\/valvulas\/valvulas-revestidas\/valvula-de-esfera-revestida-khy\/\" title=\"\">V\u00c1LVULA DE ESFERA KHY-LB | LBTB | LB3W<\/a><\/strong><br><br><a href=\"https:\/\/klinger.pt\/produtos\/valvulas\/valvulas-revestidas\/valvula-de-esfera-revestida-khy\/\" title=\"\ufffc\"><img decoding=\"async\" width=\"18\" height=\"18\" class=\"wp-image-16262\" style=\"width: 18px;\" src=\"https:\/\/klinger.pt\/wp-content\/uploads\/2022\/06\/icon-arrow-blue-double.png\" alt=\"\"><\/a><\/td><\/tr><\/tbody><\/table><\/figure>\n<\/div>\n<\/div>\n\n\n\n<div class=\"wp-block-columns is-layout-flex wp-container-core-columns-is-layout-9d6595d7 wp-block-columns-is-layout-flex\">\n<div class=\"wp-block-column is-layout-flow wp-block-column-is-layout-flow\">\n<figure class=\"wp-block-table\"><table><tbody><tr><td class=\"has-text-align-center\" data-align=\"center\"><img loading=\"lazy\" decoding=\"async\" width=\"270\" height=\"270\" class=\"wp-image-37016\" style=\"width: 270px;\" src=\"https:\/\/klinger.pt\/wp-content\/uploads\/2023\/02\/Valvulas-Revestidas-Miniatura-Borboleta.webp\" alt=\"V\u00e1lvulas Revestidas Borboleta\" srcset=\"https:\/\/klinger.pt\/wp-content\/uploads\/2023\/02\/Valvulas-Revestidas-Miniatura-Borboleta.webp 270w, https:\/\/klinger.pt\/wp-content\/uploads\/2023\/02\/Valvulas-Revestidas-Miniatura-Borboleta-150x150.webp 150w\" sizes=\"(max-width: 270px) 100vw, 270px\" \/><\/td><td><br><strong><a href=\"https:\/\/klinger.pt\/produtos\/valvulas\/valvulas-revestidas\/valvula-borboleta-revestida-kky\/\" title=\"\">V\u00c1LVULA DE BORBOLETA KKY-L81 | 81HP<\/a><\/strong><br><br><a href=\"https:\/\/klinger.pt\/produtos\/valvulas\/valvulas-revestidas\/valvula-borboleta-revestida-kky\/\" title=\"\ufffc\"><img decoding=\"async\" width=\"18\" height=\"18\" class=\"wp-image-16262\" style=\"width: 18px;\" src=\"https:\/\/klinger.pt\/wp-content\/uploads\/2022\/06\/icon-arrow-blue-double.png\" alt=\"\"><\/a><\/td><\/tr><\/tbody><\/table><\/figure>\n<\/div>\n\n\n\n<div class=\"wp-block-column is-layout-flow wp-block-column-is-layout-flow\">\n<figure class=\"wp-block-table\"><table><tbody><tr><td>   <img loading=\"lazy\" decoding=\"async\" width=\"270\" height=\"270\" class=\"wp-image-39871\" style=\"width: 270px;\" src=\"https:\/\/klinger.pt\/wp-content\/uploads\/2023\/03\/KPY-mini.webp\" alt=\"\" srcset=\"https:\/\/klinger.pt\/wp-content\/uploads\/2023\/03\/KPY-mini.webp 270w, https:\/\/klinger.pt\/wp-content\/uploads\/2023\/03\/KPY-mini-150x150.webp 150w\" sizes=\"(max-width: 270px) 100vw, 270px\" \/>     <\/td><td><br><a href=\"https:\/\/klinger.pt\/produtos\/valvulas\/valvulas-revestidas\/valvula-macho-conico-kpy\/\" title=\"\"><strong>V\u00c1LVULA DE MACHO C\u00d3NICO KPY-LPV | LPV3W<\/strong><br><\/a><br><a href=\"https:\/\/klinger.pt\/produtos\/valvulas\/valvulas-revestidas\/valvula-macho-conico-kpy\/\" title=\"\ufffc\"><img decoding=\"async\" width=\"18\" height=\"18\" class=\"wp-image-16262\" style=\"width: 18px;\" src=\"https:\/\/klinger.pt\/wp-content\/uploads\/2022\/06\/icon-arrow-blue-double.png\" alt=\"\"><\/a><\/td><\/tr><\/tbody><\/table><\/figure>\n<\/div>\n<\/div>\n\n\n\n<div class=\"wp-block-columns is-layout-flex wp-container-core-columns-is-layout-9d6595d7 wp-block-columns-is-layout-flex\">\n<div class=\"wp-block-column is-layout-flow wp-block-column-is-layout-flow\">\n<figure class=\"wp-block-table\"><table><tbody><tr><td>     <img loading=\"lazy\" decoding=\"async\" width=\"270\" height=\"270\" class=\"wp-image-39865\" style=\"width: 270px;\" src=\"https:\/\/klinger.pt\/wp-content\/uploads\/2023\/03\/Valvulas-Revestidas-retencao-Mini.webp\" alt=\"\" srcset=\"https:\/\/klinger.pt\/wp-content\/uploads\/2023\/03\/Valvulas-Revestidas-retencao-Mini.webp 270w, https:\/\/klinger.pt\/wp-content\/uploads\/2023\/03\/Valvulas-Revestidas-retencao-Mini-150x150.webp 150w\" sizes=\"(max-width: 270px) 100vw, 270px\" \/> <\/td><td><br><strong><a href=\"https:\/\/klinger.pt\/produtos\/valvulas\/valvulas-revestidas\/valvula-de-retencao-revestida-kry\/\" title=\"\">V\u00c1LVULA DE RETEN\u00c7\u00c3O KRY-LBC | LLC | LSC<\/a><\/strong><br><br><a href=\"https:\/\/klinger.pt\/produtos\/valvulas\/valvulas-revestidas\/valvula-de-retencao-revestida-kry\/\" title=\"\ufffc\"><img decoding=\"async\" width=\"18\" height=\"18\" class=\"wp-image-16262\" style=\"width: 18px;\" src=\"https:\/\/klinger.pt\/wp-content\/uploads\/2022\/06\/icon-arrow-blue-double.png\" alt=\"\"><\/a><\/td><\/tr><\/tbody><\/table><\/figure>\n<\/div>\n\n\n\n<div class=\"wp-block-column is-layout-flow wp-block-column-is-layout-flow\">\n<figure class=\"wp-block-table\"><table><tbody><tr><td>   <img loading=\"lazy\" decoding=\"async\" width=\"270\" height=\"270\" class=\"wp-image-37018\" style=\"width: 270px;\" src=\"https:\/\/klinger.pt\/wp-content\/uploads\/2023\/02\/Valvulas-Revestidas-Miniatura-copiar-1.webp\" alt=\"V\u00e1lvulas Revestidas Diafragma\" srcset=\"https:\/\/klinger.pt\/wp-content\/uploads\/2023\/02\/Valvulas-Revestidas-Miniatura-copiar-1.webp 270w, https:\/\/klinger.pt\/wp-content\/uploads\/2023\/02\/Valvulas-Revestidas-Miniatura-copiar-1-150x150.webp 150w\" sizes=\"(max-width: 270px) 100vw, 270px\" \/> <\/td><td><br><strong><a href=\"https:\/\/klinger.pt\/produtos\/valvulas\/valvulas-revestidas\/valvula-diafragma-revestida\/\" title=\"\">V\u00c1LVULA DE DIAFRAGMA MODELO A<\/a><\/strong><br><br><a href=\"https:\/\/klinger.pt\/produtos\/valvulas\/valvulas-revestidas\/valvula-diafragma-revestida\/\" title=\"\ufffc\"><img decoding=\"async\" width=\"18\" height=\"18\" class=\"wp-image-16262\" style=\"width: 18px;\" src=\"https:\/\/klinger.pt\/wp-content\/uploads\/2022\/06\/icon-arrow-blue-double.png\" alt=\"\"><\/a><\/td><\/tr><\/tbody><\/table><\/figure>\n<\/div>\n<\/div>\n","protected":false},"excerpt":{"rendered":"<p>V\u00c1LVULAS REVESTIDAS V\u00c1LVULA DE ESFERA KHD-LB | LBTB V\u00c1LVULA DE ESFERA KHY-LB | LBTB | LB3W V\u00c1LVULA DE BORBOLETA KKY-L81 | 81HP V\u00c1LVULA DE MACHO C\u00d3NICO KPY-LPV | LPV3W V\u00c1LVULA DE RETEN\u00c7\u00c3O KRY-LBC | LLC | LSC V\u00c1LVULA DE DIAFRAGMA MODELO A<\/p>\n","protected":false},"author":4,"featured_media":42538,"parent":22559,"menu_order":0,"comment_status":"closed","ping_status":"closed","template":"page-templates\/secciones-principales.php","meta":{"_eb_attr":"","footnotes":""},"class_list":["post-37015","page","type-page","status-publish","has-post-thumbnail","hentry"],"aioseo_notices":[],"_links":{"self":[{"href":"https:\/\/klinger.pt\/es\/wp-json\/wp\/v2\/pages\/37015","targetHints":{"allow":["GET"]}}],"collection":[{"href":"https:\/\/klinger.pt\/es\/wp-json\/wp\/v2\/pages"}],"about":[{"href":"https:\/\/klinger.pt\/es\/wp-json\/wp\/v2\/types\/page"}],"author":[{"embeddable":true,"href":"https:\/\/klinger.pt\/es\/wp-json\/wp\/v2\/users\/4"}],"replies":[{"embeddable":true,"href":"https:\/\/klinger.pt\/es\/wp-json\/wp\/v2\/comments?post=37015"}],"version-history":[{"count":23,"href":"https:\/\/klinger.pt\/es\/wp-json\/wp\/v2\/pages\/37015\/revisions"}],"predecessor-version":[{"id":42540,"href":"https:\/\/klinger.pt\/es\/wp-json\/wp\/v2\/pages\/37015\/revisions\/42540"}],"up":[{"embeddable":true,"href":"https:\/\/klinger.pt\/es\/wp-json\/wp\/v2\/pages\/22559"}],"wp:featuredmedia":[{"embeddable":true,"href":"https:\/\/klinger.pt\/es\/wp-json\/wp\/v2\/media\/42538"}],"wp:attachment":[{"href":"https:\/\/klinger.pt\/es\/wp-json\/wp\/v2\/media?parent=37015"}],"curies":[{"name":"wp","href":"https:\/\/api.w.org\/{rel}","templated":true}]}}