{"id":36548,"date":"2023-02-02T16:07:24","date_gmt":"2023-02-02T16:07:24","guid":{"rendered":"https:\/\/m5j0n6nk9p.onrocket.site\/?page_id=36548"},"modified":"2023-02-27T08:24:47","modified_gmt":"2023-02-27T08:24:47","slug":"bombas-e-agitacao","status":"publish","type":"page","link":"https:\/\/klinger.pt\/es\/produtos\/bombas-e-agitacao\/","title":{"rendered":"BOMBAS E AGITA\u00c7\u00c3O"},"content":{"rendered":"\n<h1 class=\"wp-block-heading\">BOMBAS E AGITA\u00c7\u00c3O<\/h1>\n\n\n\n<div style=\"height:25px\" aria-hidden=\"true\" class=\"wp-block-spacer\"><\/div>\n\n\n\n<div class=\"wp-block-columns is-layout-flex wp-container-core-columns-is-layout-9d6595d7 wp-block-columns-is-layout-flex\">\n<div class=\"wp-block-column is-vertically-aligned-center is-layout-flow wp-block-column-is-layout-flow\">\n<figure class=\"wp-block-table\"><table><tbody><tr><td>  <img decoding=\"async\" width=\"220\" height=\"217\" class=\"wp-image-27049\" style=\"width: 220px;\" src=\"https:\/\/klinger.pt\/wp-content\/uploads\/2022\/08\/categoria-tsurumi-pumps-1.png\" alt=\"\" srcset=\"https:\/\/klinger.pt\/wp-content\/uploads\/2022\/08\/categoria-tsurumi-pumps-1.png 1099w, https:\/\/klinger.pt\/wp-content\/uploads\/2022\/08\/categoria-tsurumi-pumps-1-300x296.png 300w, https:\/\/klinger.pt\/wp-content\/uploads\/2022\/08\/categoria-tsurumi-pumps-1-1024x1011.png 1024w, https:\/\/klinger.pt\/wp-content\/uploads\/2022\/08\/categoria-tsurumi-pumps-1-768x758.png 768w\" sizes=\"(max-width: 220px) 100vw, 220px\" \/><\/td><td><strong><a href=\"https:\/\/klinger.pt\/produtos\/bombas-e-agitacao\/bombas\/\" title=\"\">BOMBAS <\/a><\/strong><br><br><a href=\"https:\/\/klinger.pt\/produtos\/bombas-e-agitacao\/bombas\/\" title=\"\ufffc\"><img decoding=\"async\" width=\"18\" height=\"18\" class=\"wp-image-16262\" style=\"width: 18px;\" src=\"https:\/\/klinger.pt\/wp-content\/uploads\/2022\/06\/icon-arrow-blue-double.png\" alt=\"\"><\/a><\/td><\/tr><\/tbody><\/table><\/figure>\n<\/div>\n\n\n\n<div class=\"wp-block-column is-vertically-aligned-center is-layout-flow wp-block-column-is-layout-flow\">\n<figure class=\"wp-block-table\"><table><tbody><tr><td><img decoding=\"async\" width=\"220\" height=\"227\" class=\"wp-image-31929\" style=\"width: 220px;\" src=\"https:\/\/klinger.pt\/wp-content\/uploads\/2022\/09\/AGITACAO-E-MISTURA-1.png\" alt=\"AGITA\u00c7\u00c3O E MISTURA\" srcset=\"https:\/\/klinger.pt\/wp-content\/uploads\/2022\/09\/AGITACAO-E-MISTURA-1.png 333w, https:\/\/klinger.pt\/wp-content\/uploads\/2022\/09\/AGITACAO-E-MISTURA-1-291x300.png 291w\" sizes=\"(max-width: 220px) 100vw, 220px\" \/><\/td><td><strong><a href=\"https:\/\/klinger.pt\/produtos\/bombas-e-agitacao\/agitacao-mistura\/\" title=\"\">AGITA\u00c7\u00c3O &amp; MISTURA<\/a><\/strong><br><br><a href=\"https:\/\/klinger.pt\/produtos\/bombas-e-agitacao\/agitacao-mistura\/\" title=\"\ufffc\"><img decoding=\"async\" width=\"18\" height=\"18\" class=\"wp-image-16262\" style=\"width: 18px;\" src=\"https:\/\/klinger.pt\/wp-content\/uploads\/2022\/06\/icon-arrow-blue-double.png\" alt=\"\"><\/a><\/td><\/tr><\/tbody><\/table><\/figure>\n<\/div>\n<\/div>\n\n\n\n<div class=\"wp-block-columns is-layout-flex wp-container-core-columns-is-layout-9d6595d7 wp-block-columns-is-layout-flex\">\n<div class=\"wp-block-column is-vertically-aligned-center is-layout-flow wp-block-column-is-layout-flow\">\n<figure class=\"wp-block-table\"><table><tbody><tr><td><img loading=\"lazy\" decoding=\"async\" width=\"150\" height=\"207\" class=\"wp-image-27501\" style=\"width: 150px;\" src=\"https:\/\/klinger.pt\/wp-content\/uploads\/2022\/08\/arejadores-1.png\" alt=\"AREJADORES\"><\/td><td><strong><a href=\"https:\/\/klinger.pt\/produtos\/bombas-e-agitacao\/arejadores\/\" title=\"\">AREJADORES<\/a><\/strong><br><br><a href=\"https:\/\/klinger.pt\/produtos\/bombas-e-agitacao\/arejadores\/\" title=\"\ufffc\"><img decoding=\"async\" width=\"18\" height=\"18\" class=\"wp-image-16262\" style=\"width: 18px;\" src=\"https:\/\/klinger.pt\/wp-content\/uploads\/2022\/06\/icon-arrow-blue-double.png\" alt=\"\"><\/a><\/td><\/tr><\/tbody><\/table><\/figure>\n<\/div>\n\n\n\n<div class=\"wp-block-column is-vertically-aligned-center transparente is-layout-flow wp-block-column-is-layout-flow\"><\/div>\n<\/div>\n","protected":false},"excerpt":{"rendered":"<p>BOMBAS E AGITA\u00c7\u00c3O BOMBAS AGITA\u00c7\u00c3O &amp; MISTURA AREJADORES<\/p>\n","protected":false},"author":4,"featured_media":0,"parent":16266,"menu_order":0,"comment_status":"closed","ping_status":"closed","template":"page-templates\/secciones-principales.php","meta":{"_eb_attr":"","footnotes":""},"class_list":["post-36548","page","type-page","status-publish","hentry"],"aioseo_notices":[],"_links":{"self":[{"href":"https:\/\/klinger.pt\/es\/wp-json\/wp\/v2\/pages\/36548","targetHints":{"allow":["GET"]}}],"collection":[{"href":"https:\/\/klinger.pt\/es\/wp-json\/wp\/v2\/pages"}],"about":[{"href":"https:\/\/klinger.pt\/es\/wp-json\/wp\/v2\/types\/page"}],"author":[{"embeddable":true,"href":"https:\/\/klinger.pt\/es\/wp-json\/wp\/v2\/users\/4"}],"replies":[{"embeddable":true,"href":"https:\/\/klinger.pt\/es\/wp-json\/wp\/v2\/comments?post=36548"}],"version-history":[{"count":16,"href":"https:\/\/klinger.pt\/es\/wp-json\/wp\/v2\/pages\/36548\/revisions"}],"predecessor-version":[{"id":38176,"href":"https:\/\/klinger.pt\/es\/wp-json\/wp\/v2\/pages\/36548\/revisions\/38176"}],"up":[{"embeddable":true,"href":"https:\/\/klinger.pt\/es\/wp-json\/wp\/v2\/pages\/16266"}],"wp:attachment":[{"href":"https:\/\/klinger.pt\/es\/wp-json\/wp\/v2\/media?parent=36548"}],"curies":[{"name":"wp","href":"https:\/\/api.w.org\/{rel}","templated":true}]}}