{"id":36520,"date":"2023-02-02T15:13:08","date_gmt":"2023-02-02T15:13:08","guid":{"rendered":"https:\/\/m5j0n6nk9p.onrocket.site\/?page_id=36520"},"modified":"2023-04-19T09:09:30","modified_gmt":"2023-04-19T08:09:30","slug":"valvula-jato-oco","status":"publish","type":"page","link":"https:\/\/klinger.pt\/es\/produtos\/valvulas\/valvulas-especiais-aplicacoes-em-aguas\/valvula-jato-oco\/","title":{"rendered":"V\u00c1LVULA JATO OCO"},"content":{"rendered":"\n<div class=\"wp-block-columns is-layout-flex wp-container-core-columns-is-layout-9d6595d7 wp-block-columns-is-layout-flex\">\n<div class=\"wp-block-column is-layout-flow wp-block-column-is-layout-flow\" style=\"flex-basis:300px\">\n<figure class=\"wp-block-image size-full\"><img fetchpriority=\"high\" decoding=\"async\" width=\"270\" height=\"270\" src=\"https:\/\/klinger.pt\/wp-content\/uploads\/2023\/02\/Jato-oco.webp\" alt=\"V\u00c1LVULA JATO OCO\" class=\"wp-image-36516\" srcset=\"https:\/\/klinger.pt\/wp-content\/uploads\/2023\/02\/Jato-oco.webp 270w, https:\/\/klinger.pt\/wp-content\/uploads\/2023\/02\/Jato-oco-150x150.webp 150w\" sizes=\"(max-width: 270px) 100vw, 270px\" \/><\/figure>\n<\/div>\n\n\n\n<div class=\"wp-block-column is-layout-flow wp-block-column-is-layout-flow\" style=\"flex-basis:700px\">\n<h1 class=\"wp-block-heading\">V\u00c1LVULA JATO OCO<\/h1>\n\n\n\n<p><strong>V\u00e1lvula Jato Oco para regulagem e fechamento de des\u00e1gue de fundo e tomadas intermedi\u00e1rias de represas e reservat\u00f3rios<\/strong>.<\/p>\n\n\n\n<p>V\u00e1lvula de se\u00e7\u00e3o circular que permite uma excelente regulagem e obtura\u00e7\u00e3o para grandes cargas de \u00e1gua, normalmente instalada nas sa\u00eddas de des\u00e1gues de fundo das barragens e dutos for\u00e7ados.<\/p>\n\n\n\n<p>Possibilidade de canalizar o jato de sa\u00edda mediante canais fixos ou m\u00f3veis.<\/p>\n\n\n\n<p>Ampla possibilidade de fabrica\u00e7\u00e3o de medidas, cargas de \u00e1gua e materiais, conforme as necessidades.<\/p>\n\n\n\n<p>Acionamento hidr\u00e1ulico, el\u00e9trico e manual.<\/p>\n<\/div>\n<\/div>\n","protected":false},"excerpt":{"rendered":"<p>V\u00c1LVULA JATO OCO V\u00e1lvula Jato Oco para regulagem e fechamento de des\u00e1gue de fundo e tomadas intermedi\u00e1rias de represas e reservat\u00f3rios. V\u00e1lvula de se\u00e7\u00e3o circular que permite uma excelente regulagem e obtura\u00e7\u00e3o para grandes cargas de \u00e1gua, normalmente instalada nas sa\u00eddas de des\u00e1gues de fundo das barragens e dutos for\u00e7ados. Possibilidade de canalizar o jato [&hellip;]<\/p>\n","protected":false},"author":4,"featured_media":0,"parent":41275,"menu_order":0,"comment_status":"closed","ping_status":"closed","template":"page-templates\/servicios.php","meta":{"_eb_attr":"","footnotes":""},"class_list":["post-36520","page","type-page","status-publish","hentry"],"aioseo_notices":[],"_links":{"self":[{"href":"https:\/\/klinger.pt\/es\/wp-json\/wp\/v2\/pages\/36520","targetHints":{"allow":["GET"]}}],"collection":[{"href":"https:\/\/klinger.pt\/es\/wp-json\/wp\/v2\/pages"}],"about":[{"href":"https:\/\/klinger.pt\/es\/wp-json\/wp\/v2\/types\/page"}],"author":[{"embeddable":true,"href":"https:\/\/klinger.pt\/es\/wp-json\/wp\/v2\/users\/4"}],"replies":[{"embeddable":true,"href":"https:\/\/klinger.pt\/es\/wp-json\/wp\/v2\/comments?post=36520"}],"version-history":[{"count":3,"href":"https:\/\/klinger.pt\/es\/wp-json\/wp\/v2\/pages\/36520\/revisions"}],"predecessor-version":[{"id":41418,"href":"https:\/\/klinger.pt\/es\/wp-json\/wp\/v2\/pages\/36520\/revisions\/41418"}],"up":[{"embeddable":true,"href":"https:\/\/klinger.pt\/es\/wp-json\/wp\/v2\/pages\/41275"}],"wp:attachment":[{"href":"https:\/\/klinger.pt\/es\/wp-json\/wp\/v2\/media?parent=36520"}],"curies":[{"name":"wp","href":"https:\/\/api.w.org\/{rel}","templated":true}]}}