{"id":35563,"date":"2023-01-06T12:09:01","date_gmt":"2023-01-06T12:09:01","guid":{"rendered":"https:\/\/m5j0n6nk9p.onrocket.site\/?page_id=35563"},"modified":"2023-02-27T09:02:28","modified_gmt":"2023-02-27T09:02:28","slug":"flexivel-com-tratamento-recozido","status":"publish","type":"page","link":"https:\/\/klinger.pt\/es\/produtos\/outros-equipamentos-tecnicos\/compensadores-e-mangueiras-metalicas\/mangueiras-metalicas\/flexivel-com-tratamento-recozido\/","title":{"rendered":"FLEX\u00cdVEL COM TRATAMENTO RECOZIDO"},"content":{"rendered":"\n<div class=\"wp-block-columns is-layout-flex wp-container-core-columns-is-layout-9d6595d7 wp-block-columns-is-layout-flex\">\n<div class=\"wp-block-column is-layout-flow wp-block-column-is-layout-flow\" style=\"flex-basis:300px\">\n<figure class=\"wp-block-image size-full\"><img fetchpriority=\"high\" decoding=\"async\" width=\"658\" height=\"339\" src=\"https:\/\/klinger.pt\/wp-content\/uploads\/2022\/09\/Annealed-Flexible-Metal-Hoses.png\" alt=\"flex\u00edvel com tratamento recozido\" class=\"wp-image-28298\" srcset=\"https:\/\/klinger.pt\/wp-content\/uploads\/2022\/09\/Annealed-Flexible-Metal-Hoses.png 658w, https:\/\/klinger.pt\/wp-content\/uploads\/2022\/09\/Annealed-Flexible-Metal-Hoses-300x155.png 300w\" sizes=\"(max-width: 658px) 100vw, 658px\" \/><\/figure>\n\n\n\n<figure class=\"wp-block-image size-large\"><img decoding=\"async\" width=\"1024\" height=\"369\" src=\"https:\/\/klinger.pt\/wp-content\/uploads\/2022\/09\/QUADRO-11-1024x369.png\" alt=\"\" class=\"wp-image-28406\" srcset=\"https:\/\/klinger.pt\/wp-content\/uploads\/2022\/09\/QUADRO-11-1024x369.png 1024w, https:\/\/klinger.pt\/wp-content\/uploads\/2022\/09\/QUADRO-11-300x108.png 300w, https:\/\/klinger.pt\/wp-content\/uploads\/2022\/09\/QUADRO-11-768x277.png 768w, https:\/\/klinger.pt\/wp-content\/uploads\/2022\/09\/QUADRO-11-1536x554.png 1536w, https:\/\/klinger.pt\/wp-content\/uploads\/2022\/09\/QUADRO-11-2048x738.png 2048w, https:\/\/klinger.pt\/wp-content\/uploads\/2022\/09\/QUADRO-11-1400x505.png 1400w\" sizes=\"(max-width: 1024px) 100vw, 1024px\" \/><\/figure>\n<\/div>\n\n\n\n<div class=\"wp-block-column is-layout-flow wp-block-column-is-layout-flow\" style=\"flex-basis:700px\">\n<h1 class=\"wp-block-heading\">FLEX\u00cdVEL COM TRATAMENTO RECOZIDO<\/h1>\n\n\n\n<p>Este tipo de mangueira \u00e9 recozida ap\u00f3s a conforma\u00e7\u00e3o para eliminar os efeitos de trabalho a frio do processo de conforma\u00e7\u00e3o. A mangueira flex\u00edvel com tratamento recozido mant\u00e9m a sua forma quando dobradas.<br>O perfil da mangueira \u00e9 semelhante ao da mangueira solar. Estas mangueiras s\u00e3o preferidas porque s\u00e3o f\u00e1ceis de montar. N\u00e3o h\u00e1 necessidade de utilizar cotovelos, redu\u00e7\u00f5es ou outras pe\u00e7as durante a montagem. N\u00e3o \u00e9 necess\u00e1rio cortar, enfiar, soldar, etc. durante a assembleia.<br>As mangueiras met\u00e1licas flex\u00edveis recozidas s\u00e3o fabricadas em conformidade com a norma EN-15266 standard.<\/p>\n\n\n\n<h2 class=\"wp-block-heading\">VANTAGENS<\/h2>\n\n\n\n<ul class=\"wp-block-list\">\n<li>F\u00e1cil de montar<\/li>\n\n\n\n<li>Toma facilmente a forma desejada<\/li>\n\n\n\n<li>Mant\u00e9m a sua forma quando dobrada<\/li>\n\n\n\n<li>Poupa dinheiro e tempo<\/li>\n\n\n\n<li>Reduz o risco de fugas desde o iti\u015f monol\u00edtico<\/li>\n\n\n\n<li>N\u00e3o \u00e9 necess\u00e1ria muita pe\u00e7a extra para a montagem<\/li>\n<\/ul>\n\n\n\n<h2 class=\"wp-block-heading\">APLICA\u00c7\u00d5ES<\/h2>\n\n\n\n<ul class=\"wp-block-list\">\n<li>Gasodutos<\/li>\n\n\n\n<li>Condutas de \u00e1gua quente e fria<\/li>\n<\/ul>\n<\/div>\n<\/div>\n","protected":false},"excerpt":{"rendered":"<p>FLEX\u00cdVEL COM TRATAMENTO RECOZIDO Este tipo de mangueira \u00e9 recozida ap\u00f3s a conforma\u00e7\u00e3o para eliminar os efeitos de trabalho a frio do processo de conforma\u00e7\u00e3o. A mangueira flex\u00edvel com tratamento recozido mant\u00e9m a sua forma quando dobradas.O perfil da mangueira \u00e9 semelhante ao da mangueira solar. Estas mangueiras s\u00e3o preferidas porque s\u00e3o f\u00e1ceis de montar. [&hellip;]<\/p>\n","protected":false},"author":4,"featured_media":0,"parent":27803,"menu_order":0,"comment_status":"closed","ping_status":"closed","template":"page-templates\/servicios.php","meta":{"_eb_attr":"","footnotes":""},"class_list":["post-35563","page","type-page","status-publish","hentry"],"aioseo_notices":[],"_links":{"self":[{"href":"https:\/\/klinger.pt\/es\/wp-json\/wp\/v2\/pages\/35563","targetHints":{"allow":["GET"]}}],"collection":[{"href":"https:\/\/klinger.pt\/es\/wp-json\/wp\/v2\/pages"}],"about":[{"href":"https:\/\/klinger.pt\/es\/wp-json\/wp\/v2\/types\/page"}],"author":[{"embeddable":true,"href":"https:\/\/klinger.pt\/es\/wp-json\/wp\/v2\/users\/4"}],"replies":[{"embeddable":true,"href":"https:\/\/klinger.pt\/es\/wp-json\/wp\/v2\/comments?post=35563"}],"version-history":[{"count":2,"href":"https:\/\/klinger.pt\/es\/wp-json\/wp\/v2\/pages\/35563\/revisions"}],"predecessor-version":[{"id":38262,"href":"https:\/\/klinger.pt\/es\/wp-json\/wp\/v2\/pages\/35563\/revisions\/38262"}],"up":[{"embeddable":true,"href":"https:\/\/klinger.pt\/es\/wp-json\/wp\/v2\/pages\/27803"}],"wp:attachment":[{"href":"https:\/\/klinger.pt\/es\/wp-json\/wp\/v2\/media?parent=35563"}],"curies":[{"name":"wp","href":"https:\/\/api.w.org\/{rel}","templated":true}]}}