{"id":33376,"date":"2022-11-25T14:34:35","date_gmt":"2022-11-25T14:34:35","guid":{"rendered":"https:\/\/m5j0n6nk9p.onrocket.site\/?page_id=33376"},"modified":"2024-03-26T16:12:19","modified_gmt":"2024-03-26T16:12:19","slug":"empanques-de-aplicacoes-especiais","status":"publish","type":"page","link":"https:\/\/klinger.pt\/es\/produtos\/vedacao\/empanques\/empanques-de-aplicacoes-especiais\/","title":{"rendered":"EMPANQUES DE APLICA\u00c7\u00d5ES ESPECIAIS"},"content":{"rendered":"\n<h1 class=\"wp-block-heading has-large-font-size\">EMPANQUES DE APLICA\u00c7\u00d5ES ESPECIAIS<\/h1>\n\n\n\n<div class=\"wp-block-columns is-layout-flex wp-container-core-columns-is-layout-9d6595d7 wp-block-columns-is-layout-flex\">\n<div class=\"wp-block-column is-layout-flow wp-block-column-is-layout-flow\" style=\"flex-basis:33.33%\"><div class=\"wp-block-image\">\n<figure class=\"aligncenter size-full is-resized\"><img fetchpriority=\"high\" decoding=\"async\" width=\"509\" height=\"512\" src=\"https:\/\/klinger.pt\/wp-content\/uploads\/2022\/11\/Empanque_aplicacoes_especiais.png\" alt=\"\" class=\"wp-image-33406\" style=\"aspect-ratio:0.996551724137931;width:199px;height:auto\" srcset=\"https:\/\/klinger.pt\/wp-content\/uploads\/2022\/11\/Empanque_aplicacoes_especiais.png 509w, https:\/\/klinger.pt\/wp-content\/uploads\/2022\/11\/Empanque_aplicacoes_especiais-298x300.png 298w, https:\/\/klinger.pt\/wp-content\/uploads\/2022\/11\/Empanque_aplicacoes_especiais-150x150.png 150w\" sizes=\"(max-width: 509px) 100vw, 509px\" \/><\/figure>\n<\/div><\/div>\n\n\n\n<div class=\"wp-block-column is-layout-flow wp-block-column-is-layout-flow\" style=\"flex-basis:66.66%\">\n<p>Os empanques de compress\u00e3o para aplica\u00e7\u00f5es especiais s\u00e3o materiais especializados utilizados para criar veda\u00e7\u00f5es em sistemas mec\u00e2nicos, particularmente em aplica\u00e7\u00f5es em que os materiais de empanque tradicionais podem n\u00e3o ser suficientes devido a condi\u00e7\u00f5es extremas ou requisitos espec\u00edficos. Estas guarni\u00e7\u00f5es s\u00e3o concebidas para serem comprimidas num espa\u00e7o confinado, criando uma veda\u00e7\u00e3o que impede a fuga de fluidos (como l\u00edquidos ou gases) ou contaminantes em v\u00e1rios ambientes industriais.<br>Os materiais s\u00e3o seleccionados pela sua durabilidade, resist\u00eancia qu\u00edmica, resist\u00eancia \u00e0 temperatura e capacidade de suportar press\u00f5es elevadas.<\/p>\n<\/div>\n<\/div>\n\n\n\n<div class=\"wp-block-columns is-layout-flex wp-container-core-columns-is-layout-9d6595d7 wp-block-columns-is-layout-flex\">\n<div class=\"wp-block-column is-layout-flow wp-block-column-is-layout-flow\" style=\"font-size:14px\">\n<h2 class=\"wp-block-heading\">KLINGER TOPLINE K46<\/h2>\n\n\n\n<p>Fio de fibra de carbono com grafite e lubrificante. Praticamente resistente a todos os meios numa vasta gama de press\u00f5es e temperaturas. Alternativa econ\u00f3mica aos empanques de grafite pura, oferecendo um desempenho de veda\u00e7\u00e3o fi\u00e1vel em aplica\u00e7\u00f5es de v\u00e1lvulas e bombas.<\/p>\n\n\n\n<p>\u00bb Temperatura M\u00edn.: -240\u00b0C<br>\u00bb Temperatura M\u00e1x.: 430\u00b0C<br>\u00bb Velocidade M\u00e1x.: 20m\/s<br>\u00bb Varia\u00e7\u00e3o de pH: 0-14<\/p>\n\n\n\n<p><\/p>\n\n\n\n<div class=\"wp-block-buttons has-custom-font-size has-small-font-size is-content-justification-left is-layout-flex wp-container-core-buttons-is-layout-fdcfc74e wp-block-buttons-is-layout-flex\">\n<div class=\"wp-block-button has-custom-width wp-block-button__width-25 is-style-fill\"><a class=\"wp-block-button__link has-white-color has-text-color has-background wp-element-button\" href=\"https:\/\/klinger.pt\/wp-content\/uploads\/2024\/03\/Empanque-KLINGER-K46_compressed-1.pdf\" style=\"border-radius:0px;background-color:#003a68\" target=\"_blank\" rel=\"noreferrer noopener\">\u00bb Ficha T\u00e9cnica PDF<\/a><\/div>\n<\/div>\n<\/div>\n\n\n\n<div class=\"wp-block-column is-layout-flow wp-block-column-is-layout-flow\" style=\"font-size:14px\">\n<h2 class=\"wp-block-heading\">KLINGER TOPLINE K7302 \/ K7302DL<\/h2>\n\n\n\n<p>Combina\u00e7\u00e3o de fios de aramida com o lubrificante patenteado Doulon\u00ae. Um empanque para servi\u00e7os pesados, ideal para proporcionar veda\u00e7\u00e3o em ambientes agressivos, incluindo lamas abrasivas, \u00e1gua suja e v\u00e1rias aplica\u00e7\u00f5es mineiras.<\/p>\n\n\n\n<p>\u00bb Temperatura M\u00edn.: -100\u00b0C<br>\u00bb Temperatura M\u00e1x.: 280\u00b0C<br>\u00bb Velocidade M\u00e1x: 20m\/s<br>\u00bb Varia\u00e7\u00e3o de pH: 2-12<\/p>\n\n\n\n<div class=\"wp-block-buttons has-custom-font-size has-small-font-size is-content-justification-left is-layout-flex wp-container-core-buttons-is-layout-fdcfc74e wp-block-buttons-is-layout-flex\">\n<div class=\"wp-block-button has-custom-width wp-block-button__width-25 is-style-fill\"><a class=\"wp-block-button__link has-white-color has-text-color has-background wp-element-button\" href=\"https:\/\/klinger.pt\/wp-content\/uploads\/2024\/03\/Empanque-KLINGER-K7302DL_compressed-1.pdf\" style=\"border-radius:0px;background-color:#003a68\" target=\"_blank\" rel=\"noreferrer noopener\">\u00bb Ficha T\u00e9cnica PDF<\/a><\/div>\n<\/div>\n<\/div>\n<\/div>\n","protected":false},"excerpt":{"rendered":"<p>EMPANQUES DE APLICA\u00c7\u00d5ES ESPECIAIS Os empanques de compress\u00e3o para aplica\u00e7\u00f5es especiais s\u00e3o materiais especializados utilizados para criar veda\u00e7\u00f5es em sistemas mec\u00e2nicos, particularmente em aplica\u00e7\u00f5es em que os materiais de empanque tradicionais podem n\u00e3o ser suficientes devido a condi\u00e7\u00f5es extremas ou requisitos espec\u00edficos. Estas guarni\u00e7\u00f5es s\u00e3o concebidas para serem comprimidas num espa\u00e7o confinado, criando uma veda\u00e7\u00e3o [&hellip;]<\/p>\n","protected":false},"author":4,"featured_media":0,"parent":29507,"menu_order":0,"comment_status":"closed","ping_status":"closed","template":"page-templates\/servicios.php","meta":{"_eb_attr":"","footnotes":""},"class_list":["post-33376","page","type-page","status-publish","hentry"],"aioseo_notices":[],"_links":{"self":[{"href":"https:\/\/klinger.pt\/es\/wp-json\/wp\/v2\/pages\/33376","targetHints":{"allow":["GET"]}}],"collection":[{"href":"https:\/\/klinger.pt\/es\/wp-json\/wp\/v2\/pages"}],"about":[{"href":"https:\/\/klinger.pt\/es\/wp-json\/wp\/v2\/types\/page"}],"author":[{"embeddable":true,"href":"https:\/\/klinger.pt\/es\/wp-json\/wp\/v2\/users\/4"}],"replies":[{"embeddable":true,"href":"https:\/\/klinger.pt\/es\/wp-json\/wp\/v2\/comments?post=33376"}],"version-history":[{"count":35,"href":"https:\/\/klinger.pt\/es\/wp-json\/wp\/v2\/pages\/33376\/revisions"}],"predecessor-version":[{"id":45798,"href":"https:\/\/klinger.pt\/es\/wp-json\/wp\/v2\/pages\/33376\/revisions\/45798"}],"up":[{"embeddable":true,"href":"https:\/\/klinger.pt\/es\/wp-json\/wp\/v2\/pages\/29507"}],"wp:attachment":[{"href":"https:\/\/klinger.pt\/es\/wp-json\/wp\/v2\/media?parent=33376"}],"curies":[{"name":"wp","href":"https:\/\/api.w.org\/{rel}","templated":true}]}}