{"id":33065,"date":"2022-11-22T08:00:38","date_gmt":"2022-11-22T08:00:38","guid":{"rendered":"https:\/\/m5j0n6nk9p.onrocket.site\/?page_id=33065"},"modified":"2024-09-30T15:51:47","modified_gmt":"2024-09-30T14:51:47","slug":"empanques-hibridos","status":"publish","type":"page","link":"https:\/\/klinger.pt\/es\/produtos\/vedacao\/empanques\/empanques-hibridos\/","title":{"rendered":"EMPANQUES H\u00cdBRIDOS"},"content":{"rendered":"\n<h1 class=\"wp-block-heading has-large-font-size\">EMPANQUES H\u00cdBRIDOS<\/h1>\n\n\n\n<div class=\"wp-block-columns is-layout-flex wp-container-core-columns-is-layout-9d6595d7 wp-block-columns-is-layout-flex\">\n<div class=\"wp-block-column is-layout-flow wp-block-column-is-layout-flow\" style=\"flex-basis:33.33%\"><div class=\"wp-block-image\">\n<figure class=\"aligncenter size-full is-resized\"><img decoding=\"async\" width=\"209\" height=\"220\" src=\"https:\/\/klinger.pt\/wp-content\/uploads\/2023\/01\/Hybrid-packings-1.png\" alt=\"\" class=\"wp-image-36059\" style=\"width:163px;height:171px\"\/><\/figure>\n<\/div><\/div>\n\n\n\n<div class=\"wp-block-column is-layout-flow wp-block-column-is-layout-flow\" style=\"flex-basis:66.66%\">\n<p>Os empanques h\u00edbridos s\u00e3o uma combina\u00e7\u00e3o de dois ou mais fios por m\u00e9todos de entran\u00e7amentos especiais e adicionando lubrificantes selecionados. Esses empanques h\u00edbridos s\u00e3o projetados principalmente para uso em tarefas especializadas, mas podem ser igualmente eficazes em muitas outras aplica\u00e7\u00f5es padr\u00e3o. <\/p>\n\n\n\n<p>A KLINGER recomenda empanques h\u00edbridos em aplica\u00e7\u00f5es dif\u00edceis onde altas tens\u00f5es est\u00e3o envolvidas e os empanques s\u00e3o necess\u00e1rios para oferecer uma veda\u00e7\u00e3o estanque sob alta press\u00e3o, por exemplo, bombas alternativas.<\/p>\n<\/div>\n<\/div>\n\n\n\n<div class=\"wp-block-columns is-layout-flex wp-container-core-columns-is-layout-9d6595d7 wp-block-columns-is-layout-flex\">\n<div class=\"wp-block-column is-layout-flow wp-block-column-is-layout-flow\" style=\"font-size:14px\">\n<h2 class=\"wp-block-heading\">EMPANQUES KLINGER TOPLINE K4311<\/h2>\n\n\n\n<p>Empanques h\u00edbridos que combinam as propriedades da fibra de aramida e fios de PTFE em torno de um n\u00facleo de borracha de silicone com PTFE e lubrificante de silicone. Uma gaxeta forte adequada para uso onde o desgaste do eixo \u00e9 uma considera\u00e7\u00e3o.<\/p>\n\n\n\n<p>\u00bb Excelentes empanques din\u00e2micos para tarefas rotativas e rec\u00edprocas<br>\u00bb Adequado para meios abrasivos e viscosos<\/p>\n\n\n\n<div class=\"wp-block-buttons has-custom-font-size has-small-font-size is-content-justification-left is-layout-flex wp-container-core-buttons-is-layout-fdcfc74e wp-block-buttons-is-layout-flex\">\n<div class=\"wp-block-button has-custom-width wp-block-button__width-50 is-style-fill\"><a class=\"wp-block-button__link has-white-color has-text-color has-background wp-element-button\" href=\"https:\/\/klinger.pt\/wp-content\/uploads\/2024\/03\/Empanque-KLINGER-K4311_compressed-1.pdf\" style=\"border-radius:0px;background-color:#003a68\" target=\"_blank\" rel=\"noreferrer noopener\">\u00bb Consultar Ficha T\u00e9cnica de Empanques KLINGER Topline K4311<\/a><\/div>\n<\/div>\n<\/div>\n\n\n\n<div class=\"wp-block-column is-layout-flow wp-block-column-is-layout-flow\" style=\"font-size:14px\">\n<h2 class=\"wp-block-heading\">EMPANQUES KLINGER TOPLINE K4313<\/h2>\n\n\n\n<p>Os empanques h\u00edbridos TopLine combinam as propriedades da fibra de aramida e do fio de PTFE em torno de um n\u00facleo de silicone para produzir empanques de alta resist\u00eancia adequados para uso em meios abrasivos e viscosos. O fio de PTFE garante que o desgaste do eixo seja m\u00ednimo.<\/p>\n\n\n\n<p>\u00bb Excelentes empanques din\u00e2micos para tarefas rotativas e rec\u00edprocas<br>\u00bb Adequado para meios abrasivos e viscosos<\/p>\n\n\n\n<div class=\"wp-block-buttons has-custom-font-size has-small-font-size is-content-justification-left is-layout-flex wp-container-core-buttons-is-layout-fdcfc74e wp-block-buttons-is-layout-flex\">\n<div class=\"wp-block-button has-custom-width wp-block-button__width-50 is-style-fill\"><a class=\"wp-block-button__link has-white-color has-text-color has-background wp-element-button\" href=\"https:\/\/klinger.pt\/wp-content\/uploads\/2024\/03\/Empanque-KLINGER-K4313_compressed-1.pdf\" style=\"border-radius:0px;background-color:#003a68\" target=\"_blank\" rel=\"noreferrer noopener\">\u00bb Consultar Ficha T\u00e9cnica de Empanques KLINGER Topline K4313<\/a><\/div>\n<\/div>\n<\/div>\n<\/div>\n","protected":false},"excerpt":{"rendered":"<p>EMPANQUES H\u00cdBRIDOS Os empanques h\u00edbridos s\u00e3o uma combina\u00e7\u00e3o de dois ou mais fios por m\u00e9todos de entran\u00e7amentos especiais e adicionando lubrificantes selecionados. Esses empanques h\u00edbridos s\u00e3o projetados principalmente para uso em tarefas especializadas, mas podem ser igualmente eficazes em muitas outras aplica\u00e7\u00f5es padr\u00e3o. A KLINGER recomenda empanques h\u00edbridos em aplica\u00e7\u00f5es dif\u00edceis onde altas tens\u00f5es est\u00e3o [&hellip;]<\/p>\n","protected":false},"author":4,"featured_media":0,"parent":29507,"menu_order":0,"comment_status":"closed","ping_status":"closed","template":"page-templates\/servicios.php","meta":{"_eb_attr":"","footnotes":""},"class_list":["post-33065","page","type-page","status-publish","hentry"],"aioseo_notices":[],"_links":{"self":[{"href":"https:\/\/klinger.pt\/es\/wp-json\/wp\/v2\/pages\/33065","targetHints":{"allow":["GET"]}}],"collection":[{"href":"https:\/\/klinger.pt\/es\/wp-json\/wp\/v2\/pages"}],"about":[{"href":"https:\/\/klinger.pt\/es\/wp-json\/wp\/v2\/types\/page"}],"author":[{"embeddable":true,"href":"https:\/\/klinger.pt\/es\/wp-json\/wp\/v2\/users\/4"}],"replies":[{"embeddable":true,"href":"https:\/\/klinger.pt\/es\/wp-json\/wp\/v2\/comments?post=33065"}],"version-history":[{"count":15,"href":"https:\/\/klinger.pt\/es\/wp-json\/wp\/v2\/pages\/33065\/revisions"}],"predecessor-version":[{"id":46278,"href":"https:\/\/klinger.pt\/es\/wp-json\/wp\/v2\/pages\/33065\/revisions\/46278"}],"up":[{"embeddable":true,"href":"https:\/\/klinger.pt\/es\/wp-json\/wp\/v2\/pages\/29507"}],"wp:attachment":[{"href":"https:\/\/klinger.pt\/es\/wp-json\/wp\/v2\/media?parent=33065"}],"curies":[{"name":"wp","href":"https:\/\/api.w.org\/{rel}","templated":true}]}}