{"id":33034,"date":"2022-11-21T16:54:39","date_gmt":"2022-11-21T16:54:39","guid":{"rendered":"https:\/\/m5j0n6nk9p.onrocket.site\/?page_id=33034"},"modified":"2024-03-26T16:09:34","modified_gmt":"2024-03-26T16:09:34","slug":"empanques-de-fibra-sintetica","status":"publish","type":"page","link":"https:\/\/klinger.pt\/es\/produtos\/vedacao\/empanques\/empanques-de-fibra-sintetica\/","title":{"rendered":"EMPANQUES DE FIBRA SINT\u00c9TICA"},"content":{"rendered":"\n<h1 class=\"wp-block-heading has-large-font-size\">EMPANQUES DE FIBRA SINT\u00c9TICA<\/h1>\n\n\n\n<div class=\"wp-block-columns is-layout-flex wp-container-core-columns-is-layout-9d6595d7 wp-block-columns-is-layout-flex\">\n<div class=\"wp-block-column is-layout-flow wp-block-column-is-layout-flow\" style=\"flex-basis:33.33%\"><div class=\"wp-block-image\">\n<figure class=\"aligncenter size-full is-resized\"><img decoding=\"async\" width=\"154\" height=\"164\" src=\"https:\/\/klinger.pt\/wp-content\/uploads\/2023\/01\/Empanque-fibra-sintetica.jpg\" alt=\"\" class=\"wp-image-36051\" style=\"width:166px;height:177px\"\/><\/figure>\n<\/div><\/div>\n\n\n\n<div class=\"wp-block-column is-layout-flow wp-block-column-is-layout-flow\" style=\"flex-basis:66.66%\">\n<p>Os empanques de fibra sint\u00e9tica s\u00e3o uma resposta da ind\u00fastria para melhorias na capacidade geral de veda\u00e7\u00e3o. A demanda dos usu\u00e1rios por menos vazamento, tempo de inatividade e desgaste combinado com um bom tempo de retorno continua sendo o principal crit\u00e9rio para o uso de empanques de fibra sint\u00e9tica. <\/p>\n\n\n\n<p>Os empanques de fibra sint\u00e9tica s\u00e3o cada vez mais apreciadas por causa das t\u00e9cnicas eficazes empregadas pela KLINGER em rela\u00e7\u00e3o aos materiais utilizados e nos m\u00e9todos de entran\u00e7amento e lubrifica\u00e7\u00e3o.<\/p>\n<\/div>\n<\/div>\n\n\n\n<div class=\"wp-block-columns is-layout-flex wp-container-core-columns-is-layout-9d6595d7 wp-block-columns-is-layout-flex\">\n<div class=\"wp-block-column is-layout-flow wp-block-column-is-layout-flow\" style=\"font-size:14px\">\n<h2 class=\"wp-block-heading\">EMPANQUES KLINGER TOPLINE K10<\/h2>\n\n\n\n<p>Estes empanques s\u00e3o uma combina\u00e7\u00e3o de fio acr\u00edlico e PTFE para produzir um material de veda\u00e7\u00e3o dur\u00e1vel e econ\u00f4mico<\/p>\n\n\n\n<p>\u00bb Empanques sint\u00e9ticos econ\u00f4micos e vers\u00e1teis<br>\u00bb Adequados para servi\u00e7os gerais em v\u00e1lvulas e bombas<br>\u00bb WRc aprovado<br>\u00bb Tamb\u00e9m dispon\u00edvel com lubrificante de grafite em vez de PTFE \u2013 K11<\/p>\n\n\n\n<div class=\"wp-block-buttons has-custom-font-size has-small-font-size is-content-justification-left is-layout-flex wp-container-core-buttons-is-layout-fdcfc74e wp-block-buttons-is-layout-flex\">\n<div class=\"wp-block-button has-custom-width wp-block-button__width-25 is-style-fill\"><a class=\"wp-block-button__link has-white-color has-text-color has-background wp-element-button\" href=\"https:\/\/klinger.pt\/wp-content\/uploads\/2024\/03\/Empanque-KLINGER-K10_compressed-1.pdf\" style=\"border-radius:0px;background-color:#003a68\" target=\"_blank\" rel=\"noreferrer noopener\">\u00bb Ficha T\u00e9cnica PDF<\/a><\/div>\n<\/div>\n<\/div>\n\n\n\n<div class=\"wp-block-column is-layout-flow wp-block-column-is-layout-flow\" style=\"font-size:14px\">\n<h2 class=\"wp-block-heading\">EMPANQUES KLINGER TOPLINE K25<\/h2>\n\n\n\n<p>Empanques com fios de fibra de aramida de alta resist\u00eancia com tran\u00e7a cruzada KLINGERlock. Com um lubrificante PTFE adicional.<\/p>\n\n\n\n<p>\u00bb Adequado para meios abrasivos e viscosos<br>\u00bb Ideal para veda\u00e7\u00e3o em aplica\u00e7\u00f5es de bombeamento extremas &#8211; rotativas ou rec\u00edprocas.<\/p>\n\n\n\n<p><\/p>\n\n\n\n<div class=\"wp-block-buttons has-custom-font-size has-small-font-size is-content-justification-left is-layout-flex wp-container-core-buttons-is-layout-fdcfc74e wp-block-buttons-is-layout-flex\">\n<div class=\"wp-block-button has-custom-width wp-block-button__width-25 is-style-fill\"><a class=\"wp-block-button__link has-white-color has-text-color has-background wp-element-button\" href=\"https:\/\/klinger.pt\/wp-content\/uploads\/2024\/03\/Empanque-KLINGER-K25_compressed-1.pdf\" style=\"border-radius:0px;background-color:#003a68\" target=\"_blank\" rel=\"noreferrer noopener\">\u00bb Ficha T\u00e9cnica PDF<\/a><\/div>\n<\/div>\n<\/div>\n<\/div>\n\n\n\n<div class=\"wp-block-columns is-layout-flex wp-container-core-columns-is-layout-9d6595d7 wp-block-columns-is-layout-flex\">\n<div class=\"wp-block-column is-layout-flow wp-block-column-is-layout-flow\" style=\"font-size:14px\">\n<h2 class=\"wp-block-heading\">EMPANQUES KLINGER TOPLINE K4303<\/h2>\n\n\n\n<p>Estes empanques s\u00e3o uma combina\u00e7\u00e3o de fios de fibra de vidro selecionados e PTFE adequados para uso em aplica\u00e7\u00f5es de v\u00e1lvula e veda\u00e7\u00e3o est\u00e1tica<\/p>\n\n\n\n<p>\u00bb Empanques para uso em v\u00e1lvulas e veda\u00e7\u00e3o est\u00e1tica<br>\u00bb F\u00e1cil de cortar, manusear e instalar<\/p>\n\n\n\n<div class=\"wp-block-buttons has-custom-font-size has-small-font-size is-content-justification-left is-layout-flex wp-container-core-buttons-is-layout-fdcfc74e wp-block-buttons-is-layout-flex\">\n<div class=\"wp-block-button has-custom-width wp-block-button__width-25 is-style-fill\"><a class=\"wp-block-button__link has-white-color has-text-color has-background wp-element-button\" href=\"https:\/\/klinger.pt\/wp-content\/uploads\/2024\/03\/Empanque-KLINGER-K4303_compressed-1.pdf\" style=\"border-radius:0px;background-color:#003a68\" target=\"_blank\" rel=\"noreferrer noopener\">\u00bb Ficha T\u00e9cnica PDF<\/a><\/div>\n<\/div>\n<\/div>\n\n\n\n<div class=\"wp-block-column is-layout-flow wp-block-column-is-layout-flow\" style=\"font-size:14px\">\n<h2 class=\"wp-block-heading\">EMPANQUES KLINGER TOPLINE K4307<\/h2>\n\n\n\n<p>Empanque de linho com PTFE incorporado. <\/p>\n\n\n\n<p>\u00bb  Empanque de compress\u00e3o especificamente concebido para aplica\u00e7\u00f5es de bombagem centr\u00edfuga. Bombagem de meios como \u00e1gua, \u00f3leo lubrificante, petr\u00f3leo bruto, \u00e1gua de por\u00e3o e lamas.<\/p>\n\n\n\n<div class=\"wp-block-buttons has-custom-font-size has-small-font-size is-content-justification-left is-layout-flex wp-container-core-buttons-is-layout-fdcfc74e wp-block-buttons-is-layout-flex\">\n<div class=\"wp-block-button has-custom-width wp-block-button__width-25 is-style-fill\"><a class=\"wp-block-button__link has-white-color has-text-color has-background wp-element-button\" href=\"https:\/\/klinger.pt\/wp-content\/uploads\/2024\/03\/Empanque-KLINGER-K4307_compressed-1.pdf\" style=\"border-radius:0px;background-color:#003a68\" target=\"_blank\" rel=\"noreferrer noopener\">\u00bb Ficha T\u00e9cnica PDF<\/a><\/div>\n<\/div>\n<\/div>\n<\/div>\n\n\n\n<div class=\"wp-block-columns is-layout-flex wp-container-core-columns-is-layout-9d6595d7 wp-block-columns-is-layout-flex\">\n<div class=\"wp-block-column is-layout-flow wp-block-column-is-layout-flow\" style=\"font-size:14px\">\n<h2 class=\"wp-block-heading\">EMPANQUES KLINGER TOPLINE K4310<\/h2>\n\n\n\n<p>Uma combina\u00e7\u00e3o de fios de fibra de vidro selecionados e grafite, para produzir empanques de temperatura mais alta para uso em v\u00e1lvulas e aplica\u00e7\u00f5es est\u00e1ticas.<\/p>\n\n\n\n<p>\u00bb Boa resist\u00eancia t\u00e9rmica, pode ser usado at\u00e9 450\u00b0C<br>\u00bb Empanques para uso em v\u00e1lvulas e veda\u00e7\u00e3o est\u00e1tica<\/p>\n\n\n\n<p><\/p>\n\n\n\n<div class=\"wp-block-buttons has-custom-font-size has-small-font-size is-content-justification-left is-layout-flex wp-container-core-buttons-is-layout-fdcfc74e wp-block-buttons-is-layout-flex\">\n<div class=\"wp-block-button has-custom-width wp-block-button__width-25 is-style-fill\"><a class=\"wp-block-button__link has-white-color has-text-color has-background wp-element-button\" href=\"https:\/\/klinger.pt\/wp-content\/uploads\/2024\/03\/Empanque-KLINGER-K4310_compressed-1.pdf\" style=\"border-radius:0px;background-color:#003a68\" target=\"_blank\" rel=\"noreferrer noopener\">\u00bb Ficha T\u00e9cnica PDF<\/a><\/div>\n<\/div>\n<\/div>\n\n\n\n<div class=\"wp-block-column is-layout-flow wp-block-column-is-layout-flow\" style=\"font-size:14px\"><\/div>\n<\/div>\n","protected":false},"excerpt":{"rendered":"<p>EMPANQUES DE FIBRA SINT\u00c9TICA Os empanques de fibra sint\u00e9tica s\u00e3o uma resposta da ind\u00fastria para melhorias na capacidade geral de veda\u00e7\u00e3o. A demanda dos usu\u00e1rios por menos vazamento, tempo de inatividade e desgaste combinado com um bom tempo de retorno continua sendo o principal crit\u00e9rio para o uso de empanques de fibra sint\u00e9tica. Os empanques [&hellip;]<\/p>\n","protected":false},"author":4,"featured_media":0,"parent":29507,"menu_order":0,"comment_status":"closed","ping_status":"closed","template":"page-templates\/servicios.php","meta":{"_eb_attr":"","footnotes":""},"class_list":["post-33034","page","type-page","status-publish","hentry"],"aioseo_notices":[],"_links":{"self":[{"href":"https:\/\/klinger.pt\/es\/wp-json\/wp\/v2\/pages\/33034","targetHints":{"allow":["GET"]}}],"collection":[{"href":"https:\/\/klinger.pt\/es\/wp-json\/wp\/v2\/pages"}],"about":[{"href":"https:\/\/klinger.pt\/es\/wp-json\/wp\/v2\/types\/page"}],"author":[{"embeddable":true,"href":"https:\/\/klinger.pt\/es\/wp-json\/wp\/v2\/users\/4"}],"replies":[{"embeddable":true,"href":"https:\/\/klinger.pt\/es\/wp-json\/wp\/v2\/comments?post=33034"}],"version-history":[{"count":19,"href":"https:\/\/klinger.pt\/es\/wp-json\/wp\/v2\/pages\/33034\/revisions"}],"predecessor-version":[{"id":45796,"href":"https:\/\/klinger.pt\/es\/wp-json\/wp\/v2\/pages\/33034\/revisions\/45796"}],"up":[{"embeddable":true,"href":"https:\/\/klinger.pt\/es\/wp-json\/wp\/v2\/pages\/29507"}],"wp:attachment":[{"href":"https:\/\/klinger.pt\/es\/wp-json\/wp\/v2\/media?parent=33034"}],"curies":[{"name":"wp","href":"https:\/\/api.w.org\/{rel}","templated":true}]}}