{"id":32983,"date":"2022-11-21T12:56:38","date_gmt":"2022-11-21T12:56:38","guid":{"rendered":"https:\/\/m5j0n6nk9p.onrocket.site\/?page_id=32983"},"modified":"2024-03-26T16:04:40","modified_gmt":"2024-03-26T16:04:40","slug":"empanques-de-ptfe","status":"publish","type":"page","link":"https:\/\/klinger.pt\/es\/produtos\/vedacao\/empanques\/empanques-de-ptfe\/","title":{"rendered":"EMPANQUES DE PTFE"},"content":{"rendered":"\n<h1 class=\"wp-block-heading has-large-font-size\">EMPANQUES DE PTFE<\/h1>\n\n\n\n<div class=\"wp-block-columns is-layout-flex wp-container-core-columns-is-layout-9d6595d7 wp-block-columns-is-layout-flex\">\n<div class=\"wp-block-column is-layout-flow wp-block-column-is-layout-flow\" style=\"flex-basis:33.33%\"><div class=\"wp-block-image\">\n<figure class=\"aligncenter size-full is-resized\"><img fetchpriority=\"high\" decoding=\"async\" width=\"250\" height=\"250\" src=\"https:\/\/klinger.pt\/wp-content\/uploads\/2020\/07\/Empanques-PTFE-KLINGER-Portugal.webp\" alt=\"Empanques PTFE KLINGER\" class=\"wp-image-10562\" style=\"width:236px;height:236px\" srcset=\"https:\/\/klinger.pt\/wp-content\/uploads\/2020\/07\/Empanques-PTFE-KLINGER-Portugal.webp 250w, https:\/\/klinger.pt\/wp-content\/uploads\/2020\/07\/Empanques-PTFE-KLINGER-Portugal-150x150.webp 150w\" sizes=\"(max-width: 250px) 100vw, 250px\" \/><\/figure>\n<\/div><\/div>\n\n\n\n<div class=\"wp-block-column is-layout-flow wp-block-column-is-layout-flow\" style=\"flex-basis:66.66%\">\n<p>Os empanques feitos de PTFE (Politetrafluoretileno) s\u00e3o um dos pilares da ind\u00fastria de empanques por compress\u00e3o mec\u00e2nica. PTFE \u00e9 conhecido por sua excelente resist\u00eancia ao ataque qu\u00edmico, baixo coeficiente de fric\u00e7\u00e3o e ampla toler\u00e2ncia \u00e0 temperatura, incluindo servi\u00e7o criog\u00eanico. <\/p>\n\n\n\n<p>Essa ampla flexibilidade torna os empanques de PTFE uma escolha popular para aquelas aplica\u00e7\u00f5es dif\u00edceis em que solventes fortes, produtos qu\u00edmicos corrosivos e meios oxidantes precisam ser selados. A KLINGER aproveitou essas propriedades em nossa linha de empanques \u00e0 base de PTFE para fornecer uma capacidade de veda\u00e7\u00e3o enormemente ampla em aplica\u00e7\u00f5es de v\u00e1lvulas e bombeamento.<\/p>\n<\/div>\n<\/div>\n\n\n\n<div class=\"wp-block-columns is-layout-flex wp-container-core-columns-is-layout-9d6595d7 wp-block-columns-is-layout-flex\">\n<div class=\"wp-block-column is-layout-flow wp-block-column-is-layout-flow\" style=\"font-size:14px\">\n<h2 class=\"wp-block-heading\">EMPANQUES KLINGER TOPLINE K49<\/h2>\n\n\n\n<p>Empanques multiuso de alto desempenho para v\u00e1lvulas e aplica\u00e7\u00f5es de bombeamento. Fabricado com fio Gore GFO\u00ae com lubrificante de grafite encapsulado para r\u00e1pida dispers\u00e3o de calor para uso em aplica\u00e7\u00f5es de alta velocidade.<\/p>\n\n\n\n<p>\u00bb Excelente resist\u00eancia qu\u00edmica<br>\u00bb WRC aprovado<\/p>\n\n\n\n<div class=\"wp-block-buttons has-custom-font-size has-small-font-size is-content-justification-left is-layout-flex wp-container-core-buttons-is-layout-fdcfc74e wp-block-buttons-is-layout-flex\">\n<div class=\"wp-block-button has-custom-width wp-block-button__width-25 is-style-fill\"><a class=\"wp-block-button__link has-white-color has-text-color has-background wp-element-button\" href=\"https:\/\/klinger.pt\/wp-content\/uploads\/2024\/03\/Empanque-KLINGER-K49_compressed-1.pdf\" style=\"border-radius:0px;background-color:#003a68\" target=\"_blank\" rel=\"noreferrer noopener\">\u00bb Ficha T\u00e9cnica PDF<\/a><\/div>\n<\/div>\n<\/div>\n\n\n\n<div class=\"wp-block-column is-layout-flow wp-block-column-is-layout-flow\" style=\"font-size:14px\">\n<h2 class=\"wp-block-heading\">EMPANQUES KLINGER TOPLINE K54F<\/h2>\n\n\n\n<p>Empanques de PTFE puro, excelente escolha para uso em toda a f\u00e1brica, especialmente quando s\u00e3o necess\u00e1rioa um empanques limpos e n\u00e3o contaminantes.<\/p>\n\n\n\n<p>\u00bb Adequado para aplica\u00e7\u00f5es aliment\u00edcias e farmac\u00eauticas<br>\u00bb Alto grau de resist\u00eancia qu\u00edmica<br>\u00bb WRC aprovado<\/p>\n\n\n\n<div class=\"wp-block-buttons has-custom-font-size has-small-font-size is-content-justification-left is-layout-flex wp-container-core-buttons-is-layout-fdcfc74e wp-block-buttons-is-layout-flex\">\n<div class=\"wp-block-button has-custom-width wp-block-button__width-25 is-style-fill\"><a class=\"wp-block-button__link has-white-color has-text-color has-background wp-element-button\" href=\"https:\/\/klinger.pt\/wp-content\/uploads\/2024\/03\/Empanque-KLINGER-K54F_compressed-1.pdf\" style=\"border-radius:0px;background-color:#003a68\" target=\"_blank\" rel=\"noreferrer noopener\">\u00bb Ficha T\u00e9cnica PDF<\/a><\/div>\n<\/div>\n<\/div>\n<\/div>\n\n\n\n<div class=\"wp-block-columns is-layout-flex wp-container-core-columns-is-layout-9d6595d7 wp-block-columns-is-layout-flex\">\n<div class=\"wp-block-column is-layout-flow wp-block-column-is-layout-flow\" style=\"font-size:14px\">\n<h2 class=\"wp-block-heading\">EMPANQUES KLINGER TOPLINE K54H<\/h2>\n\n\n\n<p>Empanques de PTFE com adi\u00e7\u00e3o de PTFE e lubrificante de \u00f3leo mineral, tornando-a uma excelente escolha para uso em toda a f\u00e1brica, especialmente quando s\u00e3o necess\u00e1rios empanques limpos e n\u00e3o contaminantes.<\/p>\n\n\n\n<p>\u00bb Alto grau de resist\u00eancia qu\u00edmica<\/p>\n\n\n\n<p><\/p>\n\n\n\n<div class=\"wp-block-buttons has-custom-font-size has-small-font-size is-content-justification-left is-layout-flex wp-container-core-buttons-is-layout-fdcfc74e wp-block-buttons-is-layout-flex\">\n<div class=\"wp-block-button has-custom-width wp-block-button__width-25 is-style-fill\"><a class=\"wp-block-button__link has-white-color has-text-color has-background wp-element-button\" href=\"https:\/\/klinger.pt\/wp-content\/uploads\/2024\/03\/Empanque-KLINGER-K54H_compressed-1.pdf\" style=\"border-radius:0px;background-color:#003a68\" target=\"_blank\" rel=\"noreferrer noopener\">\u00bb Ficha T\u00e9cnica PDF<\/a><\/div>\n<\/div>\n<\/div>\n\n\n\n<div class=\"wp-block-column is-layout-flow wp-block-column-is-layout-flow\" style=\"font-size:14px\">\n<h2 class=\"wp-block-heading\">EMPANQUES KLINGER TOPLINE K54S<\/h2>\n\n\n\n<p>Empanques de PTFE puro com lubrificante de PTFE adequado para uso em toda a planta em servi\u00e7os a 260\u00b0C e 200 bar, especialmente quando \u00e9 necess\u00e1rio um alto n\u00edvel de resist\u00eancia ao ataque qu\u00edmico.<\/p>\n\n\n\n<p>\u00bb Alta resist\u00eancia ao ataque qu\u00edmico<br>\u00bb WRC aprovado<\/p>\n\n\n\n<div class=\"wp-block-buttons has-custom-font-size has-small-font-size is-content-justification-left is-layout-flex wp-container-core-buttons-is-layout-fdcfc74e wp-block-buttons-is-layout-flex\">\n<div class=\"wp-block-button has-custom-width wp-block-button__width-25 is-style-fill\"><a class=\"wp-block-button__link has-white-color has-text-color has-background wp-element-button\" href=\"https:\/\/klinger.pt\/wp-content\/uploads\/2024\/03\/Empanque-KLINGER-K54S_compressed-1.pdf\" style=\"border-radius:0px;background-color:#003a68\" target=\"_blank\" rel=\"noreferrer noopener\">\u00bb Ficha T\u00e9cnica PDF<\/a><\/div>\n<\/div>\n<\/div>\n<\/div>\n\n\n\n<div class=\"wp-block-columns is-layout-flex wp-container-core-columns-is-layout-9d6595d7 wp-block-columns-is-layout-flex\">\n<div class=\"wp-block-column is-layout-flow wp-block-column-is-layout-flow\" style=\"font-size:14px\">\n<h2 class=\"wp-block-heading\">EMPANQUES KLINGER TOPLINE K55<\/h2>\n\n\n\n<p>Empanques de fio de PTFE de nova gera\u00e7\u00e3o com lubrificante de grafite encapsulado.<\/p>\n\n\n\n<p>\u00bb Mais econ\u00f4mico que os empanques K49<br>\u00bb Adequado para aplica\u00e7\u00f5es de v\u00e1lvulas e bombas.<br>\u00bb Tran\u00e7ado KLINGERlock  oferecendo excelente veda\u00e7\u00e3o e confiabilidade em tarefas de alto desempenho<\/p>\n\n\n\n<p><\/p>\n\n\n\n<div class=\"wp-block-buttons has-custom-font-size has-small-font-size is-content-justification-left is-layout-flex wp-container-core-buttons-is-layout-fdcfc74e wp-block-buttons-is-layout-flex\">\n<div class=\"wp-block-button has-custom-width wp-block-button__width-25 is-style-fill\"><a class=\"wp-block-button__link has-white-color has-text-color has-background wp-element-button\" href=\"https:\/\/klinger.pt\/wp-content\/uploads\/2024\/03\/Empanque-KLINGER-K55_compressed-1.pdf\" style=\"border-radius:0px;background-color:#003a68\" target=\"_blank\" rel=\"noreferrer noopener\">\u00bb Ficha T\u00e9cnica PDF<\/a><\/div>\n<\/div>\n<\/div>\n\n\n\n<div class=\"wp-block-column is-layout-flow wp-block-column-is-layout-flow\" style=\"font-size:14px\">\n<h2 class=\"wp-block-heading\">EMPANQUES KLINGER TOPLINE K4322<\/h2>\n\n\n\n<p>Empanques de fio de PTFE com lubrificante de grafite para uso em v\u00e1lvulas e bombas de alta velocidade.<\/p>\n\n\n\n<p>\u00bb O tratamento de grafite facilita a r\u00e1pida dispers\u00e3o de calor para aplica\u00e7\u00f5es de alta velocidade<br>\u00bb Excelente resist\u00eancia qu\u00edmica<br>\u00bb Tran\u00e7ado KLINGERlock oferecendo excelente veda\u00e7\u00e3o e confiabilidade em tarefas de alto desempenho<\/p>\n\n\n\n<p><\/p>\n\n\n\n<div class=\"wp-block-buttons has-custom-font-size has-small-font-size is-content-justification-left is-layout-flex wp-container-core-buttons-is-layout-fdcfc74e wp-block-buttons-is-layout-flex\">\n<div class=\"wp-block-button has-custom-width wp-block-button__width-25 is-style-fill\"><a class=\"wp-block-button__link has-white-color has-text-color has-background wp-element-button\" href=\"https:\/\/klinger.pt\/wp-content\/uploads\/2024\/03\/Empanque-KLINGER-K4322_compressed-1.pdf\" style=\"border-radius:0px;background-color:#003a68\" target=\"_blank\" rel=\"noreferrer noopener\">\u00bb Ficha T\u00e9cnica PDF<\/a><\/div>\n<\/div>\n<\/div>\n<\/div>\n","protected":false},"excerpt":{"rendered":"<p>EMPANQUES DE PTFE Os empanques feitos de PTFE (Politetrafluoretileno) s\u00e3o um dos pilares da ind\u00fastria de empanques por compress\u00e3o mec\u00e2nica. PTFE \u00e9 conhecido por sua excelente resist\u00eancia ao ataque qu\u00edmico, baixo coeficiente de fric\u00e7\u00e3o e ampla toler\u00e2ncia \u00e0 temperatura, incluindo servi\u00e7o criog\u00eanico. Essa ampla flexibilidade torna os empanques de PTFE uma escolha popular para aquelas [&hellip;]<\/p>\n","protected":false},"author":4,"featured_media":0,"parent":29507,"menu_order":0,"comment_status":"closed","ping_status":"closed","template":"page-templates\/servicios.php","meta":{"_eb_attr":"","footnotes":""},"class_list":["post-32983","page","type-page","status-publish","hentry"],"aioseo_notices":[],"_links":{"self":[{"href":"https:\/\/klinger.pt\/es\/wp-json\/wp\/v2\/pages\/32983","targetHints":{"allow":["GET"]}}],"collection":[{"href":"https:\/\/klinger.pt\/es\/wp-json\/wp\/v2\/pages"}],"about":[{"href":"https:\/\/klinger.pt\/es\/wp-json\/wp\/v2\/types\/page"}],"author":[{"embeddable":true,"href":"https:\/\/klinger.pt\/es\/wp-json\/wp\/v2\/users\/4"}],"replies":[{"embeddable":true,"href":"https:\/\/klinger.pt\/es\/wp-json\/wp\/v2\/comments?post=32983"}],"version-history":[{"count":24,"href":"https:\/\/klinger.pt\/es\/wp-json\/wp\/v2\/pages\/32983\/revisions"}],"predecessor-version":[{"id":45794,"href":"https:\/\/klinger.pt\/es\/wp-json\/wp\/v2\/pages\/32983\/revisions\/45794"}],"up":[{"embeddable":true,"href":"https:\/\/klinger.pt\/es\/wp-json\/wp\/v2\/pages\/29507"}],"wp:attachment":[{"href":"https:\/\/klinger.pt\/es\/wp-json\/wp\/v2\/media?parent=32983"}],"curies":[{"name":"wp","href":"https:\/\/api.w.org\/{rel}","templated":true}]}}