{"id":32895,"date":"2022-11-21T10:28:33","date_gmt":"2022-11-21T10:28:33","guid":{"rendered":"https:\/\/m5j0n6nk9p.onrocket.site\/?page_id=32895"},"modified":"2025-07-09T09:29:00","modified_gmt":"2025-07-09T08:29:00","slug":"empanques-de-grafite","status":"publish","type":"page","link":"https:\/\/klinger.pt\/es\/produtos\/vedacao\/empanques\/empanques-de-grafite\/","title":{"rendered":"EMPANQUES DE GRAFITE"},"content":{"rendered":"\n<h1 class=\"wp-block-heading has-large-font-size\">EMPANQUES DE GRAFITE<\/h1>\n\n\n\n<div class=\"wp-block-columns is-layout-flex wp-container-core-columns-is-layout-9d6595d7 wp-block-columns-is-layout-flex\">\n<div class=\"wp-block-column is-layout-flow wp-block-column-is-layout-flow\" style=\"flex-basis:33.33%\"><div class=\"wp-block-image\">\n<figure class=\"aligncenter size-full is-resized\"><img fetchpriority=\"high\" decoding=\"async\" width=\"250\" height=\"250\" src=\"https:\/\/klinger.pt\/wp-content\/uploads\/2020\/07\/Empanques-Grafite-KLINGER-Portugal.webp\" alt=\"EMPANQUES DE GRAFITE\" class=\"wp-image-10528\" style=\"width:255px;height:255px\" srcset=\"https:\/\/klinger.pt\/wp-content\/uploads\/2020\/07\/Empanques-Grafite-KLINGER-Portugal.webp 250w, https:\/\/klinger.pt\/wp-content\/uploads\/2020\/07\/Empanques-Grafite-KLINGER-Portugal-150x150.webp 150w\" sizes=\"(max-width: 250px) 100vw, 250px\" \/><\/figure>\n<\/div><\/div>\n\n\n\n<div class=\"wp-block-column is-layout-flow wp-block-column-is-layout-flow\" style=\"flex-basis:66.66%\">\n<p>Os empanques de grafite destinam-se a oferecer capacidade de alta temperatura, boa resist\u00eancia qu\u00edmica e desgaste do fuso acentuadamente reduzido. Estes empanques n\u00e3o esmaltam nem endurecem na utiliza\u00e7\u00e3o e tem um m\u00f3dulo de baixa elasticidade.<\/p>\n\n\n\n<p> Empanques de grafite tamb\u00e9m t\u00eam um baixo coeficiente de fric\u00e7\u00e3o e boa estabilidade dimensional. Ao selecionar ou combinar as v\u00e1rias vers\u00f5es de empanques de grafite dispon\u00edveis, podemos oferecer uma gama vers\u00e1til com caracter\u00edsticas variadas de manuseio e desempenho. Estes empanques incluem alta adaptabilidade, resist\u00eancia \u00e0 extrus\u00e3o, pureza qu\u00edmica, temperatura e resist\u00eancia \u00e0 oxida\u00e7\u00e3o, entre outros.<\/p>\n<\/div>\n<\/div>\n\n\n\n<p style=\"font-size:15px\"><\/p>\n\n\n\n<div class=\"wp-block-columns is-layout-flex wp-container-core-columns-is-layout-9d6595d7 wp-block-columns-is-layout-flex\">\n<div class=\"wp-block-column is-layout-flow wp-block-column-is-layout-flow\" style=\"font-size:14px\">\n<h2 class=\"wp-block-heading\">EMPANQUES KLINGER TOPLINE K3222<\/h2>\n\n\n\n<p>Empanques de grafite puro de alto desempenho, para v\u00e1lvulas e bombas. Adequado para aplica\u00e7\u00f5es em toda a planta com excelente resist\u00eancia qu\u00edmica e \u00e0 temperatura. Fabricado em grafite expandido para excelente capacidade de veda\u00e7\u00e3o.<\/p>\n\n\n\n<p>\u00bb Adequado para aplica\u00e7\u00f5es de alta press\u00e3o e alta temperatura<br>\u00bb Oferece excelente veda\u00e7\u00e3o e confiabilidade operacional, tanto para fabricantes de equipamentos originais quanto para usu\u00e1rios da planta<br>\u00bb \u00c0 prova de fogo<\/p>\n\n\n\n<p><\/p>\n\n\n\n<div class=\"wp-block-buttons has-custom-font-size has-small-font-size is-content-justification-left is-layout-flex wp-container-core-buttons-is-layout-fdcfc74e wp-block-buttons-is-layout-flex\">\n<div class=\"wp-block-button has-custom-width wp-block-button__width-25 is-style-fill\"><a class=\"wp-block-button__link has-white-color has-text-color has-background wp-element-button\" href=\"https:\/\/klinger.pt\/wp-content\/uploads\/2024\/03\/Empanque-KLINGER-K3222_compressed-1.pdf\" style=\"border-radius:0px;background-color:#003a68\" target=\"_blank\" rel=\"noreferrer noopener\">\u00bb Ficha T\u00e9cnica PDF<\/a><\/div>\n<\/div>\n<\/div>\n\n\n\n<div class=\"wp-block-column is-layout-flow wp-block-column-is-layout-flow\" style=\"font-size:14px\">\n<h2 class=\"wp-block-heading\">EMPANQUES KLINGER TOPLINE K3222W<\/h2>\n\n\n\n<p>Empanques de grafite de alto desempenho com refor\u00e7o de fio Inconel para uso em altas press\u00f5es.<\/p>\n\n\n\n<p>\u00bb Adequado para aplica\u00e7\u00f5es de alta press\u00e3o e alta temperatura<br>\u00bb Oferece excelente veda\u00e7\u00e3o e confiabilidade operacional, tanto para fabricantes de equipamentos originais quanto para usu\u00e1rios da planta<br>\u00bb \u00c0 prova de fogo<\/p>\n\n\n\n<div class=\"wp-block-buttons has-custom-font-size has-small-font-size is-content-justification-left is-layout-flex wp-container-core-buttons-is-layout-fdcfc74e wp-block-buttons-is-layout-flex\">\n<div class=\"wp-block-button has-custom-width wp-block-button__width-25 is-style-fill\"><a class=\"wp-block-button__link has-white-color has-text-color has-background wp-element-button\" href=\"https:\/\/klinger.pt\/wp-content\/uploads\/2024\/03\/Empanque-KLINGER-K3222W_compressed-1.pdf\" style=\"border-radius:0px;background-color:#003a68\" target=\"_blank\" rel=\"noreferrer noopener\">\u00bb Ficha T\u00e9cnica PDF<\/a><\/div>\n<\/div>\n<\/div>\n<\/div>\n\n\n\n<div class=\"wp-block-columns is-layout-flex wp-container-core-columns-is-layout-9d6595d7 wp-block-columns-is-layout-flex\">\n<div class=\"wp-block-column is-layout-flow wp-block-column-is-layout-flow\" style=\"font-size:14px\">\n<h2 class=\"wp-block-heading\">EMPANQUES KLINGER TOPLINE K3622-LE<\/h2>\n\n\n\n<p>Empanques de alto desempenho para v\u00e1lvulas e bombas,<br>concebidos para aplica\u00e7\u00f5es de alta press\u00e3o e alta<br>temperatura.<\/p>\n\n\n\n<p>\u00bb Apenas grafite puro \u00e9 utilizado na fabrica\u00e7\u00e3o deste empanque, com uma pureza entre 99,5% e 99,9%<br>\u00bb Empanque de alto desempenho para v\u00e1lvulas de bloqueio utilizadas em toda a unidade industrial<br>\u00bb Altamente resistente a press\u00f5es extremas e \u00e0 extrus\u00e3o<\/p>\n\n\n\n<div class=\"wp-block-buttons has-custom-font-size has-small-font-size is-content-justification-left is-layout-flex wp-container-core-buttons-is-layout-fdcfc74e wp-block-buttons-is-layout-flex\">\n<div class=\"wp-block-button has-custom-width wp-block-button__width-25 is-style-fill\"><a class=\"wp-block-button__link has-white-color has-text-color has-background wp-element-button\" href=\"https:\/\/klinger.pt\/wp-content\/uploads\/2025\/07\/Top-Line-K3622LE-PT.pdf\" style=\"border-radius:0px;background-color:#003a68\" target=\"_blank\" rel=\"noreferrer noopener\">\u00bb Ficha T\u00e9cnica PDF<\/a><\/div>\n<\/div>\n<\/div>\n\n\n\n<div class=\"wp-block-column is-layout-flow wp-block-column-is-layout-flow\" style=\"font-size:14px\">\n<h2 class=\"wp-block-heading\">KLINGER K35 &#8211; AN\u00c9IS<\/h2>\n\n\n\n<p>Estes empanques s\u00e3o uma solu\u00e7\u00e3o de veda\u00e7\u00e3o para aplica\u00e7\u00f5es de v\u00e1lvulas de alto desempenho que requerem excelentes caracter\u00edsticas de press\u00e3o e temperatura.<\/p>\n\n\n\n<p>\u00bb O material tem excelente condutividade t\u00e9rmica e resist\u00eancia t\u00e9rmica<br>\u00bb Pode ser usado com an\u00e9is de cabe\u00e7alho e rodap\u00e9 tran\u00e7ados para aplica\u00e7\u00f5es de alta press\u00e3o<br>\u00bb Os an\u00e9is moldados K35 n\u00e3o s\u00e3o afetados por flutua\u00e7\u00f5es durante a aplica\u00e7\u00e3o, como ciclos t\u00e9rmicos<\/p>\n\n\n\n<div class=\"wp-block-buttons has-custom-font-size has-small-font-size is-content-justification-left is-layout-flex wp-container-core-buttons-is-layout-fdcfc74e wp-block-buttons-is-layout-flex\">\n<div class=\"wp-block-button has-custom-width wp-block-button__width-25 is-style-fill\"><a class=\"wp-block-button__link has-white-color has-text-color has-background wp-element-button\" href=\"https:\/\/klinger.pt\/wp-content\/uploads\/2022\/12\/PT_K35-Rings_compressed.pdf\" style=\"border-radius:0px;background-color:#003a68\" target=\"_blank\" rel=\"noreferrer noopener\">\u00bb Ficha T\u00e9cnica PDF<\/a><\/div>\n<\/div>\n<\/div>\n<\/div>\n\n\n\n<p><\/p>\n","protected":false},"excerpt":{"rendered":"<p>EMPANQUES DE GRAFITE Os empanques de grafite destinam-se a oferecer capacidade de alta temperatura, boa resist\u00eancia qu\u00edmica e desgaste do fuso acentuadamente reduzido. Estes empanques n\u00e3o esmaltam nem endurecem na utiliza\u00e7\u00e3o e tem um m\u00f3dulo de baixa elasticidade. Empanques de grafite tamb\u00e9m t\u00eam um baixo coeficiente de fric\u00e7\u00e3o e boa estabilidade dimensional. Ao selecionar ou [&hellip;]<\/p>\n","protected":false},"author":4,"featured_media":0,"parent":29507,"menu_order":0,"comment_status":"closed","ping_status":"closed","template":"page-templates\/servicios.php","meta":{"_eb_attr":"","footnotes":""},"class_list":["post-32895","page","type-page","status-publish","hentry"],"aioseo_notices":[],"_links":{"self":[{"href":"https:\/\/klinger.pt\/es\/wp-json\/wp\/v2\/pages\/32895","targetHints":{"allow":["GET"]}}],"collection":[{"href":"https:\/\/klinger.pt\/es\/wp-json\/wp\/v2\/pages"}],"about":[{"href":"https:\/\/klinger.pt\/es\/wp-json\/wp\/v2\/types\/page"}],"author":[{"embeddable":true,"href":"https:\/\/klinger.pt\/es\/wp-json\/wp\/v2\/users\/4"}],"replies":[{"embeddable":true,"href":"https:\/\/klinger.pt\/es\/wp-json\/wp\/v2\/comments?post=32895"}],"version-history":[{"count":67,"href":"https:\/\/klinger.pt\/es\/wp-json\/wp\/v2\/pages\/32895\/revisions"}],"predecessor-version":[{"id":47092,"href":"https:\/\/klinger.pt\/es\/wp-json\/wp\/v2\/pages\/32895\/revisions\/47092"}],"up":[{"embeddable":true,"href":"https:\/\/klinger.pt\/es\/wp-json\/wp\/v2\/pages\/29507"}],"wp:attachment":[{"href":"https:\/\/klinger.pt\/es\/wp-json\/wp\/v2\/media?parent=32895"}],"curies":[{"name":"wp","href":"https:\/\/api.w.org\/{rel}","templated":true}]}}