{"id":31941,"date":"2022-09-19T09:10:53","date_gmt":"2022-09-19T08:10:53","guid":{"rendered":"https:\/\/m5j0n6nk9p.onrocket.site\/?page_id=31941"},"modified":"2023-02-28T12:18:34","modified_gmt":"2023-02-28T12:18:34","slug":"valvula-de-retencao-contrapeso","status":"publish","type":"page","link":"https:\/\/klinger.pt\/es\/produtos\/valvulas\/valvulas-de-retencao\/valvulas-de-retencao-baixa-pressao\/valvula-de-retencao-contrapeso\/","title":{"rendered":"V\u00c1LVULA DE RETEN\u00c7\u00c3O CONTRAPESO"},"content":{"rendered":"\n<div class=\"wp-block-columns is-layout-flex wp-container-core-columns-is-layout-9d6595d7 wp-block-columns-is-layout-flex\">\n<div class=\"wp-block-column is-layout-flow wp-block-column-is-layout-flow\" style=\"flex-basis:300px\">\n<figure class=\"wp-block-image size-full\"><img decoding=\"async\" src=\"https:\/\/klinger.pt\/wp-content\/uploads\/2022\/09\/contrapeso-1.png\" alt=\"\" class=\"wp-image-31942\"\/><\/figure>\n<\/div>\n\n\n\n<div class=\"wp-block-column is-layout-flow wp-block-column-is-layout-flow\" style=\"flex-basis:700px\">\n<h1 class=\"wp-block-heading\">V\u00c1LVULA DE RETEN\u00c7\u00c3O CONTRAPESO<\/h1>\n\n\n\n<p>A v\u00e1lvula de reten\u00e7\u00e3o contrapeso impede a ocorr\u00eancia de travagens r\u00edgidas devido ao efeito do sistema de freios e praticamente eliminam o ru\u00eddo, o impacto e os danos.<\/p>\n<\/div>\n<\/div>\n\n\n\n<h5 class=\"wp-block-heading\"><a href=\"https:\/\/klinger.pt\/wp-content\/uploads\/2020\/10\/Catalogo-valvula-retencao-contrapeso.pdf\" data-type=\"URL\" data-id=\"https:\/\/klinger.pt\/wp-content\/uploads\/2020\/10\/Catalogo-valvula-retencao-contrapeso.pdf\" target=\"_blank\" rel=\"noreferrer noopener\">FICHA T\u00c9CNICA_PT (pdf)<\/a><\/h5>\n\n\n\n<h5 class=\"wp-block-heading\"><a href=\"https:\/\/klinger.pt\/wp-content\/uploads\/2020\/10\/Catalogo-valvula-retencao-contrapeso.pdf\" data-type=\"URL\" data-id=\"https:\/\/klinger.pt\/wp-content\/uploads\/2020\/10\/Catalogo-valvula-retencao-contrapeso.pdf\" target=\"_blank\" rel=\"noreferrer noopener\">FICHA T\u00c9CNICA_EN (pdf)<\/a><\/h5>\n","protected":false},"excerpt":{"rendered":"<p>V\u00c1LVULA DE RETEN\u00c7\u00c3O CONTRAPESO A v\u00e1lvula de reten\u00e7\u00e3o contrapeso impede a ocorr\u00eancia de travagens r\u00edgidas devido ao efeito do sistema de freios e praticamente eliminam o ru\u00eddo, o impacto e os danos. FICHA T\u00c9CNICA_PT (pdf) FICHA T\u00c9CNICA_EN (pdf)<\/p>\n","protected":false},"author":1,"featured_media":0,"parent":24000,"menu_order":0,"comment_status":"closed","ping_status":"closed","template":"page-templates\/servicios.php","meta":{"_eb_attr":"","footnotes":""},"class_list":["post-31941","page","type-page","status-publish","hentry"],"aioseo_notices":[],"_links":{"self":[{"href":"https:\/\/klinger.pt\/es\/wp-json\/wp\/v2\/pages\/31941","targetHints":{"allow":["GET"]}}],"collection":[{"href":"https:\/\/klinger.pt\/es\/wp-json\/wp\/v2\/pages"}],"about":[{"href":"https:\/\/klinger.pt\/es\/wp-json\/wp\/v2\/types\/page"}],"author":[{"embeddable":true,"href":"https:\/\/klinger.pt\/es\/wp-json\/wp\/v2\/users\/1"}],"replies":[{"embeddable":true,"href":"https:\/\/klinger.pt\/es\/wp-json\/wp\/v2\/comments?post=31941"}],"version-history":[{"count":2,"href":"https:\/\/klinger.pt\/es\/wp-json\/wp\/v2\/pages\/31941\/revisions"}],"predecessor-version":[{"id":38643,"href":"https:\/\/klinger.pt\/es\/wp-json\/wp\/v2\/pages\/31941\/revisions\/38643"}],"up":[{"embeddable":true,"href":"https:\/\/klinger.pt\/es\/wp-json\/wp\/v2\/pages\/24000"}],"wp:attachment":[{"href":"https:\/\/klinger.pt\/es\/wp-json\/wp\/v2\/media?parent=31941"}],"curies":[{"name":"wp","href":"https:\/\/api.w.org\/{rel}","templated":true}]}}