{"id":31814,"date":"2022-09-15T11:10:58","date_gmt":"2022-09-15T10:10:58","guid":{"rendered":"https:\/\/m5j0n6nk9p.onrocket.site\/?page_id=31814"},"modified":"2023-02-28T10:41:08","modified_gmt":"2023-02-28T10:41:08","slug":"radar-de-ondas-guiadas","status":"publish","type":"page","link":"https:\/\/klinger.pt\/es\/produtos\/instrumentacao\/medicao-de-nivel\/radar\/radar-de-ondas-guiadas\/","title":{"rendered":"RADAR DE ONDAS GUIADAS"},"content":{"rendered":"\n<div class=\"wp-block-columns is-layout-flex wp-container-core-columns-is-layout-9d6595d7 wp-block-columns-is-layout-flex\">\n<div class=\"wp-block-column is-layout-flow wp-block-column-is-layout-flow\" style=\"flex-basis:300px\">\n<figure class=\"wp-block-image size-full\"><img fetchpriority=\"high\" decoding=\"async\" width=\"400\" height=\"400\" src=\"https:\/\/klinger.pt\/wp-content\/uploads\/2022\/09\/RADAR-DE-ONDAS-GUIADAS.png\" alt=\"\" class=\"wp-image-31809\" srcset=\"https:\/\/klinger.pt\/wp-content\/uploads\/2022\/09\/RADAR-DE-ONDAS-GUIADAS.png 400w, https:\/\/klinger.pt\/wp-content\/uploads\/2022\/09\/RADAR-DE-ONDAS-GUIADAS-300x300.png 300w, https:\/\/klinger.pt\/wp-content\/uploads\/2022\/09\/RADAR-DE-ONDAS-GUIADAS-150x150.png 150w\" sizes=\"(max-width: 400px) 100vw, 400px\" \/><\/figure>\n<\/div>\n\n\n\n<div class=\"wp-block-column is-layout-flow wp-block-column-is-layout-flow\" style=\"flex-basis:700px\">\n<h1 class=\"wp-block-heading\">RADAR DE ONDAS GUIADAS<\/h1>\n\n\n\n<p>Adequado para medi\u00e7\u00e3o cont\u00ednua de n\u00edvel de v\u00e1rios l\u00edquidos, pastas e materiais s\u00f3lidos granulados.<\/p>\n\n\n\n<p>As ondas eletromagn\u00e9ticas s\u00e3o enviadas ao longo de um cabo de controlo, quando a onda encontra uma mudan\u00e7a na constante diel\u00e9trica, parte do sinal ser\u00e1 refletido.<\/p>\n\n\n\n<p><\/p>\n\n\n\n<p><\/p>\n<\/div>\n<\/div>\n","protected":false},"excerpt":{"rendered":"<p>RADAR DE ONDAS GUIADAS Adequado para medi\u00e7\u00e3o cont\u00ednua de n\u00edvel de v\u00e1rios l\u00edquidos, pastas e materiais s\u00f3lidos granulados. As ondas eletromagn\u00e9ticas s\u00e3o enviadas ao longo de um cabo de controlo, quando a onda encontra uma mudan\u00e7a na constante diel\u00e9trica, parte do sinal ser\u00e1 refletido.<\/p>\n","protected":false},"author":1,"featured_media":0,"parent":31806,"menu_order":0,"comment_status":"closed","ping_status":"closed","template":"page-templates\/servicios.php","meta":{"_eb_attr":"","footnotes":""},"class_list":["post-31814","page","type-page","status-publish","hentry"],"aioseo_notices":[],"_links":{"self":[{"href":"https:\/\/klinger.pt\/es\/wp-json\/wp\/v2\/pages\/31814","targetHints":{"allow":["GET"]}}],"collection":[{"href":"https:\/\/klinger.pt\/es\/wp-json\/wp\/v2\/pages"}],"about":[{"href":"https:\/\/klinger.pt\/es\/wp-json\/wp\/v2\/types\/page"}],"author":[{"embeddable":true,"href":"https:\/\/klinger.pt\/es\/wp-json\/wp\/v2\/users\/1"}],"replies":[{"embeddable":true,"href":"https:\/\/klinger.pt\/es\/wp-json\/wp\/v2\/comments?post=31814"}],"version-history":[{"count":2,"href":"https:\/\/klinger.pt\/es\/wp-json\/wp\/v2\/pages\/31814\/revisions"}],"predecessor-version":[{"id":38545,"href":"https:\/\/klinger.pt\/es\/wp-json\/wp\/v2\/pages\/31814\/revisions\/38545"}],"up":[{"embeddable":true,"href":"https:\/\/klinger.pt\/es\/wp-json\/wp\/v2\/pages\/31806"}],"wp:attachment":[{"href":"https:\/\/klinger.pt\/es\/wp-json\/wp\/v2\/media?parent=31814"}],"curies":[{"name":"wp","href":"https:\/\/api.w.org\/{rel}","templated":true}]}}