{"id":31125,"date":"2022-09-13T15:36:25","date_gmt":"2022-09-13T14:36:25","guid":{"rendered":"https:\/\/m5j0n6nk9p.onrocket.site\/?page_id=31125"},"modified":"2024-01-12T15:42:44","modified_gmt":"2024-01-12T15:42:44","slug":"valvulas-de-cunha-e-globo-aguas","status":"publish","type":"page","link":"https:\/\/klinger.pt\/es\/produtos\/valvulas\/valvulas-de-cunha-e-globo\/valvulas-de-cunha-e-globo-aguas\/","title":{"rendered":"V\u00c1LVULAS DE CUNHA \u00c1GUAS"},"content":{"rendered":"\n<h1 class=\"wp-block-heading\">V\u00c1LVULAS DE CUNHA \u00c1GUAS<\/h1>\n\n\n\n<div style=\"height:30px\" aria-hidden=\"true\" class=\"wp-block-spacer\"><\/div>\n\n\n\n<div class=\"wp-block-columns is-layout-flex wp-container-core-columns-is-layout-9d6595d7 wp-block-columns-is-layout-flex\">\n<div class=\"wp-block-column is-layout-flow wp-block-column-is-layout-flow\">\n<figure class=\"wp-block-table\"><table><tbody><tr><td><img fetchpriority=\"high\" decoding=\"async\" width=\"270\" height=\"270\" class=\"wp-image-37097\" style=\"width: 270px;\" src=\"https:\/\/klinger.pt\/wp-content\/uploads\/2023\/02\/Valvula-de-Cunha-Elastica-Roscada-mini.webp\" alt=\"Valvula de Cunha Elastica Roscada \" srcset=\"https:\/\/klinger.pt\/wp-content\/uploads\/2023\/02\/Valvula-de-Cunha-Elastica-Roscada-mini.webp 270w, https:\/\/klinger.pt\/wp-content\/uploads\/2023\/02\/Valvula-de-Cunha-Elastica-Roscada-mini-150x150.webp 150w\" sizes=\"(max-width: 270px) 100vw, 270px\" \/><\/td><td><strong><a href=\"https:\/\/klinger.pt\/produtos\/valvulas\/valvulas-de-cunha-e-globo\/valvulas-de-cunha-e-globo-aguas\/valvula-de-cunha-elastica-roscada\/\" title=\"\">EL\u00c1STICA ROSCADA<\/a><\/strong><br><a href=\"https:\/\/klinger.pt\/produtos\/valvulas\/valvulas-de-cunha-e-globo\/valvulas-de-cunha-e-globo-aguas\/valvula-de-cunha-elastica-roscada\/\" title=\"\ufffc\"><img decoding=\"async\" width=\"18\" height=\"18\" class=\"wp-image-16262\" style=\"width: 18px;\" src=\"https:\/\/klinger.pt\/wp-content\/uploads\/2022\/06\/icon-arrow-blue-double.png\" alt=\"\"><\/a><\/td><\/tr><\/tbody><\/table><\/figure>\n<\/div>\n\n\n\n<div class=\"wp-block-column is-layout-flow wp-block-column-is-layout-flow\">\n<figure class=\"wp-block-table\"><table><tbody><tr><td><img decoding=\"async\" width=\"270\" height=\"270\" class=\"wp-image-37095\" style=\"width: 270px;\" src=\"https:\/\/klinger.pt\/wp-content\/uploads\/2023\/02\/Valvula-de-Cunha-Elastica-Flangeada-mini.webp\" alt=\"Valvula de Cunha Elastica Flangeada\" srcset=\"https:\/\/klinger.pt\/wp-content\/uploads\/2023\/02\/Valvula-de-Cunha-Elastica-Flangeada-mini.webp 270w, https:\/\/klinger.pt\/wp-content\/uploads\/2023\/02\/Valvula-de-Cunha-Elastica-Flangeada-mini-150x150.webp 150w\" sizes=\"(max-width: 270px) 100vw, 270px\" \/><\/td><td><strong><a href=\"https:\/\/klinger.pt\/produtos\/valvulas\/valvulas-de-cunha-e-globo\/valvulas-de-cunha-e-globo-aguas\/valvula-de-cunha-elastica-flangeada\/\" title=\"\">EL\u00c1STICA FLANGEADA<\/a><\/strong><br><a href=\"https:\/\/klinger.pt\/produtos\/valvulas\/valvulas-de-cunha-e-globo\/valvulas-de-cunha-e-globo-aguas\/valvula-de-cunha-elastica-flangeada\/\" title=\"\ufffc\"><img decoding=\"async\" width=\"18\" height=\"18\" class=\"wp-image-16262\" style=\"width: 18px;\" src=\"https:\/\/klinger.pt\/wp-content\/uploads\/2022\/06\/icon-arrow-blue-double.png\" alt=\"\"><\/a><\/td><\/tr><\/tbody><\/table><\/figure>\n<\/div>\n<\/div>\n","protected":false},"excerpt":{"rendered":"<p>V\u00c1LVULAS DE CUNHA \u00c1GUAS EL\u00c1STICA ROSCADA EL\u00c1STICA FLANGEADA<\/p>\n","protected":false},"author":1,"featured_media":0,"parent":39513,"menu_order":0,"comment_status":"closed","ping_status":"closed","template":"page-templates\/secciones-principales.php","meta":{"_eb_attr":"","footnotes":""},"class_list":["post-31125","page","type-page","status-publish","hentry"],"aioseo_notices":[],"_links":{"self":[{"href":"https:\/\/klinger.pt\/es\/wp-json\/wp\/v2\/pages\/31125","targetHints":{"allow":["GET"]}}],"collection":[{"href":"https:\/\/klinger.pt\/es\/wp-json\/wp\/v2\/pages"}],"about":[{"href":"https:\/\/klinger.pt\/es\/wp-json\/wp\/v2\/types\/page"}],"author":[{"embeddable":true,"href":"https:\/\/klinger.pt\/es\/wp-json\/wp\/v2\/users\/1"}],"replies":[{"embeddable":true,"href":"https:\/\/klinger.pt\/es\/wp-json\/wp\/v2\/comments?post=31125"}],"version-history":[{"count":10,"href":"https:\/\/klinger.pt\/es\/wp-json\/wp\/v2\/pages\/31125\/revisions"}],"predecessor-version":[{"id":45483,"href":"https:\/\/klinger.pt\/es\/wp-json\/wp\/v2\/pages\/31125\/revisions\/45483"}],"up":[{"embeddable":true,"href":"https:\/\/klinger.pt\/es\/wp-json\/wp\/v2\/pages\/39513"}],"wp:attachment":[{"href":"https:\/\/klinger.pt\/es\/wp-json\/wp\/v2\/media?parent=31125"}],"curies":[{"name":"wp","href":"https:\/\/api.w.org\/{rel}","templated":true}]}}