{"id":31109,"date":"2022-09-13T15:19:21","date_gmt":"2022-09-13T14:19:21","guid":{"rendered":"https:\/\/m5j0n6nk9p.onrocket.site\/?page_id=31109"},"modified":"2023-04-18T16:09:34","modified_gmt":"2023-04-18T15:09:34","slug":"valvulas-diafragma-pinch","status":"publish","type":"page","link":"https:\/\/klinger.pt\/es\/produtos\/valvulas\/valvulas-diafragma-pinch\/","title":{"rendered":"V\u00c1LVULAS DIAFRAGMA &#038; PINCH"},"content":{"rendered":"\n<h1 class=\"wp-block-heading\">V\u00c1LVULAS DIAFRAGMA &amp; PINCH<\/h1>\n\n\n\n<p>Conhe\u00e7a a gama de v\u00e1lvulas Diafragma e Pinch.<\/p>\n\n\n\n<div style=\"height:30px\" aria-hidden=\"true\" class=\"wp-block-spacer\"><\/div>\n\n\n\n<div class=\"wp-block-columns is-layout-flex wp-container-core-columns-is-layout-9d6595d7 wp-block-columns-is-layout-flex\">\n<div class=\"wp-block-column is-layout-flow wp-block-column-is-layout-flow\">\n<figure class=\"wp-block-table\"><table><tbody><tr><td><img fetchpriority=\"high\" decoding=\"async\" width=\"270\" height=\"270\" class=\"wp-image-41383\" style=\"width: 270px;\" src=\"https:\/\/klinger.pt\/wp-content\/uploads\/2023\/04\/Conjunto-Valvulas-Diafragma-3.webp\" alt=\"\" srcset=\"https:\/\/klinger.pt\/wp-content\/uploads\/2023\/04\/Conjunto-Valvulas-Diafragma-3.webp 270w, https:\/\/klinger.pt\/wp-content\/uploads\/2023\/04\/Conjunto-Valvulas-Diafragma-3-150x150.webp 150w\" sizes=\"(max-width: 270px) 100vw, 270px\" \/><\/td><td><br><a href=\"https:\/\/klinger.pt\/produtos\/valvulas\/valvulas-diafragma-pinch\/valvulas-de-diafragma\/\" title=\"\"><strong>V\u00c1LVULAS DIAFRAGMA<\/strong><\/a><br><br><a href=\"https:\/\/klinger.pt\/produtos\/valvulas\/valvulas-diafragma-pinch\/valvulas-de-diafragma\/\" title=\"\ufffc\"><img decoding=\"async\" width=\"18\" height=\"18\" class=\"wp-image-16262\" style=\"width: 18px;\" src=\"https:\/\/klinger.pt\/wp-content\/uploads\/2022\/06\/icon-arrow-blue-double.png\" alt=\"\"><\/a><\/td><\/tr><\/tbody><\/table><\/figure>\n<\/div>\n\n\n\n<div class=\"wp-block-column is-layout-flow wp-block-column-is-layout-flow\">\n<figure class=\"wp-block-table\"><table><tbody><tr><td><img decoding=\"async\" width=\"270\" height=\"281\" class=\"wp-image-31139\" style=\"width: 270px;\" src=\"https:\/\/klinger.pt\/wp-content\/uploads\/2022\/09\/VALVULAS-PINCH.png\" alt=\"\" srcset=\"https:\/\/klinger.pt\/wp-content\/uploads\/2022\/09\/VALVULAS-PINCH.png 460w, https:\/\/klinger.pt\/wp-content\/uploads\/2022\/09\/VALVULAS-PINCH-289x300.png 289w\" sizes=\"(max-width: 270px) 100vw, 270px\" \/><\/td><td><strong><a href=\"https:\/\/klinger.pt\/produtos\/valvulas\/valvulas-diafragma-pinch\/valvulas-pinch\/\" title=\"\">V\u00c1LVULAS HOSE PINCH &amp; PINCH<\/a><\/strong><br><br><a href=\"https:\/\/klinger.pt\/produtos\/valvulas\/valvulas-diafragma-pinch\/valvulas-pinch\/\" title=\"\ufffc\"><img decoding=\"async\" width=\"18\" height=\"18\" class=\"wp-image-16262\" style=\"width: 18px;\" src=\"https:\/\/klinger.pt\/wp-content\/uploads\/2022\/06\/icon-arrow-blue-double.png\" alt=\"\"><\/a><\/td><\/tr><\/tbody><\/table><\/figure>\n<\/div>\n<\/div>\n","protected":false},"excerpt":{"rendered":"<p>V\u00c1LVULAS DIAFRAGMA &amp; PINCH Conhe\u00e7a a gama de v\u00e1lvulas Diafragma e Pinch. V\u00c1LVULAS DIAFRAGMA V\u00c1LVULAS HOSE PINCH &amp; PINCH<\/p>\n","protected":false},"author":1,"featured_media":0,"parent":22559,"menu_order":0,"comment_status":"closed","ping_status":"closed","template":"page-templates\/secciones-principales.php","meta":{"_eb_attr":"","footnotes":""},"class_list":["post-31109","page","type-page","status-publish","hentry"],"aioseo_notices":[],"_links":{"self":[{"href":"https:\/\/klinger.pt\/es\/wp-json\/wp\/v2\/pages\/31109","targetHints":{"allow":["GET"]}}],"collection":[{"href":"https:\/\/klinger.pt\/es\/wp-json\/wp\/v2\/pages"}],"about":[{"href":"https:\/\/klinger.pt\/es\/wp-json\/wp\/v2\/types\/page"}],"author":[{"embeddable":true,"href":"https:\/\/klinger.pt\/es\/wp-json\/wp\/v2\/users\/1"}],"replies":[{"embeddable":true,"href":"https:\/\/klinger.pt\/es\/wp-json\/wp\/v2\/comments?post=31109"}],"version-history":[{"count":13,"href":"https:\/\/klinger.pt\/es\/wp-json\/wp\/v2\/pages\/31109\/revisions"}],"predecessor-version":[{"id":41385,"href":"https:\/\/klinger.pt\/es\/wp-json\/wp\/v2\/pages\/31109\/revisions\/41385"}],"up":[{"embeddable":true,"href":"https:\/\/klinger.pt\/es\/wp-json\/wp\/v2\/pages\/22559"}],"wp:attachment":[{"href":"https:\/\/klinger.pt\/es\/wp-json\/wp\/v2\/media?parent=31109"}],"curies":[{"name":"wp","href":"https:\/\/api.w.org\/{rel}","templated":true}]}}