{"id":30988,"date":"2022-09-13T11:48:07","date_gmt":"2022-09-13T10:48:07","guid":{"rendered":"https:\/\/m5j0n6nk9p.onrocket.site\/?page_id=30988"},"modified":"2023-02-28T10:41:44","modified_gmt":"2023-02-28T10:41:44","slug":"sensores-cl2-clo2-h2o2-o3","status":"publish","type":"page","link":"https:\/\/klinger.pt\/es\/produtos\/instrumentacao\/medicao-analitica\/sensores-cl2-clo2-h2o2-o3\/","title":{"rendered":"SENSORES Cl2, ClO2, H2O2, O3"},"content":{"rendered":"\n<div class=\"wp-block-columns is-layout-flex wp-container-core-columns-is-layout-9d6595d7 wp-block-columns-is-layout-flex\">\n<div class=\"wp-block-column is-layout-flow wp-block-column-is-layout-flow\" style=\"flex-basis:300px\">\n<figure class=\"wp-block-image size-large\"><img fetchpriority=\"high\" decoding=\"async\" width=\"1024\" height=\"975\" src=\"https:\/\/klinger.pt\/wp-content\/uploads\/2022\/09\/CL2-CIO-1024x975.png\" alt=\"\" class=\"wp-image-30978\" srcset=\"https:\/\/klinger.pt\/wp-content\/uploads\/2022\/09\/CL2-CIO-1024x975.png 1024w, https:\/\/klinger.pt\/wp-content\/uploads\/2022\/09\/CL2-CIO-300x286.png 300w, https:\/\/klinger.pt\/wp-content\/uploads\/2022\/09\/CL2-CIO-768x731.png 768w, https:\/\/klinger.pt\/wp-content\/uploads\/2022\/09\/CL2-CIO.png 1112w\" sizes=\"(max-width: 1024px) 100vw, 1024px\" \/><\/figure>\n<\/div>\n\n\n\n<div class=\"wp-block-column is-layout-flow wp-block-column-is-layout-flow\" style=\"flex-basis:700px\">\n<h1 class=\"wp-block-heading\">SENSORES Cl<sub>2<\/sub>, ClO<sub>2<\/sub>, H<sub>2<\/sub>O<sub>2<\/sub>, O<sub>3<\/sub><\/h1>\n\n\n\n<p>Material do corpo em vidro, epoxy e PVDF<\/p>\n\n\n\n<p>Membranas especificas \/ eletr\u00f3lito para medi\u00e7\u00e3o de alta seletividade. <\/p>\n\n\n\n<p>Medi\u00e7\u00f5es em overflow ou em linha sem adi\u00e7\u00e3o de qu\u00edmicos.<\/p>\n\n\n\n<p><\/p>\n\n\n\n<p><\/p>\n\n\n\n<p><\/p>\n<\/div>\n<\/div>\n","protected":false},"excerpt":{"rendered":"<p>SENSORES Cl2, ClO2, H2O2, O3 Material do corpo em vidro, epoxy e PVDF Membranas especificas \/ eletr\u00f3lito para medi\u00e7\u00e3o de alta seletividade. Medi\u00e7\u00f5es em overflow ou em linha sem adi\u00e7\u00e3o de qu\u00edmicos.<\/p>\n","protected":false},"author":1,"featured_media":0,"parent":6258,"menu_order":0,"comment_status":"closed","ping_status":"closed","template":"page-templates\/servicios.php","meta":{"_eb_attr":"","footnotes":""},"class_list":["post-30988","page","type-page","status-publish","hentry"],"aioseo_notices":[],"_links":{"self":[{"href":"https:\/\/klinger.pt\/es\/wp-json\/wp\/v2\/pages\/30988","targetHints":{"allow":["GET"]}}],"collection":[{"href":"https:\/\/klinger.pt\/es\/wp-json\/wp\/v2\/pages"}],"about":[{"href":"https:\/\/klinger.pt\/es\/wp-json\/wp\/v2\/types\/page"}],"author":[{"embeddable":true,"href":"https:\/\/klinger.pt\/es\/wp-json\/wp\/v2\/users\/1"}],"replies":[{"embeddable":true,"href":"https:\/\/klinger.pt\/es\/wp-json\/wp\/v2\/comments?post=30988"}],"version-history":[{"count":2,"href":"https:\/\/klinger.pt\/es\/wp-json\/wp\/v2\/pages\/30988\/revisions"}],"predecessor-version":[{"id":38549,"href":"https:\/\/klinger.pt\/es\/wp-json\/wp\/v2\/pages\/30988\/revisions\/38549"}],"up":[{"embeddable":true,"href":"https:\/\/klinger.pt\/es\/wp-json\/wp\/v2\/pages\/6258"}],"wp:attachment":[{"href":"https:\/\/klinger.pt\/es\/wp-json\/wp\/v2\/media?parent=30988"}],"curies":[{"name":"wp","href":"https:\/\/api.w.org\/{rel}","templated":true}]}}