{"id":30984,"date":"2022-09-13T11:46:06","date_gmt":"2022-09-13T10:46:06","guid":{"rendered":"https:\/\/m5j0n6nk9p.onrocket.site\/?page_id=30984"},"modified":"2025-02-14T16:46:41","modified_gmt":"2025-02-14T16:46:41","slug":"sensores-de-condutividade-turvacao-tsd-oxigenio-dissolvido","status":"publish","type":"page","link":"https:\/\/klinger.pt\/es\/produtos\/instrumentacao\/medicao-analitica\/sensores-de-condutividade-turvacao-tsd-oxigenio-dissolvido\/","title":{"rendered":"SENSORES"},"content":{"rendered":"\n<div class=\"wp-block-columns is-layout-flex wp-container-core-columns-is-layout-9d6595d7 wp-block-columns-is-layout-flex\">\n<div class=\"wp-block-column is-layout-flow wp-block-column-is-layout-flow\" style=\"flex-basis:300px\"><div class=\"wp-block-image\">\n<figure class=\"aligncenter size-full is-resized\"><img decoding=\"async\" src=\"https:\/\/klinger.pt\/wp-content\/uploads\/2022\/09\/condutividade-turvacao-tsd.png\" alt=\"SENSORES DE CONDUTIVIDADE\" class=\"wp-image-30976\" width=\"198\" height=\"218\"\/><\/figure>\n<\/div><\/div>\n\n\n\n<div class=\"wp-block-column is-layout-flow wp-block-column-is-layout-flow\" style=\"flex-basis:700px\">\n<h1 class=\"wp-block-heading\">SENSORES DE CONDUTIVIDADE, TURVA\u00c7\u00c3O, TSD, OXIG\u00c9NIO DISSOLVIDO<\/h1>\n\n\n\n<p>Sensores de condutividade, turva\u00e7\u00e3o, TSD e oxig\u00eanio dissolvido para aplica\u00e7\u00e3o submers\u00edvel ou em linha, com sistema de auto-limpeza.<\/p>\n\n\n\n<p>Corpo em PVC e PVDF<\/p>\n<\/div>\n<\/div>\n\n\n\n<p><\/p>\n","protected":false},"excerpt":{"rendered":"<p>SENSORES DE CONDUTIVIDADE, TURVA\u00c7\u00c3O, TSD, OXIG\u00c9NIO DISSOLVIDO Sensores de condutividade, turva\u00e7\u00e3o, TSD e oxig\u00eanio dissolvido para aplica\u00e7\u00e3o submers\u00edvel ou em linha, com sistema de auto-limpeza. Corpo em PVC e PVDF<\/p>\n","protected":false},"author":1,"featured_media":0,"parent":6258,"menu_order":0,"comment_status":"closed","ping_status":"closed","template":"page-templates\/servicios.php","meta":{"_eb_attr":"","footnotes":""},"class_list":["post-30984","page","type-page","status-publish","hentry"],"aioseo_notices":[],"_links":{"self":[{"href":"https:\/\/klinger.pt\/es\/wp-json\/wp\/v2\/pages\/30984","targetHints":{"allow":["GET"]}}],"collection":[{"href":"https:\/\/klinger.pt\/es\/wp-json\/wp\/v2\/pages"}],"about":[{"href":"https:\/\/klinger.pt\/es\/wp-json\/wp\/v2\/types\/page"}],"author":[{"embeddable":true,"href":"https:\/\/klinger.pt\/es\/wp-json\/wp\/v2\/users\/1"}],"replies":[{"embeddable":true,"href":"https:\/\/klinger.pt\/es\/wp-json\/wp\/v2\/comments?post=30984"}],"version-history":[{"count":5,"href":"https:\/\/klinger.pt\/es\/wp-json\/wp\/v2\/pages\/30984\/revisions"}],"predecessor-version":[{"id":46239,"href":"https:\/\/klinger.pt\/es\/wp-json\/wp\/v2\/pages\/30984\/revisions\/46239"}],"up":[{"embeddable":true,"href":"https:\/\/klinger.pt\/es\/wp-json\/wp\/v2\/pages\/6258"}],"wp:attachment":[{"href":"https:\/\/klinger.pt\/es\/wp-json\/wp\/v2\/media?parent=30984"}],"curies":[{"name":"wp","href":"https:\/\/api.w.org\/{rel}","templated":true}]}}