{"id":30970,"date":"2022-09-13T11:22:39","date_gmt":"2022-09-13T10:22:39","guid":{"rendered":"https:\/\/m5j0n6nk9p.onrocket.site\/?page_id=30970"},"modified":"2023-02-27T08:38:14","modified_gmt":"2023-02-27T08:38:14","slug":"controladores-de-gases","status":"publish","type":"page","link":"https:\/\/klinger.pt\/es\/produtos\/instrumentacao\/controladores\/controladores-de-gases\/","title":{"rendered":"CONTROLADORES DE GASES"},"content":{"rendered":"\n<div class=\"wp-block-columns is-layout-flex wp-container-core-columns-is-layout-9d6595d7 wp-block-columns-is-layout-flex\">\n<div class=\"wp-block-column is-layout-flow wp-block-column-is-layout-flow\" style=\"flex-basis:300px\">\n<figure class=\"wp-block-image size-full\"><img fetchpriority=\"high\" decoding=\"async\" width=\"1024\" height=\"922\" src=\"https:\/\/klinger.pt\/wp-content\/uploads\/2022\/09\/CONTROLADOR-DE-GASES.png\" alt=\"\" class=\"wp-image-30993\" srcset=\"https:\/\/klinger.pt\/wp-content\/uploads\/2022\/09\/CONTROLADOR-DE-GASES.png 1024w, https:\/\/klinger.pt\/wp-content\/uploads\/2022\/09\/CONTROLADOR-DE-GASES-300x270.png 300w, https:\/\/klinger.pt\/wp-content\/uploads\/2022\/09\/CONTROLADOR-DE-GASES-768x692.png 768w\" sizes=\"(max-width: 1024px) 100vw, 1024px\" \/><\/figure>\n<\/div>\n\n\n\n<div class=\"wp-block-column is-layout-flow wp-block-column-is-layout-flow\" style=\"flex-basis:700px\">\n<h1 class=\"wp-block-heading\">CONTROLADORES DE GASES<\/h1>\n\n\n\n<p>Este controlador foi projetado para ser conectado a at\u00e9 quatro detetores de g\u00e1s com interfaces de sinal de 4\u202620 mA. Em caso de alarme, as sa\u00eddas de rel\u00e9 do controlador podem mudar as medidas t\u00e9cnicas de seguran\u00e7a, por exemplo, para fechar uma v\u00e1lvula solen\u00f3ide numa linha de fornecimento de g\u00e1s. Uma campainha integrada garante um alarme sonoro.<\/p>\n\n\n\n<p><\/p>\n\n\n\n<p><\/p>\n\n\n\n<p><\/p>\n<\/div>\n<\/div>\n","protected":false},"excerpt":{"rendered":"<p>CONTROLADORES DE GASES Este controlador foi projetado para ser conectado a at\u00e9 quatro detetores de g\u00e1s com interfaces de sinal de 4\u202620 mA. Em caso de alarme, as sa\u00eddas de rel\u00e9 do controlador podem mudar as medidas t\u00e9cnicas de seguran\u00e7a, por exemplo, para fechar uma v\u00e1lvula solen\u00f3ide numa linha de fornecimento de g\u00e1s. Uma campainha [&hellip;]<\/p>\n","protected":false},"author":1,"featured_media":0,"parent":6239,"menu_order":0,"comment_status":"closed","ping_status":"closed","template":"page-templates\/servicios.php","meta":{"_eb_attr":"","footnotes":""},"class_list":["post-30970","page","type-page","status-publish","hentry"],"aioseo_notices":[],"_links":{"self":[{"href":"https:\/\/klinger.pt\/es\/wp-json\/wp\/v2\/pages\/30970","targetHints":{"allow":["GET"]}}],"collection":[{"href":"https:\/\/klinger.pt\/es\/wp-json\/wp\/v2\/pages"}],"about":[{"href":"https:\/\/klinger.pt\/es\/wp-json\/wp\/v2\/types\/page"}],"author":[{"embeddable":true,"href":"https:\/\/klinger.pt\/es\/wp-json\/wp\/v2\/users\/1"}],"replies":[{"embeddable":true,"href":"https:\/\/klinger.pt\/es\/wp-json\/wp\/v2\/comments?post=30970"}],"version-history":[{"count":2,"href":"https:\/\/klinger.pt\/es\/wp-json\/wp\/v2\/pages\/30970\/revisions"}],"predecessor-version":[{"id":38218,"href":"https:\/\/klinger.pt\/es\/wp-json\/wp\/v2\/pages\/30970\/revisions\/38218"}],"up":[{"embeddable":true,"href":"https:\/\/klinger.pt\/es\/wp-json\/wp\/v2\/pages\/6239"}],"wp:attachment":[{"href":"https:\/\/klinger.pt\/es\/wp-json\/wp\/v2\/media?parent=30970"}],"curies":[{"name":"wp","href":"https:\/\/api.w.org\/{rel}","templated":true}]}}