{"id":30967,"date":"2022-09-13T11:18:29","date_gmt":"2022-09-13T10:18:29","guid":{"rendered":"https:\/\/m5j0n6nk9p.onrocket.site\/?page_id=30967"},"modified":"2023-02-27T08:38:27","modified_gmt":"2023-02-27T08:38:27","slug":"controladores-multi-parametros","status":"publish","type":"page","link":"https:\/\/klinger.pt\/es\/produtos\/instrumentacao\/controladores\/controladores-multi-parametros\/","title":{"rendered":"CONTROLADORES MULTI-PAR\u00c2METROS"},"content":{"rendered":"\n<div class=\"wp-block-columns is-layout-flex wp-container-core-columns-is-layout-9d6595d7 wp-block-columns-is-layout-flex\">\n<div class=\"wp-block-column is-layout-flow wp-block-column-is-layout-flow\" style=\"flex-basis:300px\">\n<figure class=\"wp-block-image size-full\"><img fetchpriority=\"high\" decoding=\"async\" width=\"251\" height=\"253\" src=\"https:\/\/klinger.pt\/wp-content\/uploads\/2022\/09\/controladores-multi-parametros.png\" alt=\"\" class=\"wp-image-30965\" srcset=\"https:\/\/klinger.pt\/wp-content\/uploads\/2022\/09\/controladores-multi-parametros.png 251w, https:\/\/klinger.pt\/wp-content\/uploads\/2022\/09\/controladores-multi-parametros-150x150.png 150w\" sizes=\"(max-width: 251px) 100vw, 251px\" \/><\/figure>\n<\/div>\n\n\n\n<div class=\"wp-block-column is-layout-flow wp-block-column-is-layout-flow\" style=\"flex-basis:700px\">\n<h1 class=\"wp-block-heading\">CONTROLADORES MULTI-PAR\u00c2METROS<\/h1>\n\n\n\n<p>O analisador permite a exibi\u00e7\u00e3o simult\u00e2nea no display at\u00e9 3 par\u00e2metros, al\u00e9m da medi\u00e7\u00e3o de temperatura que tamb\u00e9m \u00e9 utilizada para compensa\u00e7\u00f5es autom\u00e1ticas.<\/p>\n\n\n\n<p>A flexibilidade de uso dos diversos tipos de sensores torna este equipamento adequado para v\u00e1rias aplica\u00e7\u00f5es e tipos de sistemas.<\/p>\n\n\n\n<p>Par\u00e2metros : pH, ORP, Condutividade, Temperatura, Cloro residual, Ozono, Di\u00f3xido de cloro, etc<\/p>\n\n\n\n<p><\/p>\n<\/div>\n<\/div>\n","protected":false},"excerpt":{"rendered":"<p>CONTROLADORES MULTI-PAR\u00c2METROS O analisador permite a exibi\u00e7\u00e3o simult\u00e2nea no display at\u00e9 3 par\u00e2metros, al\u00e9m da medi\u00e7\u00e3o de temperatura que tamb\u00e9m \u00e9 utilizada para compensa\u00e7\u00f5es autom\u00e1ticas. A flexibilidade de uso dos diversos tipos de sensores torna este equipamento adequado para v\u00e1rias aplica\u00e7\u00f5es e tipos de sistemas. Par\u00e2metros : pH, ORP, Condutividade, Temperatura, Cloro residual, Ozono, Di\u00f3xido [&hellip;]<\/p>\n","protected":false},"author":1,"featured_media":0,"parent":6239,"menu_order":0,"comment_status":"closed","ping_status":"closed","template":"page-templates\/servicios.php","meta":{"_eb_attr":"","footnotes":""},"class_list":["post-30967","page","type-page","status-publish","hentry"],"aioseo_notices":[],"_links":{"self":[{"href":"https:\/\/klinger.pt\/es\/wp-json\/wp\/v2\/pages\/30967","targetHints":{"allow":["GET"]}}],"collection":[{"href":"https:\/\/klinger.pt\/es\/wp-json\/wp\/v2\/pages"}],"about":[{"href":"https:\/\/klinger.pt\/es\/wp-json\/wp\/v2\/types\/page"}],"author":[{"embeddable":true,"href":"https:\/\/klinger.pt\/es\/wp-json\/wp\/v2\/users\/1"}],"replies":[{"embeddable":true,"href":"https:\/\/klinger.pt\/es\/wp-json\/wp\/v2\/comments?post=30967"}],"version-history":[{"count":2,"href":"https:\/\/klinger.pt\/es\/wp-json\/wp\/v2\/pages\/30967\/revisions"}],"predecessor-version":[{"id":38219,"href":"https:\/\/klinger.pt\/es\/wp-json\/wp\/v2\/pages\/30967\/revisions\/38219"}],"up":[{"embeddable":true,"href":"https:\/\/klinger.pt\/es\/wp-json\/wp\/v2\/pages\/6239"}],"wp:attachment":[{"href":"https:\/\/klinger.pt\/es\/wp-json\/wp\/v2\/media?parent=30967"}],"curies":[{"name":"wp","href":"https:\/\/api.w.org\/{rel}","templated":true}]}}