{"id":30960,"date":"2022-09-13T11:02:11","date_gmt":"2022-09-13T10:02:11","guid":{"rendered":"https:\/\/m5j0n6nk9p.onrocket.site\/?page_id=30960"},"modified":"2023-02-27T09:15:44","modified_gmt":"2023-02-27T09:15:44","slug":"gases-toxicos-co2-e-o2","status":"publish","type":"page","link":"https:\/\/klinger.pt\/es\/produtos\/instrumentacao\/detecao-de-gas\/gases-toxicos-co2-e-o2\/","title":{"rendered":"GASES T\u00d3XICOS , CO2 e O2"},"content":{"rendered":"\n<div class=\"wp-block-columns is-layout-flex wp-container-core-columns-is-layout-9d6595d7 wp-block-columns-is-layout-flex\">\n<div class=\"wp-block-column is-layout-flow wp-block-column-is-layout-flow\" style=\"flex-basis:300px\">\n<figure class=\"wp-block-image size-full\"><img fetchpriority=\"high\" decoding=\"async\" width=\"1024\" height=\"922\" src=\"https:\/\/klinger.pt\/wp-content\/uploads\/2022\/09\/BL_Exmonitor_SO2_02-1024x922-1.png\" alt=\"\" class=\"wp-image-30952\" srcset=\"https:\/\/klinger.pt\/wp-content\/uploads\/2022\/09\/BL_Exmonitor_SO2_02-1024x922-1.png 1024w, https:\/\/klinger.pt\/wp-content\/uploads\/2022\/09\/BL_Exmonitor_SO2_02-1024x922-1-300x270.png 300w, https:\/\/klinger.pt\/wp-content\/uploads\/2022\/09\/BL_Exmonitor_SO2_02-1024x922-1-768x692.png 768w\" sizes=\"(max-width: 1024px) 100vw, 1024px\" \/><\/figure>\n<\/div>\n\n\n\n<div class=\"wp-block-column is-layout-flow wp-block-column-is-layout-flow\" style=\"flex-basis:700px\">\n<h1 class=\"wp-block-heading\"><strong>GASES T\u00d3XICOS , CO<sub>2 <\/sub>e O<sub>2<\/sub><\/strong><\/h1>\n\n\n\n<p>Esses detetores s\u00e3o usados para medir e exibir gases t\u00f3xicos ou oxig\u00e9nio. \u00c9 usada uma c\u00e9lula de medi\u00e7\u00e3o eletroqu\u00edmica para a medi\u00e7\u00e3o.<\/p>\n\n\n\n<p>Gases detetados:<\/p>\n\n\n\n<p>CO, H2S, NO, NO2, SO2, Cl2, HCN, H2, HCl, NH3, O3, C2H40, O2, etc<\/p>\n\n\n\n<p><\/p>\n\n\n\n<p><\/p>\n<\/div>\n<\/div>\n","protected":false},"excerpt":{"rendered":"<p>GASES T\u00d3XICOS , CO2 e O2 Esses detetores s\u00e3o usados para medir e exibir gases t\u00f3xicos ou oxig\u00e9nio. \u00c9 usada uma c\u00e9lula de medi\u00e7\u00e3o eletroqu\u00edmica para a medi\u00e7\u00e3o. Gases detetados: CO, H2S, NO, NO2, SO2, Cl2, HCN, H2, HCl, NH3, O3, C2H40, O2, etc<\/p>\n","protected":false},"author":1,"featured_media":0,"parent":6251,"menu_order":0,"comment_status":"closed","ping_status":"closed","template":"page-templates\/servicios.php","meta":{"_eb_attr":"","footnotes":""},"class_list":["post-30960","page","type-page","status-publish","hentry"],"aioseo_notices":[],"_links":{"self":[{"href":"https:\/\/klinger.pt\/es\/wp-json\/wp\/v2\/pages\/30960","targetHints":{"allow":["GET"]}}],"collection":[{"href":"https:\/\/klinger.pt\/es\/wp-json\/wp\/v2\/pages"}],"about":[{"href":"https:\/\/klinger.pt\/es\/wp-json\/wp\/v2\/types\/page"}],"author":[{"embeddable":true,"href":"https:\/\/klinger.pt\/es\/wp-json\/wp\/v2\/users\/1"}],"replies":[{"embeddable":true,"href":"https:\/\/klinger.pt\/es\/wp-json\/wp\/v2\/comments?post=30960"}],"version-history":[{"count":2,"href":"https:\/\/klinger.pt\/es\/wp-json\/wp\/v2\/pages\/30960\/revisions"}],"predecessor-version":[{"id":38264,"href":"https:\/\/klinger.pt\/es\/wp-json\/wp\/v2\/pages\/30960\/revisions\/38264"}],"up":[{"embeddable":true,"href":"https:\/\/klinger.pt\/es\/wp-json\/wp\/v2\/pages\/6251"}],"wp:attachment":[{"href":"https:\/\/klinger.pt\/es\/wp-json\/wp\/v2\/media?parent=30960"}],"curies":[{"name":"wp","href":"https:\/\/api.w.org\/{rel}","templated":true}]}}