{"id":30955,"date":"2022-09-13T10:57:28","date_gmt":"2022-09-13T09:57:28","guid":{"rendered":"https:\/\/m5j0n6nk9p.onrocket.site\/?page_id=30955"},"modified":"2023-02-27T09:02:10","modified_gmt":"2023-02-27T09:02:10","slug":"gases-explosivos-e-inflamaveis","status":"publish","type":"page","link":"https:\/\/klinger.pt\/es\/produtos\/instrumentacao\/detecao-de-gas\/gases-explosivos-e-inflamaveis\/","title":{"rendered":"GASES EXPLOSIVOS E INFLAM\u00c1VEIS"},"content":{"rendered":"\n<div class=\"wp-block-columns is-layout-flex wp-container-core-columns-is-layout-9d6595d7 wp-block-columns-is-layout-flex\">\n<div class=\"wp-block-column is-layout-flow wp-block-column-is-layout-flow\" style=\"flex-basis:300px\"><div class=\"wp-block-image\">\n<figure class=\"aligncenter size-full\"><img fetchpriority=\"high\" decoding=\"async\" width=\"1024\" height=\"922\" src=\"https:\/\/klinger.pt\/wp-content\/uploads\/2022\/09\/GASES-EXPLOSIVOS-1.png\" alt=\"\" class=\"wp-image-30950\" srcset=\"https:\/\/klinger.pt\/wp-content\/uploads\/2022\/09\/GASES-EXPLOSIVOS-1.png 1024w, https:\/\/klinger.pt\/wp-content\/uploads\/2022\/09\/GASES-EXPLOSIVOS-1-300x270.png 300w, https:\/\/klinger.pt\/wp-content\/uploads\/2022\/09\/GASES-EXPLOSIVOS-1-768x692.png 768w\" sizes=\"(max-width: 1024px) 100vw, 1024px\" \/><\/figure>\n<\/div><\/div>\n\n\n\n<div class=\"wp-block-column is-layout-flow wp-block-column-is-layout-flow\" style=\"flex-basis:700px\">\n<h1 class=\"wp-block-heading\">GASES EXPLOSIVOS E INFLAM\u00c1VEIS<\/h1>\n\n\n\n<p>Pode ser usado para detetar gases e vapores explosivos na faixa de medi\u00e7\u00e3o de 0 a 100 % LEL. O princ\u00edpio de medi\u00e7\u00e3o \u00e9 baseado na combust\u00e3o catal\u00edtica (tingimento t\u00e9rmico). <\/p>\n\n\n\n<p>Este princ\u00edpio de medi\u00e7\u00e3o pode ser usado para monitorizar um grande n\u00famero de gases, por ex. hidrog\u00e9nio e hidrocarbonetos.<\/p>\n\n\n\n<p><\/p>\n\n\n\n<p><\/p>\n<\/div>\n<\/div>\n","protected":false},"excerpt":{"rendered":"<p>GASES EXPLOSIVOS E INFLAM\u00c1VEIS Pode ser usado para detetar gases e vapores explosivos na faixa de medi\u00e7\u00e3o de 0 a 100 % LEL. O princ\u00edpio de medi\u00e7\u00e3o \u00e9 baseado na combust\u00e3o catal\u00edtica (tingimento t\u00e9rmico). Este princ\u00edpio de medi\u00e7\u00e3o pode ser usado para monitorizar um grande n\u00famero de gases, por ex. hidrog\u00e9nio e hidrocarbonetos.<\/p>\n","protected":false},"author":1,"featured_media":0,"parent":6251,"menu_order":0,"comment_status":"closed","ping_status":"closed","template":"page-templates\/servicios.php","meta":{"_eb_attr":"","footnotes":""},"class_list":["post-30955","page","type-page","status-publish","hentry"],"aioseo_notices":[],"_links":{"self":[{"href":"https:\/\/klinger.pt\/es\/wp-json\/wp\/v2\/pages\/30955","targetHints":{"allow":["GET"]}}],"collection":[{"href":"https:\/\/klinger.pt\/es\/wp-json\/wp\/v2\/pages"}],"about":[{"href":"https:\/\/klinger.pt\/es\/wp-json\/wp\/v2\/types\/page"}],"author":[{"embeddable":true,"href":"https:\/\/klinger.pt\/es\/wp-json\/wp\/v2\/users\/1"}],"replies":[{"embeddable":true,"href":"https:\/\/klinger.pt\/es\/wp-json\/wp\/v2\/comments?post=30955"}],"version-history":[{"count":2,"href":"https:\/\/klinger.pt\/es\/wp-json\/wp\/v2\/pages\/30955\/revisions"}],"predecessor-version":[{"id":38261,"href":"https:\/\/klinger.pt\/es\/wp-json\/wp\/v2\/pages\/30955\/revisions\/38261"}],"up":[{"embeddable":true,"href":"https:\/\/klinger.pt\/es\/wp-json\/wp\/v2\/pages\/6251"}],"wp:attachment":[{"href":"https:\/\/klinger.pt\/es\/wp-json\/wp\/v2\/media?parent=30955"}],"curies":[{"name":"wp","href":"https:\/\/api.w.org\/{rel}","templated":true}]}}