{"id":30732,"date":"2022-09-13T08:47:54","date_gmt":"2022-09-13T07:47:54","guid":{"rendered":"https:\/\/m5j0n6nk9p.onrocket.site\/?page_id=30732"},"modified":"2023-02-27T09:52:14","modified_gmt":"2023-02-27T09:52:14","slug":"medicao-em-canal-aberto","status":"publish","type":"page","link":"https:\/\/klinger.pt\/es\/produtos\/instrumentacao\/medicao-de-caudal\/medicao-em-canal-aberto\/","title":{"rendered":"MEDI\u00c7\u00c3O EM CANAL ABERTO"},"content":{"rendered":"\n<div class=\"wp-block-columns is-layout-flex wp-container-core-columns-is-layout-9d6595d7 wp-block-columns-is-layout-flex\">\n<div class=\"wp-block-column is-layout-flow wp-block-column-is-layout-flow\" style=\"flex-basis:300px\">\n<figure class=\"wp-block-image size-full is-resized\"><img fetchpriority=\"high\" decoding=\"async\" src=\"https:\/\/klinger.pt\/wp-content\/uploads\/2022\/09\/ouf-1.png\" alt=\"\" class=\"wp-image-30734\" width=\"273\" height=\"231\"\/><\/figure>\n<\/div>\n\n\n\n<div class=\"wp-block-column is-layout-flow wp-block-column-is-layout-flow\" style=\"flex-basis:700px\">\n<h1 class=\"wp-block-heading\">MEDI\u00c7\u00c3O EM CANAL ABERTO<\/h1>\n\n\n\n<p>KLINGER OUF \u00e9 um medidor de n\u00edvel ultrass\u00f3nico para medi\u00e7\u00e3o e monitoriza\u00e7\u00e3o do n\u00edvel de l\u00edquido diretamente relacionado com o caudal em canais abertos.<\/p>\n\n\n\n<p>A medi\u00e7\u00e3o de caudal em canais abertos com o m\u00e9todo de transbordo hidr\u00e1ulico \u00e9 realizada com o uso, dentro do canal ou tubagem parcialmente cheia, de um modelador hidr\u00e1ulico, uma sonda para medi\u00e7\u00e3o de n\u00edvel (neste caso ultrass\u00f3nico, sem contato com o pr\u00f3prio l\u00edquido) e uma unidade de controlo associada para a convers\u00e3o do n\u00edvel, no caudal instant\u00e2neo correspondente.<\/p>\n\n\n\n<p><\/p>\n\n\n\n<p><\/p>\n\n\n\n<p><\/p>\n<\/div>\n<\/div>\n","protected":false},"excerpt":{"rendered":"<p>MEDI\u00c7\u00c3O EM CANAL ABERTO KLINGER OUF \u00e9 um medidor de n\u00edvel ultrass\u00f3nico para medi\u00e7\u00e3o e monitoriza\u00e7\u00e3o do n\u00edvel de l\u00edquido diretamente relacionado com o caudal em canais abertos. A medi\u00e7\u00e3o de caudal em canais abertos com o m\u00e9todo de transbordo hidr\u00e1ulico \u00e9 realizada com o uso, dentro do canal ou tubagem parcialmente cheia, de um [&hellip;]<\/p>\n","protected":false},"author":1,"featured_media":0,"parent":28322,"menu_order":0,"comment_status":"closed","ping_status":"closed","template":"page-templates\/servicios.php","meta":{"_eb_attr":"","footnotes":""},"class_list":["post-30732","page","type-page","status-publish","hentry"],"aioseo_notices":[],"_links":{"self":[{"href":"https:\/\/klinger.pt\/es\/wp-json\/wp\/v2\/pages\/30732","targetHints":{"allow":["GET"]}}],"collection":[{"href":"https:\/\/klinger.pt\/es\/wp-json\/wp\/v2\/pages"}],"about":[{"href":"https:\/\/klinger.pt\/es\/wp-json\/wp\/v2\/types\/page"}],"author":[{"embeddable":true,"href":"https:\/\/klinger.pt\/es\/wp-json\/wp\/v2\/users\/1"}],"replies":[{"embeddable":true,"href":"https:\/\/klinger.pt\/es\/wp-json\/wp\/v2\/comments?post=30732"}],"version-history":[{"count":2,"href":"https:\/\/klinger.pt\/es\/wp-json\/wp\/v2\/pages\/30732\/revisions"}],"predecessor-version":[{"id":38325,"href":"https:\/\/klinger.pt\/es\/wp-json\/wp\/v2\/pages\/30732\/revisions\/38325"}],"up":[{"embeddable":true,"href":"https:\/\/klinger.pt\/es\/wp-json\/wp\/v2\/pages\/28322"}],"wp:attachment":[{"href":"https:\/\/klinger.pt\/es\/wp-json\/wp\/v2\/media?parent=30732"}],"curies":[{"name":"wp","href":"https:\/\/api.w.org\/{rel}","templated":true}]}}