{"id":30667,"date":"2022-09-09T15:31:31","date_gmt":"2022-09-09T14:31:31","guid":{"rendered":"https:\/\/m5j0n6nk9p.onrocket.site\/?page_id=30667"},"modified":"2023-02-27T08:28:29","modified_gmt":"2023-02-27T08:28:29","slug":"caudalimetros-ultrassonicos","status":"publish","type":"page","link":"https:\/\/klinger.pt\/es\/produtos\/instrumentacao\/medicao-de-caudal\/caudalimetros-ultrassonicos\/","title":{"rendered":"CAUDAL\u00cdMETROS ULTRASS\u00d3NICOS"},"content":{"rendered":"\n<div class=\"wp-block-columns is-layout-flex wp-container-core-columns-is-layout-9d6595d7 wp-block-columns-is-layout-flex\">\n<div class=\"wp-block-column is-layout-flow wp-block-column-is-layout-flow\" style=\"flex-basis:300px\"><div class=\"wp-block-image\">\n<figure class=\"aligncenter size-full is-resized\"><img fetchpriority=\"high\" decoding=\"async\" src=\"https:\/\/klinger.pt\/wp-content\/uploads\/2022\/09\/Caudalimetro-ultrassonico.png\" alt=\"\" class=\"wp-image-30642\" width=\"255\" height=\"255\" srcset=\"https:\/\/klinger.pt\/wp-content\/uploads\/2022\/09\/Caudalimetro-ultrassonico.png 400w, https:\/\/klinger.pt\/wp-content\/uploads\/2022\/09\/Caudalimetro-ultrassonico-300x300.png 300w, https:\/\/klinger.pt\/wp-content\/uploads\/2022\/09\/Caudalimetro-ultrassonico-150x150.png 150w\" sizes=\"(max-width: 255px) 100vw, 255px\" \/><\/figure>\n<\/div><\/div>\n\n\n\n<div class=\"wp-block-column is-layout-flow wp-block-column-is-layout-flow\" style=\"flex-basis:700px\">\n<h1 class=\"wp-block-heading\">CAUDAL\u00cdMETROS ULTRASS\u00d3NICOS<\/h1>\n\n\n\n<p>O KLINGER ST pode ser montado em todos os tubos de a\u00e7o, a\u00e7o inoxid\u00e1vel ou PVC &#8211; dimens\u00f5es de DN 4mm at\u00e9 DN 80mm.<\/p>\n\n\n\n<p>Caudal\u00edmetro adequado para a maioria das aplica\u00e7\u00f5es em que l\u00edquidos limpos precisam ser medidos, p.ex., produtos qu\u00edmicos, \u00e1lcool, \u00e1gua limpa ou l\u00edquidos arrefecimento.<\/p>\n\n\n\n<h2 class=\"wp-block-heading\">VANTAGENS<\/h2>\n\n\n\n<ul class=\"wp-block-list\">\n<li>Sem partes m\u00f3veis<\/li>\n\n\n\n<li>Montagem sem necessidade de cortar o tubo<\/li>\n\n\n\n<li>Pode ser instalado em menos de 5 minutos<\/li>\n<\/ul>\n\n\n\n<p><\/p>\n\n\n\n<p><\/p>\n<\/div>\n<\/div>\n","protected":false},"excerpt":{"rendered":"<p>CAUDAL\u00cdMETROS ULTRASS\u00d3NICOS O KLINGER ST pode ser montado em todos os tubos de a\u00e7o, a\u00e7o inoxid\u00e1vel ou PVC &#8211; dimens\u00f5es de DN 4mm at\u00e9 DN 80mm. Caudal\u00edmetro adequado para a maioria das aplica\u00e7\u00f5es em que l\u00edquidos limpos precisam ser medidos, p.ex., produtos qu\u00edmicos, \u00e1lcool, \u00e1gua limpa ou l\u00edquidos arrefecimento. VANTAGENS<\/p>\n","protected":false},"author":1,"featured_media":0,"parent":28322,"menu_order":0,"comment_status":"closed","ping_status":"closed","template":"page-templates\/servicios.php","meta":{"_eb_attr":"","footnotes":""},"class_list":["post-30667","page","type-page","status-publish","hentry"],"aioseo_notices":[],"_links":{"self":[{"href":"https:\/\/klinger.pt\/es\/wp-json\/wp\/v2\/pages\/30667","targetHints":{"allow":["GET"]}}],"collection":[{"href":"https:\/\/klinger.pt\/es\/wp-json\/wp\/v2\/pages"}],"about":[{"href":"https:\/\/klinger.pt\/es\/wp-json\/wp\/v2\/types\/page"}],"author":[{"embeddable":true,"href":"https:\/\/klinger.pt\/es\/wp-json\/wp\/v2\/users\/1"}],"replies":[{"embeddable":true,"href":"https:\/\/klinger.pt\/es\/wp-json\/wp\/v2\/comments?post=30667"}],"version-history":[{"count":2,"href":"https:\/\/klinger.pt\/es\/wp-json\/wp\/v2\/pages\/30667\/revisions"}],"predecessor-version":[{"id":38195,"href":"https:\/\/klinger.pt\/es\/wp-json\/wp\/v2\/pages\/30667\/revisions\/38195"}],"up":[{"embeddable":true,"href":"https:\/\/klinger.pt\/es\/wp-json\/wp\/v2\/pages\/28322"}],"wp:attachment":[{"href":"https:\/\/klinger.pt\/es\/wp-json\/wp\/v2\/media?parent=30667"}],"curies":[{"name":"wp","href":"https:\/\/api.w.org\/{rel}","templated":true}]}}