{"id":30663,"date":"2022-09-09T15:24:04","date_gmt":"2022-09-09T14:24:04","guid":{"rendered":"https:\/\/m5j0n6nk9p.onrocket.site\/?page_id=30663"},"modified":"2023-02-27T08:27:54","modified_gmt":"2023-02-27T08:27:54","slug":"caudalimetros-de-rodas-ovais","status":"publish","type":"page","link":"https:\/\/klinger.pt\/es\/produtos\/instrumentacao\/medicao-de-caudal\/caudalimetros-de-rodas-ovais\/","title":{"rendered":"CAUDAL\u00cdMETROS DE RODAS OVAIS"},"content":{"rendered":"\n<div class=\"wp-block-columns is-layout-flex wp-container-core-columns-is-layout-9d6595d7 wp-block-columns-is-layout-flex\">\n<div class=\"wp-block-column is-layout-flow wp-block-column-is-layout-flow\" style=\"flex-basis:300px\">\n<figure class=\"wp-block-image size-full\"><img fetchpriority=\"high\" decoding=\"async\" width=\"600\" height=\"600\" src=\"https:\/\/klinger.pt\/wp-content\/uploads\/2022\/09\/Caudalimetro-de-rodas-ovais.png\" alt=\"\" class=\"wp-image-30640\" srcset=\"https:\/\/klinger.pt\/wp-content\/uploads\/2022\/09\/Caudalimetro-de-rodas-ovais.png 600w, https:\/\/klinger.pt\/wp-content\/uploads\/2022\/09\/Caudalimetro-de-rodas-ovais-300x300.png 300w, https:\/\/klinger.pt\/wp-content\/uploads\/2022\/09\/Caudalimetro-de-rodas-ovais-150x150.png 150w\" sizes=\"(max-width: 600px) 100vw, 600px\" \/><\/figure>\n<\/div>\n\n\n\n<div class=\"wp-block-column is-layout-flow wp-block-column-is-layout-flow\" style=\"flex-basis:700px\">\n<h1 class=\"wp-block-heading\">CAUDAL\u00cdMETROS DE RODAS OVAIS<\/h1>\n\n\n\n<p>Os caudal\u00edmetros de rodas ovais s\u00e3o desenhados para trabalhar em aplica\u00e7\u00f5es que exigem uma dosagem de volume precisa de solu\u00e7\u00f5es de \u00e1gua ou qualquer outro l\u00edquido.<\/p>\n\n\n\n<p>S\u00e3o projetados com foco na fiabilidade para garantir que resistam aos ambientes mais severos.<\/p>\n\n\n\n<p><\/p>\n\n\n\n<p><\/p>\n\n\n\n<p><\/p>\n<\/div>\n<\/div>\n","protected":false},"excerpt":{"rendered":"<p>CAUDAL\u00cdMETROS DE RODAS OVAIS Os caudal\u00edmetros de rodas ovais s\u00e3o desenhados para trabalhar em aplica\u00e7\u00f5es que exigem uma dosagem de volume precisa de solu\u00e7\u00f5es de \u00e1gua ou qualquer outro l\u00edquido. S\u00e3o projetados com foco na fiabilidade para garantir que resistam aos ambientes mais severos.<\/p>\n","protected":false},"author":1,"featured_media":0,"parent":28322,"menu_order":0,"comment_status":"closed","ping_status":"closed","template":"page-templates\/servicios.php","meta":{"_eb_attr":"","footnotes":""},"class_list":["post-30663","page","type-page","status-publish","hentry"],"aioseo_notices":[],"_links":{"self":[{"href":"https:\/\/klinger.pt\/es\/wp-json\/wp\/v2\/pages\/30663","targetHints":{"allow":["GET"]}}],"collection":[{"href":"https:\/\/klinger.pt\/es\/wp-json\/wp\/v2\/pages"}],"about":[{"href":"https:\/\/klinger.pt\/es\/wp-json\/wp\/v2\/types\/page"}],"author":[{"embeddable":true,"href":"https:\/\/klinger.pt\/es\/wp-json\/wp\/v2\/users\/1"}],"replies":[{"embeddable":true,"href":"https:\/\/klinger.pt\/es\/wp-json\/wp\/v2\/comments?post=30663"}],"version-history":[{"count":2,"href":"https:\/\/klinger.pt\/es\/wp-json\/wp\/v2\/pages\/30663\/revisions"}],"predecessor-version":[{"id":38192,"href":"https:\/\/klinger.pt\/es\/wp-json\/wp\/v2\/pages\/30663\/revisions\/38192"}],"up":[{"embeddable":true,"href":"https:\/\/klinger.pt\/es\/wp-json\/wp\/v2\/pages\/28322"}],"wp:attachment":[{"href":"https:\/\/klinger.pt\/es\/wp-json\/wp\/v2\/media?parent=30663"}],"curies":[{"name":"wp","href":"https:\/\/api.w.org\/{rel}","templated":true}]}}