{"id":30659,"date":"2022-09-09T15:12:53","date_gmt":"2022-09-09T14:12:53","guid":{"rendered":"https:\/\/m5j0n6nk9p.onrocket.site\/?page_id=30659"},"modified":"2023-08-11T15:52:28","modified_gmt":"2023-08-11T14:52:28","slug":"caudalimetro-vortex","status":"publish","type":"page","link":"https:\/\/klinger.pt\/es\/produtos\/instrumentacao\/medicao-de-caudal\/caudalimetro-vortex\/","title":{"rendered":"CAUDAL\u00cdMETRO VORTEX"},"content":{"rendered":"\n<div class=\"wp-block-columns is-layout-flex wp-container-core-columns-is-layout-9d6595d7 wp-block-columns-is-layout-flex\">\n<div class=\"wp-block-column is-layout-flow wp-block-column-is-layout-flow\" style=\"flex-basis:300px\">\n<figure class=\"wp-block-image size-full is-resized\"><img fetchpriority=\"high\" decoding=\"async\" src=\"https:\/\/klinger.pt\/wp-content\/uploads\/2022\/09\/Caudalimetro-vortex.png\" alt=\"\" class=\"wp-image-30638\" style=\"width:265px;height:265px\" width=\"265\" height=\"265\" srcset=\"https:\/\/klinger.pt\/wp-content\/uploads\/2022\/09\/Caudalimetro-vortex.png 400w, https:\/\/klinger.pt\/wp-content\/uploads\/2022\/09\/Caudalimetro-vortex-300x300.png 300w, https:\/\/klinger.pt\/wp-content\/uploads\/2022\/09\/Caudalimetro-vortex-150x150.png 150w\" sizes=\"(max-width: 265px) 100vw, 265px\" \/><\/figure>\n<\/div>\n\n\n\n<div class=\"wp-block-column is-layout-flow wp-block-column-is-layout-flow\" style=\"flex-basis:700px\">\n<h1 class=\"wp-block-heading\">CAUDAL\u00cdMETRO VORTEX<\/h1>\n\n\n\n<p>O KLINGER LUGB \u00e9 um caudal\u00edmetro Vortex Compacto para medi\u00e7\u00e3o de l\u00edquidos, g\u00e1s ou vapor.<\/p>\n\n\n\n<p>Os caudal\u00edmetros Vortex oferecem muitas vantagens para a medi\u00e7\u00e3o de caudal, incluindo a f\u00e1cil instala\u00e7\u00e3o, sem partes m\u00f3veis para manuten\u00e7\u00e3o ou repara\u00e7\u00e3o baixo consumo de energia, permitindo o uso em \u00e1reas remotas.<\/p>\n\n\n\n<p><\/p>\n\n\n\n<p><\/p>\n<\/div>\n<\/div>\n","protected":false},"excerpt":{"rendered":"<p>CAUDAL\u00cdMETRO VORTEX O KLINGER LUGB \u00e9 um caudal\u00edmetro Vortex Compacto para medi\u00e7\u00e3o de l\u00edquidos, g\u00e1s ou vapor. Os caudal\u00edmetros Vortex oferecem muitas vantagens para a medi\u00e7\u00e3o de caudal, incluindo a f\u00e1cil instala\u00e7\u00e3o, sem partes m\u00f3veis para manuten\u00e7\u00e3o ou repara\u00e7\u00e3o baixo consumo de energia, permitindo o uso em \u00e1reas remotas.<\/p>\n","protected":false},"author":1,"featured_media":0,"parent":28322,"menu_order":0,"comment_status":"closed","ping_status":"closed","template":"page-templates\/servicios.php","meta":{"_eb_attr":"","footnotes":""},"class_list":["post-30659","page","type-page","status-publish","hentry"],"aioseo_notices":[],"_links":{"self":[{"href":"https:\/\/klinger.pt\/es\/wp-json\/wp\/v2\/pages\/30659","targetHints":{"allow":["GET"]}}],"collection":[{"href":"https:\/\/klinger.pt\/es\/wp-json\/wp\/v2\/pages"}],"about":[{"href":"https:\/\/klinger.pt\/es\/wp-json\/wp\/v2\/types\/page"}],"author":[{"embeddable":true,"href":"https:\/\/klinger.pt\/es\/wp-json\/wp\/v2\/users\/1"}],"replies":[{"embeddable":true,"href":"https:\/\/klinger.pt\/es\/wp-json\/wp\/v2\/comments?post=30659"}],"version-history":[{"count":3,"href":"https:\/\/klinger.pt\/es\/wp-json\/wp\/v2\/pages\/30659\/revisions"}],"predecessor-version":[{"id":45005,"href":"https:\/\/klinger.pt\/es\/wp-json\/wp\/v2\/pages\/30659\/revisions\/45005"}],"up":[{"embeddable":true,"href":"https:\/\/klinger.pt\/es\/wp-json\/wp\/v2\/pages\/28322"}],"wp:attachment":[{"href":"https:\/\/klinger.pt\/es\/wp-json\/wp\/v2\/media?parent=30659"}],"curies":[{"name":"wp","href":"https:\/\/api.w.org\/{rel}","templated":true}]}}