{"id":29507,"date":"2022-09-06T12:21:31","date_gmt":"2022-09-06T11:21:31","guid":{"rendered":"https:\/\/m5j0n6nk9p.onrocket.site\/?page_id=29507"},"modified":"2025-05-05T16:00:23","modified_gmt":"2025-05-05T15:00:23","slug":"empanques","status":"publish","type":"page","link":"https:\/\/klinger.pt\/es\/produtos\/vedacao\/empanques\/","title":{"rendered":"EMPANQUES"},"content":{"rendered":"\n<h1 class=\"wp-block-heading has-large-font-size\">EMPANQUES<\/h1>\n\n\n\n<p>Os empanques s\u00e3o usados com a fun\u00e7\u00e3o de veda\u00e7\u00e3o eficaz em aplica\u00e7\u00f5es de v\u00e1lvulas, bombas rotativas e alternativas.<\/p>\n\n\n\n<p>Produzidos com mat\u00e9rias-primas da mais alta qualidade, os Empanques KLINGER est\u00e3o dispon\u00edveis em uma ampla gama de combina\u00e7\u00f5es para atender a diversas aplica\u00e7\u00f5es de servi\u00e7o. Variam desde os empanques econ\u00f4micos tradicionais, at\u00e9 os graus de PTFE de alta especifica\u00e7\u00e3o, que utilizam a tecnologia mais recente para produzir um produto que atenda \u00e0s demandas mais exigentes de um sistema moderno de manuseio de fluidos.<\/p>\n\n\n\n<div style=\"height:25px\" aria-hidden=\"true\" class=\"wp-block-spacer\"><\/div>\n\n\n\n<div class=\"wp-block-columns has-2-columns is-layout-flex wp-container-core-columns-is-layout-9d6595d7 wp-block-columns-is-layout-flex\">\n<div class=\"wp-block-column is-layout-flow wp-block-column-is-layout-flow\">\n<figure class=\"wp-block-table flecha\"><table><tbody><tr><td class=\"has-text-align-center\" data-align=\"center\"><img decoding=\"async\" width=\"150\" height=\"150\" class=\"wp-image-29985\" style=\"width: 150px;\" src=\"https:\/\/klinger.pt\/wp-content\/uploads\/2022\/09\/Graphite-Packings.png\" alt=\"\" srcset=\"https:\/\/klinger.pt\/wp-content\/uploads\/2022\/09\/Graphite-Packings.png 250w, https:\/\/klinger.pt\/wp-content\/uploads\/2022\/09\/Graphite-Packings-150x150.png 150w\" sizes=\"(max-width: 150px) 100vw, 150px\" \/><\/td><td><strong><a href=\"https:\/\/klinger.pt\/produtos\/vedacao\/empanques\/empanques-de-grafite\/\" title=\"EMPANQUES GRAFITE\">EMPANQUES DE GRAFITE<\/a><\/strong><br><br><a href=\"https:\/\/klinger.pt\/produtos\/vedacao\/empanques\/empanques-de-grafite\/\" title=\"\ufffc\"><img decoding=\"async\" class=\"wp-image-2704\" style=\"width: 18px;\" src=\"https:\/\/www.klinger.es\/wp-content\/uploads\/2019\/11\/icon-arrow-blue-double.png\" alt=\"\"><\/a><\/td><\/tr><\/tbody><\/table><\/figure>\n<\/div>\n\n\n\n<div class=\"wp-block-column is-layout-flow wp-block-column-is-layout-flow\">\n<figure class=\"wp-block-table flecha\"><table><tbody><tr><td class=\"has-text-align-center\" data-align=\"center\"><img decoding=\"async\" width=\"150\" height=\"150\" class=\"wp-image-29988\" style=\"width: 150px;\" src=\"https:\/\/klinger.pt\/wp-content\/uploads\/2022\/09\/Empanques-PTFE-KLINGER-Portugal.png\" alt=\"\" srcset=\"https:\/\/klinger.pt\/wp-content\/uploads\/2022\/09\/Empanques-PTFE-KLINGER-Portugal.png 250w, https:\/\/klinger.pt\/wp-content\/uploads\/2022\/09\/Empanques-PTFE-KLINGER-Portugal-150x150.png 150w\" sizes=\"(max-width: 150px) 100vw, 150px\" \/><\/td><td><strong><a href=\"https:\/\/klinger.pt\/produtos\/vedacao\/empanques\/empanques-de-ptfe\/\" title=\"EMPANQUES PTFE\">EMPANQUES DE PTFE<\/a><\/strong><br><br><a href=\"https:\/\/klinger.pt\/produtos\/vedacao\/empanques\/empanques-de-ptfe\/\" title=\"\ufffc\"><img decoding=\"async\" class=\"wp-image-2704\" style=\"width: 18px;\" src=\"https:\/\/www.klinger.es\/wp-content\/uploads\/2019\/11\/icon-arrow-blue-double.png\" alt=\"\"><\/a><\/td><\/tr><\/tbody><\/table><\/figure>\n<\/div>\n<\/div>\n\n\n\n<div class=\"wp-block-columns has-2-columns is-layout-flex wp-container-core-columns-is-layout-9d6595d7 wp-block-columns-is-layout-flex\">\n<div class=\"wp-block-column is-layout-flow wp-block-column-is-layout-flow\">\n<figure class=\"wp-block-table flecha\"><table><tbody><tr><td class=\"has-text-align-center\" data-align=\"center\"><img decoding=\"async\" width=\"150\" height=\"150\" class=\"wp-image-29990\" style=\"width: 150px;\" src=\"https:\/\/klinger.pt\/wp-content\/uploads\/2022\/09\/Empanque-Fibra-Sintetica-Klinger-Portugal.png\" alt=\"\" srcset=\"https:\/\/klinger.pt\/wp-content\/uploads\/2022\/09\/Empanque-Fibra-Sintetica-Klinger-Portugal.png 250w, https:\/\/klinger.pt\/wp-content\/uploads\/2022\/09\/Empanque-Fibra-Sintetica-Klinger-Portugal-150x150.png 150w\" sizes=\"(max-width: 150px) 100vw, 150px\" \/><\/td><td><strong><a href=\"https:\/\/klinger.pt\/produtos\/vedacao\/empanques\/empanques-de-fibra-sintetica\/\" title=\"\">EMPANQUES DE FIBRA SINT\u00c9TICA<\/a><\/strong><br><br><a href=\"https:\/\/klinger.pt\/produtos\/vedacao\/empanques\/empanques-de-fibra-sintetica\/\" title=\"\ufffc\"><img decoding=\"async\" class=\"wp-image-2704\" style=\"width: 18px;\" src=\"https:\/\/www.klinger.es\/wp-content\/uploads\/2019\/11\/icon-arrow-blue-double.png\" alt=\"\"><\/a><\/td><\/tr><\/tbody><\/table><\/figure>\n<\/div>\n\n\n\n<div class=\"wp-block-column is-layout-flow wp-block-column-is-layout-flow\">\n<figure class=\"wp-block-table flecha\"><table><tbody><tr><td class=\"has-text-align-center\" data-align=\"center\"><img loading=\"lazy\" decoding=\"async\" width=\"150\" height=\"150\" class=\"wp-image-29993\" style=\"width: 150px;\" src=\"https:\/\/klinger.pt\/wp-content\/uploads\/2022\/09\/Empanque-Hibrido-KLINGER-Portugal.png\" alt=\"\" srcset=\"https:\/\/klinger.pt\/wp-content\/uploads\/2022\/09\/Empanque-Hibrido-KLINGER-Portugal.png 250w, https:\/\/klinger.pt\/wp-content\/uploads\/2022\/09\/Empanque-Hibrido-KLINGER-Portugal-150x150.png 150w\" sizes=\"(max-width: 150px) 100vw, 150px\" \/><\/td><td><a href=\"https:\/\/klinger.pt\/produtos\/vedacao\/empanques\/empanques-hibridos\/\" title=\"\"><strong>EMPANQUES H\u00cdBRIDOS<\/strong><br><\/a><br><a href=\"https:\/\/klinger.pt\/produtos\/vedacao\/empanques\/empanques-hibridos\/\" title=\"\ufffc\"><img decoding=\"async\" class=\"wp-image-2704\" style=\"width: 18px;\" src=\"https:\/\/www.klinger.es\/wp-content\/uploads\/2019\/11\/icon-arrow-blue-double.png\" alt=\"\"><\/a><\/td><\/tr><\/tbody><\/table><\/figure>\n<\/div>\n<\/div>\n\n\n\n<div class=\"wp-block-columns has-2-columns is-layout-flex wp-container-core-columns-is-layout-9d6595d7 wp-block-columns-is-layout-flex\">\n<div class=\"wp-block-column is-layout-flow wp-block-column-is-layout-flow\">\n<figure class=\"wp-block-table flecha\"><table><tbody><tr><td class=\"has-text-align-center\" data-align=\"center\"><img loading=\"lazy\" decoding=\"async\" width=\"150\" height=\"151\" class=\"wp-image-33405\" style=\"width: 150px;\" src=\"https:\/\/klinger.pt\/wp-content\/uploads\/2022\/11\/Empanque_aplicacoes_especiais.png\" alt=\"\" srcset=\"https:\/\/klinger.pt\/wp-content\/uploads\/2022\/11\/Empanque_aplicacoes_especiais.png 509w, https:\/\/klinger.pt\/wp-content\/uploads\/2022\/11\/Empanque_aplicacoes_especiais-298x300.png 298w, https:\/\/klinger.pt\/wp-content\/uploads\/2022\/11\/Empanque_aplicacoes_especiais-150x150.png 150w\" sizes=\"(max-width: 150px) 100vw, 150px\" \/><\/td><td><strong><a href=\"https:\/\/klinger.pt\/produtos\/vedacao\/empanques\/empanques-de-aplicacoes-especiais\/\" title=\"\">EMPANQUES DE APLICA\u00c7\u00c3O ESPECIAL<\/a><\/strong><br><br><a href=\"https:\/\/klinger.pt\/produtos\/vedacao\/empanques\/empanques-de-aplicacoes-especiais\/\" title=\"\ufffc\"><img decoding=\"async\" class=\"wp-image-2704\" style=\"width: 18px;\" src=\"https:\/\/www.klinger.es\/wp-content\/uploads\/2019\/11\/icon-arrow-blue-double.png\" alt=\"\"><\/a><\/td><\/tr><\/tbody><\/table><\/figure>\n<\/div>\n\n\n\n<div class=\"wp-block-column is-layout-flow wp-block-column-is-layout-flow\">\n<figure class=\"wp-block-table flecha\"><table><tbody><tr><td class=\"has-text-align-center\" data-align=\"center\"><img loading=\"lazy\" decoding=\"async\" width=\"250\" height=\"152\" class=\"wp-image-46742\" style=\"width: 250px;\" src=\"https:\/\/klinger.pt\/wp-content\/uploads\/2025\/04\/LATTY-MECHANICAL-SEAL-OEM.png\" alt=\" MECHANICAL SEAL OEM\" srcset=\"https:\/\/klinger.pt\/wp-content\/uploads\/2025\/04\/LATTY-MECHANICAL-SEAL-OEM.png 1486w, https:\/\/klinger.pt\/wp-content\/uploads\/2025\/04\/LATTY-MECHANICAL-SEAL-OEM-300x183.png 300w, https:\/\/klinger.pt\/wp-content\/uploads\/2025\/04\/LATTY-MECHANICAL-SEAL-OEM-1024x624.png 1024w, https:\/\/klinger.pt\/wp-content\/uploads\/2025\/04\/LATTY-MECHANICAL-SEAL-OEM-768x468.png 768w, https:\/\/klinger.pt\/wp-content\/uploads\/2025\/04\/LATTY-MECHANICAL-SEAL-OEM-1400x854.png 1400w\" sizes=\"(max-width: 250px) 100vw, 250px\" \/><\/td><td><a href=\"https:\/\/klinger.pt\/produtos\/vedacao\/empanques\/empanques-mecanicos\/\" title=\"\"><strong>EMPANQUES MEC\u00c2NICOS<\/strong><br><\/a><br><a href=\"https:\/\/klinger.pt\/produtos\/vedacao\/empanques\/empanques-mecanicos\/\" title=\"\ufffc\"><img decoding=\"async\" class=\"wp-image-2704\" style=\"width: 18px;\" src=\"https:\/\/www.klinger.es\/wp-content\/uploads\/2019\/11\/icon-arrow-blue-double.png\" alt=\"\"><\/a><\/td><\/tr><\/tbody><\/table><\/figure>\n<\/div>\n<\/div>\n\n\n\n<div class=\"wp-block-columns has-2-columns is-layout-flex wp-container-core-columns-is-layout-9d6595d7 wp-block-columns-is-layout-flex\">\n<div class=\"wp-block-column transparente is-layout-flow wp-block-column-is-layout-flow\"><\/div>\n<\/div>\n\n\n\n<p><\/p>\n","protected":false},"excerpt":{"rendered":"<p>EMPANQUES Os empanques s\u00e3o usados com a fun\u00e7\u00e3o de veda\u00e7\u00e3o eficaz em aplica\u00e7\u00f5es de v\u00e1lvulas, bombas rotativas e alternativas. Produzidos com mat\u00e9rias-primas da mais alta qualidade, os Empanques KLINGER est\u00e3o dispon\u00edveis em uma ampla gama de combina\u00e7\u00f5es para atender a diversas aplica\u00e7\u00f5es de servi\u00e7o. Variam desde os empanques econ\u00f4micos tradicionais, at\u00e9 os graus de PTFE [&hellip;]<\/p>\n","protected":false},"author":1,"featured_media":42580,"parent":28724,"menu_order":0,"comment_status":"closed","ping_status":"closed","template":"page-templates\/secciones-principales.php","meta":{"_eb_attr":"","footnotes":""},"class_list":["post-29507","page","type-page","status-publish","has-post-thumbnail","hentry"],"aioseo_notices":[],"_links":{"self":[{"href":"https:\/\/klinger.pt\/es\/wp-json\/wp\/v2\/pages\/29507","targetHints":{"allow":["GET"]}}],"collection":[{"href":"https:\/\/klinger.pt\/es\/wp-json\/wp\/v2\/pages"}],"about":[{"href":"https:\/\/klinger.pt\/es\/wp-json\/wp\/v2\/types\/page"}],"author":[{"embeddable":true,"href":"https:\/\/klinger.pt\/es\/wp-json\/wp\/v2\/users\/1"}],"replies":[{"embeddable":true,"href":"https:\/\/klinger.pt\/es\/wp-json\/wp\/v2\/comments?post=29507"}],"version-history":[{"count":26,"href":"https:\/\/klinger.pt\/es\/wp-json\/wp\/v2\/pages\/29507\/revisions"}],"predecessor-version":[{"id":46904,"href":"https:\/\/klinger.pt\/es\/wp-json\/wp\/v2\/pages\/29507\/revisions\/46904"}],"up":[{"embeddable":true,"href":"https:\/\/klinger.pt\/es\/wp-json\/wp\/v2\/pages\/28724"}],"wp:featuredmedia":[{"embeddable":true,"href":"https:\/\/klinger.pt\/es\/wp-json\/wp\/v2\/media\/42580"}],"wp:attachment":[{"href":"https:\/\/klinger.pt\/es\/wp-json\/wp\/v2\/media?parent=29507"}],"curies":[{"name":"wp","href":"https:\/\/api.w.org\/{rel}","templated":true}]}}