{"id":29451,"date":"2022-09-06T12:01:31","date_gmt":"2022-09-06T11:01:31","guid":{"rendered":"https:\/\/m5j0n6nk9p.onrocket.site\/?page_id=29451"},"modified":"2023-05-31T15:18:18","modified_gmt":"2023-05-31T14:18:18","slug":"juntas-elastomero","status":"publish","type":"page","link":"https:\/\/klinger.pt\/es\/produtos\/vedacao\/juntas-elastomero\/","title":{"rendered":"JUNTAS ELAST\u00d4MERO"},"content":{"rendered":"\n<h1 class=\"wp-block-heading\">JUNTAS DE ELAST\u00d4MERO<\/h1>\n\n\n\n<div class=\"wp-block-group\"><div class=\"wp-block-group__inner-container is-layout-constrained wp-block-group-is-layout-constrained\">\n<div class=\"wp-block-columns is-layout-flex wp-container-core-columns-is-layout-9d6595d7 wp-block-columns-is-layout-flex\">\n<div class=\"wp-block-column is-layout-flow wp-block-column-is-layout-flow\" style=\"flex-basis:300px\">\n<figure class=\"wp-block-image size-full\"><img fetchpriority=\"high\" decoding=\"async\" width=\"250\" height=\"250\" src=\"https:\/\/klinger.pt\/wp-content\/uploads\/2020\/07\/Junta-Elastomero-KGS-II-KLINGER.webp\" alt=\"Junta Elast\u00f4mero KLINGER\u00ae KGS II\" class=\"wp-image-10578\" srcset=\"https:\/\/klinger.pt\/wp-content\/uploads\/2020\/07\/Junta-Elastomero-KGS-II-KLINGER.webp 250w, https:\/\/klinger.pt\/wp-content\/uploads\/2020\/07\/Junta-Elastomero-KGS-II-KLINGER-150x150.webp 150w\" sizes=\"(max-width: 250px) 100vw, 250px\" \/><\/figure>\n\n\n\n<figure class=\"wp-block-image size-large\"><img decoding=\"async\" width=\"1024\" height=\"443\" src=\"https:\/\/klinger.pt\/wp-content\/uploads\/2022\/09\/quadro-26-1024x443.png\" alt=\"\" class=\"wp-image-29971\" srcset=\"https:\/\/klinger.pt\/wp-content\/uploads\/2022\/09\/quadro-26-1024x443.png 1024w, https:\/\/klinger.pt\/wp-content\/uploads\/2022\/09\/quadro-26-300x130.png 300w, https:\/\/klinger.pt\/wp-content\/uploads\/2022\/09\/quadro-26-768x333.png 768w, https:\/\/klinger.pt\/wp-content\/uploads\/2022\/09\/quadro-26.png 1247w\" sizes=\"(max-width: 1024px) 100vw, 1024px\" \/><\/figure>\n<\/div>\n\n\n\n<div class=\"wp-block-column is-layout-flow wp-block-column-is-layout-flow\" style=\"flex-basis:700px\">\n<h2 class=\"wp-block-heading\">VEDA\u00c7\u00c3O KLINGER KGS<\/h2>\n\n\n\n<p>A veda\u00e7\u00e3o KLINGER KGS da nova gera\u00e7\u00e3o abrem espa\u00e7o para aplica\u00e7\u00f5es surpreendentes que n\u00e3o foram alcan\u00e7adas por juntas convencionais de borracha. KLINGER KGS \u00e9 sin\u00f3nimo de veda\u00e7\u00e3o segura de gases e l\u00edquidos, mesmo sob condi\u00e7\u00f5es dif\u00edceis de instala\u00e7\u00e3o.<\/p>\n\n\n\n<h3 class=\"wp-block-heading\">Caracter\u00edsticas:<\/h3>\n\n\n\n<ul class=\"wp-block-list\">\n<li>Anel met\u00e1lico interno vulcanizado permite uma melhor distribui\u00e7\u00e3o de for\u00e7as no aperto.<\/li>\n\n\n\n<li>Excelente veda\u00e7\u00e3o mesmo com baixos bin\u00e1rios de aperto<\/li>\n\n\n\n<li>Permite a adapta\u00e7\u00e3o a superf\u00edcies de veda\u00e7\u00e3o que n\u00e3o estejam em perfeitas condi\u00e7\u00f5es<\/li>\n<\/ul>\n\n\n\n<h3 class=\"wp-block-heading\">Vantagens:<\/h3>\n\n\n\n<ul class=\"wp-block-list\">\n<li>O anel de refor\u00e7o em a\u00e7o est\u00e1 centrado homogeneamente para que a for\u00e7a seja distribu\u00edda pela base de veda\u00e7\u00e3o na flange<\/li>\n\n\n\n<li>Anel met\u00e1lico vulcanizado<\/li>\n\n\n\n<li>Cargas est\u00e1ticas elevadas exercidas pela tubagem e parafusos podem ser absorvidas<\/li>\n\n\n\n<li>Sele\u00e7\u00e3o eficiente de mat\u00e9rias para fabrico reduzem o peso (manuseamento mais f\u00e1cil e custos de transporte mais baixos)<\/li>\n<\/ul>\n\n\n\n<h5 class=\"wp-block-heading\"><a href=\"https:\/\/klinger.pt\/wp-content\/uploads\/2023\/05\/KGS_compressed.pdf\" target=\"_blank\" rel=\"noopener\" title=\"\">CAT\u00c1LOGO KLINGER KGS (EN)<\/a><\/h5>\n\n\n\n<h5 class=\"wp-block-heading\"><a href=\"https:\/\/klinger.pt\/wp-content\/uploads\/2023\/05\/KGS-GII_compressed.pdf\" target=\"_blank\" rel=\"noopener\" title=\"FICHA T\u00c9CNICA 2280 (EN)\">CAT\u00c1LOGO KLINGER KGS GII (EN)<\/a><\/h5>\n\n\n\n<h5 class=\"wp-block-heading\"><a href=\"https:\/\/klinger.pt\/wp-content\/uploads\/2023\/05\/KGS-VD_compressed.pdf\" target=\"_blank\" rel=\"noopener\" title=\"FICHA T\u00c9CNICA 2280 (EN)\">CAT\u00c1LOGO KLINGER VD (EN)<\/a><\/h5>\n<\/div>\n<\/div>\n<\/div><\/div>\n\n\n\n<div class=\"wp-block-group\"><div class=\"wp-block-group__inner-container is-layout-constrained wp-block-group-is-layout-constrained\">\n<div class=\"wp-block-columns is-layout-flex wp-container-core-columns-is-layout-9d6595d7 wp-block-columns-is-layout-flex\">\n<div class=\"wp-block-column is-layout-flow wp-block-column-is-layout-flow\" style=\"flex-basis:300px\">\n<figure class=\"wp-block-image size-full\"><img decoding=\"async\" width=\"250\" height=\"250\" src=\"https:\/\/klinger.pt\/wp-content\/uploads\/2022\/09\/Junta-Elastomero-KLINGER-KNS.png\" alt=\"\" class=\"wp-image-29957\" srcset=\"https:\/\/klinger.pt\/wp-content\/uploads\/2022\/09\/Junta-Elastomero-KLINGER-KNS.png 250w, https:\/\/klinger.pt\/wp-content\/uploads\/2022\/09\/Junta-Elastomero-KLINGER-KNS-150x150.png 150w\" sizes=\"(max-width: 250px) 100vw, 250px\" \/><\/figure>\n\n\n\n<figure class=\"wp-block-image size-large\"><img loading=\"lazy\" decoding=\"async\" width=\"1024\" height=\"443\" src=\"https:\/\/klinger.pt\/wp-content\/uploads\/2022\/09\/quadro-2-6-1024x443.png\" alt=\"\" class=\"wp-image-29974\" srcset=\"https:\/\/klinger.pt\/wp-content\/uploads\/2022\/09\/quadro-2-6-1024x443.png 1024w, https:\/\/klinger.pt\/wp-content\/uploads\/2022\/09\/quadro-2-6-300x130.png 300w, https:\/\/klinger.pt\/wp-content\/uploads\/2022\/09\/quadro-2-6-768x333.png 768w, https:\/\/klinger.pt\/wp-content\/uploads\/2022\/09\/quadro-2-6.png 1247w\" sizes=\"(max-width: 1024px) 100vw, 1024px\" \/><\/figure>\n<\/div>\n\n\n\n<div class=\"wp-block-column is-layout-flow wp-block-column-is-layout-flow\" style=\"flex-basis:700px\">\n<h2 class=\"wp-block-heading\">JUNTA KLINGER KNS<\/h2>\n\n\n\n<p>A Junta KLINGER KNS&nbsp;\u00e9 projetada em borracha para uso em tubagens e equipamentos n\u00e3o standard, tornam a instala\u00e7\u00e3o mais f\u00e1cil e econ\u00f3mica. Juntas com di\u00e2metro superior a DN 2000 s\u00e3o dif\u00edceis de produzir e geram altos custos de embalagem e transporte, o que pode ser muito superior ao custo da junta.<\/p>\n\n\n\n<h3 class=\"wp-block-heading\">Caracter\u00edsticas:<\/h3>\n\n\n\n<ul class=\"wp-block-list\">\n<li>DN 2000 e superior (Inferior a DN 2000, mediante solicita\u00e7\u00e3o)<\/li>\n\n\n\n<li>Pode ser entregue de acordo com todos os standard DIN, EN, ASME \/ ANSI, JIS, e dimens\u00f5es especiais<\/li>\n\n\n\n<li>EPDM: EN 681-1, ACS, DVGW, W270, Elastomerleitlinie, WRAS<\/li>\n\n\n\n<li>NBR: EN 682, DVGW<\/li>\n<\/ul>\n\n\n\n<h3 class=\"wp-block-heading\">Vantagens:<\/h3>\n\n\n\n<ul class=\"wp-block-list\">\n<li>Pode ser separado em segmentos e, portanto, embalado e transportado em paletes de formato europeu<\/li>\n\n\n\n<li>A instala\u00e7\u00e3o \u00e9 muito simples<\/li>\n\n\n\n<li>Variedade de materiais<\/li>\n<\/ul>\n\n\n\n<h5 class=\"wp-block-heading\"><a href=\"https:\/\/klinger.pt\/wp-content\/uploads\/2023\/05\/KNS_compressed.pdf\" target=\"_blank\" rel=\"noopener\" title=\"FICHA T\u00c9CNICA 2280 (EN)\">FICHA T\u00c9CNICA JUNTA KLINGER KNS (EN)<\/a><\/h5>\n<\/div>\n<\/div>\n<\/div><\/div>\n\n\n\n<div class=\"wp-block-group\"><div class=\"wp-block-group__inner-container is-layout-constrained wp-block-group-is-layout-constrained\">\n<div class=\"wp-block-columns is-layout-flex wp-container-core-columns-is-layout-9d6595d7 wp-block-columns-is-layout-flex\">\n<div class=\"wp-block-column is-layout-flow wp-block-column-is-layout-flow\" style=\"flex-basis:300px\">\n<figure class=\"wp-block-image size-full\"><img loading=\"lazy\" decoding=\"async\" width=\"768\" height=\"678\" src=\"https:\/\/klinger.pt\/wp-content\/uploads\/2023\/05\/Klinger-MK-GII-2-768x678.png.webp\" alt=\"\" class=\"wp-image-42867\" srcset=\"https:\/\/klinger.pt\/wp-content\/uploads\/2023\/05\/Klinger-MK-GII-2-768x678.png.webp 768w, https:\/\/klinger.pt\/wp-content\/uploads\/2023\/05\/Klinger-MK-GII-2-768x678.png-300x265.webp 300w\" sizes=\"(max-width: 768px) 100vw, 768px\" \/><\/figure>\n\n\n\n<figure class=\"wp-block-image size-full\"><img loading=\"lazy\" decoding=\"async\" width=\"768\" height=\"333\" src=\"https:\/\/klinger.pt\/wp-content\/uploads\/2023\/05\/quadro-3-5-768x333.png.webp\" alt=\"\" class=\"wp-image-42869\" srcset=\"https:\/\/klinger.pt\/wp-content\/uploads\/2023\/05\/quadro-3-5-768x333.png.webp 768w, https:\/\/klinger.pt\/wp-content\/uploads\/2023\/05\/quadro-3-5-768x333.png-300x130.webp 300w\" sizes=\"(max-width: 768px) 100vw, 768px\" \/><\/figure>\n<\/div>\n\n\n\n<div class=\"wp-block-column is-layout-flow wp-block-column-is-layout-flow\" style=\"flex-basis:700px\">\n<h2 class=\"wp-block-heading\">JUNTA KLINGER WALL COLLAR<\/h2>\n\n\n\n<p>A Junta KLINGER WALL COLLAR \u00e9 para uso onde os tubos atravessam outros tubos, paredes e pisos. No caso de infiltra\u00e7\u00e3o de \u00e1gua, len\u00e7ol fre\u00e1tico ou len\u00e7ol fre\u00e1tico elevado em zona de cursos de \u00e1gua, rios etc., o KLINGER Wall Collar posicionado no centro do tubo protege o edif\u00edcio contra a entrada de humidade. Em piscinas e instala\u00e7\u00f5es sanit\u00e1rias fechadas, o KLINGER Wall Collar fornece prote\u00e7\u00e3o contra a fuga de \u00e1gua e protege o solo contra l\u00edquidos.<br>Pode ser usado em tubos de a\u00e7o, pl\u00e1stico, bet\u00e3o, ferro fundido e revestidos.<\/p>\n\n\n\n<h3 class=\"wp-block-heading\">Caracter\u00edsticas:<\/h3>\n\n\n\n<ul class=\"wp-block-list\">\n<li>O KLINGER Wall Colar \u00e9 estanque at\u00e9 press\u00f5es de 8 bar e com aprova\u00e7\u00e3o T\u00dcV<\/li>\n\n\n\n<li>O KLINGER Wall Colar \u00e9 fabricado em EPDM como standard. Outros materiais, como NBR com aprova\u00e7\u00f5es espec\u00edficas para instala\u00e7\u00e3o em ambientes dif\u00edceis, s\u00e3o poss\u00edveis<\/li>\n\n\n\n<li>Gama dimens\u00f5es de DN20 a DN2000<\/li>\n\n\n\n<li>O KLINGER Wall Colar \u00e9 fornecido com bra\u00e7adeiras como standard. A montagem \u00e9 feita sem ferramentas especiais<\/li>\n<\/ul>\n\n\n\n<h3 class=\"wp-block-heading\">Vantagens:<\/h3>\n\n\n\n<ul class=\"wp-block-list\">\n<li>No seu di\u00e2metro interno, nervuras em V de forma complexa e que se encaixam de maneira firme mesmo em superf\u00edcies irregulares do tubo<\/li>\n\n\n\n<li>As m\u00faltiplas nervuras em V garantem uma boa fun\u00e7\u00e3o de veda\u00e7\u00e3o<\/li>\n\n\n\n<li>O design e a sele\u00e7\u00e3o de material (EPDM) garantem estabilidade dimensional e seguran\u00e7a a longo prazo ao fix\u00e1-lo na parede<\/li>\n\n\n\n<li>A elasticidade KLINGER\u00ae Wall Colar permite a instala\u00e7\u00e3o de tubos de pl\u00e1stico, bet\u00e3o, ferro fundido, a\u00e7o e tubos revestidos<\/li>\n<\/ul>\n\n\n\n<h5 class=\"wp-block-heading\"><a href=\"https:\/\/klinger.pt\/wp-content\/uploads\/2023\/05\/Wall-Collar_compressed.pdf\" target=\"_blank\" rel=\"noopener\" title=\"\">FICHA T\u00c9CNICA JUNTA KLINGER WALL COLLAR (EN)<\/a><\/h5>\n<\/div>\n<\/div>\n<\/div><\/div>\n","protected":false},"excerpt":{"rendered":"<p>JUNTAS DE ELAST\u00d4MERO VEDA\u00c7\u00c3O KLINGER KGS A veda\u00e7\u00e3o KLINGER KGS da nova gera\u00e7\u00e3o abrem espa\u00e7o para aplica\u00e7\u00f5es surpreendentes que n\u00e3o foram alcan\u00e7adas por juntas convencionais de borracha. KLINGER KGS \u00e9 sin\u00f3nimo de veda\u00e7\u00e3o segura de gases e l\u00edquidos, mesmo sob condi\u00e7\u00f5es dif\u00edceis de instala\u00e7\u00e3o. Caracter\u00edsticas: Vantagens: CAT\u00c1LOGO KLINGER KGS (EN) CAT\u00c1LOGO KLINGER KGS GII (EN) [&hellip;]<\/p>\n","protected":false},"author":1,"featured_media":16265,"parent":28724,"menu_order":0,"comment_status":"closed","ping_status":"closed","template":"page-templates\/servicios.php","meta":{"_eb_attr":"","footnotes":""},"class_list":["post-29451","page","type-page","status-publish","has-post-thumbnail","hentry"],"aioseo_notices":[],"_links":{"self":[{"href":"https:\/\/klinger.pt\/es\/wp-json\/wp\/v2\/pages\/29451","targetHints":{"allow":["GET"]}}],"collection":[{"href":"https:\/\/klinger.pt\/es\/wp-json\/wp\/v2\/pages"}],"about":[{"href":"https:\/\/klinger.pt\/es\/wp-json\/wp\/v2\/types\/page"}],"author":[{"embeddable":true,"href":"https:\/\/klinger.pt\/es\/wp-json\/wp\/v2\/users\/1"}],"replies":[{"embeddable":true,"href":"https:\/\/klinger.pt\/es\/wp-json\/wp\/v2\/comments?post=29451"}],"version-history":[{"count":10,"href":"https:\/\/klinger.pt\/es\/wp-json\/wp\/v2\/pages\/29451\/revisions"}],"predecessor-version":[{"id":42872,"href":"https:\/\/klinger.pt\/es\/wp-json\/wp\/v2\/pages\/29451\/revisions\/42872"}],"up":[{"embeddable":true,"href":"https:\/\/klinger.pt\/es\/wp-json\/wp\/v2\/pages\/28724"}],"wp:featuredmedia":[{"embeddable":true,"href":"https:\/\/klinger.pt\/es\/wp-json\/wp\/v2\/media\/16265"}],"wp:attachment":[{"href":"https:\/\/klinger.pt\/es\/wp-json\/wp\/v2\/media?parent=29451"}],"curies":[{"name":"wp","href":"https:\/\/api.w.org\/{rel}","templated":true}]}}