{"id":28854,"date":"2022-09-05T13:18:13","date_gmt":"2022-09-05T12:18:13","guid":{"rendered":"https:\/\/m5j0n6nk9p.onrocket.site\/?page_id=28854"},"modified":"2023-05-31T10:47:40","modified_gmt":"2023-05-31T09:47:40","slug":"juntas-metalicas","status":"publish","type":"page","link":"https:\/\/klinger.pt\/es\/produtos\/vedacao\/juntas-metalicas\/","title":{"rendered":"JUNTAS MET\u00c1LICAS"},"content":{"rendered":"\n<h1 class=\"wp-block-heading\">JUNTAS MET\u00c1LICAS<\/h1>\n\n\n\n<div class=\"wp-block-group\"><div class=\"wp-block-group__inner-container is-layout-constrained wp-block-group-is-layout-constrained\">\n<div class=\"wp-block-columns is-layout-flex wp-container-core-columns-is-layout-9d6595d7 wp-block-columns-is-layout-flex\">\n<div class=\"wp-block-column is-layout-flow wp-block-column-is-layout-flow\" style=\"flex-basis:300px\">\n<figure class=\"wp-block-image size-full\"><img fetchpriority=\"high\" decoding=\"async\" width=\"300\" height=\"300\" src=\"https:\/\/klinger.pt\/wp-content\/uploads\/2023\/05\/Corrugada.webp\" alt=\"\" class=\"wp-image-42823\" srcset=\"https:\/\/klinger.pt\/wp-content\/uploads\/2023\/05\/Corrugada.webp 300w, https:\/\/klinger.pt\/wp-content\/uploads\/2023\/05\/Corrugada-150x150.webp 150w\" sizes=\"(max-width: 300px) 100vw, 300px\" \/><\/figure>\n<\/div>\n\n\n\n<div class=\"wp-block-column is-layout-flow wp-block-column-is-layout-flow\" style=\"flex-basis:700px\">\n<h2 class=\"wp-block-heading\">JUNTA CORRUGADA<\/h2>\n\n\n\n<p>A Klinger Maxigraph consiste num n\u00facleo met\u00e1lico corrugado encapsulado por um revestimento de grafite.<br>Desenhada para veda\u00e7\u00e3o em aplica\u00e7\u00f5es de baixa press\u00e3o 150# e 300# como alternativa \u00e0s juntas espiromet\u00e1licas.<\/p>\n\n\n\n<h3 class=\"wp-block-heading\">Caracter\u00edsticas:<\/h3>\n\n\n\n<ul class=\"wp-block-list\">\n<li>Excelente veda\u00e7\u00e3o em aplica\u00e7\u00f5es de baixa press\u00e3o<\/li>\n\n\n\n<li>Dispon\u00edvel em v\u00e1rios materiais para a n\u00facleo corrugado, sendo o standard o a\u00e7o inoxid\u00e1vel AISI-316<\/li>\n<\/ul>\n\n\n\n<h3 class=\"wp-block-heading\">Vantagens:<\/h3>\n\n\n\n<ul class=\"wp-block-list\">\n<li>A junta corrugada impede a extrus\u00e3o do material de revestimento<\/li>\n\n\n\n<li>A densidade uniforme de grafite em todo o perfil garante excelente adaptabilidade da face nos picos para criar uma boa veda\u00e7\u00e3o, mesmo em flanges desgastadas<\/li>\n\n\n\n<li>Excelente resist\u00eancia qu\u00edmica<\/li>\n<\/ul>\n\n\n\n<h5 class=\"wp-block-heading\"><a href=\"https:\/\/klinger.pt\/wp-content\/uploads\/2023\/05\/corrugated-gasket_compressed.pdf\" target=\"_blank\" rel=\"noopener\" title=\"FICHA T\u00c9CNICA 2280 (EN)\">FICHA T\u00c9CNICA JUNTA CORRUGADA (EN)<\/a><\/h5>\n<\/div>\n<\/div>\n<\/div><\/div>\n\n\n\n<div class=\"wp-block-group\"><div class=\"wp-block-group__inner-container is-layout-constrained wp-block-group-is-layout-constrained\">\n<div class=\"wp-block-columns is-layout-flex wp-container-core-columns-is-layout-9d6595d7 wp-block-columns-is-layout-flex\">\n<div class=\"wp-block-column is-layout-flow wp-block-column-is-layout-flow\" style=\"flex-basis:300px\">\n<figure class=\"wp-block-image size-full\"><img decoding=\"async\" width=\"300\" height=\"300\" src=\"https:\/\/klinger.pt\/wp-content\/uploads\/2023\/05\/Kammprofile_pag.png\" alt=\"\" class=\"wp-image-42818\" srcset=\"https:\/\/klinger.pt\/wp-content\/uploads\/2023\/05\/Kammprofile_pag.png 300w, https:\/\/klinger.pt\/wp-content\/uploads\/2023\/05\/Kammprofile_pag-150x150.png 150w\" sizes=\"(max-width: 300px) 100vw, 300px\" \/><\/figure>\n<\/div>\n\n\n\n<div class=\"wp-block-column is-layout-flow wp-block-column-is-layout-flow\" style=\"flex-basis:700px\">\n<h2 class=\"wp-block-heading\">JUNTA KAMMPROFILE<\/h2>\n\n\n\n<p>A junta Kammprofile \u00e9 usada principalmente em aplica\u00e7\u00f5es em que a largura da junta \u00e9 limitada. Tamb\u00e9m s\u00e3o frequentemente utilizadas como uma melhoria nos casos em que utilizam juntas met\u00e1licas encamisadas, devido \u00e0 maior capacidade veda\u00e7\u00e3o, facilidade de instala\u00e7\u00e3o e possibilidade de reutiliza\u00e7\u00e3o.<\/p>\n\n\n\n<h3 class=\"wp-block-heading\">Caracter\u00edsticas:<\/h3>\n\n\n\n<ul class=\"wp-block-list\">\n<li>Adequada para v\u00e1rios produtos qu\u00edmicos<\/li>\n\n\n\n<li>Adequada para uso em aplica\u00e7\u00f5es de alta press\u00e3o<\/li>\n\n\n\n<li>Pode ser reparada e reutilizada<\/li>\n\n\n\n<li>Pode ser fabricada para instala\u00e7\u00e3o em flanges ou equipamentos n\u00e3o standard<\/li>\n\n\n\n<li>Pode ser fabricada para uso com flanges estreitas<\/li>\n<\/ul>\n\n\n\n<h3 class=\"wp-block-heading\">Vantagens:<\/h3>\n\n\n\n<ul class=\"wp-block-list\">\n<li>Usado para aplica\u00e7\u00f5es que exigem uma veda\u00e7\u00e3o de alta integridade<\/li>\n\n\n\n<li>Adequado para altas e baixas temperaturas<\/li>\n\n\n\n<li>Adequado para pequenas larguras de flanges<\/li>\n<\/ul>\n\n\n\n<h5 class=\"wp-block-heading\"><a href=\"https:\/\/klinger.pt\/wp-content\/uploads\/2023\/04\/Kamprofile-gasket-KLINGER-Portugal_compressed.pdf\" target=\"_blank\" rel=\"noopener\" title=\"FICHA T\u00c9CNICA 2280 (EN)\">FICHA T\u00c9CNICA JUNTA KAMMPROFILE (EN)<\/a><\/h5>\n<\/div>\n<\/div>\n<\/div><\/div>\n\n\n\n<div class=\"wp-block-group\"><div class=\"wp-block-group__inner-container is-layout-constrained wp-block-group-is-layout-constrained\">\n<div class=\"wp-block-columns is-layout-flex wp-container-core-columns-is-layout-9d6595d7 wp-block-columns-is-layout-flex\">\n<div class=\"wp-block-column is-layout-flow wp-block-column-is-layout-flow\" style=\"flex-basis:300px\">\n<figure class=\"wp-block-image size-full\"><img decoding=\"async\" width=\"300\" height=\"300\" src=\"https:\/\/klinger.pt\/wp-content\/uploads\/2023\/05\/Espirometalica.webp\" alt=\"\" class=\"wp-image-42827\" srcset=\"https:\/\/klinger.pt\/wp-content\/uploads\/2023\/05\/Espirometalica.webp 300w, https:\/\/klinger.pt\/wp-content\/uploads\/2023\/05\/Espirometalica-150x150.webp 150w\" sizes=\"(max-width: 300px) 100vw, 300px\" \/><\/figure>\n<\/div>\n\n\n\n<div class=\"wp-block-column is-layout-flow wp-block-column-is-layout-flow\" style=\"flex-basis:700px\">\n<h2 class=\"wp-block-heading\">JUNTA ESPIROMET\u00c1LICA<\/h2>\n\n\n\n<p>As juntas espiromet\u00e1licas Maxiflex combinam a facilidade de veda\u00e7\u00e3o de uma carga de grafite, PTFE ou mica com a resist\u00eancia proporcionada por um refor\u00e7o met\u00e1lico perfilado com efeito de mola.<\/p>\n\n\n\n<p>O elemento de veda\u00e7\u00e3o \u00e9 fabricado por uma combina\u00e7\u00e3o de camadas e tiras met\u00e1licas e revestimento macio para criar uma junta robusta e f\u00e1cil de instalar.<\/p>\n\n\n\n<h3 class=\"wp-block-heading\">Caracter\u00edsticas:<\/h3>\n\n\n\n<ul class=\"wp-block-list\">\n<li>Proporciona uma veda\u00e7\u00e3o segura e de confian\u00e7a<\/li>\n\n\n\n<li>Adequado para altas temperaturas e press\u00f5es<\/li>\n\n\n\n<li>Pode ser fabricado para flanges standard e tamb\u00e9m personalizadas<\/li>\n<\/ul>\n\n\n\n<h3 class=\"wp-block-heading\">Vantagens:<\/h3>\n\n\n\n<ul class=\"wp-block-list\">\n<li>Capacidade de recupera\u00e7\u00e3o sob a a\u00e7\u00e3o de cargas flutuantes causadas por press\u00e3o do flu\u00eddo do processo e mudan\u00e7as de temperatura, rota\u00e7\u00e3o da flange ou diminui\u00e7\u00e3o do aperto dos pernos ou parafusos<\/li>\n\n\n\n<li>Dispon\u00edvel em v\u00e1rias de configura\u00e7\u00f5es materiais.<\/li>\n<\/ul>\n\n\n\n<h5 class=\"wp-block-heading\"><a href=\"https:\/\/klinger.pt\/wp-content\/uploads\/2023\/05\/spiral-wound-gasket_klingerPT.pdf\" target=\"_blank\" rel=\"noopener\" title=\"FICHA T\u00c9CNICA 2280 (EN)\">FICHA T\u00c9CNICA JUNTA ESPIROMET\u00c1LICA (EN)<\/a><\/h5>\n<\/div>\n<\/div>\n<\/div><\/div>\n\n\n\n<div class=\"wp-block-group\"><div class=\"wp-block-group__inner-container is-layout-constrained wp-block-group-is-layout-constrained\">\n<div class=\"wp-block-columns is-layout-flex wp-container-core-columns-is-layout-9d6595d7 wp-block-columns-is-layout-flex\">\n<div class=\"wp-block-column is-layout-flow wp-block-column-is-layout-flow\" style=\"flex-basis:300px\">\n<figure class=\"wp-block-image size-full\"><img loading=\"lazy\" decoding=\"async\" width=\"300\" height=\"300\" src=\"https:\/\/klinger.pt\/wp-content\/uploads\/2023\/05\/Sentry.webp\" alt=\"\" class=\"wp-image-42839\" srcset=\"https:\/\/klinger.pt\/wp-content\/uploads\/2023\/05\/Sentry.webp 300w, https:\/\/klinger.pt\/wp-content\/uploads\/2023\/05\/Sentry-150x150.webp 150w\" sizes=\"(max-width: 300px) 100vw, 300px\" \/><\/figure>\n<\/div>\n\n\n\n<div class=\"wp-block-column is-layout-flow wp-block-column-is-layout-flow\" style=\"flex-basis:700px\">\n<h2 class=\"wp-block-heading\">JUNTA SENTRY<\/h2>\n\n\n\n<p>A Junta Sentry \u00e9 uma junta segura e de alta integridade que fornece aos operadores a capacidade de testar a integridade de uma liga\u00e7\u00e3o aparafusada.<\/p>\n\n\n\n<p>O Sentry ajuda a reduzir a necessidade de envolver grandes volumes de nitrog\u00e9nio e reduzir o tempo de inatividade enquanto realiza testes de integridade e press\u00e3o, maximizando o tempo de opera\u00e7\u00e3o e a efici\u00eancia.<\/p>\n\n\n\n<h3 class=\"wp-block-heading\">Caracter\u00edsticas:<\/h3>\n\n\n\n<ul class=\"wp-block-list\">\n<li>Permite um teste de fuga em liga\u00e7\u00f5es flangeadas individuais sem a necessidade de pressurizar todo o sistema<\/li>\n<\/ul>\n\n\n\n<h3 class=\"wp-block-heading\">Vantagens:<\/h3>\n\n\n\n<ul class=\"wp-block-list\">\n<li>Acelera o teste de fugas, reduzindo o tempo de inatividade<\/li>\n\n\n\n<li>Reduz significativamente o volume de flu\u00eddo de testes necess\u00e1rio<\/li>\n\n\n\n<li>Valida a integridade individual da liga\u00e7\u00e3o na instala\u00e7\u00e3o, reduzindo a necessidade de revis\u00e3o<\/li>\n\n\n\n<li>Podem ser testadas e ajustadas se ocorrer uma fuga com uma s\u00f3 interven\u00e7\u00e3o ao local<\/li>\n<\/ul>\n\n\n\n<h5 class=\"wp-block-heading\"><a href=\"https:\/\/klinger.pt\/wp-content\/uploads\/2020\/09\/Junta-Sentry.pdf\" target=\"_blank\" rel=\"noopener\" title=\"\">CAT\u00c1LOGO JUNTAS SENTRY (EN)<\/a><\/h5>\n<\/div>\n<\/div>\n<\/div><\/div>\n\n\n\n<div class=\"wp-block-group\"><div class=\"wp-block-group__inner-container is-layout-constrained wp-block-group-is-layout-constrained\">\n<div class=\"wp-block-columns is-layout-flex wp-container-core-columns-is-layout-9d6595d7 wp-block-columns-is-layout-flex\">\n<div class=\"wp-block-column is-layout-flow wp-block-column-is-layout-flow\" style=\"flex-basis:300px\"><div class=\"wp-block-image\">\n<figure class=\"aligncenter size-full\"><img loading=\"lazy\" decoding=\"async\" width=\"300\" height=\"300\" src=\"https:\/\/klinger.pt\/wp-content\/uploads\/2023\/05\/rtj.webp\" alt=\"\" class=\"wp-image-42837\" srcset=\"https:\/\/klinger.pt\/wp-content\/uploads\/2023\/05\/rtj.webp 300w, https:\/\/klinger.pt\/wp-content\/uploads\/2023\/05\/rtj-150x150.webp 150w\" sizes=\"(max-width: 300px) 100vw, 300px\" \/><\/figure>\n<\/div><\/div>\n\n\n\n<div class=\"wp-block-column is-layout-flow wp-block-column-is-layout-flow\" style=\"flex-basis:700px\">\n<h2 class=\"wp-block-heading\">JUNTA RTJ<\/h2>\n\n\n\n<p>A junta RTJ foi projetada para utiliza\u00e7\u00e3o em aplica\u00e7\u00f5es de alta press\u00e3o e podem ser fabricadas com diversos materiais para se adequar ao fluido do processo e aos materiais da flange.<\/p>\n\n\n\n<h3 class=\"wp-block-heading\">Caracter\u00edsticas:<\/h3>\n\n\n\n<ul class=\"wp-block-list\">\n<li>Projetado para ser usado com API 6B, ASME B16.5 e API 6BX (dependendo do estilo da junta)<\/li>\n\n\n\n<li>Pode ser usado para altas press\u00f5es<\/li>\n\n\n\n<li>Vasta gama de materiais dispon\u00edveis<\/li>\n<\/ul>\n\n\n\n<h3 class=\"wp-block-heading\">Vantagens:<\/h3>\n\n\n\n<ul class=\"wp-block-list\">\n<li>O material da junta \u00e9 selecionado dependendo da aplica\u00e7\u00e3o<\/li>\n\n\n\n<li>Compatibilidade qu\u00edmica com o flu\u00eddo e a dureza da flange<\/li>\n<\/ul>\n\n\n\n<h5 class=\"wp-block-heading\"><a href=\"https:\/\/klinger.pt\/wp-content\/uploads\/2023\/05\/rtj-gasketKLINGERPT.pdf\" target=\"_blank\" rel=\"noopener\" title=\"FICHA T\u00c9CNICA 2280 (EN)\">FICHA T\u00c9CNICA JUNTA RTJ (EN)<\/a><\/h5>\n<\/div>\n<\/div>\n<\/div><\/div>\n\n\n\n<div style=\"height:25px\" aria-hidden=\"true\" class=\"wp-block-spacer\"><\/div>\n","protected":false},"excerpt":{"rendered":"<p>JUNTAS MET\u00c1LICAS JUNTA CORRUGADA A Klinger Maxigraph consiste num n\u00facleo met\u00e1lico corrugado encapsulado por um revestimento de grafite.Desenhada para veda\u00e7\u00e3o em aplica\u00e7\u00f5es de baixa press\u00e3o 150# e 300# como alternativa \u00e0s juntas espiromet\u00e1licas. Caracter\u00edsticas: Vantagens: FICHA T\u00c9CNICA JUNTA CORRUGADA (EN) JUNTA KAMMPROFILE A junta Kammprofile \u00e9 usada principalmente em aplica\u00e7\u00f5es em que a largura da [&hellip;]<\/p>\n","protected":false},"author":1,"featured_media":42565,"parent":28724,"menu_order":0,"comment_status":"closed","ping_status":"closed","template":"page-templates\/servicios.php","meta":{"_eb_attr":"","footnotes":""},"class_list":["post-28854","page","type-page","status-publish","has-post-thumbnail","hentry"],"aioseo_notices":[],"_links":{"self":[{"href":"https:\/\/klinger.pt\/es\/wp-json\/wp\/v2\/pages\/28854","targetHints":{"allow":["GET"]}}],"collection":[{"href":"https:\/\/klinger.pt\/es\/wp-json\/wp\/v2\/pages"}],"about":[{"href":"https:\/\/klinger.pt\/es\/wp-json\/wp\/v2\/types\/page"}],"author":[{"embeddable":true,"href":"https:\/\/klinger.pt\/es\/wp-json\/wp\/v2\/users\/1"}],"replies":[{"embeddable":true,"href":"https:\/\/klinger.pt\/es\/wp-json\/wp\/v2\/comments?post=28854"}],"version-history":[{"count":10,"href":"https:\/\/klinger.pt\/es\/wp-json\/wp\/v2\/pages\/28854\/revisions"}],"predecessor-version":[{"id":42841,"href":"https:\/\/klinger.pt\/es\/wp-json\/wp\/v2\/pages\/28854\/revisions\/42841"}],"up":[{"embeddable":true,"href":"https:\/\/klinger.pt\/es\/wp-json\/wp\/v2\/pages\/28724"}],"wp:featuredmedia":[{"embeddable":true,"href":"https:\/\/klinger.pt\/es\/wp-json\/wp\/v2\/media\/42565"}],"wp:attachment":[{"href":"https:\/\/klinger.pt\/es\/wp-json\/wp\/v2\/media?parent=28854"}],"curies":[{"name":"wp","href":"https:\/\/api.w.org\/{rel}","templated":true}]}}