{"id":28828,"date":"2022-09-05T13:03:26","date_gmt":"2022-09-05T12:03:26","guid":{"rendered":"https:\/\/m5j0n6nk9p.onrocket.site\/?page_id=28828"},"modified":"2023-08-09T11:46:50","modified_gmt":"2023-08-09T10:46:50","slug":"ptfe","status":"publish","type":"page","link":"https:\/\/klinger.pt\/es\/produtos\/vedacao\/ptfe\/","title":{"rendered":"PTFE"},"content":{"rendered":"\n<h1 class=\"wp-block-heading\">MATERIAIS PARA JUNTAS DE PTFE<\/h1>\n\n\n\n<p class=\"intro-text\">A nossa oferta de materiais de veda\u00e7\u00e3o macios \u00e0 base de PTFE garante a m\u00e1xima resist\u00eancia qu\u00edmica e foi concebida para satisfazer a maioria das aplica\u00e7\u00f5es de juntas. Os produtos da linha Top-chem da KLINGER s\u00e3o adaptados para fornecer as caracter\u00edsticas exigidas pelos seus setores-alvo. Entre outras, isso inclui estanqueidade mesmo em baixas press\u00f5es superficiais, alta resist\u00eancia contra \u00e1cidos fortes ou solu\u00e7\u00f5es alcalinas fortes, bem como boas propriedades em temperaturas m\u00e9dias e baixas.<\/p>\n\n\n\n<div class=\"wp-block-buttons has-custom-font-size has-small-font-size is-content-justification-left is-layout-flex wp-container-core-buttons-is-layout-fdcfc74e wp-block-buttons-is-layout-flex\">\n<div class=\"wp-block-button has-custom-width wp-block-button__width-25 is-style-fill\"><a class=\"wp-block-button__link has-white-color has-text-color has-background wp-element-button\" href=\"https:\/\/klinger.pt\/wp-content\/uploads\/2023\/08\/Installation_manual_english.pdf\" style=\"border-radius:0px;background-color:#003a68\" target=\"_blank\" rel=\"noreferrer noopener\">\u00bb DOWNLOAD: Manual de Instala\u00e7\u00e3o (EN)<\/a><\/div>\n<\/div>\n\n\n\n<div style=\"height:60px\" aria-hidden=\"true\" class=\"wp-block-spacer\"><\/div>\n\n\n\n<div class=\"wp-block-columns is-layout-flex wp-container-core-columns-is-layout-9d6595d7 wp-block-columns-is-layout-flex\">\n<div class=\"wp-block-column is-layout-flow wp-block-column-is-layout-flow\" style=\"font-size:14px\"><div class=\"wp-block-image\">\n<figure class=\"alignleft size-full\"><img fetchpriority=\"high\" decoding=\"async\" width=\"300\" height=\"183\" src=\"https:\/\/klinger.pt\/wp-content\/uploads\/2023\/05\/Soft-Chem.webp\" alt=\"\" class=\"wp-image-42783\"\/><\/figure>\n<\/div>\n\n\n<h2 class=\"wp-block-heading\">KLINGER&nbsp;SOFT-CHEM<\/h2>\n\n\n\n<p>A KLINGER Soft-chem eleva a tecnologia de veda\u00e7\u00e3o a um novo patamar e \u00e9 a melhor escolha para condi\u00e7\u00f5es de opera\u00e7\u00e3o de at\u00e9 260\u00b0C.<\/p>\n\n\n\n<p>PTFE expandido multidireccional.<\/p>\n\n\n\n<p>A excelente resist\u00eancia \u00e0 corros\u00e3o, juntamente com a superior capacidade de veda\u00e7\u00e3o, criam um material de veda\u00e7\u00e3o de alta qualidade para um vasto campo de aplica\u00e7\u00f5es na sua f\u00e1brica.<\/p>\n\n\n\n<div class=\"wp-block-buttons has-custom-font-size has-small-font-size is-content-justification-left is-layout-flex wp-container-core-buttons-is-layout-fdcfc74e wp-block-buttons-is-layout-flex\">\n<div class=\"wp-block-button has-custom-width wp-block-button__width-25 is-style-fill\"><a class=\"wp-block-button__link has-white-color has-text-color has-background wp-element-button\" href=\"https:\/\/klinger.pt\/wp-content\/uploads\/2021\/12\/Ficha-Tecnica-soft-chem_PT-low.pdf\" style=\"border-radius:0px;background-color:#003a68\" target=\"_blank\" rel=\"noreferrer noopener\">\u00bb Ficha T\u00e9cnica (PT)<\/a><\/div>\n<\/div>\n<\/div>\n\n\n\n<div class=\"wp-block-column is-layout-flow wp-block-column-is-layout-flow\" style=\"font-size:14px\"><div class=\"wp-block-image\">\n<figure class=\"alignleft size-full\"><img decoding=\"async\" width=\"300\" height=\"183\" src=\"https:\/\/klinger.pt\/wp-content\/uploads\/2023\/05\/Top-Chem-2000.webp\" alt=\"\" class=\"wp-image-42787\"\/><\/figure>\n<\/div>\n\n\n<h2 class=\"wp-block-heading\">KLINGER&nbsp;TOP-CHEM 2000<\/h2>\n\n\n\n<p>A KLINGER Top-chem 2000 \u00e9 uma junta universal para servi\u00e7os pesados, que oferece um desempenho excepcional em aplica\u00e7\u00f5es com elevados requisitos mec\u00e2nicos a altas temperaturas. A \u00fanica junta de PTFE com um certificado de seguran\u00e7a contra inc\u00eandios.<\/p>\n\n\n\n<p>Junta de PTFE com enchimento de SiC (carboneto de sil\u00edcio).<br>Excelente resist\u00eancia em aplica\u00e7\u00f5es fortemente \u00e1cidas e alcalinas, bem como ao vapor e ao oxig\u00e9nio. <\/p>\n\n\n\n<p>Adequada para uma gama extremamente vasta de aplica\u00e7\u00f5es na ind\u00fastria qu\u00edmica e petroqu\u00edmica, bem como na ind\u00fastria naval para o transporte de produtos qu\u00edmicos.<\/p>\n\n\n\n<div class=\"wp-block-buttons has-custom-font-size has-small-font-size is-content-justification-left is-layout-flex wp-container-core-buttons-is-layout-fdcfc74e wp-block-buttons-is-layout-flex\">\n<div class=\"wp-block-button has-custom-width wp-block-button__width-25 is-style-fill\"><a class=\"wp-block-button__link has-white-color has-text-color has-background wp-element-button\" href=\"https:\/\/klinger.pt\/wp-content\/uploads\/2021\/12\/Ficha-Tecnica-top-chem-2000_PT-low.pdf\" style=\"border-radius:0px;background-color:#003a68\" target=\"_blank\" rel=\"noreferrer noopener\">\u00bb Ficha T\u00e9cnica (PT)<\/a><\/div>\n<\/div>\n<\/div>\n<\/div>\n\n\n\n<div style=\"height:60px\" aria-hidden=\"true\" class=\"wp-block-spacer\"><\/div>\n\n\n\n<div class=\"wp-block-columns is-layout-flex wp-container-core-columns-is-layout-9d6595d7 wp-block-columns-is-layout-flex\">\n<div class=\"wp-block-column is-layout-flow wp-block-column-is-layout-flow\" style=\"font-size:14px\"><div class=\"wp-block-image\">\n<figure class=\"alignleft size-full\"><img decoding=\"async\" width=\"300\" height=\"183\" src=\"https:\/\/klinger.pt\/wp-content\/uploads\/2023\/05\/Top-Chem-2000-Soft.webp\" alt=\"\" class=\"wp-image-42785\"\/><\/figure>\n<\/div>\n\n\n<h2 class=\"wp-block-heading\">KLINGER&nbsp;TOP-CHEM 2000 SOFT<\/h2>\n\n\n\n<p>Melhor desempenho em aplica\u00e7\u00f5es com elevados requisitos mec\u00e2nicos. O KLINGER Top-chem 2000 Soft combina a melhor capacidade de suporte de carga com excelente compressibilidade. Consiste numa matriz \u00fanica que cria uma junta universal para trabalhos pesados.<\/p>\n\n\n\n<p>PTFE poroso preenchido com carboneto de sil\u00edcio.<\/p>\n\n\n\n<p>Resist\u00eancia qu\u00edmica superior em aplica\u00e7\u00f5es fortemente \u00e1cidas e alcalinas. Apresenta um desempenho excepcional em aplica\u00e7\u00f5es com elevados requisitos mec\u00e2nicos a altas temperaturas. KLINGER Top-chem 2000 Soft tem uma alta conformabilidade e \u00e9 ideal para manter uma veda\u00e7\u00e3o estanque mesmo com baixas cargas superficiais.<\/p>\n\n\n\n<div class=\"wp-block-buttons has-custom-font-size has-small-font-size is-content-justification-left is-layout-flex wp-container-core-buttons-is-layout-fdcfc74e wp-block-buttons-is-layout-flex\">\n<div class=\"wp-block-button has-custom-width wp-block-button__width-25 is-style-fill\"><a class=\"wp-block-button__link has-white-color has-text-color has-background wp-element-button\" href=\"https:\/\/klinger.pt\/wp-content\/uploads\/2021\/12\/Ficha-Tecnica-top-chem-2000soft_PT-low.pdf\" style=\"border-radius:0px;background-color:#003a68\" target=\"_blank\" rel=\"noreferrer noopener\">\u00bb Ficha T\u00e9cnica (PT)<\/a><\/div>\n<\/div>\n<\/div>\n\n\n\n<div class=\"wp-block-column is-layout-flow wp-block-column-is-layout-flow\" style=\"font-size:14px\"><div class=\"wp-block-image\">\n<figure class=\"alignleft size-full\"><img loading=\"lazy\" decoding=\"async\" width=\"300\" height=\"183\" src=\"https:\/\/klinger.pt\/wp-content\/uploads\/2023\/05\/Top-Chem-2003.webp\" alt=\"\" class=\"wp-image-42781\"\/><\/figure>\n<\/div>\n\n\n<h2 class=\"wp-block-heading\">KLINGER&nbsp;TOP-CHEM 2003<\/h2>\n\n\n\n<p>A KLINGER Top-chem 2003 oferece uma elevada adaptabilidade e estanquicidade mesmo com cargas superficiais baixas.<\/p>\n\n\n\n<p>Junta de PTFE preenchida com microesferas de vidro ocas.<\/p>\n\n\n\n<p>Excelente resist\u00eancia qu\u00edmica em aplica\u00e7\u00f5es fortemente \u00e1cidas e alcalinas, bem como muito boas propriedades a temperaturas e cargas m\u00e9dias.<\/p>\n\n\n\n<div class=\"wp-block-buttons has-custom-font-size has-small-font-size is-content-justification-left is-layout-flex wp-container-core-buttons-is-layout-fdcfc74e wp-block-buttons-is-layout-flex\">\n<div class=\"wp-block-button has-custom-width wp-block-button__width-25 is-style-fill\"><a class=\"wp-block-button__link has-white-color has-text-color has-background wp-element-button\" href=\"https:\/\/klinger.pt\/wp-content\/uploads\/2021\/12\/Ficha-Tecnica-top-chem-2003_PT-low.pdf\" style=\"border-radius:0px;background-color:#003a68\" target=\"_blank\" rel=\"noreferrer noopener\">\u00bb Ficha T\u00e9cnica (PT)<\/a><\/div>\n<\/div>\n<\/div>\n<\/div>\n\n\n\n<div style=\"height:60px\" aria-hidden=\"true\" class=\"wp-block-spacer\"><\/div>\n\n\n\n<div class=\"wp-block-columns is-layout-flex wp-container-core-columns-is-layout-9d6595d7 wp-block-columns-is-layout-flex\">\n<div class=\"wp-block-column is-layout-flow wp-block-column-is-layout-flow\" style=\"font-size:14px\"><div class=\"wp-block-image\">\n<figure class=\"alignleft size-full\"><img loading=\"lazy\" decoding=\"async\" width=\"186\" height=\"183\" src=\"https:\/\/klinger.pt\/wp-content\/uploads\/2023\/05\/Sealex.webp\" alt=\"\" class=\"wp-image-42789\"\/><\/figure>\n<\/div>\n\n\n<h2 class=\"wp-block-heading\">KLINGER SEALEX<\/h2>\n\n\n\n<p>Solu\u00e7\u00e3o 100% PTFE puro, a veda\u00e7\u00e3o em rolo KLINGER Sealex \u00e9 a solu\u00e7\u00e3o de veda\u00e7\u00e3o universal. Veda\u00e7\u00e3o macia e altamente compress\u00edvel para uma vida \u00fatil mais longa e veda\u00e7\u00e3o sem problemas. A sua versatilidade no local tamb\u00e9m reduz os custos de manuten\u00e7\u00e3o e armazenamento. A alta compressibilidade do KLINGER Sealex permite que ele preencha efetivamente as imperfei\u00e7\u00f5es da flange para uma veda\u00e7\u00e3o estanque e sem fugas. Sob press\u00e3o, fornece uma veda\u00e7\u00e3o larga, fina e semelhante a uma fita. Ao contr\u00e1rio do PTFE convencional que \u00e9 propenso a varia\u00e7\u00f5es de temperatura, o KLINGER Sealex tem boa resist\u00eancia nestas condi\u00e7\u00f5es.<\/p>\n\n\n\n<p>O Sealex n\u00e3o causa contamina\u00e7\u00e3o do produto e em conformidade com FDA. Praticamente n\u00e3o h\u00e1 preocupa\u00e7\u00f5es com o prazo de validade, uma vez que o PTFE n\u00e3o \u00e9 afetado por condi\u00e7\u00f5es ambientais normais.<\/p>\n\n\n\n<p>Com excelentes propriedades de resist\u00eancia ao ataque qu\u00edmico, KLINGER Sealex \u00e9 ideal para a maioria dos servi\u00e7os qu\u00edmicos em temperaturas de at\u00e9 500\u00b0F (260\u00b0C) e press\u00e3o de at\u00e9 2.000 psi (138 bar). Tamb\u00e9m \u00e9 adequado para uso criog\u00eanico at\u00e9 -321\u00b0F (-196\u00b0C).<\/p>\n\n\n\n<div class=\"wp-block-buttons has-custom-font-size has-small-font-size is-content-justification-left is-layout-flex wp-container-core-buttons-is-layout-fdcfc74e wp-block-buttons-is-layout-flex\">\n<div class=\"wp-block-button has-custom-width wp-block-button__width-25 is-style-fill\"><a class=\"wp-block-button__link has-white-color has-text-color has-background wp-element-button\" href=\"https:\/\/klinger.pt\/wp-content\/uploads\/2023\/01\/Ficha-tecnica-KLINGER-Sealex_compressed.pdf\" style=\"border-radius:0px;background-color:#003a68\" target=\"_blank\" rel=\"noreferrer noopener\">\u00bb Ficha T\u00e9cnica (PT)<\/a><\/div>\n<\/div>\n<\/div>\n\n\n\n<div class=\"wp-block-column is-layout-flow wp-block-column-is-layout-flow\" style=\"font-size:14px\"><\/div>\n<\/div>\n","protected":false},"excerpt":{"rendered":"<p>MATERIAIS PARA JUNTAS DE PTFE A nossa oferta de materiais de veda\u00e7\u00e3o macios \u00e0 base de PTFE garante a m\u00e1xima resist\u00eancia qu\u00edmica e foi concebida para satisfazer a maioria das aplica\u00e7\u00f5es de juntas. Os produtos da linha Top-chem da KLINGER s\u00e3o adaptados para fornecer as caracter\u00edsticas exigidas pelos seus setores-alvo. Entre outras, isso inclui estanqueidade [&hellip;]<\/p>\n","protected":false},"author":1,"featured_media":42559,"parent":28724,"menu_order":0,"comment_status":"closed","ping_status":"closed","template":"page-templates\/servicios.php","meta":{"_eb_attr":"","footnotes":""},"class_list":["post-28828","page","type-page","status-publish","has-post-thumbnail","hentry"],"aioseo_notices":[],"_links":{"self":[{"href":"https:\/\/klinger.pt\/es\/wp-json\/wp\/v2\/pages\/28828","targetHints":{"allow":["GET"]}}],"collection":[{"href":"https:\/\/klinger.pt\/es\/wp-json\/wp\/v2\/pages"}],"about":[{"href":"https:\/\/klinger.pt\/es\/wp-json\/wp\/v2\/types\/page"}],"author":[{"embeddable":true,"href":"https:\/\/klinger.pt\/es\/wp-json\/wp\/v2\/users\/1"}],"replies":[{"embeddable":true,"href":"https:\/\/klinger.pt\/es\/wp-json\/wp\/v2\/comments?post=28828"}],"version-history":[{"count":11,"href":"https:\/\/klinger.pt\/es\/wp-json\/wp\/v2\/pages\/28828\/revisions"}],"predecessor-version":[{"id":44955,"href":"https:\/\/klinger.pt\/es\/wp-json\/wp\/v2\/pages\/28828\/revisions\/44955"}],"up":[{"embeddable":true,"href":"https:\/\/klinger.pt\/es\/wp-json\/wp\/v2\/pages\/28724"}],"wp:featuredmedia":[{"embeddable":true,"href":"https:\/\/klinger.pt\/es\/wp-json\/wp\/v2\/media\/42559"}],"wp:attachment":[{"href":"https:\/\/klinger.pt\/es\/wp-json\/wp\/v2\/media?parent=28828"}],"curies":[{"name":"wp","href":"https:\/\/api.w.org\/{rel}","templated":true}]}}