{"id":28783,"date":"2022-09-05T10:56:27","date_gmt":"2022-09-05T09:56:27","guid":{"rendered":"https:\/\/m5j0n6nk9p.onrocket.site\/?page_id=28783"},"modified":"2023-08-09T11:46:21","modified_gmt":"2023-08-09T10:46:21","slug":"grafite-laminado","status":"publish","type":"page","link":"https:\/\/klinger.pt\/es\/produtos\/vedacao\/grafite-laminado\/","title":{"rendered":"GRAFITE LAMINADO"},"content":{"rendered":"\n<h1 class=\"wp-block-heading\">GRAFITE LAMINADO<\/h1>\n\n\n\n<p class=\"intro-text\">As juntas \u00e0 base de grafite s\u00e3o adequadas para temperaturas entre -200 \u00b0C e at\u00e9 460 \u00b0C, e oferecem resist\u00eancia contra uma vasta gama de produtos qu\u00edmicos. Equipados com um acabamento anti-aderente desenvolvido especificamente para este fim, os materiais das juntas \u00e0 base de grafite da KLINGER s\u00e3o f\u00e1ceis de remover da flange &#8211; mesmo ap\u00f3s exposi\u00e7\u00e3o a temperaturas elevadas.<\/p>\n\n\n\n<div class=\"wp-block-buttons has-custom-font-size has-small-font-size is-content-justification-left is-layout-flex wp-container-core-buttons-is-layout-fdcfc74e wp-block-buttons-is-layout-flex\">\n<div class=\"wp-block-button has-custom-width wp-block-button__width-25 is-style-fill\"><a class=\"wp-block-button__link has-white-color has-text-color has-background wp-element-button\" href=\"https:\/\/klinger.pt\/wp-content\/uploads\/2023\/08\/Installation_manual_english.pdf\" style=\"border-radius:0px;background-color:#003a68\" target=\"_blank\" rel=\"noreferrer noopener\">\u00bb DOWNLOAD: Manual de Instala\u00e7\u00e3o (EN)<\/a><\/div>\n<\/div>\n\n\n\n<div style=\"height:60px\" aria-hidden=\"true\" class=\"wp-block-spacer\"><\/div>\n\n\n\n<div class=\"wp-block-columns is-layout-flex wp-container-core-columns-is-layout-9d6595d7 wp-block-columns-is-layout-flex\">\n<div class=\"wp-block-column is-layout-flow wp-block-column-is-layout-flow\" style=\"font-size:14px\"><div class=\"wp-block-image\">\n<figure class=\"alignleft size-full\"><img fetchpriority=\"high\" decoding=\"async\" width=\"300\" height=\"183\" src=\"https:\/\/klinger.pt\/wp-content\/uploads\/2023\/05\/PSM.webp\" alt=\"\" class=\"wp-image-42775\"\/><\/figure>\n<\/div>\n\n\n<h2 class=\"wp-block-heading\">KLINGER PSM<\/h2>\n\n\n\n<p>Junta de puro grafite com inser\u00e7\u00e3o de chapa met\u00e1lica rugosa.<\/p>\n\n\n\n<p>Material de junta sem cola constitu\u00eddo por grafite expandido e um inserto de a\u00e7o inoxid\u00e1vel com pinos de 0,1 mm de espessura. O material \u00e9 isento de resinas, impregna\u00e7\u00f5es ou outros compostos org\u00e2nicos. Por conseguinte, est\u00e1 isento de eventuais riscos t\u00f3xicos. <\/p>\n\n\n\n<p>Propriedades f\u00edsicas est\u00e1veis em toda a gama de temperaturas.<br>O laminado de grafite KLINGER PSM \u00e9 adequado para \u00e1gua quente e vapor a altas temperaturas de at\u00e9 450\u00b0C.<\/p>\n\n\n\n<div class=\"wp-block-buttons has-custom-font-size has-small-font-size is-content-justification-left is-layout-flex wp-container-core-buttons-is-layout-fdcfc74e wp-block-buttons-is-layout-flex\">\n<div class=\"wp-block-button has-custom-width wp-block-button__width-25 is-style-fill\"><a class=\"wp-block-button__link has-white-color has-text-color has-background wp-element-button\" href=\"https:\/\/klinger.pt\/wp-content\/uploads\/2021\/12\/Ficha-Tecnica-Graphite-Laminate-PSM_PT-low.pdf\" style=\"border-radius:0px;background-color:#003a68\" target=\"_blank\" rel=\"noreferrer noopener\">\u00bb Ficha T\u00e9cnica (PT)<\/a><\/div>\n<\/div>\n<\/div>\n\n\n\n<div class=\"wp-block-column is-layout-flow wp-block-column-is-layout-flow\" style=\"font-size:14px\"><div class=\"wp-block-image\">\n<figure class=\"alignleft size-full\"><img decoding=\"async\" width=\"300\" height=\"183\" src=\"https:\/\/klinger.pt\/wp-content\/uploads\/2023\/05\/SLS.webp\" alt=\"\" class=\"wp-image-42773\"\/><\/figure>\n<\/div>\n\n\n<h2 class=\"wp-block-heading\">KLINGER SLS<\/h2>\n\n\n\n<p>Junta de puro grafite com uma inser\u00e7\u00e3o lisa de a\u00e7o inoxid\u00e1vel. O laminado de grafite KLINGER SLS \u00e9 especialmente adequado para flanges fr\u00e1geis a altas temperaturas (at\u00e9 450\u00b0C).<\/p>\n\n\n\n<p>O material da junta consiste em camadas expandidas de grafite, que s\u00e3o coladas a uma folha de metal lisa e fina de 0,05 mm feita de 1.4401. A camada adesiva \u00e9 aplicada atrav\u00e9s de um processo controlado com precis\u00e3o, que permite manter a quantidade de adesivo abaixo de 1% da quantidade de grafite, de modo a garantir uma distribui\u00e7\u00e3o uniforme do adesivo.<\/p>\n\n\n\n<p>Gra\u00e7as \u00e0s suas caracter\u00edsticas de conformidade \u00e0 base de grafite, \u00e9 adequado para cen\u00e1rios de baixa carga de parafusos e flanges danificadas. Resistente a praticamente qualquer tipo de meio, \u00e9 tamb\u00e9m resistente \u00e0 temperatura (at\u00e9 450\u00b0C) e altamente compress\u00edvel.<\/p>\n\n\n\n<div class=\"wp-block-buttons has-custom-font-size has-small-font-size is-content-justification-left is-layout-flex wp-container-core-buttons-is-layout-fdcfc74e wp-block-buttons-is-layout-flex\">\n<div class=\"wp-block-button has-custom-width wp-block-button__width-25 is-style-fill\"><a class=\"wp-block-button__link has-white-color has-text-color has-background wp-element-button\" href=\"https:\/\/klinger.pt\/wp-content\/uploads\/2021\/12\/Ficha-Tecnica-Graphite-Laminate-SLS_PT_low.pdf\" style=\"border-radius:0px;background-color:#003a68\" target=\"_blank\" rel=\"noreferrer noopener\">\u00bb Ficha T\u00e9cnica (PT)<\/a><\/div>\n<\/div>\n<\/div>\n<\/div>\n","protected":false},"excerpt":{"rendered":"<p>GRAFITE LAMINADO As juntas \u00e0 base de grafite s\u00e3o adequadas para temperaturas entre -200 \u00b0C e at\u00e9 460 \u00b0C, e oferecem resist\u00eancia contra uma vasta gama de produtos qu\u00edmicos. Equipados com um acabamento anti-aderente desenvolvido especificamente para este fim, os materiais das juntas \u00e0 base de grafite da KLINGER s\u00e3o f\u00e1ceis de remover da flange [&hellip;]<\/p>\n","protected":false},"author":1,"featured_media":42562,"parent":28724,"menu_order":0,"comment_status":"closed","ping_status":"closed","template":"page-templates\/servicios.php","meta":{"_eb_attr":"","footnotes":""},"class_list":["post-28783","page","type-page","status-publish","has-post-thumbnail","hentry"],"aioseo_notices":[],"_links":{"self":[{"href":"https:\/\/klinger.pt\/es\/wp-json\/wp\/v2\/pages\/28783","targetHints":{"allow":["GET"]}}],"collection":[{"href":"https:\/\/klinger.pt\/es\/wp-json\/wp\/v2\/pages"}],"about":[{"href":"https:\/\/klinger.pt\/es\/wp-json\/wp\/v2\/types\/page"}],"author":[{"embeddable":true,"href":"https:\/\/klinger.pt\/es\/wp-json\/wp\/v2\/users\/1"}],"replies":[{"embeddable":true,"href":"https:\/\/klinger.pt\/es\/wp-json\/wp\/v2\/comments?post=28783"}],"version-history":[{"count":7,"href":"https:\/\/klinger.pt\/es\/wp-json\/wp\/v2\/pages\/28783\/revisions"}],"predecessor-version":[{"id":44954,"href":"https:\/\/klinger.pt\/es\/wp-json\/wp\/v2\/pages\/28783\/revisions\/44954"}],"up":[{"embeddable":true,"href":"https:\/\/klinger.pt\/es\/wp-json\/wp\/v2\/pages\/28724"}],"wp:featuredmedia":[{"embeddable":true,"href":"https:\/\/klinger.pt\/es\/wp-json\/wp\/v2\/media\/42562"}],"wp:attachment":[{"href":"https:\/\/klinger.pt\/es\/wp-json\/wp\/v2\/media?parent=28783"}],"curies":[{"name":"wp","href":"https:\/\/api.w.org\/{rel}","templated":true}]}}