{"id":28728,"date":"2022-09-05T10:22:47","date_gmt":"2022-09-05T09:22:47","guid":{"rendered":"https:\/\/m5j0n6nk9p.onrocket.site\/?page_id=28728"},"modified":"2023-08-09T11:45:32","modified_gmt":"2023-08-09T10:45:32","slug":"fibras","status":"publish","type":"page","link":"https:\/\/klinger.pt\/es\/produtos\/vedacao\/fibras\/","title":{"rendered":"FIBRAS"},"content":{"rendered":"\n<h1 class=\"wp-block-heading\">VEDA\u00c7\u00d5ES REFOR\u00c7ADAS COM FIBRAS<\/h1>\n\n\n\n<p class=\"intro-text\">A nossa gama de materiais de veda\u00e7\u00e3o refor\u00e7adas com  fibras, calandrados e sem amianto. Dependendo dos requisitos espec\u00edficos, KLINGERSIL fornece excelentes resist\u00eancias (por exemplo, temperatura, resist\u00eancia mec\u00e2nica ou qu\u00edmica) nas \u00e1reas exigidas pela ind\u00fastria alvo correspondente. Al\u00e9m disso, KLINGERSIL \u00e9 f\u00e1cil de cortar, manusear e encaixar.<\/p>\n\n\n\n<div class=\"wp-block-buttons has-custom-font-size has-small-font-size is-content-justification-left is-layout-flex wp-container-core-buttons-is-layout-fdcfc74e wp-block-buttons-is-layout-flex\">\n<div class=\"wp-block-button has-custom-width wp-block-button__width-25 is-style-fill\"><a class=\"wp-block-button__link has-white-color has-text-color has-background wp-element-button\" href=\"https:\/\/klinger.pt\/wp-content\/uploads\/2023\/08\/Installation_manual_english.pdf\" style=\"border-radius:0px;background-color:#003a68\" target=\"_blank\" rel=\"noreferrer noopener\">\u00bb DOWNLOAD: Manual de Instala\u00e7\u00e3o (EN)<\/a><\/div>\n<\/div>\n\n\n\n<div style=\"height:60px\" aria-hidden=\"true\" class=\"wp-block-spacer\"><\/div>\n\n\n\n<div class=\"wp-block-columns is-layout-flex wp-container-core-columns-is-layout-9d6595d7 wp-block-columns-is-layout-flex\">\n<div class=\"wp-block-column is-layout-flow wp-block-column-is-layout-flow\" style=\"font-size:14px\"><div class=\"wp-block-image\">\n<figure class=\"alignleft size-full\"><img fetchpriority=\"high\" decoding=\"async\" width=\"300\" height=\"183\" src=\"https:\/\/klinger.pt\/wp-content\/uploads\/2023\/05\/C4240.webp\" alt=\"\" class=\"wp-image-42731\"\/><\/figure>\n<\/div>\n\n\n<h2 class=\"wp-block-heading\">KLINGERSIL&nbsp;C-4240<\/h2>\n\n\n\n<p>KLINGERSIL C-4240 \u00e9 uma junta especialmente concebida para os requisitos individuais do abastecimento de \u00e1gua pot\u00e1vel. Este material cumpre completamente todos os requisitos das <br>directrizes de elast\u00f3meros da Ag\u00eancia Federal Alem\u00e3 do Ambiente.<\/p>\n\n\n\n<p>Materiais: NBR (tipo \u00e1gua pot\u00e1vel) ligado, refor\u00e7ado com fibras de celulose.<\/p>\n\n\n\n<p>Aplica\u00e7\u00e3o em meios n\u00e3o cr\u00edticos, como \u00e1gua pot\u00e1vel, \u00e1gua, \u00f3leos, combust\u00edveis, hidrocarbonetos <br>e gases inertes.<\/p>\n\n\n\n<div class=\"wp-block-buttons has-custom-font-size has-small-font-size is-content-justification-left is-layout-flex wp-container-core-buttons-is-layout-fdcfc74e wp-block-buttons-is-layout-flex\">\n<div class=\"wp-block-button has-custom-width wp-block-button__width-25 is-style-fill\"><a class=\"wp-block-button__link has-white-color has-text-color has-background wp-element-button\" href=\"https:\/\/klinger.pt\/wp-content\/uploads\/2021\/12\/Ficha-Tecnica-C-4240_PT-low.pdf\" style=\"border-radius:0px;background-color:#003a68\" target=\"_blank\" rel=\"noreferrer noopener\">\u00bb Ficha T\u00e9cnica (PT)<\/a><\/div>\n<\/div>\n\n\n\n<div style=\"height:10px\" aria-hidden=\"true\" class=\"wp-block-spacer\"><\/div>\n<\/div>\n\n\n\n<div class=\"wp-block-column is-layout-flow wp-block-column-is-layout-flow\" style=\"font-size:14px\"><div class=\"wp-block-image\">\n<figure class=\"alignleft size-full\"><img decoding=\"async\" width=\"300\" height=\"183\" src=\"https:\/\/klinger.pt\/wp-content\/uploads\/2023\/05\/C4324.webp\" alt=\"\" class=\"wp-image-42733\"\/><\/figure>\n<\/div>\n\n\n<h2 class=\"wp-block-heading\">KLINGERSIL&nbsp;C-4324<\/h2>\n\n\n\n<p>KLINGERSIL C-4324 \u00e9 uma junta universal de alta press\u00e3o, adequada para uma vasta gama de aplica\u00e7\u00f5es.<\/p>\n\n\n\n<p>Materiais: combina\u00e7\u00e3o de fibras sint\u00e9ticas de alto desempenho, unidas com NBR.<\/p>\n\n\n\n<p>Adequado para o uso em l\u00edquidos e vapor a baixa press\u00e3o e temperatura. Resistente \u00e0 \u00e1gua, \u00f3leos, hidrocarbonetos e muitos outros produtos qu\u00edmicos.<\/p>\n\n\n\n<div class=\"wp-block-buttons has-custom-font-size has-small-font-size is-content-justification-left is-layout-flex wp-container-core-buttons-is-layout-fdcfc74e wp-block-buttons-is-layout-flex\">\n<div class=\"wp-block-button has-custom-width wp-block-button__width-25 is-style-fill\"><a class=\"wp-block-button__link has-white-color has-text-color has-background wp-element-button\" href=\"https:\/\/klinger.pt\/wp-content\/uploads\/2021\/12\/Ficha-Tecnica-C-4324_PT_low.pdf\" style=\"border-radius:0px;background-color:#003a68\" target=\"_blank\" rel=\"noreferrer noopener\">\u00bb Ficha T\u00e9cnica (PT)<\/a><\/div>\n<\/div>\n<\/div>\n<\/div>\n\n\n\n<div style=\"height:60px\" aria-hidden=\"true\" class=\"wp-block-spacer\"><\/div>\n\n\n\n<div class=\"wp-block-columns is-layout-flex wp-container-core-columns-is-layout-9d6595d7 wp-block-columns-is-layout-flex\">\n<div class=\"wp-block-column is-layout-flow wp-block-column-is-layout-flow\" style=\"font-size:14px\"><div class=\"wp-block-image\">\n<figure class=\"alignleft size-full\"><img decoding=\"async\" width=\"300\" height=\"183\" src=\"https:\/\/klinger.pt\/wp-content\/uploads\/2023\/05\/C4430.webp\" alt=\"\" class=\"wp-image-42737\"\/><\/figure>\n<\/div>\n\n\n<h2 class=\"wp-block-heading\">KLINGERSIL C-4430<\/h2>\n\n\n\n<p>O KLINGERSIL C-4430 oferece uma excelente reten\u00e7\u00e3o de tens\u00f5es e resist\u00eancia \u00e0 \u00e1gua quente e ao vapor.<\/p>\n\n\n\n<p>Materiais: \u00f3tima combina\u00e7\u00e3o de fibras sint\u00e9ticas unidas com NBR.<\/p>\n\n\n\n<p>Resistente \u00e0 \u00e1gua e ao vapor a temperaturas mais elevadas, bem como a \u00f3leos, gases, solu\u00e7\u00f5es <br>salinas, combust\u00edveis, \u00e1lcoois, \u00e1cidos org\u00e2nicos e inorg\u00e2nicos moderados, hidrocarbonetos, lubrificantes e refrigerantes.<\/p>\n\n\n\n<div class=\"wp-block-buttons has-custom-font-size has-small-font-size is-content-justification-left is-layout-flex wp-container-core-buttons-is-layout-fdcfc74e wp-block-buttons-is-layout-flex\">\n<div class=\"wp-block-button has-custom-width wp-block-button__width-25 is-style-fill\"><a class=\"wp-block-button__link has-white-color has-text-color has-background wp-element-button\" href=\"https:\/\/klinger.pt\/wp-content\/uploads\/2023\/06\/C4430KLINGER-PORTUGAL.pdf\" style=\"border-radius:0px;background-color:#003a68\" target=\"_blank\" rel=\"noreferrer noopener\">\u00bb Catalogue (EN)<\/a><\/div>\n<\/div>\n<\/div>\n\n\n\n<div class=\"wp-block-column is-layout-flow wp-block-column-is-layout-flow\" style=\"font-size:14px\"><div class=\"wp-block-image\">\n<figure class=\"alignleft size-full\"><img loading=\"lazy\" decoding=\"async\" width=\"300\" height=\"183\" src=\"https:\/\/klinger.pt\/wp-content\/uploads\/2023\/05\/C4430-plus.webp\" alt=\"\" class=\"wp-image-42735\"\/><\/figure>\n<\/div>\n\n\n<h2 class=\"wp-block-heading\">KLINGERSIL&nbsp;C-4430 PLUS<\/h2>\n\n\n\n<p>KLINGERSIL C-4430 Plus \u00e9 uma junta de alta press\u00e3o de qualidade superior, com excelente relaxamento de tens\u00f5es e excelente resist\u00eancia \u00e0 \u00e1gua quente e ao vapor.<\/p>\n\n\n\n<p>Materiais: \u00f3tima combina\u00e7\u00e3o de fibras sint\u00e9ticas, unidas com NBR.<\/p>\n\n\n\n<p>Adequada para utiliza\u00e7\u00e3o com \u00e1gua e vapor a temperaturas mais elevadas e resistente a \u00f3leos, hidrocarbonetos, gases, solu\u00e7\u00f5es salinas, combust\u00edveis, \u00e1lcoois, lubrificantes, refrigerantes, bem como a \u00e1cidos org\u00e2nicos e inorg\u00e2nicos moderados.<\/p>\n\n\n\n<div class=\"wp-block-buttons has-custom-font-size has-small-font-size is-content-justification-left is-layout-flex wp-container-core-buttons-is-layout-fdcfc74e wp-block-buttons-is-layout-flex\">\n<div class=\"wp-block-button has-custom-width wp-block-button__width-25 is-style-fill\"><a class=\"wp-block-button__link has-white-color has-text-color has-background wp-element-button\" href=\"https:\/\/klinger.pt\/wp-content\/uploads\/2023\/06\/C4430-plus-KLINGER-PORTUGAL.pdf\" style=\"border-radius:0px;background-color:#003a68\" target=\"_blank\" rel=\"noreferrer noopener\">\u00bb Catalogue (EN)<\/a><\/div>\n<\/div>\n<\/div>\n<\/div>\n\n\n\n<div style=\"height:60px\" aria-hidden=\"true\" class=\"wp-block-spacer\"><\/div>\n\n\n\n<div class=\"wp-block-columns is-layout-flex wp-container-core-columns-is-layout-9d6595d7 wp-block-columns-is-layout-flex\">\n<div class=\"wp-block-column is-layout-flow wp-block-column-is-layout-flow\" style=\"font-size:14px\"><div class=\"wp-block-image\">\n<figure class=\"alignleft size-full\"><img loading=\"lazy\" decoding=\"async\" width=\"300\" height=\"183\" src=\"https:\/\/klinger.pt\/wp-content\/uploads\/2023\/05\/C4500.webp\" alt=\"\" class=\"wp-image-42739\"\/><\/figure>\n<\/div>\n\n\n<h2 class=\"wp-block-heading\">KLINGERSIL&nbsp;C-4500<\/h2>\n\n\n\n<p>KLINGERSIL C-4500 \u00e9 uma junta de alta press\u00e3o de qualidade superior, especialmente adequada para utiliza\u00e7\u00e3o com meios alcalinos de alta temperatura e vapor sobreaquecido. \u00c9 um produto de desempenho superior concebido para utiliza\u00e7\u00e3o na ind\u00fastria qu\u00edmica.<\/p>\n\n\n\n<p>Materiais: fibras de carbono e aditivos especiais resistentes ao calor, unidos com NBR.<\/p>\n\n\n\n<p>Adequada para utiliza\u00e7\u00e3o com meios alcalinos e vapor a temperaturas mais elevadas, bem como com \u00f3leos, gases, solu\u00e7\u00f5es salinas, combust\u00edveis, \u00e1lcoois, \u00e1cidos org\u00e2nicos e inorg\u00e2nicos, hidrocarbonetos, lubrificantes e refrigerantes.<\/p>\n\n\n\n<div class=\"wp-block-buttons has-custom-font-size has-small-font-size is-content-justification-left is-layout-flex wp-container-core-buttons-is-layout-fdcfc74e wp-block-buttons-is-layout-flex\">\n<div class=\"wp-block-button has-custom-width wp-block-button__width-25 is-style-fill\"><a class=\"wp-block-button__link has-white-color has-text-color has-background wp-element-button\" href=\"https:\/\/klinger.pt\/wp-content\/uploads\/2021\/12\/Ficha-Tecnica-C-4500_PT-low.pdf\" style=\"border-radius:0px;background-color:#003a68\" target=\"_blank\" rel=\"noreferrer noopener\">\u00bb Ficha T\u00e9cnica (PT)<\/a><\/div>\n<\/div>\n<\/div>\n\n\n\n<div class=\"wp-block-column is-layout-flow wp-block-column-is-layout-flow\" style=\"font-size:14px\"><div class=\"wp-block-image\">\n<figure class=\"alignleft size-full\"><img loading=\"lazy\" decoding=\"async\" width=\"300\" height=\"183\" src=\"https:\/\/klinger.pt\/wp-content\/uploads\/2023\/05\/C4509.webp\" alt=\"\" class=\"wp-image-42741\"\/><\/figure>\n<\/div>\n\n\n<h2 class=\"wp-block-heading\">KLINGERSIL&nbsp;C-4509<\/h2>\n\n\n\n<p>KLINGERSIL C-4509 \u00e9 uma junta especial de alta press\u00e3o para as mais altas tens\u00f5es t\u00e9rmicas e mec\u00e2nicas. Devido ao refor\u00e7o de metal expandido, ela oferece uma alta capacidade de tens\u00e3o e \u00e9 adequada para altas cargas de parafusos. O material b\u00e1sico KLINGERSIL\u00ae C-4500 \u00e9 um grau Fire Safe.<\/p>\n\n\n\n<p>Materiais: feito de materiais de alta tecnologia, como fibras de carbono e aditivos especiais resistentes a altas temperaturas, unidos com NBR.<\/p>\n\n\n\n<p>Oferece um excelente servi\u00e7o em muitos sectores da ind\u00fastria qu\u00edmica. Principais campos de aplica\u00e7\u00e3o: meios alcalinos e vapor.<\/p>\n\n\n\n<div class=\"wp-block-buttons has-custom-font-size has-small-font-size is-content-justification-left is-layout-flex wp-container-core-buttons-is-layout-fdcfc74e wp-block-buttons-is-layout-flex\">\n<div class=\"wp-block-button has-custom-width wp-block-button__width-25 is-style-fill\"><a class=\"wp-block-button__link has-white-color has-text-color has-background wp-element-button\" href=\"https:\/\/klinger.pt\/wp-content\/uploads\/2021\/12\/Ficha-Tecnica-C-4509_PT-low.pdf\" style=\"border-radius:0px;background-color:#003a68\" target=\"_blank\" rel=\"noreferrer noopener\">\u00bb Ficha T\u00e9cnica (PT)<\/a><\/div>\n<\/div>\n<\/div>\n<\/div>\n\n\n\n<div style=\"height:60px\" aria-hidden=\"true\" class=\"wp-block-spacer\"><\/div>\n\n\n\n<div class=\"wp-block-columns is-layout-flex wp-container-core-columns-is-layout-9d6595d7 wp-block-columns-is-layout-flex\">\n<div class=\"wp-block-column is-layout-flow wp-block-column-is-layout-flow\" style=\"font-size:14px\"><div class=\"wp-block-image\">\n<figure class=\"alignleft size-full\"><img loading=\"lazy\" decoding=\"async\" width=\"300\" height=\"183\" src=\"https:\/\/klinger.pt\/wp-content\/uploads\/2023\/05\/C8200.webp\" alt=\"\" class=\"wp-image-42743\"\/><\/figure>\n<\/div>\n\n\n<h2 class=\"wp-block-heading\">KLINGERSIL&nbsp;C-8200<\/h2>\n\n\n\n<p>KLINGERSIL C-8200 \u00e9 uma junta premium de alta press\u00e3o que oferece mais seguran\u00e7a para o uso <br>com \u00e1cidos altamente concentrados.<\/p>\n\n\n\n<p>Materiais: fibras de vidro, unidas com elast\u00f3meros especiais resistentes a \u00e1cidos.<\/p>\n\n\n\n<p>Este material \u00e9 resistente a uma grande variedade de meios e especialmente a \u00e1cidos.<\/p>\n\n\n\n<div class=\"wp-block-buttons has-custom-font-size has-small-font-size is-content-justification-left is-layout-flex wp-container-core-buttons-is-layout-fdcfc74e wp-block-buttons-is-layout-flex\">\n<div class=\"wp-block-button has-custom-width wp-block-button__width-25 is-style-fill\"><a class=\"wp-block-button__link has-white-color has-text-color has-background wp-element-button\" href=\"https:\/\/klinger.pt\/wp-content\/uploads\/2021\/12\/Ficha-Tecnica-C-8200_PT_low.pdf\" style=\"border-radius:0px;background-color:#003a68\" target=\"_blank\" rel=\"noreferrer noopener\">\u00bb Ficha T\u00e9cnica (PT)<\/a><\/div>\n<\/div>\n<\/div>\n\n\n\n<div class=\"wp-block-column is-layout-flow wp-block-column-is-layout-flow\" style=\"font-size:14px\"><div class=\"wp-block-image\">\n<figure class=\"alignleft size-full\"><img loading=\"lazy\" decoding=\"async\" width=\"300\" height=\"183\" src=\"https:\/\/klinger.pt\/wp-content\/uploads\/2023\/05\/Quantum.webp\" alt=\"\" class=\"wp-image-42745\"\/><\/figure>\n<\/div>\n\n\n<h2 class=\"wp-block-heading\">KLINGER QUANTUM<\/h2>\n\n\n\n<p>KLINGER Quantum \u00e9 um material de veda\u00e7\u00e3o exclusivo com a mais alta flexibilidade em altas temperaturas.<\/p>\n\n\n\n<p>Materiais: fibra de alta qualidade e composto de enchimento ligados numa matriz HNBR resistente a altas temperaturas.<\/p>\n\n\n\n<p>Adequado para utiliza\u00e7\u00e3o em \u00f3leos, \u00e1gua, vapor, gases, solu\u00e7\u00f5es salinas, combust\u00edveis, \u00e1lcoois, \u00e1cidos org\u00e2nicos e inorg\u00e2nicos moderados, hidrocarbonetos, lubrificantes e refrigerantes.<\/p>\n\n\n\n<div class=\"wp-block-buttons has-custom-font-size has-small-font-size is-content-justification-left is-layout-flex wp-container-core-buttons-is-layout-fdcfc74e wp-block-buttons-is-layout-flex\">\n<div class=\"wp-block-button has-custom-width wp-block-button__width-25 is-style-fill\"><a class=\"wp-block-button__link has-white-color has-text-color has-background wp-element-button\" href=\"https:\/\/klinger.pt\/wp-content\/uploads\/2021\/12\/Ficha-Tecnica-Quantum_PT-low.pdf\" style=\"border-radius:0px;background-color:#003a68\" target=\"_blank\" rel=\"noreferrer noopener\">\u00bb Ficha T\u00e9cnica (PT)<\/a><\/div>\n<\/div>\n<\/div>\n<\/div>\n\n\n\n<div style=\"height:60px\" aria-hidden=\"true\" class=\"wp-block-spacer\"><\/div>\n\n\n\n<div class=\"wp-block-columns is-layout-flex wp-container-core-columns-is-layout-9d6595d7 wp-block-columns-is-layout-flex\">\n<div class=\"wp-block-column is-layout-flow wp-block-column-is-layout-flow\" style=\"font-size:14px\"><div class=\"wp-block-image\">\n<figure class=\"alignleft size-full\"><img loading=\"lazy\" decoding=\"async\" width=\"300\" height=\"183\" src=\"https:\/\/klinger.pt\/wp-content\/uploads\/2023\/05\/TopsilML1.webp\" alt=\"\" class=\"wp-image-42729\"\/><\/figure>\n<\/div>\n\n\n<h2 class=\"wp-block-heading\">KLINGER TOP-SIL ML1<\/h2>\n\n\n\n<p>KLINGER Top-sil ML1 \u00e9 um material especial para juntas multicamadas com vida \u00fatil prolongada e flexibilidade melhorada a temperaturas mais altas.<\/p>\n\n\n\n<p>Materiais: uma combina\u00e7\u00e3o revolucion\u00e1ria de fibras sint\u00e9ticas e diferentes elast\u00f3meros, unidos <br>numa estrutura multicamada.<\/p>\n\n\n\n<p>Adequado para utiliza\u00e7\u00e3o com \u00f3leos, \u00e1gua, vapor, gases, solu\u00e7\u00f5es salinas, combust\u00edveis, \u00e1lcoois, <br>\u00e1cidos org\u00e2nicos e inorg\u00e2nicos moderados, hidrocarbonetos, lubrificantes e refrigerantes.<\/p>\n\n\n\n<div class=\"wp-block-buttons has-custom-font-size has-small-font-size is-content-justification-left is-layout-flex wp-container-core-buttons-is-layout-fdcfc74e wp-block-buttons-is-layout-flex\">\n<div class=\"wp-block-button has-custom-width wp-block-button__width-25 is-style-fill\"><a class=\"wp-block-button__link has-white-color has-text-color has-background wp-element-button\" href=\"https:\/\/klinger.pt\/wp-content\/uploads\/2021\/12\/Ficha-Tecnica-top-sil-ML1_PT-low.pdf\" style=\"border-radius:0px;background-color:#003a68\" target=\"_blank\" rel=\"noreferrer noopener\">\u00bb Ficha T\u00e9cnica (PT)<\/a><\/div>\n<\/div>\n<\/div>\n\n\n\n<div class=\"wp-block-column transparente is-layout-flow wp-block-column-is-layout-flow\" style=\"font-size:14px\">\n<h2 class=\"wp-block-heading\"><\/h2>\n<\/div>\n<\/div>\n","protected":false},"excerpt":{"rendered":"<p>VEDA\u00c7\u00d5ES REFOR\u00c7ADAS COM FIBRAS A nossa gama de materiais de veda\u00e7\u00e3o refor\u00e7adas com fibras, calandrados e sem amianto. Dependendo dos requisitos espec\u00edficos, KLINGERSIL fornece excelentes resist\u00eancias (por exemplo, temperatura, resist\u00eancia mec\u00e2nica ou qu\u00edmica) nas \u00e1reas exigidas pela ind\u00fastria alvo correspondente. Al\u00e9m disso, KLINGERSIL \u00e9 f\u00e1cil de cortar, manusear e encaixar. KLINGERSIL&nbsp;C-4240 KLINGERSIL C-4240 \u00e9 uma [&hellip;]<\/p>\n","protected":false},"author":1,"featured_media":42544,"parent":28724,"menu_order":0,"comment_status":"closed","ping_status":"closed","template":"page-templates\/servicios.php","meta":{"_eb_attr":"","footnotes":""},"class_list":["post-28728","page","type-page","status-publish","has-post-thumbnail","hentry"],"aioseo_notices":[],"_links":{"self":[{"href":"https:\/\/klinger.pt\/es\/wp-json\/wp\/v2\/pages\/28728","targetHints":{"allow":["GET"]}}],"collection":[{"href":"https:\/\/klinger.pt\/es\/wp-json\/wp\/v2\/pages"}],"about":[{"href":"https:\/\/klinger.pt\/es\/wp-json\/wp\/v2\/types\/page"}],"author":[{"embeddable":true,"href":"https:\/\/klinger.pt\/es\/wp-json\/wp\/v2\/users\/1"}],"replies":[{"embeddable":true,"href":"https:\/\/klinger.pt\/es\/wp-json\/wp\/v2\/comments?post=28728"}],"version-history":[{"count":32,"href":"https:\/\/klinger.pt\/es\/wp-json\/wp\/v2\/pages\/28728\/revisions"}],"predecessor-version":[{"id":44953,"href":"https:\/\/klinger.pt\/es\/wp-json\/wp\/v2\/pages\/28728\/revisions\/44953"}],"up":[{"embeddable":true,"href":"https:\/\/klinger.pt\/es\/wp-json\/wp\/v2\/pages\/28724"}],"wp:featuredmedia":[{"embeddable":true,"href":"https:\/\/klinger.pt\/es\/wp-json\/wp\/v2\/media\/42544"}],"wp:attachment":[{"href":"https:\/\/klinger.pt\/es\/wp-json\/wp\/v2\/media?parent=28728"}],"curies":[{"name":"wp","href":"https:\/\/api.w.org\/{rel}","templated":true}]}}