{"id":28724,"date":"2022-09-05T10:17:38","date_gmt":"2022-09-05T09:17:38","guid":{"rendered":"https:\/\/m5j0n6nk9p.onrocket.site\/?page_id=28724"},"modified":"2025-06-27T16:29:57","modified_gmt":"2025-06-27T15:29:57","slug":"vedacao","status":"publish","type":"page","link":"https:\/\/klinger.pt\/es\/produtos\/vedacao\/","title":{"rendered":"VEDA\u00c7\u00c3O"},"content":{"rendered":"\n<h1 class=\"wp-block-heading\">VEDA\u00c7\u00c3O<\/h1>\n\n\n\n<div style=\"height:25px\" aria-hidden=\"true\" class=\"wp-block-spacer\"><\/div>\n\n\n\n<div class=\"wp-block-columns has-2-columns is-layout-flex wp-container-core-columns-is-layout-9d6595d7 wp-block-columns-is-layout-flex\">\n<div class=\"wp-block-column is-layout-flow wp-block-column-is-layout-flow\">\n<figure class=\"wp-block-table flecha\"><table><tbody><tr><td class=\"has-text-align-center\" data-align=\"center\"><img fetchpriority=\"high\" decoding=\"async\" width=\"270\" height=\"259\" class=\"wp-image-29835\" style=\"width: 270px;\" src=\"https:\/\/klinger.pt\/wp-content\/uploads\/2022\/09\/conj-fibras.png\" alt=\"\" srcset=\"https:\/\/klinger.pt\/wp-content\/uploads\/2022\/09\/conj-fibras.png 468w, https:\/\/klinger.pt\/wp-content\/uploads\/2022\/09\/conj-fibras-300x288.png 300w\" sizes=\"(max-width: 270px) 100vw, 270px\" \/><\/td><td><strong><a href=\"https:\/\/klinger.pt\/produtos\/vedacao\/fibras\/\">VEDA\u00c7\u00d5ES REFOR\u00c7ADAS COM FIBRAS<\/a><\/strong><br><br><a href=\"https:\/\/klinger.pt\/produtos\/vedacao\/fibras\/\"><img decoding=\"async\" class=\"wp-image-2704\" style=\"width: 18px;\" src=\"https:\/\/www.klinger.es\/wp-content\/uploads\/2019\/11\/icon-arrow-blue-double.png\" alt=\"\"><\/a><\/td><\/tr><\/tbody><\/table><\/figure>\n<\/div>\n\n\n\n<div class=\"wp-block-column is-layout-flow wp-block-column-is-layout-flow\">\n<figure class=\"wp-block-table flecha\"><table><tbody><tr><td class=\"has-text-align-center\" data-align=\"center\"><img decoding=\"async\" width=\"270\" height=\"263\" class=\"wp-image-29839\" style=\"width: 270px;\" src=\"https:\/\/klinger.pt\/wp-content\/uploads\/2022\/09\/Conj-Graphite.png\" alt=\"\" srcset=\"https:\/\/klinger.pt\/wp-content\/uploads\/2022\/09\/Conj-Graphite.png 590w, https:\/\/klinger.pt\/wp-content\/uploads\/2022\/09\/Conj-Graphite-300x292.png 300w\" sizes=\"(max-width: 270px) 100vw, 270px\" \/><\/td><td><a href=\"https:\/\/klinger.pt\/produtos\/vedacao\/grafite-laminado\/\"><strong>VEDA\u00c7\u00d5ES EM GRAFITE LAMINADO<\/strong><br><\/a><br><a href=\"https:\/\/klinger.pt\/produtos\/vedacao\/grafite-laminado\/\"><img decoding=\"async\" class=\"wp-image-2704\" style=\"width: 18px;\" src=\"https:\/\/www.klinger.es\/wp-content\/uploads\/2019\/11\/icon-arrow-blue-double.png\" alt=\"\"><\/a><\/td><\/tr><\/tbody><\/table><\/figure>\n<\/div>\n<\/div>\n\n\n\n<div class=\"wp-block-columns has-2-columns is-layout-flex wp-container-core-columns-is-layout-9d6595d7 wp-block-columns-is-layout-flex\">\n<div class=\"wp-block-column is-layout-flow wp-block-column-is-layout-flow\">\n<figure class=\"wp-block-table flecha\"><table><tbody><tr><td class=\"has-text-align-center\" data-align=\"center\"><img decoding=\"async\" width=\"270\" height=\"242\" class=\"wp-image-29841\" style=\"width: 270px;\" src=\"https:\/\/klinger.pt\/wp-content\/uploads\/2022\/09\/Conj-PTFE.png\" alt=\"\" srcset=\"https:\/\/klinger.pt\/wp-content\/uploads\/2022\/09\/Conj-PTFE.png 758w, https:\/\/klinger.pt\/wp-content\/uploads\/2022\/09\/Conj-PTFE-300x268.png 300w\" sizes=\"(max-width: 270px) 100vw, 270px\" \/><\/td><td><strong><a href=\"https:\/\/klinger.pt\/produtos\/vedacao\/ptfe\/\">VEDA\u00c7\u00d5ES EM PTFE<\/a><\/strong><br><br><a href=\"https:\/\/klinger.pt\/produtos\/vedacao\/ptfe\/\"><img decoding=\"async\" class=\"wp-image-2704\" style=\"width: 18px;\" src=\"https:\/\/www.klinger.es\/wp-content\/uploads\/2019\/11\/icon-arrow-blue-double.png\" alt=\"\"><\/a><\/td><\/tr><\/tbody><\/table><\/figure>\n<\/div>\n\n\n\n<div class=\"wp-block-column is-layout-flow wp-block-column-is-layout-flow\">\n<figure class=\"wp-block-table flecha\"><table><tbody><tr><td class=\"has-text-align-center\" data-align=\"center\"><img loading=\"lazy\" decoding=\"async\" width=\"270\" height=\"270\" class=\"wp-image-42805\" style=\"width: 270px;\" src=\"https:\/\/klinger.pt\/wp-content\/uploads\/2023\/05\/Milam-Mini.webp\" alt=\"\" srcset=\"https:\/\/klinger.pt\/wp-content\/uploads\/2023\/05\/Milam-Mini.webp 270w, https:\/\/klinger.pt\/wp-content\/uploads\/2023\/05\/Milam-Mini-150x150.webp 150w\" sizes=\"(max-width: 270px) 100vw, 270px\" \/><\/td><td><strong><a href=\"https:\/\/klinger.pt\/produtos\/vedacao\/folha-klinger-milam-pss\/\" title=\"\">VEDA\u00c7\u00d5ES EM MICA<\/a><\/strong><br><br><a href=\"https:\/\/klinger.pt\/produtos\/vedacao\/folha-klinger-milam-pss\/\" title=\"\ufffc\"><img decoding=\"async\" class=\"wp-image-2704\" style=\"width: 18px;\" src=\"https:\/\/www.klinger.es\/wp-content\/uploads\/2019\/11\/icon-arrow-blue-double.png\" alt=\"\"><\/a><\/td><\/tr><\/tbody><\/table><\/figure>\n<\/div>\n<\/div>\n\n\n\n<div class=\"wp-block-columns has-2-columns is-layout-flex wp-container-core-columns-is-layout-9d6595d7 wp-block-columns-is-layout-flex\">\n<div class=\"wp-block-column is-layout-flow wp-block-column-is-layout-flow\">\n<figure class=\"wp-block-table flecha\"><table><tbody><tr><td class=\"has-text-align-center\" data-align=\"center\"><img loading=\"lazy\" decoding=\"async\" width=\"270\" height=\"270\" class=\"wp-image-29950\" style=\"width: 270px;\" src=\"https:\/\/klinger.pt\/wp-content\/uploads\/2022\/09\/CONJ-METALICAS.png\" alt=\"\" srcset=\"https:\/\/klinger.pt\/wp-content\/uploads\/2022\/09\/CONJ-METALICAS.png 252w, https:\/\/klinger.pt\/wp-content\/uploads\/2022\/09\/CONJ-METALICAS-150x150.png 150w\" sizes=\"(max-width: 270px) 100vw, 270px\" \/><\/td><td><a href=\"https:\/\/klinger.pt\/produtos\/vedacao\/juntas-metalicas\/\"><strong>JUNTAS MET\u00c1LICAS<\/strong><br><\/a><br><a href=\"https:\/\/klinger.pt\/produtos\/vedacao\/juntas-metalicas\/\"><img decoding=\"async\" class=\"wp-image-2704\" style=\"width: 18px;\" src=\"https:\/\/www.klinger.es\/wp-content\/uploads\/2019\/11\/icon-arrow-blue-double.png\" alt=\"\"><\/a><\/td><\/tr><\/tbody><\/table><\/figure>\n<\/div>\n\n\n\n<div class=\"wp-block-column is-layout-flow wp-block-column-is-layout-flow\">\n<figure class=\"wp-block-table flecha\"><table><tbody><tr><td class=\"has-text-align-center\" data-align=\"center\"><img loading=\"lazy\" decoding=\"async\" width=\"270\" height=\"271\" class=\"wp-image-29966\" style=\"width: 270px;\" src=\"https:\/\/klinger.pt\/wp-content\/uploads\/2022\/09\/CONJ.png\" alt=\"\" srcset=\"https:\/\/klinger.pt\/wp-content\/uploads\/2022\/09\/CONJ.png 583w, https:\/\/klinger.pt\/wp-content\/uploads\/2022\/09\/CONJ-300x300.png 300w, https:\/\/klinger.pt\/wp-content\/uploads\/2022\/09\/CONJ-150x150.png 150w\" sizes=\"(max-width: 270px) 100vw, 270px\" \/><\/td><td><strong><a href=\"https:\/\/klinger.pt\/produtos\/vedacao\/juntas-elastomero\/\">JUNTAS ELAST\u00d4MERO<\/a><\/strong><br><br><a href=\"https:\/\/klinger.pt\/produtos\/vedacao\/juntas-elastomero\/\"><img decoding=\"async\" class=\"wp-image-2704\" style=\"width: 18px;\" src=\"https:\/\/www.klinger.es\/wp-content\/uploads\/2019\/11\/icon-arrow-blue-double.png\" alt=\"\"><\/a><\/td><\/tr><\/tbody><\/table><\/figure>\n<\/div>\n<\/div>\n\n\n\n<div class=\"wp-block-columns has-2-columns is-layout-flex wp-container-core-columns-is-layout-9d6595d7 wp-block-columns-is-layout-flex\">\n<div class=\"wp-block-column is-layout-flow wp-block-column-is-layout-flow\">\n<figure class=\"wp-block-table flecha\"><table><tbody><tr><td class=\"has-text-align-center\" data-align=\"center\"><img loading=\"lazy\" decoding=\"async\" width=\"270\" height=\"268\" class=\"wp-image-29849\" style=\"width: 270px;\" src=\"https:\/\/klinger.pt\/wp-content\/uploads\/2022\/09\/Compression-Packings.png\" alt=\"\" srcset=\"https:\/\/klinger.pt\/wp-content\/uploads\/2022\/09\/Compression-Packings.png 354w, https:\/\/klinger.pt\/wp-content\/uploads\/2022\/09\/Compression-Packings-300x298.png 300w, https:\/\/klinger.pt\/wp-content\/uploads\/2022\/09\/Compression-Packings-150x150.png 150w\" sizes=\"(max-width: 270px) 100vw, 270px\" \/><\/td><td><strong><a href=\"https:\/\/klinger.pt\/produtos\/vedacao\/empanques\/\">EMPANQUES<\/a><\/strong><br><br><a href=\"https:\/\/klinger.pt\/produtos\/vedacao\/empanques\/\"><img decoding=\"async\" class=\"wp-image-2704\" style=\"width: 18px;\" src=\"https:\/\/www.klinger.es\/wp-content\/uploads\/2019\/11\/icon-arrow-blue-double.png\" alt=\"\"><\/a><\/td><\/tr><\/tbody><\/table><\/figure>\n<\/div>\n\n\n\n<div class=\"wp-block-column is-layout-flow wp-block-column-is-layout-flow\">\n<figure class=\"wp-block-table flecha\"><table><tbody><tr><td class=\"has-text-align-center\" data-align=\"center\"><img loading=\"lazy\" decoding=\"async\" width=\"270\" height=\"228\" class=\"wp-image-29846\" style=\"width: 270px;\" src=\"https:\/\/klinger.pt\/wp-content\/uploads\/2022\/09\/Insulations-Sets.png\" alt=\"\" srcset=\"https:\/\/klinger.pt\/wp-content\/uploads\/2022\/09\/Insulations-Sets.png 774w, https:\/\/klinger.pt\/wp-content\/uploads\/2022\/09\/Insulations-Sets-300x254.png 300w, https:\/\/klinger.pt\/wp-content\/uploads\/2022\/09\/Insulations-Sets-768x650.png 768w\" sizes=\"(max-width: 270px) 100vw, 270px\" \/><\/td><td><strong><a href=\"https:\/\/klinger.pt\/produtos\/vedacao\/kit-de-isolamento\/\">KIT DE ISOLAMENTO<\/a><\/strong><br><br><a href=\"https:\/\/klinger.pt\/produtos\/vedacao\/kit-de-isolamento\/\"><img decoding=\"async\" class=\"wp-image-2704\" style=\"width: 18px;\" src=\"https:\/\/www.klinger.es\/wp-content\/uploads\/2019\/11\/icon-arrow-blue-double.png\" alt=\"\"><\/a><\/td><\/tr><\/tbody><\/table><\/figure>\n<\/div>\n<\/div>\n\n\n\n<div class=\"wp-block-columns has-2-columns is-layout-flex wp-container-core-columns-is-layout-9d6595d7 wp-block-columns-is-layout-flex\">\n<div class=\"wp-block-column is-layout-flow wp-block-column-is-layout-flow\">\n<figure class=\"wp-block-table flecha\"><table><tbody><tr><td class=\"has-text-align-center\" data-align=\"center\"><img decoding=\"async\" class=\"wp-image-47043\" style=\"width: 250px;\" src=\"https:\/\/klinger.pt\/wp-content\/uploads\/2025\/06\/ac87803c-40f5-4130-8669-f2081bc834f8.webp\" alt=\"\"><\/td><td><strong><a href=\"https:\/\/klinger.pt\/produtos\/vedacao\/klinger-expert-software\/?_thumbnail_id=16265\" title=\"KLINGER EXPERT\">KLINGER EXPERT<\/a><\/strong><br><br><a href=\"https:\/\/klinger.pt\/produtos\/vedacao\/klinger-expert-software\/?_thumbnail_id=16265\" title=\"\"><img decoding=\"async\" class=\"wp-image-2704\" style=\"width: 18px;\" src=\"https:\/\/www.klinger.es\/wp-content\/uploads\/2019\/11\/icon-arrow-blue-double.png\" alt=\"\"><\/a><\/td><\/tr><\/tbody><\/table><\/figure>\n<\/div>\n\n\n\n<div class=\"wp-block-column is-layout-flow wp-block-column-is-layout-flow\">\n<figure class=\"wp-block-table flecha\"><table><tbody><tr><td class=\"has-text-align-center\" data-align=\"center\"><\/td><td><\/td><\/tr><\/tbody><\/table><\/figure>\n<\/div>\n<\/div>\n\n\n\n<p><\/p>\n","protected":false},"excerpt":{"rendered":"<p>VEDA\u00c7\u00c3O VEDA\u00c7\u00d5ES REFOR\u00c7ADAS COM FIBRAS VEDA\u00c7\u00d5ES EM GRAFITE LAMINADO VEDA\u00c7\u00d5ES EM PTFE VEDA\u00c7\u00d5ES EM MICA JUNTAS MET\u00c1LICAS JUNTAS ELAST\u00d4MERO EMPANQUES KIT DE ISOLAMENTO KLINGER EXPERT<\/p>\n","protected":false},"author":1,"featured_media":42542,"parent":16266,"menu_order":0,"comment_status":"closed","ping_status":"closed","template":"page-templates\/secciones-principales.php","meta":{"_eb_attr":"","footnotes":""},"class_list":["post-28724","page","type-page","status-publish","has-post-thumbnail","hentry"],"aioseo_notices":[],"_links":{"self":[{"href":"https:\/\/klinger.pt\/es\/wp-json\/wp\/v2\/pages\/28724","targetHints":{"allow":["GET"]}}],"collection":[{"href":"https:\/\/klinger.pt\/es\/wp-json\/wp\/v2\/pages"}],"about":[{"href":"https:\/\/klinger.pt\/es\/wp-json\/wp\/v2\/types\/page"}],"author":[{"embeddable":true,"href":"https:\/\/klinger.pt\/es\/wp-json\/wp\/v2\/users\/1"}],"replies":[{"embeddable":true,"href":"https:\/\/klinger.pt\/es\/wp-json\/wp\/v2\/comments?post=28724"}],"version-history":[{"count":18,"href":"https:\/\/klinger.pt\/es\/wp-json\/wp\/v2\/pages\/28724\/revisions"}],"predecessor-version":[{"id":47063,"href":"https:\/\/klinger.pt\/es\/wp-json\/wp\/v2\/pages\/28724\/revisions\/47063"}],"up":[{"embeddable":true,"href":"https:\/\/klinger.pt\/es\/wp-json\/wp\/v2\/pages\/16266"}],"wp:featuredmedia":[{"embeddable":true,"href":"https:\/\/klinger.pt\/es\/wp-json\/wp\/v2\/media\/42542"}],"wp:attachment":[{"href":"https:\/\/klinger.pt\/es\/wp-json\/wp\/v2\/media?parent=28724"}],"curies":[{"name":"wp","href":"https:\/\/api.w.org\/{rel}","templated":true}]}}