{"id":28710,"date":"2022-09-05T10:04:44","date_gmt":"2022-09-05T09:04:44","guid":{"rendered":"https:\/\/m5j0n6nk9p.onrocket.site\/?page_id=28710"},"modified":"2023-05-12T11:21:19","modified_gmt":"2023-05-12T10:21:19","slug":"vidros","status":"publish","type":"page","link":"https:\/\/klinger.pt\/es\/produtos\/outros-equipamentos-tecnicos\/vidros\/","title":{"rendered":"VIDROS"},"content":{"rendered":"\n<div class=\"wp-block-columns is-layout-flex wp-container-core-columns-is-layout-9d6595d7 wp-block-columns-is-layout-flex\">\n<div class=\"wp-block-column is-layout-flow wp-block-column-is-layout-flow\" style=\"flex-basis:400px\"><div class=\"wp-block-image\">\n<figure class=\"aligncenter size-large is-resized\"><img decoding=\"async\" src=\"https:\/\/klinger.pt\/wp-content\/uploads\/2022\/09\/klinger-danmark-skueglas-rundt-borosilikat-1-921x1024.png\" alt=\"vidros\" class=\"wp-image-28951\" width=\"199\" height=\"221\" srcset=\"https:\/\/klinger.pt\/wp-content\/uploads\/2022\/09\/klinger-danmark-skueglas-rundt-borosilikat-1-921x1024.png 921w, https:\/\/klinger.pt\/wp-content\/uploads\/2022\/09\/klinger-danmark-skueglas-rundt-borosilikat-1-270x300.png 270w, https:\/\/klinger.pt\/wp-content\/uploads\/2022\/09\/klinger-danmark-skueglas-rundt-borosilikat-1-768x854.png 768w, https:\/\/klinger.pt\/wp-content\/uploads\/2022\/09\/klinger-danmark-skueglas-rundt-borosilikat-1.png 924w\" sizes=\"(max-width: 199px) 100vw, 199px\" \/><\/figure>\n<\/div>\n\n<div class=\"wp-block-image\">\n<figure class=\"aligncenter size-full is-resized\"><img fetchpriority=\"high\" decoding=\"async\" src=\"https:\/\/klinger.pt\/wp-content\/uploads\/2022\/09\/visores.png\" alt=\"\" class=\"wp-image-29026\" width=\"385\" height=\"265\"\/><\/figure>\n<\/div><\/div>\n\n\n\n<div class=\"wp-block-column is-layout-flow wp-block-column-is-layout-flow\" style=\"flex-basis:700px\">\n<h1 class=\"wp-block-heading has-large-font-size\">VIDROS<\/h1>\n\n\n\n<p>A Qualidade de um vidro depende principalmente da composi\u00e7\u00e3o qu\u00edmica e da resist\u00eancia mec\u00e2nica do material do vidro. An\u00e1lises e testes \u00e1cidos\/alcalinos asseguram constantemente uma elevada qualidade do vidro. A resist\u00eancia mec\u00e2nica \u00e9 atingida atrav\u00e9s de pr\u00e9-esfor\u00e7o t\u00e9rmico. Os vidros &nbsp;KLINGER s\u00e3o adequados para instala\u00e7\u00e3o em indicadores de n\u00edvel &nbsp;de quase todos os tipos.<\/p>\n\n\n\n<p>N\u00f3s diferenciamos<br>Vidro &nbsp;transparente<br>Vidro reflex\u00e3o<br>Vidro circular<\/p>\n\n\n\n<h2 class=\"wp-block-heading\">VIDROS TRANSPARENTES KLINGER<\/h2>\n\n\n\n<ul class=\"wp-block-list\">\n<li>Os vidros transparentes KLINGER s\u00e3o fabricados a partir de vidro borossilicato \u201cextra duro\u201d. As superf\u00edcies em ambos os lados s\u00e3o finamente polidos para assegurar uma transpar\u00eancia \u00f3tima<\/li>\n<\/ul>\n\n\n\n<h2 class=\"wp-block-heading\">VANTAGENS DO PRODUTO<\/h2>\n\n\n\n<ul class=\"wp-block-list\">\n<li>Excelente resist\u00eancia mec\u00e2nica<\/li>\n\n\n\n<li>M\u00e1xima suavidade e dureza<\/li>\n\n\n\n<li>Extremamente resistente \u00e0 \u00e1gua da caldeira<\/li>\n\n\n\n<li>Resistente \u00e0 corros\u00e3o<\/li>\n\n\n\n<li>Certificado de acordo com a maioria das normas internacionais<\/li>\n<\/ul>\n\n\n\n<h2 class=\"wp-block-heading\">APLICA\u00c7\u00d5ES<\/h2>\n\n\n\n<ul class=\"wp-block-list\">\n<li>Os vidros por reflex\u00e3o fornecem a solu\u00e7\u00e3o \u00f3tima: s\u00e3o resistentes \u00e0 corros\u00e3o e fornecem uma indica\u00e7\u00e3o perfeitamente clara, at\u00e9 35 bar de vapor saturado. Os vidros transparentes s\u00e3o preferencialmente utilizados com meios fortemente polu\u00eddos, viscosos ou \u00e1cidos em condi\u00e7\u00f5es de servi\u00e7o at\u00e9 340\u00b0 bar ou temperatura at\u00e9 400 \u00b0C. Os vidros transparentes KLINGER est\u00e3o dispon\u00edveis em tr\u00eas tipos diferentes: A, B, H e TA-28. Para as dimens\u00f5es globais espec\u00edficas e a gama de aplica\u00e7\u00e3o, consultar <a href=\"https:\/\/klinger.pt\/contactos\/\" title=\"\">www.klinger.pt<\/a>.<\/li>\n<\/ul>\n<\/div>\n<\/div>\n","protected":false},"excerpt":{"rendered":"<p>VIDROS A Qualidade de um vidro depende principalmente da composi\u00e7\u00e3o qu\u00edmica e da resist\u00eancia mec\u00e2nica do material do vidro. An\u00e1lises e testes \u00e1cidos\/alcalinos asseguram constantemente uma elevada qualidade do vidro. A resist\u00eancia mec\u00e2nica \u00e9 atingida atrav\u00e9s de pr\u00e9-esfor\u00e7o t\u00e9rmico. Os vidros &nbsp;KLINGER s\u00e3o adequados para instala\u00e7\u00e3o em indicadores de n\u00edvel &nbsp;de quase todos os tipos. [&hellip;]<\/p>\n","protected":false},"author":1,"featured_media":42521,"parent":28635,"menu_order":0,"comment_status":"closed","ping_status":"closed","template":"page-templates\/servicios.php","meta":{"_eb_attr":"","footnotes":""},"class_list":["post-28710","page","type-page","status-publish","has-post-thumbnail","hentry"],"aioseo_notices":[],"_links":{"self":[{"href":"https:\/\/klinger.pt\/es\/wp-json\/wp\/v2\/pages\/28710","targetHints":{"allow":["GET"]}}],"collection":[{"href":"https:\/\/klinger.pt\/es\/wp-json\/wp\/v2\/pages"}],"about":[{"href":"https:\/\/klinger.pt\/es\/wp-json\/wp\/v2\/types\/page"}],"author":[{"embeddable":true,"href":"https:\/\/klinger.pt\/es\/wp-json\/wp\/v2\/users\/1"}],"replies":[{"embeddable":true,"href":"https:\/\/klinger.pt\/es\/wp-json\/wp\/v2\/comments?post=28710"}],"version-history":[{"count":7,"href":"https:\/\/klinger.pt\/es\/wp-json\/wp\/v2\/pages\/28710\/revisions"}],"predecessor-version":[{"id":42523,"href":"https:\/\/klinger.pt\/es\/wp-json\/wp\/v2\/pages\/28710\/revisions\/42523"}],"up":[{"embeddable":true,"href":"https:\/\/klinger.pt\/es\/wp-json\/wp\/v2\/pages\/28635"}],"wp:featuredmedia":[{"embeddable":true,"href":"https:\/\/klinger.pt\/es\/wp-json\/wp\/v2\/media\/42521"}],"wp:attachment":[{"href":"https:\/\/klinger.pt\/es\/wp-json\/wp\/v2\/media?parent=28710"}],"curies":[{"name":"wp","href":"https:\/\/api.w.org\/{rel}","templated":true}]}}