{"id":28333,"date":"2022-09-02T13:00:34","date_gmt":"2022-09-02T12:00:34","guid":{"rendered":"https:\/\/m5j0n6nk9p.onrocket.site\/?page_id=28333"},"modified":"2023-05-12T16:59:16","modified_gmt":"2023-05-12T15:59:16","slug":"medicao-de-nivel","status":"publish","type":"page","link":"https:\/\/klinger.pt\/es\/produtos\/instrumentacao\/medicao-de-nivel\/","title":{"rendered":"MEDI\u00c7\u00c3O DE N\u00cdVEL"},"content":{"rendered":"\n<h1 class=\"wp-block-heading\">MEDI\u00c7\u00c3O DE N\u00cdVEL<\/h1>\n\n\n\n<div style=\"height:25px\" aria-hidden=\"true\" class=\"wp-block-spacer\"><\/div>\n\n\n\n<div class=\"wp-block-columns has-2-columns is-layout-flex wp-container-core-columns-is-layout-9d6595d7 wp-block-columns-is-layout-flex\">\n<div class=\"wp-block-column is-layout-flow wp-block-column-is-layout-flow\">\n<figure class=\"wp-block-table flecha\"><table><tbody><tr><td class=\"has-text-align-center\" data-align=\"center\"><img decoding=\"async\" width=\"220\" height=\"163\" class=\"wp-image-28657\" style=\"width: 220px;\" src=\"https:\/\/klinger.pt\/wp-content\/uploads\/2022\/09\/INDICATORI_DI_LIVELLO_-Reflex-R25-Type-DG-cock-ABL-2-1.png\" alt=\"\" srcset=\"https:\/\/klinger.pt\/wp-content\/uploads\/2022\/09\/INDICATORI_DI_LIVELLO_-Reflex-R25-Type-DG-cock-ABL-2-1.png 807w, https:\/\/klinger.pt\/wp-content\/uploads\/2022\/09\/INDICATORI_DI_LIVELLO_-Reflex-R25-Type-DG-cock-ABL-2-1-300x223.png 300w, https:\/\/klinger.pt\/wp-content\/uploads\/2022\/09\/INDICATORI_DI_LIVELLO_-Reflex-R25-Type-DG-cock-ABL-2-1-768x570.png 768w\" sizes=\"(max-width: 220px) 100vw, 220px\" \/><\/td><td><strong><a href=\"https:\/\/klinger.pt\/produtos\/instrumentacao\/medicao-de-nivel\/indicador-de-nivel-de-reflexao\/\" title=\"\">REFLEX\u00c3O<\/a><\/strong><br><br><a href=\"https:\/\/klinger.pt\/produtos\/instrumentacao\/medicao-de-nivel\/indicador-de-nivel-de-reflexao\/\" title=\"\ufffc\"><img decoding=\"async\" class=\"wp-image-2704\" style=\"width: 18px;\" src=\"https:\/\/www.klinger.es\/wp-content\/uploads\/2019\/11\/icon-arrow-blue-double.png\" alt=\"\"><\/a><\/td><\/tr><\/tbody><\/table><\/figure>\n<\/div>\n\n\n\n<div class=\"wp-block-column is-layout-flow wp-block-column-is-layout-flow\">\n<figure class=\"wp-block-table flecha\"><table><tbody><tr><td class=\"has-text-align-center\" data-align=\"center\"><img decoding=\"async\" width=\"220\" height=\"220\" class=\"wp-image-31879\" style=\"width: 220px;\" src=\"https:\/\/klinger.pt\/wp-content\/uploads\/2022\/09\/transparente-thumbnail-1.png\" alt=\"\" srcset=\"https:\/\/klinger.pt\/wp-content\/uploads\/2022\/09\/transparente-thumbnail-1.png 252w, https:\/\/klinger.pt\/wp-content\/uploads\/2022\/09\/transparente-thumbnail-1-150x150.png 150w\" sizes=\"(max-width: 220px) 100vw, 220px\" \/><\/td><td><strong><a href=\"https:\/\/klinger.pt\/produtos\/instrumentacao\/medicao-de-nivel\/indicador-de-nivel-transparente\/\" title=\"\">TRANSPARENTE<\/a><\/strong><br><br><a href=\"https:\/\/klinger.pt\/produtos\/instrumentacao\/medicao-de-nivel\/indicador-de-nivel-transparente\/\" title=\"\ufffc\"><img decoding=\"async\" class=\"wp-image-2704\" style=\"width: 18px;\" src=\"https:\/\/www.klinger.es\/wp-content\/uploads\/2019\/11\/icon-arrow-blue-double.png\" alt=\"\"><\/a><br><a href=\"https:\/\/klinger.pt\/produtos\/aplicacoes-engenharia\/instrumentacao\/controle-de-nivel\/indicador-de-nivel-magnetico\/\"><\/a><\/td><\/tr><\/tbody><\/table><\/figure>\n<\/div>\n<\/div>\n\n\n\n<div class=\"wp-block-columns is-layout-flex wp-container-core-columns-is-layout-9d6595d7 wp-block-columns-is-layout-flex\">\n<div class=\"wp-block-column is-layout-flow wp-block-column-is-layout-flow\">\n<figure class=\"wp-block-table\"><table><tbody><tr><td><img decoding=\"async\" width=\"220\" height=\"220\" class=\"wp-image-38040\" style=\"width: 220px;\" src=\"https:\/\/klinger.pt\/wp-content\/uploads\/2023\/02\/Indicador-de-nivel-magnetico-mini.webp\" alt=\"Indicador de nivel magnetico\" srcset=\"https:\/\/klinger.pt\/wp-content\/uploads\/2023\/02\/Indicador-de-nivel-magnetico-mini.webp 270w, https:\/\/klinger.pt\/wp-content\/uploads\/2023\/02\/Indicador-de-nivel-magnetico-mini-150x150.webp 150w\" sizes=\"(max-width: 220px) 100vw, 220px\" \/><\/td><td><strong><a href=\"https:\/\/klinger.pt\/produtos\/instrumentacao\/medicao-de-nivel\/indicadores-de-nivel-magnetico\/\" title=\"\">MAGN\u00c9TICO<\/a><\/strong><br><br><a href=\"https:\/\/klinger.pt\/produtos\/instrumentacao\/medicao-de-nivel\/indicadores-de-nivel-magnetico\/\" title=\"\ufffc\"><img decoding=\"async\" class=\"wp-image-2704\" style=\"width: 18px;\" src=\"https:\/\/www.klinger.es\/wp-content\/uploads\/2019\/11\/icon-arrow-blue-double.png\" alt=\"\"><\/a><\/td><\/tr><\/tbody><\/table><\/figure>\n<\/div>\n\n\n\n<div class=\"wp-block-column is-layout-flow wp-block-column-is-layout-flow\">\n<figure class=\"wp-block-table\"><table><tbody><tr><td><img loading=\"lazy\" decoding=\"async\" width=\"220\" height=\"220\" class=\"wp-image-28650\" style=\"width: 220px;\" src=\"https:\/\/klinger.pt\/wp-content\/uploads\/2022\/09\/hidroestatico-thumbnail.png\" alt=\"\" srcset=\"https:\/\/klinger.pt\/wp-content\/uploads\/2022\/09\/hidroestatico-thumbnail.png 252w, https:\/\/klinger.pt\/wp-content\/uploads\/2022\/09\/hidroestatico-thumbnail-150x150.png 150w\" sizes=\"(max-width: 220px) 100vw, 220px\" \/><\/td><td><strong><a href=\"https:\/\/klinger.pt\/produtos\/instrumentacao\/medicao-de-nivel\/controlo-de-nivel-hidrostatico\/\" title=\"\">HIDROST\u00c1TICO<\/a><\/strong><br><br><a href=\"https:\/\/klinger.pt\/produtos\/instrumentacao\/medicao-de-nivel\/controlo-de-nivel-hidrostatico\/\" title=\"\ufffc\"><img decoding=\"async\" class=\"wp-image-2704\" style=\"width: 18px;\" src=\"https:\/\/www.klinger.es\/wp-content\/uploads\/2019\/11\/icon-arrow-blue-double.png\" alt=\"\"><\/a><\/td><\/tr><\/tbody><\/table><\/figure>\n<\/div>\n<\/div>\n\n\n\n<div class=\"wp-block-columns has-2-columns is-layout-flex wp-container-core-columns-is-layout-9d6595d7 wp-block-columns-is-layout-flex\">\n<div class=\"wp-block-column is-layout-flow wp-block-column-is-layout-flow\">\n<figure class=\"wp-block-table flecha\"><table><tbody><tr><td class=\"has-text-align-center\" data-align=\"center\"><img loading=\"lazy\" decoding=\"async\" width=\"220\" height=\"220\" class=\"wp-image-28645\" style=\"width: 220px;\" src=\"https:\/\/klinger.pt\/wp-content\/uploads\/2022\/09\/capacitivo-thumbnail.png\" alt=\"\" srcset=\"https:\/\/klinger.pt\/wp-content\/uploads\/2022\/09\/capacitivo-thumbnail.png 252w, https:\/\/klinger.pt\/wp-content\/uploads\/2022\/09\/capacitivo-thumbnail-150x150.png 150w\" sizes=\"(max-width: 220px) 100vw, 220px\" \/><\/td><td><strong><a href=\"https:\/\/klinger.pt\/produtos\/instrumentacao\/medicao-de-nivel\/controlo-de-nivel-capacitivo\/\" title=\"\">CAPACITIVO<\/a><\/strong><br><br><a href=\"https:\/\/klinger.pt\/produtos\/instrumentacao\/medicao-de-nivel\/controlo-de-nivel-capacitivo\/\" title=\"\ufffc\"><img decoding=\"async\" class=\"wp-image-2704\" style=\"width: 18px;\" src=\"https:\/\/www.klinger.es\/wp-content\/uploads\/2019\/11\/icon-arrow-blue-double.png\" alt=\"\"><\/a><\/td><\/tr><\/tbody><\/table><\/figure>\n<\/div>\n\n\n\n<div class=\"wp-block-column is-layout-flow wp-block-column-is-layout-flow\">\n<figure class=\"wp-block-table flecha\"><table><tbody><tr><td class=\"has-text-align-center\" data-align=\"center\"><img loading=\"lazy\" decoding=\"async\" width=\"220\" height=\"220\" class=\"wp-image-28647\" style=\"width: 220px;\" src=\"https:\/\/klinger.pt\/wp-content\/uploads\/2022\/09\/condutivo-thumbnail.png\" alt=\"\" srcset=\"https:\/\/klinger.pt\/wp-content\/uploads\/2022\/09\/condutivo-thumbnail.png 252w, https:\/\/klinger.pt\/wp-content\/uploads\/2022\/09\/condutivo-thumbnail-150x150.png 150w\" sizes=\"(max-width: 220px) 100vw, 220px\" \/><\/td><td><strong><a href=\"https:\/\/klinger.pt\/produtos\/instrumentacao\/medicao-de-nivel\/controlo-de-nivel-condutivo\/\" title=\"\">CONDUTIVO<\/a><\/strong><br><br><a href=\"https:\/\/klinger.pt\/produtos\/instrumentacao\/medicao-de-nivel\/controlo-de-nivel-condutivo\/\" title=\"\ufffc\"><img decoding=\"async\" class=\"wp-image-2704\" style=\"width: 18px;\" src=\"https:\/\/www.klinger.es\/wp-content\/uploads\/2019\/11\/icon-arrow-blue-double.png\" alt=\"\"><\/a><\/td><\/tr><\/tbody><\/table><\/figure>\n<\/div>\n<\/div>\n\n\n\n<div class=\"wp-block-columns has-2-columns is-layout-flex wp-container-core-columns-is-layout-9d6595d7 wp-block-columns-is-layout-flex\">\n<div class=\"wp-block-column is-layout-flow wp-block-column-is-layout-flow\">\n<figure class=\"wp-block-table flecha\"><table><tbody><tr><td class=\"has-text-align-center\" data-align=\"center\"><img loading=\"lazy\" decoding=\"async\" width=\"220\" height=\"220\" class=\"wp-image-30793\" style=\"width: 220px;\" src=\"https:\/\/klinger.pt\/wp-content\/uploads\/2022\/09\/ULTRASSONICO.png\" alt=\"\" srcset=\"https:\/\/klinger.pt\/wp-content\/uploads\/2022\/09\/ULTRASSONICO.png 400w, https:\/\/klinger.pt\/wp-content\/uploads\/2022\/09\/ULTRASSONICO-300x300.png 300w, https:\/\/klinger.pt\/wp-content\/uploads\/2022\/09\/ULTRASSONICO-150x150.png 150w\" sizes=\"(max-width: 220px) 100vw, 220px\" \/><\/td><td><strong><a href=\"https:\/\/klinger.pt\/produtos\/instrumentacao\/medicao-de-nivel\/controlo-de-nivel-ultra-sonico\/\" title=\"\">ULTRASS\u00d3NICO<\/a><\/strong><br><br><a href=\"https:\/\/klinger.pt\/produtos\/instrumentacao\/medicao-de-nivel\/controlo-de-nivel-ultra-sonico\/\" title=\"\ufffc\"><img decoding=\"async\" class=\"wp-image-2704\" style=\"width: 18px;\" src=\"https:\/\/www.klinger.es\/wp-content\/uploads\/2019\/11\/icon-arrow-blue-double.png\" alt=\"\"><\/a><br><a href=\"https:\/\/klinger.pt\/produtos\/aplicacoes-engenharia\/instrumentacao\/controle-de-nivel\/controlo-de-nivel-hidrostatico-i\/\"><\/a><\/td><\/tr><\/tbody><\/table><\/figure>\n<\/div>\n\n\n\n<div class=\"wp-block-column is-layout-flow wp-block-column-is-layout-flow\">\n<figure class=\"wp-block-table flecha\"><table><tbody><tr><td class=\"has-text-align-center\" data-align=\"center\"><img loading=\"lazy\" decoding=\"async\" width=\"220\" height=\"220\" class=\"wp-image-31807\" style=\"width: 220px;\" src=\"https:\/\/klinger.pt\/wp-content\/uploads\/2022\/09\/radar-thumbnail-2.png\" alt=\"\" srcset=\"https:\/\/klinger.pt\/wp-content\/uploads\/2022\/09\/radar-thumbnail-2.png 252w, https:\/\/klinger.pt\/wp-content\/uploads\/2022\/09\/radar-thumbnail-2-150x150.png 150w\" sizes=\"(max-width: 220px) 100vw, 220px\" \/><\/td><td><strong><a href=\"https:\/\/klinger.pt\/produtos\/instrumentacao\/medicao-de-nivel\/radar\/\" title=\"\">RADAR<\/a><\/strong><br><br><a href=\"https:\/\/klinger.pt\/produtos\/instrumentacao\/medicao-de-nivel\/radar\/\" title=\"\ufffc\"><img decoding=\"async\" class=\"wp-image-2704\" style=\"width: 18px;\" src=\"https:\/\/www.klinger.es\/wp-content\/uploads\/2019\/11\/icon-arrow-blue-double.png\" alt=\"\"><\/a><br><a href=\"https:\/\/klinger.pt\/produtos\/aplicacoes-engenharia\/instrumentacao\/controle-de-nivel\/controlo-de-nivel-ultra-sonico\/\"><\/a><\/td><\/tr><\/tbody><\/table><\/figure>\n<\/div>\n<\/div>\n","protected":false},"excerpt":{"rendered":"<p>MEDI\u00c7\u00c3O DE N\u00cdVEL REFLEX\u00c3O TRANSPARENTE MAGN\u00c9TICO HIDROST\u00c1TICO CAPACITIVO CONDUTIVO ULTRASS\u00d3NICO RADAR<\/p>\n","protected":false},"author":1,"featured_media":42585,"parent":28316,"menu_order":0,"comment_status":"closed","ping_status":"closed","template":"page-templates\/secciones-principales.php","meta":{"_eb_attr":"","footnotes":""},"class_list":["post-28333","page","type-page","status-publish","has-post-thumbnail","hentry"],"aioseo_notices":[],"_links":{"self":[{"href":"https:\/\/klinger.pt\/es\/wp-json\/wp\/v2\/pages\/28333","targetHints":{"allow":["GET"]}}],"collection":[{"href":"https:\/\/klinger.pt\/es\/wp-json\/wp\/v2\/pages"}],"about":[{"href":"https:\/\/klinger.pt\/es\/wp-json\/wp\/v2\/types\/page"}],"author":[{"embeddable":true,"href":"https:\/\/klinger.pt\/es\/wp-json\/wp\/v2\/users\/1"}],"replies":[{"embeddable":true,"href":"https:\/\/klinger.pt\/es\/wp-json\/wp\/v2\/comments?post=28333"}],"version-history":[{"count":12,"href":"https:\/\/klinger.pt\/es\/wp-json\/wp\/v2\/pages\/28333\/revisions"}],"predecessor-version":[{"id":42587,"href":"https:\/\/klinger.pt\/es\/wp-json\/wp\/v2\/pages\/28333\/revisions\/42587"}],"up":[{"embeddable":true,"href":"https:\/\/klinger.pt\/es\/wp-json\/wp\/v2\/pages\/28316"}],"wp:featuredmedia":[{"embeddable":true,"href":"https:\/\/klinger.pt\/es\/wp-json\/wp\/v2\/media\/42585"}],"wp:attachment":[{"href":"https:\/\/klinger.pt\/es\/wp-json\/wp\/v2\/media?parent=28333"}],"curies":[{"name":"wp","href":"https:\/\/api.w.org\/{rel}","templated":true}]}}