{"id":28322,"date":"2022-09-02T12:51:52","date_gmt":"2022-09-02T11:51:52","guid":{"rendered":"https:\/\/m5j0n6nk9p.onrocket.site\/?page_id=28322"},"modified":"2023-03-29T11:50:11","modified_gmt":"2023-03-29T10:50:11","slug":"medicao-de-caudal","status":"publish","type":"page","link":"https:\/\/klinger.pt\/es\/produtos\/instrumentacao\/medicao-de-caudal\/","title":{"rendered":"MEDI\u00c7\u00c3O DE CAUDAL"},"content":{"rendered":"\n<h1 class=\"wp-block-heading\">MEDI\u00c7\u00c3O DE CAUDAL<\/h1>\n\n\n\n<div style=\"height:25px\" aria-hidden=\"true\" class=\"wp-block-spacer\"><\/div>\n\n\n\n<div class=\"wp-block-columns has-2-columns is-layout-flex wp-container-core-columns-is-layout-9d6595d7 wp-block-columns-is-layout-flex\">\n<div class=\"wp-block-column is-layout-flow wp-block-column-is-layout-flow\">\n<figure class=\"wp-block-table flecha\"><table><tbody><tr><td class=\"has-text-align-center\" data-align=\"center\"><img fetchpriority=\"high\" decoding=\"async\" width=\"270\" height=\"297\" class=\"wp-image-30207\" style=\"width: 270px;\" src=\"https:\/\/klinger.pt\/wp-content\/uploads\/2022\/09\/caudal.png\" alt=\"\" srcset=\"https:\/\/klinger.pt\/wp-content\/uploads\/2022\/09\/caudal.png 1512w, https:\/\/klinger.pt\/wp-content\/uploads\/2022\/09\/caudal-273x300.png 273w, https:\/\/klinger.pt\/wp-content\/uploads\/2022\/09\/caudal-930x1024.png 930w, https:\/\/klinger.pt\/wp-content\/uploads\/2022\/09\/caudal-768x845.png 768w, https:\/\/klinger.pt\/wp-content\/uploads\/2022\/09\/caudal-1396x1536.png 1396w, https:\/\/klinger.pt\/wp-content\/uploads\/2022\/09\/caudal-1400x1541.png 1400w\" sizes=\"(max-width: 270px) 100vw, 270px\" \/><\/td><td><strong><a href=\"https:\/\/klinger.pt\/produtos\/instrumentacao\/medicao-de-caudal\/caudalimetro-electromagneticos\/\" title=\"\">CAUDALIMETROS ELECTROM\u00c1GNETICOS<\/a><\/strong><br><br><a href=\"https:\/\/klinger.pt\/produtos\/instrumentacao\/medicao-de-caudal\/caudalimetro-electromagneticos\/\" title=\"\ufffc\"><img decoding=\"async\" class=\"wp-image-2704\" style=\"width: 18px;\" src=\"https:\/\/www.klinger.es\/wp-content\/uploads\/2019\/11\/icon-arrow-blue-double.png\" alt=\"\"><\/a><\/td><\/tr><\/tbody><\/table><\/figure>\n<\/div>\n\n\n\n<div class=\"wp-block-column is-layout-flow wp-block-column-is-layout-flow\">\n<figure class=\"wp-block-table\"><table><tbody><tr><td><img decoding=\"async\" width=\"270\" height=\"270\" class=\"wp-image-30678\" style=\"width: 270px;\" src=\"https:\/\/klinger.pt\/wp-content\/uploads\/2022\/09\/Caudalimetro-vortex-1.png\" alt=\"\" srcset=\"https:\/\/klinger.pt\/wp-content\/uploads\/2022\/09\/Caudalimetro-vortex-1.png 400w, https:\/\/klinger.pt\/wp-content\/uploads\/2022\/09\/Caudalimetro-vortex-1-300x300.png 300w, https:\/\/klinger.pt\/wp-content\/uploads\/2022\/09\/Caudalimetro-vortex-1-150x150.png 150w\" sizes=\"(max-width: 270px) 100vw, 270px\" \/><\/td><td><a href=\"https:\/\/klinger.pt\/produtos\/instrumentacao\/medicao-de-caudal\/caudalimetro-vortex\/\" title=\"\"><strong>CAUDALIMETROS VORTEX<\/strong><br><br><\/a><a href=\"https:\/\/klinger.pt\/produtos\/instrumentacao\/medicao-de-caudal\/caudalimetro-vortex\/\" title=\"\ufffc\"><img decoding=\"async\" class=\"wp-image-2704\" style=\"width: 18px;\" src=\"https:\/\/www.klinger.es\/wp-content\/uploads\/2019\/11\/icon-arrow-blue-double.png\" alt=\"\"><\/a><\/td><\/tr><\/tbody><\/table><\/figure>\n<\/div>\n<\/div>\n\n\n\n<div class=\"wp-block-columns is-layout-flex wp-container-core-columns-is-layout-9d6595d7 wp-block-columns-is-layout-flex\">\n<div class=\"wp-block-column is-layout-flow wp-block-column-is-layout-flow\">\n<figure class=\"wp-block-table\"><table><tbody><tr><td><img decoding=\"async\" width=\"270\" height=\"270\" class=\"wp-image-40106\" style=\"width: 270px;\" src=\"https:\/\/klinger.pt\/wp-content\/uploads\/2023\/03\/KLINGER-Coriolis-mini.webp\" alt=\"\" srcset=\"https:\/\/klinger.pt\/wp-content\/uploads\/2023\/03\/KLINGER-Coriolis-mini.webp 270w, https:\/\/klinger.pt\/wp-content\/uploads\/2023\/03\/KLINGER-Coriolis-mini-150x150.webp 150w\" sizes=\"(max-width: 270px) 100vw, 270px\" \/><\/td><td><a href=\"https:\/\/klinger.pt\/produtos\/instrumentacao\/medicao-de-caudal\/caudalimetro-de-massa-coriolis\/\" title=\"\"><strong>CAUDALIMETRO DE MASSA CORIOLIS<\/strong><br><br><\/a><a href=\"https:\/\/klinger.pt\/produtos\/instrumentacao\/medicao-de-caudal\/caudalimetro-de-massa-coriolis\/\" title=\"\ufffc\"><img decoding=\"async\" src=\"https:\/\/www.klinger.es\/wp-content\/uploads\/2019\/11\/icon-arrow-blue-double.png\" alt=\"\"><\/a><\/td><\/tr><\/tbody><\/table><\/figure>\n<\/div>\n\n\n\n<div class=\"wp-block-column is-layout-flow wp-block-column-is-layout-flow\">\n<figure class=\"wp-block-table\"><table><tbody><tr><td><img loading=\"lazy\" decoding=\"async\" width=\"270\" height=\"227\" class=\"wp-image-30686\" style=\"width: 270px;\" src=\"https:\/\/klinger.pt\/wp-content\/uploads\/2022\/09\/Caudalimetro-de-rodas-ovais-3.png\" alt=\"\" srcset=\"https:\/\/klinger.pt\/wp-content\/uploads\/2022\/09\/Caudalimetro-de-rodas-ovais-3.png 600w, https:\/\/klinger.pt\/wp-content\/uploads\/2022\/09\/Caudalimetro-de-rodas-ovais-3-300x252.png 300w\" sizes=\"(max-width: 270px) 100vw, 270px\" \/><\/td><td><strong><a href=\"https:\/\/klinger.pt\/produtos\/instrumentacao\/medicao-de-caudal\/caudalimetros-de-rodas-ovais\/\" title=\"CAUDALIMETROS DE RODAS OVAIS\">CAUDALIMETROS DE RODAS OVAIS<\/a><\/strong><a data-type=\"URL\" data-id=\"https:\/\/klinger.pt\/caudalimetros-de-rodas-ovais\/\" href=\"https:\/\/klinger.pt\/caudalimetros-de-rodas-ovais\/\"><br><br><\/a><a href=\"https:\/\/klinger.pt\/produtos\/instrumentacao\/medicao-de-caudal\/caudalimetros-de-rodas-ovais\/\" title=\"\ufffc\"><img decoding=\"async\" src=\"https:\/\/www.klinger.es\/wp-content\/uploads\/2019\/11\/icon-arrow-blue-double.png\" alt=\"\"><\/a><\/td><\/tr><\/tbody><\/table><\/figure>\n<\/div>\n<\/div>\n\n\n\n<div class=\"wp-block-columns is-layout-flex wp-container-core-columns-is-layout-9d6595d7 wp-block-columns-is-layout-flex\">\n<div class=\"wp-block-column is-layout-flow wp-block-column-is-layout-flow\">\n<figure class=\"wp-block-table\"><table><tbody><tr><td><img loading=\"lazy\" decoding=\"async\" width=\"270\" height=\"270\" class=\"wp-image-30642\" style=\"width: 270px;\" src=\"https:\/\/klinger.pt\/wp-content\/uploads\/2022\/09\/Caudalimetro-ultrassonico.png\" alt=\"\" srcset=\"https:\/\/klinger.pt\/wp-content\/uploads\/2022\/09\/Caudalimetro-ultrassonico.png 400w, https:\/\/klinger.pt\/wp-content\/uploads\/2022\/09\/Caudalimetro-ultrassonico-300x300.png 300w, https:\/\/klinger.pt\/wp-content\/uploads\/2022\/09\/Caudalimetro-ultrassonico-150x150.png 150w\" sizes=\"(max-width: 270px) 100vw, 270px\" \/><\/td><td><a href=\"https:\/\/klinger.pt\/produtos\/instrumentacao\/medicao-de-caudal\/caudalimetros-ultrassonicos\/\" title=\"\"><strong>CAUDALIMETROS ULTRASS\u00d3NICOS<\/strong><\/a><br><br><a href=\"https:\/\/klinger.pt\/produtos\/instrumentacao\/medicao-de-caudal\/caudalimetros-ultrassonicos\/\" title=\"\ufffc\"><img decoding=\"async\" src=\"https:\/\/www.klinger.es\/wp-content\/uploads\/2019\/11\/icon-arrow-blue-double.png\" alt=\"\"><\/a><\/td><\/tr><\/tbody><\/table><\/figure>\n<\/div>\n\n\n\n<div class=\"wp-block-column is-layout-flow wp-block-column-is-layout-flow\">\n<figure class=\"wp-block-table\"><table><tbody><tr><td><img loading=\"lazy\" decoding=\"async\" width=\"270\" height=\"269\" class=\"wp-image-30690\" style=\"width: 270px;\" src=\"https:\/\/klinger.pt\/wp-content\/uploads\/2022\/09\/caudalimetro-turbina-1.png\" alt=\"\" srcset=\"https:\/\/klinger.pt\/wp-content\/uploads\/2022\/09\/caudalimetro-turbina-1.png 402w, https:\/\/klinger.pt\/wp-content\/uploads\/2022\/09\/caudalimetro-turbina-1-300x300.png 300w, https:\/\/klinger.pt\/wp-content\/uploads\/2022\/09\/caudalimetro-turbina-1-150x150.png 150w\" sizes=\"(max-width: 270px) 100vw, 270px\" \/><\/td><td><a href=\"https:\/\/klinger.pt\/produtos\/instrumentacao\/medicao-de-caudal\/caudalimetros-de-turbina\/\" title=\"\"><strong>CAUDALIMETROS DE TURBINA<\/strong><br><br><\/a><a href=\"https:\/\/klinger.pt\/produtos\/instrumentacao\/medicao-de-caudal\/caudalimetros-de-turbina\/\" title=\"\ufffc\"><img decoding=\"async\" src=\"https:\/\/www.klinger.es\/wp-content\/uploads\/2019\/11\/icon-arrow-blue-double.png\" alt=\"\"><\/a><\/td><\/tr><\/tbody><\/table><\/figure>\n<\/div>\n<\/div>\n\n\n\n<div class=\"wp-block-columns is-layout-flex wp-container-core-columns-is-layout-9d6595d7 wp-block-columns-is-layout-flex\">\n<div class=\"wp-block-column is-layout-flow wp-block-column-is-layout-flow\">\n<div class=\"wp-block-columns is-layout-flex wp-container-core-columns-is-layout-9d6595d7 wp-block-columns-is-layout-flex\">\n<div class=\"wp-block-column is-layout-flow wp-block-column-is-layout-flow\">\n<figure class=\"wp-block-table\"><table><tbody><tr><td><img loading=\"lazy\" decoding=\"async\" width=\"270\" height=\"219\" class=\"wp-image-30786\" style=\"width: 270px;\" src=\"https:\/\/klinger.pt\/wp-content\/uploads\/2022\/09\/medicao-em-canl-aberto-3.png\" alt=\"\"><\/td><td><a href=\"https:\/\/klinger.pt\/produtos\/instrumentacao\/medicao-de-caudal\/medicao-em-canal-aberto\/\" title=\"\"><strong>MEDI\u00c7\u00c3O EM CANAL ABERTO<\/strong><\/a><br><br><a href=\"https:\/\/klinger.pt\/produtos\/instrumentacao\/medicao-de-caudal\/medicao-em-canal-aberto\/\" title=\"\ufffc\"><img decoding=\"async\" src=\"https:\/\/www.klinger.es\/wp-content\/uploads\/2019\/11\/icon-arrow-blue-double.png\" alt=\"\"><\/a><\/td><\/tr><\/tbody><\/table><\/figure>\n<\/div>\n<\/div>\n<\/div>\n\n\n\n<div class=\"wp-block-column transparente is-layout-flow wp-block-column-is-layout-flow\"><\/div>\n<\/div>\n","protected":false},"excerpt":{"rendered":"<p>MEDI\u00c7\u00c3O DE CAUDAL CAUDALIMETROS ELECTROM\u00c1GNETICOS CAUDALIMETROS VORTEX CAUDALIMETRO DE MASSA CORIOLIS CAUDALIMETROS DE RODAS OVAIS CAUDALIMETROS ULTRASS\u00d3NICOS CAUDALIMETROS DE TURBINA MEDI\u00c7\u00c3O EM CANAL ABERTO<\/p>\n","protected":false},"author":1,"featured_media":16265,"parent":28316,"menu_order":0,"comment_status":"closed","ping_status":"closed","template":"page-templates\/secciones-principales.php","meta":{"_eb_attr":"","footnotes":""},"class_list":["post-28322","page","type-page","status-publish","has-post-thumbnail","hentry"],"aioseo_notices":[],"_links":{"self":[{"href":"https:\/\/klinger.pt\/es\/wp-json\/wp\/v2\/pages\/28322","targetHints":{"allow":["GET"]}}],"collection":[{"href":"https:\/\/klinger.pt\/es\/wp-json\/wp\/v2\/pages"}],"about":[{"href":"https:\/\/klinger.pt\/es\/wp-json\/wp\/v2\/types\/page"}],"author":[{"embeddable":true,"href":"https:\/\/klinger.pt\/es\/wp-json\/wp\/v2\/users\/1"}],"replies":[{"embeddable":true,"href":"https:\/\/klinger.pt\/es\/wp-json\/wp\/v2\/comments?post=28322"}],"version-history":[{"count":11,"href":"https:\/\/klinger.pt\/es\/wp-json\/wp\/v2\/pages\/28322\/revisions"}],"predecessor-version":[{"id":40118,"href":"https:\/\/klinger.pt\/es\/wp-json\/wp\/v2\/pages\/28322\/revisions\/40118"}],"up":[{"embeddable":true,"href":"https:\/\/klinger.pt\/es\/wp-json\/wp\/v2\/pages\/28316"}],"wp:featuredmedia":[{"embeddable":true,"href":"https:\/\/klinger.pt\/es\/wp-json\/wp\/v2\/media\/16265"}],"wp:attachment":[{"href":"https:\/\/klinger.pt\/es\/wp-json\/wp\/v2\/media?parent=28322"}],"curies":[{"name":"wp","href":"https:\/\/api.w.org\/{rel}","templated":true}]}}