{"id":28316,"date":"2022-09-02T12:47:08","date_gmt":"2022-09-02T11:47:08","guid":{"rendered":"https:\/\/m5j0n6nk9p.onrocket.site\/?page_id=28316"},"modified":"2023-05-12T16:32:34","modified_gmt":"2023-05-12T15:32:34","slug":"instrumentacao","status":"publish","type":"page","link":"https:\/\/klinger.pt\/es\/produtos\/instrumentacao\/","title":{"rendered":"INSTRUMENTA\u00c7\u00c3O"},"content":{"rendered":"\n<h1 class=\"wp-block-heading\">INSTRUMENTA\u00c7\u00c3O<\/h1>\n\n\n\n<div style=\"height:25px\" aria-hidden=\"true\" class=\"wp-block-spacer\"><\/div>\n\n\n\n<div class=\"wp-block-columns has-2-columns is-layout-flex wp-container-core-columns-is-layout-9d6595d7 wp-block-columns-is-layout-flex\">\n<div class=\"wp-block-column is-layout-flow wp-block-column-is-layout-flow\">\n<figure class=\"wp-block-table flecha\"><table><tbody><tr><td class=\"has-text-align-center\" data-align=\"center\"><img decoding=\"async\" width=\"150\" height=\"150\" class=\"wp-image-30704\" style=\"width: 150px;\" src=\"https:\/\/klinger.pt\/wp-content\/uploads\/2022\/09\/MicrosoftTeams-image.png\" alt=\"\" srcset=\"https:\/\/klinger.pt\/wp-content\/uploads\/2022\/09\/MicrosoftTeams-image.png 400w, https:\/\/klinger.pt\/wp-content\/uploads\/2022\/09\/MicrosoftTeams-image-300x300.png 300w, https:\/\/klinger.pt\/wp-content\/uploads\/2022\/09\/MicrosoftTeams-image-150x150.png 150w\" sizes=\"(max-width: 150px) 100vw, 150px\" \/><\/td><td><strong><a href=\"https:\/\/klinger.pt\/produtos\/instrumentacao\/medicao-de-caudal\/\" title=\"\">MEDI\u00c7\u00c3O DE CAUDAL<\/a><\/strong><br><br><a href=\"https:\/\/klinger.pt\/produtos\/instrumentacao\/medicao-de-caudal\/\" title=\"\ufffc\"><img decoding=\"async\" class=\"wp-image-2704\" style=\"width: 18px;\" src=\"https:\/\/www.klinger.es\/wp-content\/uploads\/2019\/11\/icon-arrow-blue-double.png\" alt=\"\"><\/a><\/td><\/tr><\/tbody><\/table><\/figure>\n<\/div>\n\n\n\n<div class=\"wp-block-column is-layout-flow wp-block-column-is-layout-flow\">\n<figure class=\"wp-block-table flecha\"><table><tbody><tr><td class=\"has-text-align-center\" data-align=\"center\"><img decoding=\"async\" width=\"150\" height=\"143\" class=\"wp-image-28811\" style=\"width: 150px;\" src=\"https:\/\/klinger.pt\/wp-content\/uploads\/2022\/09\/conj-controle-nivel.png\" alt=\"\" srcset=\"https:\/\/klinger.pt\/wp-content\/uploads\/2022\/09\/conj-controle-nivel.png 370w, https:\/\/klinger.pt\/wp-content\/uploads\/2022\/09\/conj-controle-nivel-300x286.png 300w\" sizes=\"(max-width: 150px) 100vw, 150px\" \/><\/td><td><strong><a href=\"https:\/\/klinger.pt\/produtos\/instrumentacao\/medicao-de-nivel\/\" title=\"MEDI\u00c7\u00c3O DE N\u00cdVEL\">MEDI\u00c7\u00c3O DE N\u00cdVEL<\/a><\/strong><br><br><a href=\"https:\/\/klinger.pt\/produtos\/instrumentacao\/medicao-de-nivel\/\" title=\"\ufffc\"><img decoding=\"async\" class=\"wp-image-2704\" style=\"width: 18px;\" src=\"https:\/\/www.klinger.es\/wp-content\/uploads\/2019\/11\/icon-arrow-blue-double.png\" alt=\"\"><\/a><\/td><\/tr><\/tbody><\/table><\/figure>\n<\/div>\n<\/div>\n\n\n\n<div class=\"wp-block-columns has-2-columns is-layout-flex wp-container-core-columns-is-layout-9d6595d7 wp-block-columns-is-layout-flex\">\n<div class=\"wp-block-column is-layout-flow wp-block-column-is-layout-flow\">\n<figure class=\"wp-block-table flecha\"><table><tbody><tr><td class=\"has-text-align-center\" data-align=\"center\"><img decoding=\"async\" width=\"150\" height=\"150\" class=\"wp-image-28796\" style=\"width: 150px;\" src=\"https:\/\/klinger.pt\/wp-content\/uploads\/2022\/09\/analisadores-thumbnail.png\" alt=\"\" srcset=\"https:\/\/klinger.pt\/wp-content\/uploads\/2022\/09\/analisadores-thumbnail.png 252w, https:\/\/klinger.pt\/wp-content\/uploads\/2022\/09\/analisadores-thumbnail-150x150.png 150w\" sizes=\"(max-width: 150px) 100vw, 150px\" \/><\/td><td><strong><a href=\"https:\/\/klinger.pt\/produtos\/instrumentacao\/controladores\/\" title=\"\">CONTROLADORES<\/a><\/strong><br><br><a href=\"https:\/\/klinger.pt\/produtos\/instrumentacao\/controladores\/\" title=\"\ufffc\"><img decoding=\"async\" class=\"wp-image-2704\" style=\"width: 18px;\" src=\"https:\/\/www.klinger.es\/wp-content\/uploads\/2019\/11\/icon-arrow-blue-double.png\" alt=\"\"><\/a><\/td><\/tr><\/tbody><\/table><\/figure>\n<\/div>\n\n\n\n<div class=\"wp-block-column is-layout-flow wp-block-column-is-layout-flow\">\n<figure class=\"wp-block-table flecha\"><table><tbody><tr><td class=\"has-text-align-center\" data-align=\"center\"><img loading=\"lazy\" decoding=\"async\" width=\"150\" height=\"150\" class=\"wp-image-28799\" style=\"width: 150px;\" src=\"https:\/\/klinger.pt\/wp-content\/uploads\/2022\/09\/deteccao-thumbnail.png\" alt=\"\" srcset=\"https:\/\/klinger.pt\/wp-content\/uploads\/2022\/09\/deteccao-thumbnail.png 252w, https:\/\/klinger.pt\/wp-content\/uploads\/2022\/09\/deteccao-thumbnail-150x150.png 150w\" sizes=\"(max-width: 150px) 100vw, 150px\" \/><\/td><td><strong><a href=\"https:\/\/klinger.pt\/produtos\/instrumentacao\/detecao-de-gas\/\" title=\"\">DETE\u00c7\u00c3O DE G\u00c1S<\/a><\/strong><br><br><a href=\"https:\/\/klinger.pt\/produtos\/instrumentacao\/detecao-de-gas\/\" title=\"\ufffc\"><img decoding=\"async\" class=\"wp-image-2704\" style=\"width: 18px;\" src=\"https:\/\/www.klinger.es\/wp-content\/uploads\/2019\/11\/icon-arrow-blue-double.png\" alt=\"\"><\/a><\/td><\/tr><\/tbody><\/table><\/figure>\n<\/div>\n<\/div>\n\n\n\n<div class=\"wp-block-columns has-2-columns is-layout-flex wp-container-core-columns-is-layout-9d6595d7 wp-block-columns-is-layout-flex\">\n<div class=\"wp-block-column is-layout-flow wp-block-column-is-layout-flow\">\n<figure class=\"wp-block-table flecha\"><table><tbody><tr><td class=\"has-text-align-center\" data-align=\"center\"><img loading=\"lazy\" decoding=\"async\" width=\"150\" height=\"150\" class=\"wp-image-30218\" style=\"width: 150px;\" src=\"https:\/\/klinger.pt\/wp-content\/uploads\/2022\/09\/SONDAS.png\" alt=\"\" srcset=\"https:\/\/klinger.pt\/wp-content\/uploads\/2022\/09\/SONDAS.png 252w, https:\/\/klinger.pt\/wp-content\/uploads\/2022\/09\/SONDAS-150x150.png 150w\" sizes=\"(max-width: 150px) 100vw, 150px\" \/><\/td><td><strong><a href=\"https:\/\/klinger.pt\/produtos\/instrumentacao\/medicao-analitica\/\" title=\"\">MEDI\u00c7\u00c3O ANAL\u00cdTICA<\/a><\/strong><br><br><a href=\"https:\/\/klinger.pt\/produtos\/instrumentacao\/medicao-analitica\/\" title=\"\ufffc\"><img decoding=\"async\" class=\"wp-image-2704\" style=\"width: 18px;\" src=\"https:\/\/www.klinger.es\/wp-content\/uploads\/2019\/11\/icon-arrow-blue-double.png\" alt=\"\"><\/a><\/td><\/tr><\/tbody><\/table><\/figure>\n<\/div>\n\n\n\n<div class=\"wp-block-column is-layout-flow wp-block-column-is-layout-flow\">\n<figure class=\"wp-block-table flecha\"><table><tbody><tr><td class=\"has-text-align-center\" data-align=\"center\"><img loading=\"lazy\" decoding=\"async\" width=\"150\" height=\"150\" class=\"wp-image-28803\" style=\"width: 150px;\" src=\"https:\/\/klinger.pt\/wp-content\/uploads\/2022\/09\/pressao-thumbnail.png\" alt=\"\" srcset=\"https:\/\/klinger.pt\/wp-content\/uploads\/2022\/09\/pressao-thumbnail.png 252w, https:\/\/klinger.pt\/wp-content\/uploads\/2022\/09\/pressao-thumbnail-150x150.png 150w\" sizes=\"(max-width: 150px) 100vw, 150px\" \/><\/td><td><strong><a href=\"https:\/\/klinger.pt\/produtos\/instrumentacao\/medicao-de-pressao\/\" title=\"\">MEDI\u00c7\u00c3O DE PRESS\u00c3O<\/a><\/strong><br><br><a href=\"https:\/\/klinger.pt\/produtos\/instrumentacao\/medicao-de-pressao\/\" title=\"\ufffc\"><img decoding=\"async\" class=\"wp-image-2704\" style=\"width: 18px;\" src=\"https:\/\/www.klinger.es\/wp-content\/uploads\/2019\/11\/icon-arrow-blue-double.png\" alt=\"\"><\/a><\/td><\/tr><\/tbody><\/table><\/figure>\n<\/div>\n<\/div>\n\n\n\n<div class=\"wp-block-columns has-2-columns is-layout-flex wp-container-core-columns-is-layout-9d6595d7 wp-block-columns-is-layout-flex\">\n<div class=\"wp-block-column is-layout-flow wp-block-column-is-layout-flow\">\n<figure class=\"wp-block-table flecha is-style-regular\"><table><tbody><tr><td class=\"has-text-align-center\" data-align=\"center\"><img loading=\"lazy\" decoding=\"async\" width=\"150\" height=\"150\" class=\"wp-image-31797\" style=\"width: 150px;\" src=\"https:\/\/klinger.pt\/wp-content\/uploads\/2022\/09\/MEDICAO-TEMPERATURA.png\" alt=\"\" srcset=\"https:\/\/klinger.pt\/wp-content\/uploads\/2022\/09\/MEDICAO-TEMPERATURA.png 400w, https:\/\/klinger.pt\/wp-content\/uploads\/2022\/09\/MEDICAO-TEMPERATURA-300x300.png 300w, https:\/\/klinger.pt\/wp-content\/uploads\/2022\/09\/MEDICAO-TEMPERATURA-150x150.png 150w\" sizes=\"(max-width: 150px) 100vw, 150px\" \/><\/td><td><strong><a href=\"https:\/\/klinger.pt\/produtos\/instrumentacao\/medicao-de-temperatura\/\" title=\"\">MEDI\u00c7\u00c3O DE TEMPERATURA<\/a><\/strong><br><br><a href=\"https:\/\/klinger.pt\/produtos\/instrumentacao\/medicao-de-temperatura\/\" title=\"\ufffc\"><img decoding=\"async\" class=\"wp-image-2704\" style=\"width: 18px;\" src=\"https:\/\/www.klinger.es\/wp-content\/uploads\/2019\/11\/icon-arrow-blue-double.png\" alt=\"\"><\/a><\/td><\/tr><\/tbody><\/table><\/figure>\n<\/div>\n\n\n\n<div class=\"wp-block-column transparente is-layout-flow wp-block-column-is-layout-flow\"><\/div>\n<\/div>\n","protected":false},"excerpt":{"rendered":"<p>INSTRUMENTA\u00c7\u00c3O MEDI\u00c7\u00c3O DE CAUDAL MEDI\u00c7\u00c3O DE N\u00cdVEL CONTROLADORES DETE\u00c7\u00c3O DE G\u00c1S MEDI\u00c7\u00c3O ANAL\u00cdTICA MEDI\u00c7\u00c3O DE PRESS\u00c3O MEDI\u00c7\u00c3O DE TEMPERATURA<\/p>\n","protected":false},"author":1,"featured_media":42573,"parent":16266,"menu_order":0,"comment_status":"closed","ping_status":"closed","template":"page-templates\/secciones-principales.php","meta":{"_eb_attr":"","footnotes":""},"class_list":["post-28316","page","type-page","status-publish","has-post-thumbnail","hentry"],"aioseo_notices":[],"_links":{"self":[{"href":"https:\/\/klinger.pt\/es\/wp-json\/wp\/v2\/pages\/28316","targetHints":{"allow":["GET"]}}],"collection":[{"href":"https:\/\/klinger.pt\/es\/wp-json\/wp\/v2\/pages"}],"about":[{"href":"https:\/\/klinger.pt\/es\/wp-json\/wp\/v2\/types\/page"}],"author":[{"embeddable":true,"href":"https:\/\/klinger.pt\/es\/wp-json\/wp\/v2\/users\/1"}],"replies":[{"embeddable":true,"href":"https:\/\/klinger.pt\/es\/wp-json\/wp\/v2\/comments?post=28316"}],"version-history":[{"count":10,"href":"https:\/\/klinger.pt\/es\/wp-json\/wp\/v2\/pages\/28316\/revisions"}],"predecessor-version":[{"id":42575,"href":"https:\/\/klinger.pt\/es\/wp-json\/wp\/v2\/pages\/28316\/revisions\/42575"}],"up":[{"embeddable":true,"href":"https:\/\/klinger.pt\/es\/wp-json\/wp\/v2\/pages\/16266"}],"wp:featuredmedia":[{"embeddable":true,"href":"https:\/\/klinger.pt\/es\/wp-json\/wp\/v2\/media\/42573"}],"wp:attachment":[{"href":"https:\/\/klinger.pt\/es\/wp-json\/wp\/v2\/media?parent=28316"}],"curies":[{"name":"wp","href":"https:\/\/api.w.org\/{rel}","templated":true}]}}